


{"id":4388,"date":"2015-05-19T10:58:06","date_gmt":"2015-05-19T08:58:06","guid":{"rendered":"https:\/\/pbp.womczest.edu.pl\/new\/?page_id=4388"},"modified":"2021-04-23T08:13:11","modified_gmt":"2021-04-23T06:13:11","slug":"webowa-biblioteka-historia-i-spoleczenstwo","status":"publish","type":"page","link":"https:\/\/pbp.womczest.edu.pl\/new\/wspomaganie\/oferta-wspomagania\/webowa-biblioteka\/webowa-biblioteka-historia-i-spoleczenstwo\/","title":{"rendered":"Webowa biblioteka \u2013 Historia i Spo\u0142ecze\u0144stwo"},"content":{"rendered":"<hr \/>\n<p>PORTALE:<\/p>\n<ul>\n<li><a href=\"http:\/\/www.ceo.org.pl\/pl\/biblioteka-materialow\/historia-wos\" target=\"_blank\" rel=\"noopener noreferrer\"><em>Centrum Edukacji Obywatelskiej<\/em> \u2013 CC BY-NC-ND<\/a><\/li>\n<li><a href=\"https:\/\/cyfrowa-wyprawka.org\/\"><em>Cyfrowa wyprawka<\/em><\/a><\/li>\n<li><em><a href=\"http:\/\/edukacjamedialna.edu.pl\/\" target=\"_blank\" rel=\"noopener noreferrer\">Edukacja Medialna<\/a><\/em><\/li>\n<li><em><a href=\"http:\/\/muzhp.pl\/pl\/\">Muzeum Historii Polski<\/a><\/em><\/li>\n<li><em><a href=\"http:\/\/www.karta.org.pl\/\" target=\"_blank\" rel=\"noopener noreferrer\">Karta<\/a><\/em><\/li>\n<li><a href=\"https:\/\/www.legalnakultura.pl\/pl\/strefa-edukacji\/strefa-dla-nauczycieli\/scenariusze-lekcji\/edukacja-historyczna\"><em>Legalna Kultura<\/em> <em>[scenariusze]<\/em><\/a><\/li>\n<li><em><a href=\"http:\/\/polona.pl\" target=\"_blank\" rel=\"noopener noreferrer\">Polona<\/a><\/em><\/li>\n<li><a href=\"http:\/\/scholaris.pl\/\" target=\"_blank\" rel=\"noopener noreferrer\"><em>Scholaris<\/em> \u2013 EFS<\/a><\/li>\n<li><em><a href=\"http:\/\/ipsb.nina.gov.pl\/\" target=\"_blank\" rel=\"noopener noreferrer\">Internetowy Polski S\u0142ownik Biograficzny<\/a><\/em><\/li>\n<\/ul>\n<p>MATERIA\u0141Y \u0179R\u00d3D\u0141OWE. OPRACOWANIA:<\/p>\n<ul>\n<li><em><a href=\"https:\/\/pbp.womczest.edu.pl\/new\/wp-content\/uploads\/2015\/05\/Cyfrowy_archeolog.pdf\">Cyfrowy archeolog : podr\u0119cznik promocji archeologii w nowych mediach &#8211; CC-BY-NC-ND<\/a><\/em><\/li>\n<li><a href=\"https:\/\/pbp.womczest.edu.pl\/new\/wp-content\/uploads\/2013\/09\/webowa_biblioteka_historia_czego_warto_sie_nauczyc_o_wybuchu_ii_wojny_swiatowej.pdf\" target=\"_blank\" rel=\"noopener noreferrer\"><em>Czego warto si\u0119 nauczy\u0107 o wybuchu II wojny \u015bwiatowej? [poradnik] <\/em>\u2013 CC BY-ND-NC<\/a><\/li>\n<li><a href=\"https:\/\/pbp.womczest.edu.pl\/new\/wp-content\/uploads\/2013\/09\/webowa_biblioteka_historia_czerwiec_1967.pdf\" target=\"_blank\" rel=\"noopener noreferrer\"><em>Czerwiec 1976 roku w czasach rz\u0105d\u00f3w Edwarda Gierka \u2013 krok na drodze ku wolno\u015bci<\/em> \u2013 CC BY-NC-ND<\/a><\/li>\n<li><a href=\"https:\/\/pbp.womczest.edu.pl\/new\/wp-content\/uploads\/2013\/09\/webowa_biblioteka_historia_dziedzictwo_narodowe.pdf\" target=\"_blank\" rel=\"noopener noreferrer\"><em>Dziedzictwo narodowe. Porady dydaktyka<\/em> \u2013 EFS<\/a><\/li>\n<li><a href=\"https:\/\/pbp.womczest.edu.pl\/new\/wp-content\/uploads\/2013\/09\/webowa_biblioteka_historia_ekonomia_przemiany.pdf\" target=\"_blank\" rel=\"noopener noreferrer\"><em>Ekonomia, spo\u0142ecze\u0144stwo, kultura \u2013 przemiany kulturowe w \u015bwietle rewolucji przemys\u0142owej <\/em>\u2013 CC BY<\/a><\/li>\n<li><a href=\"https:\/\/pbp.womczest.edu.pl\/new\/wp-content\/uploads\/2020\/02\/GDANSKIE-ROZM\u00d3WKI.pdf\"><em>Gda\u0144skie rozm\u00f3wki niemiecko-polskie z XVII w.<\/em> &#8211; CC BY-SA<\/a><\/li>\n<li><a href=\"https:\/\/pbp.womczest.edu.pl\/new\/wp-content\/uploads\/2013\/09\/webowa_biblioteka_historia_historia_2.0.pdf\" target=\"_blank\" rel=\"noopener noreferrer\"><em>Historia 2.0<\/em> \u2013 CC BY-SA<\/a><\/li>\n<li><a href=\"https:\/\/pbp.womczest.edu.pl\/new\/wp-content\/uploads\/2013\/09\/webowa_biblioteka_historia_historia_a_prawa_czlowieka.pdf\" target=\"_blank\" rel=\"noopener noreferrer\"><em>Historia a prawa cz\u0142owieka. Podr\u0119cznik<\/em> \u2013 CC BY-NC-ND<\/a><\/li>\n<li><a href=\"http:\/\/www.belfer.muzhp.pl\/index.php?module=details&amp;id=111\" target=\"_blank\" rel=\"noopener noreferrer\"><em>Historia w rytmie rocka<\/em> \u2013 CC BY<\/a><\/li>\n<li><a href=\"https:\/\/pbp.womczest.edu.pl\/new\/wp-content\/uploads\/2013\/09\/webowa_biblioteka_historia_historia_zakleta_w_zabytku.pdf\" target=\"_blank\" rel=\"noopener noreferrer\"><em>Historia zakl\u0119ta w zabytku. Otwarte zabytki \u2013 sztuka zachowywania przesz\u0142o\u015bci za pomoc\u0105 nowych technologii <\/em>\u2013 CC BY-SA<\/a><\/li>\n<li><a href=\"https:\/\/pbp.womczest.edu.pl\/new\/wp-content\/uploads\/2015\/05\/Huzar.pdf\"><em>Huzar: podst\u0119pem go wzi\u0119li<\/em> &#8211; CC BY-SA<\/a><\/li>\n<li><a href=\"https:\/\/pbp.womczest.edu.pl\/new\/wp-content\/uploads\/2013\/09\/webowa_biblioteka_historia_internet_nauka_historia.pdf\" target=\"_blank\" rel=\"noopener noreferrer\"><em>Internet \u2013 nauka \u2013 historia <\/em>\u2013 CC BY-NC-ND<\/a><\/li>\n<li><a href=\"https:\/\/pbp.womczest.edu.pl\/new\/wp-content\/uploads\/2013\/09\/webowa_biblioteka_historia_komitety_dla_niepodleglej.pdf\" target=\"_blank\" rel=\"noopener noreferrer\"><em>Komitety dla niepodleg\u0142ej. 1914\u20131989<\/em> \u2013 CC BY-NC-ND<\/a><\/li>\n<li><a href=\"https:\/\/pbp.womczest.edu.pl\/new\/wp-content\/uploads\/2013\/09\/webowa_biblioteka_historia_krok_po_kroku_przewodnik_po_historii_mowionej.pdf\" target=\"_blank\" rel=\"noopener noreferrer\"><em>Krok po kroku \u2013 przewodnik po historii m\u00f3wionej [poradnik]<\/em> \u2013 CC BY-ND-NC<\/a><\/li>\n<li><a href=\"http:\/\/www.belfer.muzhp.pl\/index.php?module=details&amp;id=109\" target=\"_blank\" rel=\"noopener noreferrer\"><em>Kr\u00f3tki przewodnik po architekturze socrealistycznej<\/em> \u2013 CC BY<\/a><\/li>\n<li><a href=\"http:\/\/www.belfer.muzhp.pl\/index.php?module=details&amp;id=110\" target=\"_blank\" rel=\"noopener noreferrer\"><em>Kr\u00f3tki przewodnik po architekturze socrealistycznej w Polsce<\/em> \u2013 CC BY<\/a><\/li>\n<li><a href=\"https:\/\/pbp.womczest.edu.pl\/new\/wp-content\/uploads\/2013\/09\/webowa_biblioteka_historia_mini_projekt_otwarte_zabytki.pdf\" target=\"_blank\" rel=\"noopener noreferrer\"><em>Mini projekt \u201eOtwarte zabytki\u201d<\/em> \u2013 CC SA<\/a><\/li>\n<li><a href=\"https:\/\/pbp.womczest.edu.pl\/new\/wp-content\/uploads\/2019\/04\/wiwat_niepodleglosc_net.pdf\"><em>M\u0142odzi w akcji : wiwat niepodleg\u0142o\u015b\u0107!<\/em> &#8211; CC BY<\/a><\/li>\n<li><a href=\"https:\/\/pbp.womczest.edu.pl\/new\/wp-content\/uploads\/2013\/09\/webowa_biblioteka_historia_nauczanie_historii_w_szkolach_podstawowych_w_polsce_w_latach_1944_1989.pdf\" target=\"_blank\" rel=\"noopener noreferrer\"><em>Nauczanie historii w szko\u0142ach podstawowych w Polsce w latach 1944\u20131989<\/em> \u2013 CC BY-NC<\/a><\/li>\n<li><a href=\"https:\/\/pbp.womczest.edu.pl\/new\/wp-content\/uploads\/2013\/09\/webowa_biblioteka_historia_wprowadzenie_do_historii_cyfrowej.pdf\" target=\"_blank\" rel=\"noopener noreferrer\"><em>Wprowadzenie do historii cyfrowej<\/em> \u2013 CC BY-SA<\/a><\/li>\n<\/ul>\n<p>NAUCZANIE:<\/p>\n<ul>\n<li><a href=\"http:\/\/webquestdoti.blogspot.com\/\" target=\"_blank\" rel=\"noopener noreferrer\"><em>Cichociemni \u2013 \u017co\u0142nierze Polski walcz\u0105cej [WebQuest \u2013 gimnazjum]<\/em> \u2013 CC BY<\/a><\/li>\n<li><a href=\"https:\/\/pbp.womczest.edu.pl\/new\/wp-content\/uploads\/2013\/09\/webowa_biblioteka_historia_cwiczenia_edukacyjne.pdf\" target=\"_blank\" rel=\"noopener noreferrer\"><em>\u0106wiczenia edukacyjne [edukacja regionalna]<\/em> \u2013 CC BY-ND-NC<\/a><\/li>\n<li><a href=\"https:\/\/pbp.womczest.edu.pl\/new\/wp-content\/uploads\/2013\/09\/webowa_biblioteka_historia_genealogia_w_szkole.pdf\" target=\"_blank\" rel=\"noopener noreferrer\"><em>Genealogia w szkole, czyli jak przygotowa\u0107 projekt poszukiwa\u0144 historii rodzinnych <\/em>\u2013 CC BY-NC-ND<\/a><\/li>\n<li><a href=\"https:\/\/pbp.womczest.edu.pl\/new\/wp-content\/uploads\/2013\/09\/webowa_biblioteka_historia_historia_zamknieta_w_pocztowce.pdf\" target=\"_blank\" rel=\"noopener noreferrer\"><em>Historia zamkni\u0119ta w poczt\u00f3wce. W\u0119dr\u00f3wki historyczne [scenariusz] <\/em>\u2013 CC BY-NC-ND<\/a><\/li>\n<li><a href=\"http:\/\/olimpiastar.blogspot.com\/\" target=\"_blank\" rel=\"noopener noreferrer\"><em>Igrzyska w Olimpii [WebQuest \u2013 szko\u0142a podstawowa]<\/em> \u2013 CC BY<\/a><\/li>\n<li><a href=\"https:\/\/pbp.womczest.edu.pl\/new\/wp-content\/uploads\/2013\/09\/webowa_biblioteka_historia_instytucje_unii_europejskiej.pdf\" target=\"_blank\" rel=\"noopener noreferrer\"><em>Instytucje Unii Europejskiej[scenariusz] <\/em>\u2013 CC BY-NC-ND<\/a><\/li>\n<li><a href=\"https:\/\/pbp.womczest.edu.pl\/new\/wp-content\/uploads\/2013\/09\/webowa_biblioteka_historia_jak_brzmi_slowo_wolnosc.pdf\" target=\"_blank\" rel=\"noopener noreferrer\"><em>Jak brzmi s\u0142owo \u201ewolno\u015b\u0107\u201d w j\u0119zyku bia\u0142oruskim? [historia \u2013 szko\u0142a ponadgimnazjalna]<\/em> \u2013 CC BY-NC-ND<\/a><\/li>\n<li><a href=\"https:\/\/pbp.womczest.edu.pl\/new\/wp-content\/uploads\/2013\/09\/webowa_biblioteka_historia_jak_polak_z_polakiem_slowo_o_obradach_okraglego_stolu.pdf\" target=\"_blank\" rel=\"noopener noreferrer\"><em>Jak Polak z Polakiem \u2013 s\u0142owo o obradach Okr\u0105g\u0142ego Sto\u0142u[scenariusz] <\/em>\u2013 CC BY-NC-ND<\/a><\/li>\n<li><a href=\"https:\/\/pbp.womczest.edu.pl\/new\/wp-content\/uploads\/2013\/09\/webowa_biblioteka_historia_jak_sie_zdaje_egzamin_z_wolnosci.pdf\" target=\"_blank\" rel=\"noopener noreferrer\"><em>Jak zdaje si\u0119 egzamin z wolno\u015bci? Poszukujemy odpowiedzi w r\u00f3\u017cnych tekstach kultury [scenariusz] <\/em>\u2013 CC BY-NC-ND<\/a><\/li>\n<li><a href=\"https:\/\/pbp.womczest.edu.pl\/new\/wp-content\/uploads\/2013\/09\/webowa_biblioteka_historia_kontrowersje_wokol_okraglego_stolu.pdf\" target=\"_blank\" rel=\"noopener noreferrer\"><em>Kontrowersje wok\u00f3\u0142 Okr\u0105g\u0142ego Sto\u0142u[scenariusz] <\/em>\u2013 CC BY-NC-ND<\/a><\/li>\n<li><a href=\"https:\/\/www.duch.edu.pl\/index.php\/component\/content\/article?id=419\"><em>Naj\u015bwie\u017csze Wiadomo\u015bci z Odleg\u0142ej Przesz\u0142o\u015bci [czasopismo historyczne dla dzieci]<\/em> &#8211; CC BY-SA<\/a><\/li>\n<li><a href=\"https:\/\/pbp.womczest.edu.pl\/new\/wp-content\/uploads\/2013\/09\/webowa_biblioteka_historia_obrady_okraglego_stolu_czy_upadek_muru_berlinskiego.pdf\" target=\"_blank\" rel=\"noopener noreferrer\"><em>Obrady Okr\u0105g\u0142ego Sto\u0142u czy upadek muru berli\u0144skiego&#8230; [scenariusz] <\/em>\u2013 CC BY-NC-ND<\/a><\/li>\n<li><a href=\"https:\/\/pbp.womczest.edu.pl\/new\/wp-content\/uploads\/2013\/09\/webowa_biblioteka_historia_opowiem_ci_o_wolnej_polsce_jak_przygotowac_notacje.pdf\" target=\"_blank\" rel=\"noopener noreferrer\"><em>Opowiem Ci o wolnej Polsce \u2013 jak przygotowa\u0107 notacj\u0119 <\/em>\u2013 CC BY-NC-ND<\/a><\/li>\n<li><a href=\"http:\/\/jan-karski.blogspot.com\/\" target=\"_blank\" rel=\"noopener noreferrer\"><em>Posta\u0107 Jana Karskiego [WebQuest \u2013 gimnazjum]<\/em> \u2013 CC BY SA<\/a><\/li>\n<li><a href=\"https:\/\/pbp.womczest.edu.pl\/new\/wp-content\/uploads\/2013\/09\/webowa_biblioteka_historia_pracujac_z_pamiecia.pdf\" target=\"_blank\" rel=\"noopener noreferrer\"><em>Pracuj\u0105c z pami\u0119ci\u0105 historyczn\u0105 w klasie<\/em> \u2013 CC BY-NC-SA<\/a><\/li>\n<li><a href=\"https:\/\/pbp.womczest.edu.pl\/new\/wp-content\/uploads\/2013\/09\/webowa_biblioteka_historia_scenariusz_akademii_z_okazji_uchwalenia_konstytucji_3_maja.pdf\" target=\"_blank\" rel=\"noopener noreferrer\"><em>Scenariusz akademii z okazji uchwalenia Konstytucji 3 maja dla gimnazj\u00f3w i szk\u00f3\u0142 \u015brednich <\/em>\u2013 CC BY-NC-ND<\/a><\/li>\n<li><a href=\"https:\/\/pbp.womczest.edu.pl\/new\/wp-content\/uploads\/2013\/09\/webowa_biblioteka_historia_scenariusz_apelu_z_okazji_swieta_niepodleglosci.pdf\" target=\"_blank\" rel=\"noopener noreferrer\"><em>Scenariusz apelu z okazji \u015awi\u0119ta Niepodleg\u0142o\u015bci \u2013 11 listopada <\/em>\u2013 CC BY-NC-ND<\/a><\/li>\n<li><a href=\"https:\/\/pbp.womczest.edu.pl\/new\/wp-content\/uploads\/2013\/09\/webowa_biblioteka_historia_scenariusz_audycji_z_okazji_rocznicy_odzyskania_przez_polske_niepodleglosci.pdf\" target=\"_blank\" rel=\"noopener noreferrer\"><em>Scenariusz audycji z okazji rocznicy odzyskania przez Polsk\u0119 niepodleg\u0142o\u015bci 11 listopada 1918 roku <\/em>\u2013 CC BY-NC-ND<\/a><\/li>\n<li><a href=\"https:\/\/pbp.womczest.edu.pl\/new\/wp-content\/uploads\/2013\/09\/webowa_biblioteka_historia_scenariusz_uroczystosci_z_okazji_swieta_niepodleglosci.pdf\" target=\"_blank\" rel=\"noopener noreferrer\"><em>Scenariusz uroczysto\u015bci z okazji \u015awi\u0119ta Niepodleg\u0142o\u015bci <\/em>\u2013 CC BY-NC-ND<\/a><\/li>\n<li><a href=\"https:\/\/pbp.womczest.edu.pl\/new\/wp-content\/uploads\/2013\/09\/webowa_biblioteka_historia_wiosna_nasza.pdf\" target=\"_blank\" rel=\"noopener noreferrer\"><em>Wiosna nasza! Wybory z czerwca 1989 roku [scenariusz] <\/em>\u2013 CC BY-NC-ND<\/a><\/li>\n<li><a href=\"https:\/\/pbp.womczest.edu.pl\/new\/wp-content\/uploads\/2013\/09\/webowa_biblioteka_historia_wolnosc_slowa_informacja_w_prl.pdf\" target=\"_blank\" rel=\"noopener noreferrer\"><em>Wolno\u015b\u0107 s\u0142owa? Informacja w PRL[scenariusz] <\/em>\u2013 CC BY-NC-ND<\/a><\/li>\n<li><a href=\"https:\/\/pbp.womczest.edu.pl\/new\/wp-content\/uploads\/2013\/09\/webowa_biblioteka_historia_wprowadzenie_do_oral_history.pdf\" target=\"_blank\" rel=\"noopener noreferrer\"><em>Wprowadzenie do Oral History <\/em>\u2013 CC BY-ND-NC<\/a><\/li>\n<li><a href=\"https:\/\/pbp.womczest.edu.pl\/new\/wp-content\/uploads\/2013\/09\/webowa_biblioteka_historia_wspolna_europa.pdf\" target=\"_blank\" rel=\"noopener noreferrer\"><em>Wsp\u00f3lna Europa [scenariusz] <\/em>\u2013 CC BY-NC-ND<\/a><\/li>\n<li><a href=\"https:\/\/pbp.womczest.edu.pl\/new\/wp-content\/uploads\/2013\/09\/webowa_biblioteka_historia_z_socrealizmu_do_konsumpcjonizmu.pdf\" target=\"_blank\" rel=\"noopener noreferrer\"><em>Z socrealizmu do konsumpcjonizmu \u2013 barwy PRL lokalnie [historia \u2013 szko\u0142a ponadgimnazjalna]<\/em> \u2013 CC BY-ND-NC<\/a><\/li>\n<\/ul>\n<p>WIEDZA O SPO\u0141ECZE\u0143STWIE:<\/p>\n<ul>\n<li><em><a href=\"https:\/\/pbp.womczest.edu.pl\/new\/wp-content\/uploads\/2015\/05\/diagnozowanie-potrzeb-spo\u0142ecznych.pdf\">Diagnozowanie problem\u00f3w spo\u0142ecznych &#8211; CC-BY<\/a><\/em><\/li>\n<li><a href=\"https:\/\/pbp.womczest.edu.pl\/new\/wp-content\/uploads\/2015\/05\/Metody-badania-i-odkrywania-miasta-oparte-na-danych_web.pdf\"><em>Metody badania i odkrywania miasta\u00a0oparte na danych<\/em> &#8211; CC BY<\/a><\/li>\n<li><a href=\"https:\/\/pbp.womczest.edu.pl\/new\/wp-content\/uploads\/2013\/09\/webowa_biblioteka_historia_mlody_obywatel.pdf\" target=\"_blank\" rel=\"noopener noreferrer\"><em>M\u0142ody Obywatel. Podr\u0119cznik dydaktyczny <\/em>\u2013 CC BY-NC-SA<\/a><\/li>\n<li><a href=\"https:\/\/pbp.womczest.edu.pl\/new\/wp-content\/uploads\/2015\/05\/nauka-o-administracji.pdf\"><em>Nauka o administracji<\/em>\u00a0&#8211; CC-BY-NC-ND<\/a><\/li>\n<li><a href=\"https:\/\/pbp.womczest.edu.pl\/new\/wp-content\/uploads\/2020\/04\/O-polityce_przewodnik-metodyczny.pdf\"><em>O polityce :_przewodnik metodyczny dla nauczycieli i nauczycielek w programie &#8222;Edukacja o polityce&#8221;<\/em> &#8211; CC BY<\/a><\/li>\n<li><a href=\"https:\/\/pbp.womczest.edu.pl\/new\/wp-content\/uploads\/2020\/03\/oda-do-radosci_kl-iv-vi_got.pdf\"><em>Oda do rado\u015bci : [scenariusz zaj\u0119\u0107 dla klas IV-VI : Wsp\u00f3lne warto\u015bci na poziomie lokalnym, pa\u0144stwowym i ponadpa\u0144stwowym<\/em> &#8211; CC BY-SA<\/a><\/li>\n<li><a href=\"https:\/\/pbp.womczest.edu.pl\/new\/wp-content\/uploads\/2013\/09\/webowa_biblioteka_historia_odpowiedzialny_biznes_w_polsce.pdf\" target=\"_blank\" rel=\"noopener noreferrer\"><em>Odpowiedzialny biznes w Polsce. Dobre praktyki<\/em> \u2013 CC BY-NC<\/a><\/li>\n<li><a href=\"http:\/\/patriotyzmczymjest.blogspot.com\/\" target=\"_blank\" rel=\"noopener noreferrer\"><em>Patriotyzm [WebQuest \u2013 szko\u0142a podstawowa]<\/em> \u2013 CC BY<\/a><\/li>\n<li><a href=\"https:\/\/pbp.womczest.edu.pl\/new\/wp-content\/uploads\/2013\/09\/webowa_biblioteka_historia_polacy_obywatele_ue.pdf\" target=\"_blank\" rel=\"noopener noreferrer\"><em>Polacy \u2013 obywatele Unii Europejskiej[scenariusz] <\/em>\u2013 CC BY-NC-ND<\/a><\/li>\n<li><a href=\"https:\/\/pbp.womczest.edu.pl\/new\/wp-content\/uploads\/2013\/09\/webowa_biblioteka_historia_polacy_europejczycy_obywatele.pdf\" target=\"_blank\" rel=\"noopener noreferrer\"><em>Polacy, Europejczycy, obywatele <\/em>\u2013 CC BY-SA<\/a><\/li>\n<li><a href=\"https:\/\/pbp.womczest.edu.pl\/new\/wp-content\/uploads\/2013\/09\/webowa_biblioteka_historia_pomocnik_olimpijczyka.pdf\" target=\"_blank\" rel=\"noopener noreferrer\"><em>Pomocnik Olimpijczyka. Elementy wiedzy obywatelskiej i ekonomicznej<\/em> \u2013 CC BY-NC<\/a><\/li>\n<li><a href=\"http:\/\/www.globalna.edu.pl\/pliki\/postaw-na-rozwoj-zrownowazony.pdf\" target=\"_blank\" rel=\"noopener noreferrer\"><em>Postaw na rozw\u00f3j zr\u00f3wnowa\u017cony! Scenariusze zaj\u0119\u0107 dla uczni\u00f3w klas IV\u2013VI szk\u00f3l podstawowych<\/em> \u2013 CC BY<\/a><\/li>\n<li><a href=\"https:\/\/pbp.womczest.edu.pl\/new\/wp-content\/uploads\/2013\/09\/webowa_biblioteka_historia_przepis_na_diagnoze.pdf\" target=\"_blank\" rel=\"noopener noreferrer\"><em>Przepis na diagnoz\u0119, czyli poznaj m\u0142odych i \u015brodowisko lokalne<\/em> \u2013 CC BY<\/a><\/li>\n<li><a href=\"https:\/\/pbp.womczest.edu.pl\/new\/wp-content\/uploads\/2018\/05\/rozwijanie-cyfrowej-\u015bwiadomo\u015bci-obywatela.pdf\"><em>Rozwijanie cyfrowej \u015bwiadomo\u015bci obywatela<\/em> &#8211; CC BY-NC-SA<\/a><\/li>\n<li><a href=\"http:\/\/blogger-edukacja.blogspot.com\/\" target=\"_blank\" rel=\"noopener noreferrer\"><em>Rodzina na \u015bwiecie [WebQuest \u2013 gimnazjum]<\/em> \u2013 CC BY-SA<\/a><\/li>\n<li><a href=\"https:\/\/pbp.womczest.edu.pl\/new\/wp-content\/uploads\/2019\/05\/socjologia_zamieszkiwania.pdf\"><em>Socjologia_zamieszkiwania<\/em> &#8211; CC BY-NC<\/a><\/li>\n<li><a href=\"http:\/\/michalska-prawopracy.blogspot.com\/\" target=\"_blank\" rel=\"noopener noreferrer\"><em>Stosunek pracy [WebQuest \u2013 szko\u0142a ponadgimnazjalna]<\/em> \u2013 CC BY<\/a><\/li>\n<li><a href=\"https:\/\/pbp.womczest.edu.pl\/new\/wp-content\/uploads\/2013\/09\/webowa_biblioteka_historia_swiat_na_sprzedaz.pdf\" target=\"_blank\" rel=\"noopener noreferrer\"><em>\u015awiat na sprzeda\u017c. Zestaw scenariuszy dla gimnazjum na temat zaw\u0142aszczania ziemi w krajach globalnego Po\u0142udnia. Materia\u0142y do edukacji globalnej zgodne z now\u0105 podstaw\u0105 programow\u0105 dla wiedzy o spo\u0142ecze\u0144stwie i godzin wychowawczych<\/em> \u2013 CC BY<\/a><\/li>\n<li><a href=\"https:\/\/pbp.womczest.edu.pl\/new\/wp-content\/uploads\/2019\/05\/Wie\u015b-w-Polsce-2017-Diagnoza-i-Prognoza-Raport-Fundacji-Wspomagania-Wsi-pe\u0142na-wersja.pdf\"><em>Wie\u015b w Polsce 2017 : diagnoza i prognoza. Raport z badania \u2013 pe\u0142na wersja<\/em> &#8211; CC BY-SA<\/a><\/li>\n<\/ul>\n","protected":false},"excerpt":{"rendered":"<p>PORTALE: Centrum Edukacji Obywatelskiej \u2013 CC BY-NC-ND Cyfrowa wyprawka Edukacja Medialna Muzeum Historii Polski Karta Legalna Kultura [scenariusze] Polona Scholaris \u2013 EFS Internetowy Polski S\u0142ownik Biograficzny MATERIA\u0141Y \u0179R\u00d3D\u0141OWE. OPRACOWANIA: Cyfrowy archeolog : podr\u0119cznik promocji archeologii w nowych mediach &#8211; CC-BY-NC-ND Czego warto si\u0119 nauczy\u0107 o wybuchu II wojny \u015bwiatowej? [poradnik] \u2013 CC BY-ND-NC Czerwiec 1976 roku w czasach rz\u0105d\u00f3w Edwarda Gierka \u2013 krok na drodze ku wolno\u015bci \u2013 CC BY-NC-ND<span class=\"ellipsis\">&hellip;<\/span><\/p>\n<div class=\"read-more\"><a href=\"https:\/\/pbp.womczest.edu.pl\/new\/wspomaganie\/oferta-wspomagania\/webowa-biblioteka\/webowa-biblioteka-historia-i-spoleczenstwo\/\">Czytaj wi\u0119cej &#8250;<\/a><\/div>\n<p><!-- end of .read-more --><\/p>\n","protected":false},"author":3,"featured_media":0,"parent":4331,"menu_order":0,"comment_status":"closed","ping_status":"open","template":"","meta":{"footnotes":""},"jetpack_sharing_enabled":true,"jetpack_shortlink":"https:\/\/wp.me\/PgmV4H-18M","_links":{"self":[{"href":"https:\/\/pbp.womczest.edu.pl\/new\/wp-json\/wp\/v2\/pages\/4388"}],"collection":[{"href":"https:\/\/pbp.womczest.edu.pl\/new\/wp-json\/wp\/v2\/pages"}],"about":[{"href":"https:\/\/pbp.womczest.edu.pl\/new\/wp-json\/wp\/v2\/types\/page"}],"author":[{"embeddable":true,"href":"https:\/\/pbp.womczest.edu.pl\/new\/wp-json\/wp\/v2\/users\/3"}],"replies":[{"embeddable":true,"href":"https:\/\/pbp.womczest.edu.pl\/new\/wp-json\/wp\/v2\/comments?post=4388"}],"version-history":[{"count":21,"href":"https:\/\/pbp.womczest.edu.pl\/new\/wp-json\/wp\/v2\/pages\/4388\/revisions"}],"predecessor-version":[{"id":17598,"href":"https:\/\/pbp.womczest.edu.pl\/new\/wp-json\/wp\/v2\/pages\/4388\/revisions\/17598"}],"up":[{"embeddable":true,"href":"https:\/\/pbp.womczest.edu.pl\/new\/wp-json\/wp\/v2\/pages\/4331"}],"wp:attachment":[{"href":"https:\/\/pbp.womczest.edu.pl\/new\/wp-json\/wp\/v2\/media?parent=4388"}],"curies":[{"name":"wp","href":"https:\/\/api.w.org\/{rel}","templated":true}]}}