


{"id":4384,"date":"2015-05-19T10:57:09","date_gmt":"2015-05-19T08:57:09","guid":{"rendered":"https:\/\/pbp.womczest.edu.pl\/new\/?page_id=4384"},"modified":"2023-09-18T10:18:42","modified_gmt":"2023-09-18T08:18:42","slug":"webowa-biblioteka-edukacja-przedszkolna-i-wczesnoszkolna","status":"publish","type":"page","link":"https:\/\/pbp.womczest.edu.pl\/new\/wspomaganie\/oferta-wspomagania\/webowa-biblioteka\/webowa-biblioteka-edukacja-przedszkolna-i-wczesnoszkolna\/","title":{"rendered":"Webowa biblioteka \u2013 Edukacja przedszkolna i wczesnoszkolna"},"content":{"rendered":"<hr \/>\n<p style=\"text-align: left;\"><strong>NAUCZANIE:<\/strong><\/p>\n<ul>\n<li><a href=\"https:\/\/pbp.womczest.edu.pl\/new\/wp-content\/uploads\/2013\/09\/webowa_biblioteka_przedszkole_asystentura_comeniusa.pdf\" target=\"_blank\" rel=\"noopener noreferrer\"><em>Asystentura Comeniusa. Podr\u0119cznik dobrych praktyk dla szk\u00f3\u0142 goszcz\u0105cych i asystent\u00f3w \u2013 <\/em>EFS<\/a><\/li>\n<li><a href=\"https:\/\/pbp.womczest.edu.pl\/new\/wp-content\/uploads\/2013\/09\/webowa_biblioteka_przedszkole_badanie systemu pracy.pdf\" target=\"_blank\" rel=\"noopener noreferrer\"><em>Badanie systemu pracy z uczniem zdolnym<\/em><\/a><\/li>\n<li><em><a href=\"https:\/\/pbp.womczest.edu.pl\/new\/wp-content\/uploads\/2015\/05\/Demokracja-i-edukacja.pdf\">Demokracja i edukacja &#8211; CC-BY<\/a><\/em><\/li>\n<li><a href=\"https:\/\/pbp.womczest.edu.pl\/new\/wp-content\/uploads\/2013\/09\/webowa_biblioteka_przedszkole_dziecko_migranckie_w_naszej_klasie.pdf\" target=\"_blank\" rel=\"noopener noreferrer\"><em>Dziecko migranckie w naszej klasie. Rekomendacje nauczycieli dla nauczycieli \u2013 <\/em>EFS<\/a><\/li>\n<li><em><a href=\"https:\/\/pbp.womczest.edu.pl\/new\/wp-content\/uploads\/2015\/05\/Edukacja_przedszkolna_pytanie_o_demokracje.pdf\">Edukacja przedszkolna : pytanie o demokracje &#8211; CC-BY<\/a><\/em><\/li>\n<li><a href=\"https:\/\/pbp.womczest.edu.pl\/new\/wp-content\/uploads\/2013\/09\/webowa_biblioteka_przedszkole_europejski_wymiar_edukacji.pdf\" target=\"_blank\" rel=\"noopener noreferrer\"><em>Europejski wymiar edukacji. Program Comenius w Polsce \u2013 <\/em>EFS<\/a><\/li>\n<li><a href=\"https:\/\/pbp.womczest.edu.pl\/new\/wp-content\/uploads\/2013\/09\/webowa_biblioteka_przedszkole_kolory_kultury_poradnik_kreatywnych_zabaw_rodzinnych.pdf\" target=\"_blank\" rel=\"noopener noreferrer\"><em>Kolory kultury. Poradnik kreatywnych zabaw rodzinnych \u2013 <\/em>CC-BY-NC-ND<\/a><\/li>\n<li><a href=\"https:\/\/pbp.womczest.edu.pl\/new\/wp-content\/uploads\/2013\/09\/webowa_biblioteka_przedszkole_konteksty_gotowosci_szkolnej.pdf\" target=\"_blank\" rel=\"noopener noreferrer\"><em>Konteksty gotowo\u015bci szkolnej \u2013 <\/em>EFS<\/a><\/li>\n<li><a href=\"https:\/\/pbp.womczest.edu.pl\/new\/wp-content\/uploads\/2013\/09\/webowa_biblioteka_przedszkole_materialy_szkoleniowe_dla_uczestnikow_warsztatow.pdf\" target=\"_blank\" rel=\"noopener noreferrer\"><em>Materia\u0142y szkoleniowe dla uczestnik\u00f3w warsztat\u00f3w \u201eZintegrowanie wiedzy w r\u00f3\u017cnych procesach kszta\u0142cenia\u201d \u2013 <\/em>EFS<\/a><\/li>\n<li><a href=\"https:\/\/pbp.womczest.edu.pl\/new\/wp-content\/uploads\/2020\/03\/Mistrzowie_Kodowania_poradnik_online_Samsung.pdf\"><em>Mistrzowie_Kodowania : aktywno\u015b\u0107 &#8222;na start&#8221;<\/em> &#8211; CC BY-SA<\/a><\/li>\n<li><a href=\"https:\/\/pbp.womczest.edu.pl\/new\/wp-content\/uploads\/2013\/09\/webowa_biblioteka_przedszkole_moje_dziecko_w_przedszkolu_i_szkole.pdf\" target=\"_blank\" rel=\"noopener noreferrer\"><em>Moje dziecko w przedszkolu i szkole. Poradnik dla rodzic\u00f3w uczni\u00f3w ze specjalnymi potrzebami edukacyjnymi \u2013 <\/em>EFS<\/a><\/li>\n<li><a href=\"https:\/\/pbp.womczest.edu.pl\/new\/wp-content\/uploads\/2013\/09\/webowa_biblioteka_przedszkole_nauka_czytania_w_europie.pdf\" target=\"_blank\" rel=\"noopener noreferrer\"><em>Nauka czytania w Europie. Kontekst, polityka i praktyka \u2013 <\/em>EFS<\/a><\/li>\n<li><a href=\"https:\/\/pbp.womczest.edu.pl\/new\/wp-content\/uploads\/2013\/09\/webowa_biblioteka_przedszkole_o_problemach_kultury_plastycznej.pdf\" target=\"_blank\" rel=\"noopener noreferrer\"><em>O problemach kultury plastycznej w edukacji \u2013 cz. 2 \u2013 <\/em>CC-BY<\/a><\/li>\n<li><a href=\"https:\/\/pbp.womczest.edu.pl\/new\/wp-content\/uploads\/2013\/09\/webowa_biblioteka_przedszkole_od_nauczania_integracyjnego.pdf\" target=\"_blank\" rel=\"noopener noreferrer\"><em>Od nauczania integracyjnego do szko\u0142y r\u00f3wnych szans<\/em><\/a><\/li>\n<li><a href=\"https:\/\/pbp.womczest.edu.pl\/new\/wp-content\/uploads\/2013\/09\/webowa_biblioteka_przedszkole_organizacja_i_realizacja_edukacji_zdrowotnej.pdf\" target=\"_blank\" rel=\"noopener noreferrer\"><em>Organizacja i realizacji edukacji zdrowotnej w szkole<\/em><\/a><\/li>\n<li><a href=\"https:\/\/pbp.womczest.edu.pl\/new\/wp-content\/uploads\/2013\/09\/webowa_biblioteka_przedszkole_osiaganie_samodzielno\u015bci.pdf\" target=\"_blank\" rel=\"noopener noreferrer\"><em>Osi\u0105ganie samodzielno\u015bci \u2013 <\/em>EFS<\/a><\/li>\n<li><a href=\"https:\/\/pbp.womczest.edu.pl\/new\/wp-content\/uploads\/2013\/09\/webowa_biblioteka_przedszkole_partnerskie_projekty_szkol_comenius_podrecznik_dla_szkol.pdf\" target=\"_blank\" rel=\"noopener noreferrer\"><em>Partnerskie projekty szk\u00f3\u0142 Comenius. Podr\u0119cznik dla szk\u00f3\u0142 \u2013 <\/em>EFS<\/a><\/li>\n<li><a href=\"https:\/\/pbp.womczest.edu.pl\/new\/wp-content\/uploads\/2013\/09\/webowa_biblioteka_przedszkole_podstawa_programowa_wychowania_przedszkolnego_a_diagnoza_przedszkolna.pdf\" target=\"_blank\" rel=\"noopener noreferrer\"><em>Podstawa programowa wychowania przedszkolnego a diagnoza przedszkolna<\/em><\/a><\/li>\n<li><a href=\"https:\/\/pbp.womczest.edu.pl\/new\/wp-content\/uploads\/2013\/09\/webowa_biblioteka_przedszkole_praca_z_uczniem_cudzoziemskim.pdf\" target=\"_blank\" rel=\"noopener noreferrer\"><em>Praca z uczniem cudzoziemskim \u2013 <\/em>EFS<\/a><\/li>\n<li><a href=\"https:\/\/pbp.womczest.edu.pl\/new\/wp-content\/uploads\/2013\/09\/webowa_biblioteka_przedszkole_rok_polski.pdf\" target=\"_blank\" rel=\"noopener noreferrer\"><em>Rok polski. Poradnik dla nauczycieli i rodzic\u00f3w \u2013 <\/em>EFS<\/a><\/li>\n<li><a href=\"https:\/\/pbp.womczest.edu.pl\/new\/wp-content\/uploads\/2013\/09\/webowa_biblioteka_przedszkole_rola_tworczosci_muzycznej_w_rozwoju_dziecka.pdf\" target=\"_blank\" rel=\"noopener noreferrer\"><em>Rola tw\u00f3rczo\u015bci muzycznej w rozwoju dziecka \u2013 <\/em>EFS<\/a><\/li>\n<li><a href=\"https:\/\/pbp.womczest.edu.pl\/new\/wp-content\/uploads\/2013\/09\/webowa_biblioteka_przedszkole_rozwijanie kreatywnosci_dziecka.pdf\" target=\"_blank\" rel=\"noopener noreferrer\"><em>Rozwijanie kreatywno\u015bci dziecka \u2013 <\/em>EFS<\/a><\/li>\n<li><a href=\"https:\/\/pbp.womczest.edu.pl\/new\/wp-content\/uploads\/2013\/09\/webowa_biblioteka_przedszkole_rozwoj_i_ocena_umiejetnosci_czytania_dzieci_szescioletnich.pdf\" target=\"_blank\" rel=\"noopener noreferrer\"><em>Rozw\u00f3j i ocena umiej\u0119tno\u015bci czytania dzieci sze\u015bcioletnich \u2013 <\/em>EFS<\/a><\/li>\n<li><a href=\"https:\/\/pbp.womczest.edu.pl\/new\/wp-content\/uploads\/2013\/09\/webowa_biblioteka_przedszkole_rozwoj_i_ocena_umiejetnosci_matematycznych_dzieci_szescioletnich.pdf\" target=\"_blank\" rel=\"noopener noreferrer\"><em>Rozw\u00f3j i ocena umiej\u0119tno\u015bci matematycznych dzieci sze\u015bcioletnich \u2013 <\/em>EFS<\/a><\/li>\n<li><a href=\"https:\/\/pbp.womczest.edu.pl\/new\/wp-content\/uploads\/2015\/05\/Sala-katalog-rozwi\u0105za\u0144-przestrzennych-sali-lekcyjnej-w-nauczaniu-wczesnoszkolnym.pdf\">Sala &#8211; katalog rozwi\u0105za\u0144 <em>przestrzennych<\/em> sali lekcyjnej w nauczaniu wczesnoszkolnym<\/a>\u00a0&#8211; EFS<\/li>\n<li><a href=\"https:\/\/pbp.womczest.edu.pl\/new\/wp-content\/uploads\/2013\/09\/webowa_biblioteka_przedszkole_umiejetnosci_spoleczne_dzieci.pdf\" target=\"_blank\" rel=\"noopener noreferrer\"><em>Umiej\u0119tno\u015bci spo\u0142eczne dzieci \u2013 <\/em>EFS<\/a><\/li>\n<li><a href=\"https:\/\/pbp.womczest.edu.pl\/new\/wp-content\/uploads\/2013\/09\/webowa_biblioteka_przedszkole_wczesna_edukacja_i_opieka_nad_dzieckiem_w_europie.pdf\" target=\"_blank\" rel=\"noopener noreferrer\"><em>Wczesna edukacja i opieka nad dzieckiem w Europie. Zmniejszanie nier\u00f3wno\u015bci spo\u0142ecznych i kulturowych \u2013 <\/em>FRSE<\/a><\/li>\n<li><a href=\"https:\/\/pbp.womczest.edu.pl\/new\/wp-content\/uploads\/2013\/09\/webowa_biblioteka_przedszkole_wspieranie_rozwoju_dziecka_mlodszego.pdf\" target=\"_blank\" rel=\"noopener noreferrer\"><em>Wspieranie rozwoju dziecka m\u0142odszego, w tym obni\u017cenie wieku szkolnego do 6 lat <\/em><\/a><\/li>\n<li><a href=\"https:\/\/pbp.womczest.edu.pl\/new\/wp-content\/uploads\/2013\/09\/webowa_biblioteka_przedszkole_wychowanie_fizyczne_w_szkole.pdf\" target=\"_blank\" rel=\"noopener noreferrer\"><em>Wychowanie fizyczne w szkole \u2013 <\/em>EFS<\/a><\/li>\n<li><a href=\"https:\/\/pbp.womczest.edu.pl\/new\/wp-content\/uploads\/2013\/09\/webowa_biblioteka_przedszkole_wychowanie_przedszkolne_w_swietle_zalozen_reformy_programowej_men.pdf\" target=\"_blank\" rel=\"noopener noreferrer\"><em>Wychowanie przedszkolne w \u015bwietle za\u0142o\u017ce\u0144 reformy programowej MEN<\/em><\/a><\/li>\n<\/ul>\n<p><strong>MATERIA\u0141Y DYDAKTYCZNE:<\/strong><\/p>\n<ul>\n<li><a href=\"https:\/\/pbp.womczest.edu.pl\/new\/wp-content\/uploads\/2013\/09\/webowa_biblioteka_przedszkole_bajki_terapeutyczne.pdf\" target=\"_blank\" rel=\"noopener noreferrer\"><em>Bajki terapeutyczne \u2013 <\/em>EFS<\/a><\/li>\n<li><a href=\"https:\/\/pbp.womczest.edu.pl\/new\/wp-content\/uploads\/2015\/05\/lilka-i-piknik.pdf\"><em>Lilka i piknik<\/em> &#8211; CC BY<\/a><\/li>\n<li><a href=\"https:\/\/pbp.womczest.edu.pl\/new\/wp-content\/uploads\/2013\/09\/webowa_biblioteka_przedszkole_ludzki_jezyk_lodzki.pdf\" target=\"_blank\" rel=\"noopener noreferrer\"><em>Ludzki j\u0119zyk \u0142\u00f3dzki. Wiersze i opowiadania dla dzieci<\/em> \u2013 CC-BY-NC-SA<\/a><\/li>\n<li><a href=\"https:\/\/pbp.womczest.edu.pl\/new\/wp-content\/uploads\/2013\/09\/webowa_biblioteka_przedszkole_zabawnik.pdf\" target=\"_blank\" rel=\"noopener noreferrer\"><em>Zabawnik \u2013 <\/em>CC-SA<\/a><\/li>\n<\/ul>\n<p><strong>SCENARIUSZE ZAJ\u0118\u0106:<\/strong><\/p>\n<ul>\n<li><a href=\"https:\/\/pbp.womczest.edu.pl\/new\/wp-content\/uploads\/2013\/09\/webowa_biblioteka_przedszkole_czy_juz_pachnie_wiosna.pdf\" target=\"_blank\" rel=\"noopener noreferrer\"><em>Czy ju\u017c pachnie wiosn\u0105? [scenariusz] \u2013 <\/em>EFS<\/a><\/li>\n<li><em><a href=\"https:\/\/pbp.womczest.edu.pl\/new\/wp-content\/uploads\/2015\/05\/Domy-\u015bwiata.pdf\">Domy \u015bwiata &#8211; CC-BY<\/a><\/em><\/li>\n<li><a href=\"https:\/\/pbp.womczest.edu.pl\/new\/wp-content\/uploads\/2020\/03\/eko-kalendarz.pdf\"><em>Eko-kalendarz : trzeci pi\u0105tek czerwca : Dzie\u0144 Pustej Klasy<\/em> &#8211; CC BY<\/a><\/li>\n<li><a href=\"https:\/\/pbp.womczest.edu.pl\/new\/wp-content\/uploads\/2013\/09\/webowa_biblioteka_przedszkole_gry_i_zabawy_z_zogiem.pdf\" target=\"_blank\" rel=\"noopener noreferrer\"><em>Gry i zabawy z Zogiem<\/em> \u2013 CC BY<\/a><\/li>\n<li><a href=\"https:\/\/pbp.womczest.edu.pl\/new\/wp-content\/uploads\/2013\/09\/webowa_biblioteka_przedszkole_jakie_zwierzeta_sa_hodowane_w_polsce.pdf\" target=\"_blank\" rel=\"noopener noreferrer\"><em>Jakie zwierz\u0119ta s\u0105 hodowane w Polsce [scenariusz] \u2013 <\/em>EFS<\/a><\/li>\n<li><a href=\"https:\/\/pbp.womczest.edu.pl\/new\/wp-content\/uploads\/2013\/09\/webowa_biblioteka_przedszkole_jestem_dobrym_wnuczkiem.pdf\" target=\"_blank\" rel=\"noopener noreferrer\"><em>Jestem dobrym wnuczkiem! [scenariusz zaj\u0119\u0107 zintegrowanych w klasie I] \u2013 <\/em>EFS<\/a><\/li>\n<li><a href=\"https:\/\/pbp.womczest.edu.pl\/new\/wp-content\/uploads\/2013\/09\/webowa_biblioteka_przedszkole_korzysci_jakie_plyna_z_czlonkostwa_w_ue.pdf\" target=\"_blank\" rel=\"noopener noreferrer\"><em>Korzy\u015bci jakie p\u0142yn\u0105 z cz\u0142onkostwa w Unii Europejskiej \u2013 scenariusz zaj\u0119\u0107 <\/em>\u2013 CC-BY-SA<\/a><\/li>\n<li><a href=\"https:\/\/pbp.womczest.edu.pl\/new\/wp-content\/uploads\/2013\/09\/webowa_biblioteka_przedszkole_polacy_ktorzy_rozslawili_polske.pdf\" target=\"_blank\" rel=\"noopener noreferrer\"><em>Polacy, kt\u00f3rzy rozs\u0142awili Polsk\u0119: Jan Matejko, laureaci Nagrody Nobla [scenariusz] \u2013 <\/em>EFS<\/a><\/li>\n<li><a href=\"https:\/\/pbp.womczest.edu.pl\/new\/wp-content\/uploads\/2022\/01\/Szczepienia_scenariusze_-_przedszkole.pdf\"><em>Profilaktyka chor\u00f3b zaka\u017anych &#8211; szczepienia. Przyk\u0142adowe scenariusze zaj\u0119\u0107 edukacyjnych dla nauczycieli wychowania przedszkolnego<\/em> &#8211; CC BY-NC<\/a><\/li>\n<li><em><a href=\"https:\/\/pbp.womczest.edu.pl\/new\/wp-content\/uploads\/2015\/12\/Przygotowania-do-Bo\u017cego-Narodzenia-z-e-podr\u0119cznikiem_Beata-Rabsztyn.pdf\">Przygotowania do Bo\u017cego Narodzenia z e-podr\u0119cznikiem<\/a>&#8211; <\/em>CC-BY-SA<\/li>\n<li><em><a href=\"https:\/\/pbp.womczest.edu.pl\/new\/wp-content\/uploads\/2018\/11\/29_przykladowy_program_dla_klas_i-iii_szkoly_podstawowej.pdf\">Przyk\u0142adowy_program_orientacji zawodowej dla_klas_I-III_szko\u0142y_podstawowej z proponowanymi scenariuszami<\/a><\/em>&#8211; CC-BY-NC<\/li>\n<li><a href=\"https:\/\/pbp.womczest.edu.pl\/new\/wp-content\/uploads\/2013\/09\/webowa_biblioteka_przedszkole_radosc_tworzenia_kreatywny_nauczyciel_i_uczen.pdf\" target=\"_blank\" rel=\"noopener noreferrer\"><em>Rado\u015b\u0107 tworzenia \u2013 kreatywny nauczyciel i ucze\u0144 \u2013 <\/em>EFS<\/a><\/li>\n<li><a href=\"https:\/\/old.noe.uwb.edu.pl\/content\/uploaded\/20221028_141124_u635bc6eceed17_zbior_koncepcji_zajec_steam_w_klasach_i_iii_szkoy_podstawowej.pdf\"><em>Zbi\u00f3r koncepcji zaj\u0119\u0107 STEAM dla klas I-III szko\u0142y podstawowej. Studenci &#8211; studentom &#8211; <\/em>CC BY-NC-ND\u00a0<\/a><\/li>\n<li><a href=\"https:\/\/pbp.womczest.edu.pl\/new\/wp-content\/uploads\/2013\/09\/webowa_biblioteka_przedszkole_zestaw_materialow_edukacyjnych_wlacz_polske.pdf\" target=\"_blank\" rel=\"noopener noreferrer\"><em>Zestaw materia\u0142\u00f3w edukacyjnych. W\u0142\u0105cz Polsk\u0119!<\/em> \u2013 CC-BY-SA<\/a><\/li>\n<li><a href=\"https:\/\/pbp.womczest.edu.pl\/new\/wp-content\/uploads\/2013\/09\/webowa_biblioteka_przedszkole_zimowe_zabawy.pdf\" target=\"_blank\" rel=\"noopener noreferrer\"><em>Zimowe zabawy [scenariusz] \u2013 <\/em>EFS<\/a><\/li>\n<\/ul>\n<p><strong>PORTALE:<\/strong><\/p>\n<ul>\n<li><em><a href=\"http:\/\/eduentuzjasci.pl\/publikacje-ee-lista\/biblioteka-entuzjastow-edukacji.html\" target=\"_blank\" rel=\"noopener noreferrer\">Biblioteczka Entuzjast\u00f3w Edukacji<\/a><\/em><\/li>\n<li><em><a href=\"http:\/\/www.zamiastkserowki.edu.pl\/p\/o-blogu.html\">Zamiast kser\u00f3wki<\/a><\/em><\/li>\n<\/ul>\n","protected":false},"excerpt":{"rendered":"<p>NAUCZANIE: Asystentura Comeniusa. Podr\u0119cznik dobrych praktyk dla szk\u00f3\u0142 goszcz\u0105cych i asystent\u00f3w \u2013 EFS Badanie systemu pracy z uczniem zdolnym Demokracja i edukacja &#8211; CC-BY Dziecko migranckie w naszej klasie. Rekomendacje nauczycieli dla nauczycieli \u2013 EFS Edukacja przedszkolna : pytanie o demokracje &#8211; CC-BY Europejski wymiar edukacji. Program Comenius w Polsce \u2013 EFS Kolory kultury. Poradnik kreatywnych zabaw rodzinnych \u2013 CC-BY-NC-ND Konteksty gotowo\u015bci szkolnej \u2013 EFS Materia\u0142y szkoleniowe dla uczestnik\u00f3w warsztat\u00f3w<span class=\"ellipsis\">&hellip;<\/span><\/p>\n<div class=\"read-more\"><a href=\"https:\/\/pbp.womczest.edu.pl\/new\/wspomaganie\/oferta-wspomagania\/webowa-biblioteka\/webowa-biblioteka-edukacja-przedszkolna-i-wczesnoszkolna\/\">Czytaj wi\u0119cej &#8250;<\/a><\/div>\n<p><!-- end of .read-more --><\/p>\n","protected":false},"author":3,"featured_media":0,"parent":4331,"menu_order":0,"comment_status":"closed","ping_status":"open","template":"","meta":{"footnotes":""},"jetpack_sharing_enabled":true,"jetpack_shortlink":"https:\/\/wp.me\/PgmV4H-18I","_links":{"self":[{"href":"https:\/\/pbp.womczest.edu.pl\/new\/wp-json\/wp\/v2\/pages\/4384"}],"collection":[{"href":"https:\/\/pbp.womczest.edu.pl\/new\/wp-json\/wp\/v2\/pages"}],"about":[{"href":"https:\/\/pbp.womczest.edu.pl\/new\/wp-json\/wp\/v2\/types\/page"}],"author":[{"embeddable":true,"href":"https:\/\/pbp.womczest.edu.pl\/new\/wp-json\/wp\/v2\/users\/3"}],"replies":[{"embeddable":true,"href":"https:\/\/pbp.womczest.edu.pl\/new\/wp-json\/wp\/v2\/comments?post=4384"}],"version-history":[{"count":23,"href":"https:\/\/pbp.womczest.edu.pl\/new\/wp-json\/wp\/v2\/pages\/4384\/revisions"}],"predecessor-version":[{"id":23505,"href":"https:\/\/pbp.womczest.edu.pl\/new\/wp-json\/wp\/v2\/pages\/4384\/revisions\/23505"}],"up":[{"embeddable":true,"href":"https:\/\/pbp.womczest.edu.pl\/new\/wp-json\/wp\/v2\/pages\/4331"}],"wp:attachment":[{"href":"https:\/\/pbp.womczest.edu.pl\/new\/wp-json\/wp\/v2\/media?parent=4384"}],"curies":[{"name":"wp","href":"https:\/\/api.w.org\/{rel}","templated":true}]}}