


{"id":4380,"date":"2015-05-19T10:56:08","date_gmt":"2015-05-19T08:56:08","guid":{"rendered":"https:\/\/pbp.womczest.edu.pl\/new\/?page_id=4380"},"modified":"2023-09-18T10:22:40","modified_gmt":"2023-09-18T08:22:40","slug":"webowa-biblioteka-kultura-i-sztuka","status":"publish","type":"page","link":"https:\/\/pbp.womczest.edu.pl\/new\/wspomaganie\/oferta-wspomagania\/webowa-biblioteka\/webowa-biblioteka-kultura-i-sztuka\/","title":{"rendered":"Webowa biblioteka \u2013 Kultura i Sztuka"},"content":{"rendered":"<hr \/>\n<p>KULTURA:<\/p>\n<ul>\n<li><a href=\"https:\/\/pbp.womczest.edu.pl\/new\/wp-content\/uploads\/2015\/05\/JESTEM_ACK_EBOOK_2.pdf\"><em>Alternatywne\u00a0Centrum Kultury<\/em> &#8211; CC BY<\/a><\/li>\n<li><a href=\"https:\/\/pbp.womczest.edu.pl\/new\/wp-content\/uploads\/2013\/09\/webowa_biblioteka_kultura_animacja_edukacja.pdf\" target=\"_blank\" rel=\"noopener noreferrer\"><em>Animacja\/edukacja. Mo\u017cliwo\u015bci i ograniczenia edukacji i animacji kulturowej w Polsce<\/em> \u2013 CC-BY-NC-SA<\/a><\/li>\n<li><a href=\"https:\/\/pbp.womczest.edu.pl\/new\/wp-content\/uploads\/2019\/05\/Aplikacje_dla_kultury_s.zolkiewska_2018.pdf\"><em>Aplikacje mobilne dla_kultury<\/em> &#8211; CC BY-NC-SA<\/a><\/li>\n<li><a href=\"https:\/\/pbp.womczest.edu.pl\/new\/wp-content\/uploads\/2013\/09\/webowa_biblioteka_kultura_diagnoza_partycypacji_w_kulturze_w_wojewodztwie_podlaskim.pdf\" target=\"_blank\" rel=\"noopener noreferrer\"><em>Diagnoza partycypacji w kulturze w wojew\u00f3dztwie podlaskim <\/em>\u2013 CC-BY-SA<\/a><\/li>\n<li><a href=\"https:\/\/pbp.womczest.edu.pl\/new\/wp-content\/uploads\/2013\/09\/webowa_biblioteka_kultura_dzialania_teatralne.pdf\" target=\"_blank\" rel=\"noopener noreferrer\"><em>Dzia\u0142ania teatralne. Zainspiruj si\u0119<\/em> \u2013 CC-BY<\/a><\/li>\n<li><a href=\"https:\/\/pbp.womczest.edu.pl\/new\/wp-content\/uploads\/2013\/09\/webowa_biblioteka_kultura_dzielenie_sie.pdf\" target=\"_blank\" rel=\"noopener noreferrer\"><em>Dzielenie si\u0119. Kultura i gospodarka epoki Internetu \u2013<\/em> CC-NC-ND<\/a><\/li>\n<li><a href=\"https:\/\/pbp.womczest.edu.pl\/new\/wp-content\/uploads\/2013\/09\/webowa_biblioteka_kultura_etnografowie_w_terenie.pdf\" target=\"_blank\" rel=\"noopener noreferrer\"><em>Etnografowie w terenie<\/em> \u2013 CC-BY-SA<\/a><\/li>\n<li><a href=\"https:\/\/pbp.womczest.edu.pl\/new\/wp-content\/uploads\/2015\/05\/wartosci_w_jezyku_2015_druk.pdf\"><em>Idee i warto\u015bci w j\u0119zyku i kulturze<\/em> &#8211; CC BY-NC-ND<\/a><\/li>\n<li><a href=\"https:\/\/pbp.womczest.edu.pl\/new\/wp-content\/uploads\/2013\/09\/webowa_biblioteka_kultura_kino_o_wojnie.pdf\" target=\"_blank\" rel=\"noopener noreferrer\"><em>Kino o wojnie<\/em> \u2013 CC-BY-NC-ND<\/a><\/li>\n<li><a href=\"https:\/\/pbp.womczest.edu.pl\/new\/wp-content\/uploads\/2013\/09\/webowa_biblioteka_kultura_kultura_ludowa.pdf\" target=\"_blank\" rel=\"noopener noreferrer\"><em>Kultura ludowa<\/em> \u2013 CC-BY-NC<\/a><\/li>\n<li><a href=\"https:\/\/pbp.womczest.edu.pl\/new\/wp-content\/uploads\/2013\/09\/webowa_biblioteka_kultura_kultura_a_rozwoj.pdf\" target=\"_blank\" rel=\"noopener noreferrer\"><em>Kultura a rozw\u00f3j<\/em> \u2013 CC-BY-NC-SA<\/a><\/li>\n<li><a href=\"https:\/\/pbp.womczest.edu.pl\/new\/wp-content\/uploads\/2013\/09\/webowa_biblioteka_kultura_kultura_2.0.pdf\" target=\"_blank\" rel=\"noopener noreferrer\"><em>Kultura 2.0. Wyzwania cyfrowej przysz\u0142o\u015bci<\/em> \u2013 CC-BY<\/a><\/li>\n<li><a href=\"https:\/\/pbp.womczest.edu.pl\/new\/wp-content\/uploads\/2013\/09\/webowa_biblioteka_kultura_kulturotworcy.pdf\" target=\"_blank\" rel=\"noopener noreferrer\"><em>Kulturotw\u00f3rcy. Niekulturocentryczny raport o kulturze<\/em> \u2013 CC-BY-SA<\/a><\/li>\n<li><a href=\"https:\/\/pbp.womczest.edu.pl\/new\/wp-content\/uploads\/2013\/09\/webowa_biblioteka_kultura_wolontariat_kulturalny.pdf\" target=\"_blank\" rel=\"noopener noreferrer\"><em>Laboratorium kultury. Wolontariat kulturalny w trzecim sektorze<\/em> \u2013 CC-BY-SA<\/a><\/li>\n<li><a href=\"https:\/\/pbp.womczest.edu.pl\/new\/wp-content\/uploads\/2013\/09\/webowa_biblioteka_kultura_lokalne_muzeum_w_globalnym_swiecie.pdf\" target=\"_blank\" rel=\"noopener noreferrer\"><em>Lokalne muzeum w globalnym \u015bwiecie<\/em> \u2013 CC BY-NC-SA<\/a><\/li>\n<li><a href=\"https:\/\/pbp.womczest.edu.pl\/new\/wp-content\/uploads\/2013\/09\/webowa_biblioteka_kultura_mlodzi_i_media_nowe_media_a_uczestnictwo_w_kulturze.pdf\" target=\"_blank\" rel=\"noopener noreferrer\"><em>M\u0142odzi i media. Nowe media a uczestnictwo w kulturze<\/em> \u2013 CC-BY-NC-ND<\/a><\/li>\n<li><a href=\"https:\/\/pbp.womczest.edu.pl\/new\/wp-content\/uploads\/2013\/09\/webowa_biblioteka_kultura_obiegi_kultury.pdf\" target=\"_blank\" rel=\"noopener noreferrer\"><em>Obiegi kultury. Spo\u0142eczna cyrkulacja tre\u015bci<\/em> \u2013 CC-BY-SA<\/a><\/li>\n<li><a href=\"https:\/\/pbp.womczest.edu.pl\/new\/wp-content\/uploads\/2022\/07\/Poradnik_dla_sektora_kultury_w_zakresie_zapewniania_dostepnosci.pdf\"><em>Poradnik dla sektora kultury w zakresie zapewniania dost\u0119pno\u015bci<\/em> &#8211; EFS<\/a><\/li>\n<li><em><a href=\"https:\/\/pbp.womczest.edu.pl\/new\/wp-content\/uploads\/2015\/05\/SocLab_kultura_final2.pdf\">Spacer po ukrytych \u015bcie\u017ckach : o\u00a0spotkaniach bia\u0142ostoczan z kultur\u0105 &#8211; CC-BY-SA<\/a><\/em><\/li>\n<li><a href=\"https:\/\/pbp.womczest.edu.pl\/new\/wp-content\/uploads\/2015\/05\/SZtuka-na-peryferiach.pdf\"><em>Sztuka na peryferiach. Opolskie \u015brodowisko plastyczne 1945-1983<\/em> &#8211; CC BY NC ND<\/a><\/li>\n<li><a href=\"https:\/\/pbp.womczest.edu.pl\/new\/wp-content\/uploads\/2013\/09\/webowa_biblioteka_kultura_tajni_kulturalni.pdf\" target=\"_blank\" rel=\"noopener noreferrer\"><em>Tajni kulturalni. Obiegi kultury z perspektywy tw\u00f3rc\u00f3w sieciowych w\u0119z\u0142\u00f3w wymiany tre\u015bci \u2013 <\/em>CC-BY<\/a><\/li>\n<li><a href=\"https:\/\/pbp.womczest.edu.pl\/new\/wp-content\/uploads\/2013\/09\/webowa_biblioteka_kultura_teatr.pdf\" target=\"_blank\" rel=\"noopener noreferrer\"><em>Teatr<\/em> \u2013 CC-BY-SA<\/a><\/li>\n<li><a href=\"https:\/\/pbp.womczest.edu.pl\/new\/wp-content\/uploads\/2013\/09\/webowa_biblioteka_kultura_wielokulturowa_biblioteka.pdf\" target=\"_blank\" rel=\"noopener noreferrer\"><em>Wielokulturowa biblioteka<\/em> \u2013 CC-BY-NC-ND<\/a><\/li>\n<li><a href=\"https:\/\/pbp.womczest.edu.pl\/new\/wp-content\/uploads\/2013\/09\/webowa_biblioteka_kultura_wolna_kultura.pdf\" target=\"_blank\" rel=\"noopener noreferrer\"><em>Wolna kultura \u2013 <\/em>CC-BY-<em>NC-ND<\/em><\/a><\/li>\n<\/ul>\n<p>NAUCZANIE:<\/p>\n<ul>\n<li><a href=\"https:\/\/pbp.womczest.edu.pl\/new\/wp-content\/uploads\/2013\/09\/webowa_biblioteka_kultura_domy_swiata.pdf\" target=\"_blank\" rel=\"noopener noreferrer\"><em>Domy \u015bwiata. Niezwyk\u0142e domy w niezwyk\u0142ych miejscach [scenariusz]<\/em> \u2013 CC BY<\/a><\/li>\n<li><a href=\"https:\/\/pbp.womczest.edu.pl\/new\/wp-content\/uploads\/2013\/09\/webowa_biblioteka_kultura_edukacja_globalna_na_zajeciach_plastyki.pdf\" target=\"_blank\" rel=\"noopener noreferrer\"><em>Edukacja globalna na zaj\u0119ciach plastyki. Przyk\u0142adowe materia\u0142y edukacyjne dla nauczycielek i nauczycieli szk\u00f3\u0142 gimnazjalnych<\/em> \u2013 CC-BY<\/a><\/li>\n<li><a href=\"https:\/\/pbp.womczest.edu.pl\/new\/wp-content\/uploads\/2013\/09\/webowa_biblioteka_kultura_edukacja_kulturalna_i_medialna.pdf\" target=\"_blank\" rel=\"noopener noreferrer\"><em>Edukacja kulturalna i medialna. Nowe trendy i wyzwania<\/em> \u2013 CC-BY-SA<\/a><\/li>\n<\/ul>\n<ul>\n<li><a href=\"https:\/\/pbp.womczest.edu.pl\/new\/wp-content\/uploads\/2019\/04\/kompetencje_miedzykulturowe_nauczycieli_w_wielokluturowych_miastach_warszawa-berlin.pdf\"><em>Kompetencje mi\u0119dzykulturowe nauczycieli w wielokulturowych<\/em><br \/>\n<em>miastach Warszawa-Berlin : przewodnik dobrych praktyk dla nauczycieli<\/em> &#8211; CC BY-NC-SA<\/a><\/li>\n<li><a href=\"http:\/\/blogger-edukacja.blogspot.com\/\" target=\"_blank\" rel=\"noopener noreferrer\"><em>Rodzina na \u015bwiecie [WebQuest \u2013 gimnazjum] \u2013<\/em> CC-BY-SA<\/a><\/li>\n<li><a href=\"https:\/\/pbp.womczest.edu.pl\/new\/wp-content\/uploads\/2013\/09\/webowa_biblioteka_kultura_inspirator_o_swietlicy.pdf\" target=\"_blank\" rel=\"noopener noreferrer\"><em>Inspirator O! \u015awietlicy<\/em> \u2013 CC-BY<\/a><\/li>\n<li><a href=\"https:\/\/pbp.womczest.edu.pl\/new\/wp-content\/uploads\/2013\/09\/webowa_biblioteka_kultura_jak_mlodzi_programowali_dom_kultury.pdf\" target=\"_blank\" rel=\"noopener noreferrer\"><em>Jak m\u0142odzi programowali dom kultury?<\/em> \u2013 CC-BY<\/a><\/li>\n<li><a href=\"https:\/\/pbp.womczest.edu.pl\/new\/wp-content\/uploads\/2015\/05\/Ojczyzna-S\u0142owia\u0144szczyzna-\u2013-zabawy-artystyczne.pdf\"><em>Ojczyzna S\u0142owia\u0144szczyzna \u2013 zabawy artystyczne : scenariusze dla nauczycieli<\/em> &#8211; CC-BY-ND-NC<\/a><\/li>\n<li><a href=\"https:\/\/pbp.womczest.edu.pl\/new\/wp-content\/uploads\/2013\/09\/webowa_biblioteka_kultura_otwarte_zabytki_dla_mlodziezy.pdf\" target=\"_blank\" rel=\"noopener noreferrer\"><em>Otwarte Zabytki dla m\u0142odzie\u017cy. Przewodnik dla nauczycieli, bibliotekarzy i animator\u00f3w kultury<\/em> \u2013 CC-BY<\/a><\/li>\n<li><a href=\"https:\/\/sp4plastyka.jimdofree.com\/\">Plastyka [nauczanie, scenariusze] &#8211; CC BY-SA<\/a><\/li>\n<li><a href=\"https:\/\/pbp.womczest.edu.pl\/new\/wp-content\/uploads\/2013\/09\/webowa_biblioteka_kultura_profesjonalizm_w_edukacji_muzycznej.pdf\" target=\"_blank\" rel=\"noopener noreferrer\"><em>Profesjonalizm w edukacji muzycznej \u2013 <\/em>EFS<\/a><\/li>\n<li><a href=\"https:\/\/pbp.womczest.edu.pl\/new\/wp-content\/uploads\/2015\/05\/projektuj-z-dzie\u0107mi.pdf\"><em>Projektuj z dzie\u0107mi &#8211; edukacja kulturowa w praktyce<\/em> &#8211; CC BY-NC-SA<\/a><\/li>\n<li><a href=\"https:\/\/pbp.womczest.edu.pl\/new\/wp-content\/uploads\/2013\/09\/webowa_biblioteka_kultura_remiks_plagiat_czy_autonomiczne_dzielo_sztuki.pdf\" target=\"_blank\" rel=\"noopener noreferrer\"><em>Remiks \u2013 plagiat czy autonomiczne dzie\u0142o sztuki? (scenariusz)<\/em> \u2013 CC-BY<\/a><\/li>\n<li><a href=\"https:\/\/pbp.womczest.edu.pl\/new\/wp-content\/uploads\/2013\/09\/webowa_biblioteka_kultura_roznorodnosc_kulturowa.pdf\" target=\"_blank\" rel=\"noopener noreferrer\"><em>R\u00f3\u017cnorodno\u015b\u0107 kulturowa. Scenariusz lekcji<\/em> \u2013 CC-BY-SA<\/a><\/li>\n<li><a href=\"https:\/\/pbp.womczest.edu.pl\/new\/wp-content\/uploads\/2015\/05\/MUZEUM-\u0141EMK\u00d3W1.pdf\"><em>Scenariusz gry terenowej inspirowanej kultur\u0105 \u0142emkowsk\u0105<\/em> &#8211; CC NC-SA <\/a><\/li>\n<\/ul>\n<p>MUZYKA:<\/p>\n<ul>\n<li><a href=\"https:\/\/pbp.womczest.edu.pl\/new\/wp-content\/uploads\/2013\/09\/webowa_biblioteka_kultura_fryderyk_chopin.pdf\" target=\"_blank\" rel=\"noopener noreferrer\"><em>Fryderyk Chopin<\/em> \u2013 CC-BY-SA<\/a><\/li>\n<li><a href=\"https:\/\/pbp.womczest.edu.pl\/new\/wp-content\/uploads\/2013\/09\/webowa_biblioteka_kultura_instrument_zrob_to_sam.pdf\" target=\"_blank\" rel=\"noopener noreferrer\"><em>Instrument \u2013 Zr\u00f3b to sam<\/em> \u2013 CC-BY-NC-SA<\/a><\/li>\n<li><a href=\"https:\/\/pbp.womczest.edu.pl\/new\/wp-content\/uploads\/2022\/07\/jesien_muzyka_malowana_dobre-praktyki.pdf\"><em>Jesie\u0144 muzyk\u0105 malowana : scenariusz zaj\u0119\u0107 w przedszkolu<\/em> &#8211; CC BY-NC<\/a><\/li>\n<li><a href=\"https:\/\/pbp.womczest.edu.pl\/new\/wp-content\/uploads\/2019\/05\/Budowa-zabawek-muzycznych-z-drewna.pdf\"><em>Muzyczne zabawki : b\u0119benek, grzechotka, gwizdek, ko\u0142atka, rzegotka, terkotka<\/em> &#8211; CC BY-NC<\/a><\/li>\n<li><a href=\"https:\/\/pbp.womczest.edu.pl\/new\/wp-content\/uploads\/2013\/09\/webowa_biblioteka_kultura_muzyka_jako_czynnik_jakosci_zycia.pdf\" target=\"_blank\" rel=\"noopener noreferrer\"><em>Muzyka jako czynnik jako\u015bci \u017cycia \u2013 <\/em>EFS<\/a><\/li>\n<li><a href=\"https:\/\/sus.ceo.org.pl\/wp-content\/uploads\/sites\/4\/2022\/12\/scenariusz-Roza-kalina-i-kaczka-czyli-kultura-muzyczna-Ukrainy.docx.pdf\"><em>R\u00f3\u017ca, kalina i kaczka, czyli kultura muzyczna Ukrainy [scenariusz zaj\u0119\u0107 dla uczni\u00f3w szko\u0142y ponadpodstawowej]<\/em> &#8211; CC BY<\/a><\/li>\n<li><a href=\"https:\/\/pbp.womczest.edu.pl\/new\/wp-content\/uploads\/2013\/09\/webowa_biblioteka_kultura_rymy_petle_rytmy.pdf\" target=\"_blank\" rel=\"noopener noreferrer\"><em>Rymy, p\u0119tle, rytmy. Materia\u0142y instrukta\u017cowe \u2013 <\/em>CC-BY-SA<\/a><\/li>\n<li><a href=\"https:\/\/www.spiewnikniepodleglosci.pl\/\"><em>\u015apiewnik Niepodleg\u0142o\u015bci<\/em> &#8211; CC BY-NC-ND<\/a><\/li>\n<\/ul>\n<p>ARCHITEKTURA:<\/p>\n<ul>\n<li><a href=\"https:\/\/pbp.womczest.edu.pl\/new\/wp-content\/uploads\/2013\/09\/webowa_biblioteka_kultura_idee_plafonu_sad_nad_arianami.pdf\" target=\"_blank\" rel=\"noopener noreferrer\"><em>Idee plafonu \u201eS\u0105d nad arianami\u201d z kieleckiego pa\u0142acu biskup\u00f3w krakowskich<\/em> \u2013 CC-BY-SA<\/a><\/li>\n<li><a href=\"https:\/\/pbp.womczest.edu.pl\/new\/wp-content\/uploads\/2015\/05\/Metody-badania-i-odkrywania-miasta-oparte-na-danych_web.pdf\"><em>Metody badania i odkrywania miasta\u00a0oparte na danych<\/em> &#8211; CC BY<\/a><\/li>\n<\/ul>\n<p>PORTALE:<\/p>\n<ul>\n<li><a href=\"https:\/\/artsandculture.google.com\/\"><em>Google Art &amp; Culture<\/em><\/a><\/li>\n<li><em><a href=\"http:\/\/www.instrumentyludowe.pl\" target=\"_blank\" rel=\"noopener noreferrer\">Instrumenty ludowe<\/a><\/em><\/li>\n<li><em><a href=\"https:\/\/musopen.org\/\" target=\"_blank\" rel=\"noopener noreferrer\">Musopen<\/a><\/em><\/li>\n<li><em><a href=\"http:\/\/otwartazacheta.pl\" target=\"_blank\" rel=\"noopener noreferrer\">Otwarta Zach\u0119ta<\/a><\/em><\/li>\n<li><em><a href=\"http:\/\/sztuka24h.edu.pl\" target=\"_blank\" rel=\"noopener noreferrer\">Sztuka 24h<\/a><\/em><\/li>\n<li><em><a href=\"http:\/\/otwartezabytki.pl\/\" target=\"_blank\" rel=\"noopener noreferrer\">Otwarte Zabytki<\/a><\/em><\/li>\n<\/ul>\n","protected":false},"excerpt":{"rendered":"<p>KULTURA: Alternatywne\u00a0Centrum Kultury &#8211; CC BY Animacja\/edukacja. Mo\u017cliwo\u015bci i ograniczenia edukacji i animacji kulturowej w Polsce \u2013 CC-BY-NC-SA Aplikacje mobilne dla_kultury &#8211; CC BY-NC-SA Diagnoza partycypacji w kulturze w wojew\u00f3dztwie podlaskim \u2013 CC-BY-SA Dzia\u0142ania teatralne. Zainspiruj si\u0119 \u2013 CC-BY Dzielenie si\u0119. Kultura i gospodarka epoki Internetu \u2013 CC-NC-ND Etnografowie w terenie \u2013 CC-BY-SA Idee i warto\u015bci w j\u0119zyku i kulturze &#8211; CC BY-NC-ND Kino o wojnie \u2013 CC-BY-NC-ND Kultura ludowa<span class=\"ellipsis\">&hellip;<\/span><\/p>\n<div class=\"read-more\"><a href=\"https:\/\/pbp.womczest.edu.pl\/new\/wspomaganie\/oferta-wspomagania\/webowa-biblioteka\/webowa-biblioteka-kultura-i-sztuka\/\">Czytaj wi\u0119cej &#8250;<\/a><\/div>\n<p><!-- end of .read-more --><\/p>\n","protected":false},"author":3,"featured_media":0,"parent":4331,"menu_order":0,"comment_status":"closed","ping_status":"open","template":"","meta":{"footnotes":""},"jetpack_sharing_enabled":true,"jetpack_shortlink":"https:\/\/wp.me\/PgmV4H-18E","_links":{"self":[{"href":"https:\/\/pbp.womczest.edu.pl\/new\/wp-json\/wp\/v2\/pages\/4380"}],"collection":[{"href":"https:\/\/pbp.womczest.edu.pl\/new\/wp-json\/wp\/v2\/pages"}],"about":[{"href":"https:\/\/pbp.womczest.edu.pl\/new\/wp-json\/wp\/v2\/types\/page"}],"author":[{"embeddable":true,"href":"https:\/\/pbp.womczest.edu.pl\/new\/wp-json\/wp\/v2\/users\/3"}],"replies":[{"embeddable":true,"href":"https:\/\/pbp.womczest.edu.pl\/new\/wp-json\/wp\/v2\/comments?post=4380"}],"version-history":[{"count":27,"href":"https:\/\/pbp.womczest.edu.pl\/new\/wp-json\/wp\/v2\/pages\/4380\/revisions"}],"predecessor-version":[{"id":23508,"href":"https:\/\/pbp.womczest.edu.pl\/new\/wp-json\/wp\/v2\/pages\/4380\/revisions\/23508"}],"up":[{"embeddable":true,"href":"https:\/\/pbp.womczest.edu.pl\/new\/wp-json\/wp\/v2\/pages\/4331"}],"wp:attachment":[{"href":"https:\/\/pbp.womczest.edu.pl\/new\/wp-json\/wp\/v2\/media?parent=4380"}],"curies":[{"name":"wp","href":"https:\/\/api.w.org\/{rel}","templated":true}]}}