


{"id":4375,"date":"2015-05-19T10:55:08","date_gmt":"2015-05-19T08:55:08","guid":{"rendered":"https:\/\/pbp.womczest.edu.pl\/new\/?page_id=4375"},"modified":"2023-09-18T10:06:25","modified_gmt":"2023-09-18T08:06:25","slug":"webowa-biblioteka-wychowanie-godzina-z-wychowawca","status":"publish","type":"page","link":"https:\/\/pbp.womczest.edu.pl\/new\/wspomaganie\/oferta-wspomagania\/webowa-biblioteka\/webowa-biblioteka-wychowanie-godzina-z-wychowawca\/","title":{"rendered":"Webowa biblioteka \u2013 Wychowanie. Godzina z wychowawc\u0105"},"content":{"rendered":"<p>&nbsp;<\/p>\n<p><strong>MATERIA\u0141Y:<\/strong><\/p>\n<ul>\n<li><a href=\"https:\/\/pbp.womczest.edu.pl\/new\/wp-content\/uploads\/2013\/09\/webowa_biblioteka_wychowanie_czlowiek_wychowanie_praca_w_kapitalizmie.pdf\" target=\"_blank\" rel=\"noopener noreferrer\"><em>Cz\u0142owiek, wychowanie, praca w kapitalizmie. W stron\u0119 krytycznej pedagogiki pracy<\/em> \u2013 CC BY<\/a><\/li>\n<li><a href=\"https:\/\/pbp.womczest.edu.pl\/new\/wp-content\/uploads\/2013\/09\/webowa_biblioteka_wychowanie_czas_wolny_od_nudy.pdf\" target=\"_blank\" rel=\"noopener noreferrer\"><em>Czas wolny&#8230; od nudy. Zr\u00f3wnowa\u017cony rozw\u00f3j uczni\u00f3w zdolnych w ramach zaj\u0119\u0107 pozalekcyjnych<\/em> \u2013 EFS<\/a><\/li>\n<li><a href=\"https:\/\/pbp.womczest.edu.pl\/new\/wp-content\/uploads\/2013\/09\/webowa_biblioteka_wychowanie_dlaczego_okradamy_wspolczesna_kulture.pdf\" target=\"_blank\" rel=\"noopener noreferrer\"><em>Dlaczego okradamy wsp\u00f3\u0142czesn\u0105 kultur\u0119? Rozwa\u017cania na temat korzystania z nielegalnych \u017ar\u00f3de\u0142 wiedzy [scenariusz]<\/em> \u2013 CC BY-NC-ND<\/a><\/li>\n<li><a href=\"https:\/\/pbp.womczest.edu.pl\/new\/wp-content\/uploads\/2013\/09\/webowa_biblioteka_wychowanie_dojrzalosc_emocjonalna_a_funkcjonowanie_moralne.pdf\" target=\"_blank\" rel=\"noopener noreferrer\"><em>Dojrza\u0142o\u015b\u0107 emocjonalna a funkcjonowanie moralne<\/em> \u2013 CC BY<\/a><\/li>\n<li><a href=\"https:\/\/pbp.womczest.edu.pl\/new\/wp-content\/uploads\/2013\/09\/webowa_biblioteka_wychowanie_domy_pomocy_spolecznej_w_polsce.pdf\" target=\"_blank\" rel=\"noopener noreferrer\"><em>Domy pomocy spo\u0142ecznej w Polsce<\/em> \u2013 EFS<\/a><\/li>\n<li><a href=\"https:\/\/pbp.womczest.edu.pl\/new\/wp-content\/uploads\/2019\/05\/dzialania_wychowawczo_profilaktyczne.pdf\"><em>Dzia\u0142ania wychowawczo-profilaktyczne a diagnoza potrzeb \u015brodowiska szkolnego<\/em> &#8211; CC BY-NC<\/a><\/li>\n<li><a href=\"https:\/\/zdalnie.edu-akcja.pl\/wp-content\/uploads\/2020\/04\/Edukacja_w_czasach_pandemii.pdf\"><em>Edukacja w czasach pandemii wirusa COVID-19 : z dystansem o tym, co robimy obecnie jako nauczyciele<\/em> &#8211; CC BY-NC-ND<\/a><\/li>\n<li><a href=\"https:\/\/pbp.womczest.edu.pl\/new\/wp-content\/uploads\/2013\/09\/webowa_biblioteka_wychowanie_internet_bez_przesady.pdf\" target=\"_blank\" rel=\"noopener noreferrer\"><em>Internet bez przesady. Scenariusz spotkania z rodzicami<\/em> \u2013 CC BY-NC<\/a><\/li>\n<li><a href=\"https:\/\/pbp.womczest.edu.pl\/new\/wp-content\/uploads\/2013\/09\/webowa_biblioteka_wychowanie_inspirator_o_swietlicy.pdf\" target=\"_blank\" rel=\"noopener noreferrer\"><em>Inspirator O! \u015awietlicy<\/em> \u2013 CC BY<\/a><\/li>\n<li><a href=\"https:\/\/pbp.womczest.edu.pl\/new\/wp-content\/uploads\/2019\/04\/Jak-chroni\u0107-klimat-poradnik-dla-aktywist\u00f3w-1.pdf\"><em>Jak-chroni\u0107 klimat? Poradnik dla aktywist\u00f3w<\/em> &#8211; CC BY-SA<\/a><\/li>\n<li><a href=\"https:\/\/pbp.womczest.edu.pl\/new\/wp-content\/uploads\/2018\/05\/poradnik-jak-przeciwdzialac-dokuczaniu-w-klasie.pdf\"><em>Jak przeciwdzia\u0142a\u0107 dokuczaniu w klasie i budowa\u0107 atmosfer\u0119 przyja\u017ani i wsp\u00f3\u0142pracy?<\/em> &#8211; CC BY<\/a><\/li>\n<li><a href=\"https:\/\/pbp.womczest.edu.pl\/new\/wp-content\/uploads\/2022\/03\/kapital-roznorodnosci-ore.pdf\"><em>Kapita\u0142 r\u00f3\u017cnorodno\u015bci. Doradztwo zawodowe dla uczni\u00f3w ze zr\u00f3\u017cnicowanymi potrzebami edukacyjnymi &#8211; <\/em>CC BY-NC<\/a><\/li>\n<li><a href=\"https:\/\/pbp.womczest.edu.pl\/new\/wp-content\/uploads\/2015\/05\/mam-zesp\u00f3\u0142-aspergera.pdf\"><em>Mam zesp\u00f3\u0142 Aspergera<\/em> &#8211; CC BY<\/a><\/li>\n<li><a href=\"https:\/\/pbp.womczest.edu.pl\/new\/wp-content\/uploads\/2015\/05\/pakiet-dziennikarski_uczniowie.pdf\"><em>M\u0142odzie\u017cowe centrum pomocy dziennikarskiej : poradnik dla m\u0142odych dziennikarzy obywatelskich<\/em> &#8211; CC BY NC SA<\/a><\/li>\n<li><em><a href=\"https:\/\/pbp.womczest.edu.pl\/new\/wp-content\/uploads\/2015\/05\/pakiet-dziennikarski_nauczyciele.pdf\">M\u0142odzie\u017cowe centrum pomocy dziennikarski<\/a>\u00a0<\/em><a href=\"https:\/\/pbp.womczest.edu.pl\/new\/wp-content\/uploads\/2015\/05\/pakiet-dziennikarski_nauczyciele.pdf\"><em>pakiet edukacyjny dla os\u00f3b prowadz\u0105cych zaj\u0119cia dziennikarskie z m\u0142odzie\u017c\u0105<\/em> <em>licealn\u0105 i gimnazjaln\u0105<\/em> &#8211; CC BY NC SA<\/a><\/li>\n<li><a href=\"https:\/\/pbp.womczest.edu.pl\/new\/wp-content\/uploads\/2013\/09\/webowa_biblioteka_wychowanie_mnomeniczny_geniusz.pdf\" target=\"_blank\" rel=\"noopener noreferrer\"><em>Mnemoniczny geniusz \u2013 <\/em>CC BY-NC-SA<\/a><\/li>\n<li><a href=\"https:\/\/pbp.womczest.edu.pl\/new\/wp-content\/uploads\/2013\/09\/webowa_biblioteka_wychowanie_raport_odpowiedzialny_biznes_w_polsce_dobre_praktyki_2013.pdf\" target=\"_blank\" rel=\"noopener noreferrer\"><em>Odpowiedzialny biznes w Polsce. Dobre praktyki<\/em> \u2013 CC BY-NC<\/a><\/li>\n<li><a href=\"https:\/\/pbp.womczest.edu.pl\/new\/wp-content\/uploads\/2013\/09\/webowa_biblioteka_wychowanie_podkrec_jak_beckham.pdf\" target=\"_blank\" rel=\"noopener noreferrer\"><em>Podkr\u0119\u0107 jak Beckham. Materia\u0142y dydaktyczne dla nauczycieli<\/em> \u2013 CC NC-ND<\/a><\/li>\n<li><em><a href=\"https:\/\/pbp.womczest.edu.pl\/new\/wp-content\/uploads\/2015\/05\/podrecznik-e-wolontariatu.pdf\">Podr\u0119cznik-e-wolontariatu &#8211; CC-BY-SA<\/a><\/em><\/li>\n<li><a href=\"https:\/\/pbp.womczest.edu.pl\/new\/wp-content\/uploads\/2013\/09\/webowa_biblioteka_wychowanie_swiat_dobrej_przysz\u0142osci.pdf\" target=\"_blank\" rel=\"noopener noreferrer\"><em>Podr\u0119cznik \u201e\u015awiat dobrej przysz\u0142o\u015bci\u201d \u2013 innowacyjna metoda i narz\u0119dzia pracy wychowawczej<\/em> \u2013 EFS<\/a><\/li>\n<li><a href=\"https:\/\/pbp.womczest.edu.pl\/new\/wp-content\/uploads\/2019\/05\/Praktyczny-poradnik-wspo\u0301\u0142pracy-z-wolontariuszami.pdf\"><em>Praktyczny poradnik wspo\u0301\u0142pracy z wolontariuszami : zasady organizacji przyjaznej wolontariuszom<\/em> &#8211; CC BY-SA<\/a><\/li>\n<li><a href=\"https:\/\/pbp.womczest.edu.pl\/new\/wp-content\/uploads\/2013\/09\/webowa_biblioteka_wychowanie_przepis_na_diagnoze.pdf\" target=\"_blank\" rel=\"noopener noreferrer\"><em>Przepis na diagnoz\u0119, czyli poznaj m\u0142odych i \u015brodowisko lokalne<\/em> \u2013 CC BY<\/a><\/li>\n<li><em><a href=\"https:\/\/pbp.womczest.edu.pl\/new\/wp-content\/uploads\/2022\/07\/rola-pracownikow-oswiaty-pdn.pdf\">Rola pracownik\u00f3w o\u015bwiaty w promocji zdrowia psychicznego i w zapobieganiu zachowaniom autodestrukcyjnym u m\u0142odzie\u017cy<\/a><\/em><\/li>\n<li><a href=\"https:\/\/pbp.womczest.edu.pl\/new\/wp-content\/uploads\/2022\/07\/rola-rodziny-i-osob-bliskich-pdr.pdf\"><em>Rola ridzin i os\u00f3b bliskich w zapobieganiu zachowaniom autodestrukcyjnym u m\u0142odzie\u017cy<\/em><\/a><\/li>\n<li><a href=\"https:\/\/pbp.womczest.edu.pl\/new\/wp-content\/uploads\/2013\/09\/webowa_biblioteka_wychowanie_rozpoznac_wpierac_rozwijac.pdf\" target=\"_blank\" rel=\"noopener noreferrer\"><em>Rozpozna\u0107, wspiera\u0107, rozwija\u0107. Poradnia psychologiczno-pedagogiczna i szko\u0142a a ucze\u0144 zdolny<\/em> \u2013 EFS<\/a><\/li>\n<li><a href=\"https:\/\/pbp.womczest.edu.pl\/new\/wp-content\/uploads\/2018\/11\/rozpoznawanie-sytuacji-szkolnej-i-rodzinnej-uczniow-ktorych-rodzice-wyjechali-za-granice_d.macander-v.todorovska.pdf\"><em>Rozpoznawanie sytuacji szkolnej i rodzinnej uczni\u00f3w, kt\u00f3rych rodzice wyjechali w celach zarobkowych za granic\u0119 : diagnoza szkolna<\/em> &#8211; CC BY-NC<\/a><\/li>\n<li><a href=\"https:\/\/pbp.womczest.edu.pl\/new\/wp-content\/uploads\/2013\/09\/webowa_biblioteka_wychowanie_przewodnik_dla_opiekunow.pdf\" target=\"_blank\" rel=\"noopener noreferrer\"><em>Przewodnik dla opiekun\u00f3w samorz\u0105d\u00f3w uczniowskich \u2013 <\/em>CC BY-NC-ND<\/a><\/li>\n<li><a href=\"https:\/\/pbp.womczest.edu.pl\/new\/wp-content\/uploads\/2013\/09\/webowa_biblioteka_wychowanie_sixto_rodriguez_i_piraci.pdf\" target=\"_blank\" rel=\"noopener noreferrer\"><em>Sixto Rodr\u00edguez i \u201epiraci\u201d [scenariusz]<\/em> \u2013 CC BY-NC-ND<\/a><\/li>\n<li><a href=\"https:\/\/pbp.womczest.edu.pl\/new\/wp-content\/uploads\/2020\/02\/skuteczna-profilaktyka-uzaleznien-behawioralnych.pdf\"><em>Skuteczna profilaktyka uzale\u017cnie\u0144 behawioralnych<\/em> &#8211; CC BY-NC<\/a><\/li>\n<li><a href=\"https:\/\/pbp.womczest.edu.pl\/new\/wp-content\/uploads\/2020\/03\/szanuj-moje-prawa.pdf\"><em>Szanuj moje prawa, szanuj moj\u0105 godno\u015b\u0107 : [pakiet materia\u0142\u00f3w Edukacja dla godno\u015bci]<\/em> &#8211; CC BY-NC-ND<\/a><\/li>\n<li><a href=\"https:\/\/pbp.womczest.edu.pl\/new\/wp-content\/uploads\/2018\/05\/uwaznirodzice_scen_dorosli_last.pdf\"><em>Uwa\u017cni online : czyli jak zapobiega\u0107 uwodzeniu dzieci online : scenariusz spotkania z rodzicami<\/em> &#8211; CC BY-NC-ND<\/a><\/li>\n<li><a href=\"https:\/\/pbp.womczest.edu.pl\/new\/wp-content\/uploads\/2013\/09\/webowa_biblioteka_wychowanie_wedrujaca_szkola.pdf\" target=\"_blank\" rel=\"noopener noreferrer\"><em>W\u0119druj\u0105ca szko\u0142a: Poradnik dla nauczycieli na temat mi\u0119dzynarodowej wsp\u00f3\u0142pracy szk\u00f3\u0142<\/em> \u2013 CC BY<\/a><\/li>\n<li><a href=\"https:\/\/pbp.womczest.edu.pl\/new\/wp-content\/uploads\/2013\/09\/webowa_biblioteka_wychowanie_wspolpracujemy_z_rodzicami.pdf\" target=\"_blank\" rel=\"noopener noreferrer\"><em>Wsp\u00f3\u0142pracujemy z rodzicami \u2013 porady dydaktyka \u2013<\/em> EFS<\/a><\/li>\n<li><a href=\"https:\/\/pbp.womczest.edu.pl\/new\/wp-content\/uploads\/2013\/09\/webowa_biblioteka_wychowanie_wychowanie_przez_dzialanie.pdf\" target=\"_blank\" rel=\"noopener noreferrer\"><em>Wychowanie przez dzia\u0142anie \u2013 <\/em>EFS<\/a><\/li>\n<li><a href=\"https:\/\/pbp.womczest.edu.pl\/new\/wp-content\/uploads\/2015\/05\/KOMPETENCJE-WSP\u00d3\u0141CZESNYCH-NAUCZYCIELI.pdf\"><em>Wychowawcze i spo\u0142eczno-kulturowe kompetencje wsp\u00f3\u0142czesnych nauczycieli<\/em> &#8211; CC BY-ND<\/a><\/li>\n<li><a href=\"https:\/\/pbp.womczest.edu.pl\/new\/wp-content\/uploads\/2015\/05\/Zagrozenia_zwiazane_z_uzywaniem_dopalaczy.pdf\"><em>Zagro\u017cenia zwi\u0105zane z u\u017cywaniem dopalaczy<\/em> &#8211; CC BY-NC<\/a><\/li>\n<li><a href=\"https:\/\/pbp.womczest.edu.pl\/new\/wp-content\/uploads\/2022\/07\/zarzadzanie-emocjami-\u2013-krok-w-strone-zdrowia-psychicznego.pdf\"><em>Zarzadzanie emocjami : krok w stron\u0119 zdrowia psychicznego<\/em> &#8211; CC BY-NC<\/a><\/li>\n<\/ul>\n<p><strong>NAUCZANIE<\/strong><\/p>\n<ul>\n<li><em><a href=\"https:\/\/pbp.womczest.edu.pl\/new\/wp-content\/uploads\/2015\/05\/Czytaj-w-wakacje.pdf\">\u201eCzytaj w\u00a0wakacje\u201d \u2013 scenariusz zaj\u0119\u0107 dla rodzic\u00f3w oraz\u00a0uczni\u00f3w klas IV-VI \u2013 <\/a><\/em><a href=\"https:\/\/pbp.womczest.edu.pl\/new\/wp-content\/uploads\/2015\/05\/Czytaj-w-wakacje.pdf\">CC BY-SA-NC-ND<\/a><\/li>\n<li><a href=\"https:\/\/bmk.mik.krakow.pl\/wp-content\/uploads\/2020\/02\/Dobre-s%C4%85siedztwo-red.-Weronika-Idzikowska-MIK.pdf\"><em>Dobre s\u0105siedztwo : od badania do dzia\u0142ania<\/em> &#8211; CC BY-NC-SA<\/a><\/li>\n<li><a href=\"https:\/\/szkoladlainnowatora.ceo.org.pl\/wp-content\/uploads\/2022\/09\/Dydaktyka-rozwoju-kompetencji-proinnowacyjnych-.pdf\"><em>Dydaktyka rozwoju kompetencji proinnowacyjnych<\/em> &#8211; CC BY-NC-SA\u00a0<\/a><\/li>\n<li><a href=\"https:\/\/pbp.womczest.edu.pl\/new\/wp-content\/uploads\/2013\/09\/webowa_biblioteka_wychowanie_dziesiec_przykazan_dobrego_kierownika.pdf\" target=\"_blank\" rel=\"noopener noreferrer\"><em>Dziesi\u0119\u0107 przykaza\u0144 dobrego kierownika <\/em>\u2013 CC BY-NC ND<\/a><\/li>\n<li><a href=\"https:\/\/pbp.womczest.edu.pl\/new\/wp-content\/uploads\/2015\/05\/Handel-dzie\u0107mi.pdf\"><em>Handel dzie\u0107mi : scenariusz dla uczni\u00f3w szk\u00f3\u0142 ponadpodstawowych<\/em> &#8211; CC BY NC<\/a><\/li>\n<li><a href=\"https:\/\/pbp.womczest.edu.pl\/new\/wp-content\/uploads\/2013\/09\/webowa_biblioteka_wychowanie_formy_zaangazowania.pdf\" target=\"_blank\" rel=\"noopener noreferrer\"><em>Formy zaanga\u017cowania spo\u0142ecznego przedsi\u0119biorstw (\u0142\u0105czenie poj\u0119\u0107 i ich definicji)<\/em> \u2013 CC BY-NC ND<\/a><\/li>\n<li><a href=\"https:\/\/pbp.womczest.edu.pl\/new\/wp-content\/uploads\/2020\/02\/kompetencje_miedzykulturowe_nauczycieli_w_wielokluturowych_miastach_warszawa-berlin.pdf\"><em>Kompetencje mi\u0119dzykulturowe nauczycieli w wielokulturowych miastach Warszawa-Berlin<\/em> &#8211; BY NC-SA<\/a><\/li>\n<li><a href=\"https:\/\/sklep.poradniak.pl\/blog\/aktualnosci\/koronawirus-ksiazka-dla-dzieci-pobierz-za-darmo?fbclid=IwAR3CWIwlZrW5CAENjMMIBQX9rEwkZSOUMPmPnEDXOm1yqN1YgcW_yuXIvlI\"><em>Koronawirus. Ksi\u0105\u017cka dla dzieci<\/em><\/a><\/li>\n<li><a href=\"https:\/\/www.legalnakultura.pl\/pl\/strefa-edukacji\/strefa-dla-nauczycieli\/scenariusze-lekcji\/zajecia-wychowawcze-w-szkole\"><em>Legalna Kultura<\/em> <em>[scenariusze]<\/em><\/a><\/li>\n<li><a href=\"https:\/\/pbp.womczest.edu.pl\/new\/wp-content\/uploads\/2015\/05\/nauczycielu-nauczycielko-zazyjcie-dawke-wiedzy.pdf\"><em>Nauczycielu, nauczycielko za\u017cyjcie dawk\u0119 wiedzy : profilaktyka za\u017cywania substancji psychoaktywnych<\/em> &#8211; CC BY-NC<\/a><\/li>\n<li><a href=\"https:\/\/pbp.womczest.edu.pl\/new\/wp-content\/uploads\/2013\/09\/webowa_biblioteka_wychowanie_odpowiedzialna_przedsiebiorczosc.pdf\" target=\"_blank\" rel=\"noopener noreferrer\"><em>Odpowiedzialna przedsi\u0119biorczo\u015b\u0107 \u2013 jak uczy\u0107 etycznych postaw w biznesie?<\/em> \u2013 CC BY-ND-NC<\/a><\/li>\n<li><a href=\"https:\/\/pbp.womczest.edu.pl\/new\/wp-content\/uploads\/2013\/09\/webowa_biblioteka_wychowanie_poradnik_kreatywnych_zabaw_rodzinnych.pdf\" target=\"_blank\" rel=\"noopener noreferrer\"><em>Poradnik kreatywnych zabaw rodzinnych<\/em> \u2013 CC BY-NC-ND<\/a><\/li>\n<li><a href=\"https:\/\/pbp.womczest.edu.pl\/new\/wp-content\/uploads\/2013\/09\/webowa_biblioteka_wychowanie_praca_w_grupie_role_grupowe.pdf\" target=\"_blank\" rel=\"noopener noreferrer\"><em>Praca w grupie, role grupowe \u2013 <\/em>CC BY-NC-ND<\/a><\/li>\n<li><a href=\"https:\/\/pbp.womczest.edu.pl\/new\/wp-content\/uploads\/2013\/09\/webowa_biblioteka_wychowanie_projekty_edukacyjne_z_edukacji_globalnej.pdf\" target=\"_blank\" rel=\"noopener noreferrer\"><em>Projekty edukacyjne z edukacji globalnej. Praktyczny przewodnik<\/em> \u2013 CC BY<\/a><\/li>\n<li><em><a href=\"https:\/\/pbp.womczest.edu.pl\/new\/wp-content\/uploads\/2015\/05\/PL_Etwinning_2014.pdf\">Rozwijanie kompetencji uczni\u00f3w\u00a0poprzez eTwinning &#8211; CC-BY-NC-SA<\/a><\/em><\/li>\n<li><a href=\"https:\/\/pbp.womczest.edu.pl\/new\/wp-content\/uploads\/2013\/09\/webowa_biblioteka_wychowanie_rowna_szkola_edukacja_wolna_od_dyskryminacji.pdf\" target=\"_blank\" rel=\"noopener noreferrer\"><em>R\u00f3wna szko\u0142a \u2013 edukacja wolna od dyskryminacji \u2013 <\/em>CC BY-SA<\/a><\/li>\n<li><a href=\"https:\/\/pbp.womczest.edu.pl\/new\/wp-content\/uploads\/2015\/05\/stw\u00f3rz-klimat-do-rozm\u00f3w.pdf\"><em>Stw\u00f3rz klimat do rozm\u00f3w : czyli jak o energii i zmianach\u00a0klimatu debatowa\u0107 w szkole?<\/em> &#8211; CC BY-NC-ND<\/a><\/li>\n<li><a href=\"https:\/\/pbp.womczest.edu.pl\/new\/wp-content\/uploads\/2013\/09\/webowa_biblioteka_wychowanie_teraz_afryka.pdf\" target=\"_blank\" rel=\"noopener noreferrer\"><em>Teraz Afryka. Od \u017ar\u00f3de\u0142 skautingu do kontynentu przysz\u0142o\u015bci<\/em> \u2013 CC BY<\/a><\/li>\n<li><a href=\"https:\/\/pbp.womczest.edu.pl\/new\/wp-content\/uploads\/2020\/04\/Trudny-temat_we\u017a-to-na-warsztat.pdf\"><em>Trudny temat: we\u017a to na warsztat : metody pracy z trudnymi tematami i dobre praktyki ze szk\u00f3\u0142<\/em> &#8211; CC BY<\/a><\/li>\n<li><a href=\"https:\/\/pbp.womczest.edu.pl\/new\/wp-content\/uploads\/2013\/09\/webowa_biblioteka_wychowanie_tworcze_basnie.pdf\" target=\"_blank\" rel=\"noopener noreferrer\"><em>Tw\u00f3rcze ba\u015bnie<\/em> \u2013 CC BY-SA-NC<\/a><\/li>\n<li><a href=\"https:\/\/pbp.womczest.edu.pl\/new\/wp-content\/uploads\/2013\/09\/webowa_biblioteka_wychowanie_tolerancja_czy_to_nas_dotyczy.pdf\" target=\"_blank\" rel=\"noopener noreferrer\"><em>Tolerancja, czy to nas dotyczy? [scenariusz]<\/em> \u2013 CC BY-NC-ND<\/a><\/li>\n<li><a href=\"https:\/\/wuw.pl\/data\/include\/cms\/Wspolnauczanie_Narkun_Jakubinska_Z_Smogorzewska_J_Trebacz_Ritter_A_Wolowicz_A_Szumski_G_2022.pdf\"><em>Wsp\u00f3\u0142nauczanie w praktyce. \u2013 poradnik metodyczny dla nauczycieli i nauczycieli wsp\u00f3\u0142organizuj\u0105cych kszta\u0142cenie w oddzia\u0142ach og\u00f3lnodost\u0119pnych integracyjnych<\/em> &#8211; CC BY<\/a><\/li>\n<li><a href=\"https:\/\/pbp.womczest.edu.pl\/new\/wp-content\/uploads\/2013\/09\/webowa_biblioteka_wychowanie_zabawnik.pdf\" target=\"_blank\" rel=\"noopener noreferrer\"><em>Zabawnik<\/em> \u2013 CC SA<\/a><\/li>\n<li><em><a href=\"https:\/\/pbp.womczest.edu.pl\/new\/wp-content\/uploads\/2015\/05\/Zakladki_podrecznik-przeciwko-mowie-nienawisci.pdf\">Zak\u0142adki : przeciwdzia\u0142anie mowie nienawi\u015bci w sieci poprzez edukacj\u0119 o prawach cz\u0142owieka &#8211; CC-BY-SA<\/a><\/em><\/li>\n<li><a href=\"https:\/\/pnwm.org\/wp-content\/uploads\/2023\/05\/sztuka-zycia-PL.pdf\"><em>Zdrowie emocjonalne m\u0142odzie\u017cy. 10 wzmacniaj\u0105cych praktyk<\/em> &#8211; CC BY-NC-SA<\/a><\/li>\n<\/ul>\n<p><strong>WYCHOWANIE DO \u017bYCIA W RODZINIE<\/strong><\/p>\n<ul>\n<li><em><a href=\"https:\/\/pbp.womczest.edu.pl\/new\/wp-content\/uploads\/2019\/06\/Identyfikacja-skrypt.pdf\">Identyfikacja przemocy i wykorzystania seksualnego dziecka<\/a><\/em> &#8211; CC BY-NC-ND<\/li>\n<li><a href=\"https:\/\/pbp.womczest.edu.pl\/new\/wp-content\/uploads\/2019\/06\/Interwencja-w-przypadku-krzywdzenia-dzieci-skrypt-28-09-2017.pdf\"><em>Interwencja w przypadku przemocy i wykorzystywania seksualnego dzieci<\/em> &#8211; CC BY-NC-ND<\/a><\/li>\n<li><a href=\"https:\/\/pbp.womczest.edu.pl\/new\/wp-content\/uploads\/2019\/06\/Kultura_konsumpcji2014.pdf\"><em>Kultura konsumpcji &#8211; warto\u015bci, cele, dobrostan : psychologiczne aspekty zjawiska<\/em> &#8211; CC BY<\/a><\/li>\n<li><a href=\"http:\/\/www.oik.jaworzno.pl\/p,62,artykuly\"><em>O\u015brodek Interwencji Kryzysowej w Jaworznie [artyku\u0142y]<\/em> <\/a>&#8211; CC BY-SA<\/li>\n<li><a href=\"https:\/\/pbp.womczest.edu.pl\/new\/wp-content\/uploads\/2019\/06\/Rodzina-w-migracji.pdf\"><em>Rodzina w migracji -migracja w rodzinie. Wyzwania wsp\u00f3\u0142czesno\u015bci<\/em> -CC BY-SA<\/a><\/li>\n<li><a href=\"https:\/\/pbp.womczest.edu.pl\/new\/wp-content\/uploads\/2019\/06\/Rodzina-w-sytuacji.pdf\"><em>Rodzina w sytuacji wielokulturowo\u015bci<\/em> &#8211; CC BY-SA<\/a><\/li>\n<li><a href=\"https:\/\/pbp.womczest.edu.pl\/new\/wp-content\/uploads\/2019\/06\/R\u00f3\u017cne_obszary_wykluczenia_spo\u0142ecznego_1p.pdf\"><em>R\u00f3\u017cne obszary wykluczenia spo\u0142ecznego w Polsce. Wybrane zagadnienia<\/em> &#8211; CC BY-NC-ND<\/a><\/li>\n<li><a href=\"https:\/\/pbp.womczest.edu.pl\/new\/wp-content\/uploads\/2019\/06\/m_malek_scenariusz_zajec_uczmy_sie_tolerancji.pdf\"><em>Scenariusz zaj\u0119\u0107 &#8222;Uczmy si\u0119 tolerancji&#8221; realizowany w ramach kompleksowego wspomagania szko\u0142y<\/em> &#8211; CC BY-NC<\/a><\/li>\n<li><a href=\"https:\/\/www.ore.edu.pl\/2015\/03\/wychowanie-2\/\">Wychowanie do \u017cycia w rodzinie &#8211; O\u015brodek Rozwoju Edukacji<\/a> [publikacje]<\/li>\n<\/ul>\n<p><strong>DORADZTWO ZAWODOWE<\/strong><\/p>\n<ul>\n<li><a href=\"https:\/\/www.ore.edu.pl\/attachments\/article\/7679\/J.Rafa%C5%82-%C5%81uniewska,%20Doradztwo%20zawodowe.pdf\"><em>Doradztwo zawodowe w szkole<\/em> &#8211; (CC-BY-NC)<\/a><\/li>\n<li><a href=\"https:\/\/pbp.womczest.edu.pl\/new\/wp-content\/uploads\/2019\/05\/2016-1-PL01-KA102-025799-Scenariusze.pdf\"><em>Elementy j\u0119zyka angielskiego w nauczaniu przedmiot\u00f3w zawodowych<\/em> &#8211; CC BY-SA<\/a><\/li>\n<li><a href=\"https:\/\/pbp.womczest.edu.pl\/new\/wp-content\/uploads\/2013\/09\/webowa_biblioteka_wychowanie_lekcja_o_bezrobociu.pdf\" target=\"_blank\" rel=\"noopener noreferrer\"><em>Lekcja o bezrobociu [scenariusz]<\/em> \u2013 CC BY-NC-ND<\/a><\/li>\n<li><a href=\"https:\/\/pbp.womczest.edu.pl\/new\/wp-content\/uploads\/2013\/09\/webowa_biblioteka_wychowanie_niepubliczne_agencje_zatrudnienia_osob_niepelnosprawnych.pdf\" target=\"_blank\" rel=\"noopener noreferrer\"><em>Niepubliczne agencje zatrudnienia os\u00f3b niepe\u0142nosprawnych<\/em> \u2013 CC BY-SA<\/a><\/li>\n<li><em><a href=\"http:\/\/www.nowybiznes.edu.pl\/index.php\/ida\/86\/\" target=\"_blank\" rel=\"noopener noreferrer\">Przedsi\u0119biorczo\u015b\u0107 dla ambitnych &#8211; <\/a><\/em><a href=\"http:\/\/www.nowybiznes.edu.pl\/index.php\/ida\/86\/\" target=\"_blank\" rel=\"noopener noreferrer\">CC BY-SA<\/a><\/li>\n<li><a href=\"https:\/\/pbp.womczest.edu.pl\/new\/wp-content\/uploads\/2020\/03\/przykladowy-program-dla-klas-vii-viii-szkoly-podstawowej.pdf\"><em>Przyk\u0142adowy program doradztwa zawodowego dla klas VII-VII szko\u0142y podstawowej z proponowanymi scenariuszami<\/em> &#8211; CC BY-NC<\/a><\/li>\n<li><a href=\"https:\/\/pbp.womczest.edu.pl\/new\/wp-content\/uploads\/2019\/04\/1.-Przyk\u0142adowy-program-dla-liceum-og\u00f3lnokszta\u0142c\u0105cego.pdf\"><em>Przyk\u0142adowy program doradztwa zawodowego dla liceum og\u00f3lnokszta\u0142c\u0105cego z proponowanymi scenariuszami <\/em><\/a>&#8211; CC-BY-NC<\/li>\n<li><a href=\"https:\/\/pbp.womczest.edu.pl\/new\/wp-content\/uploads\/2019\/05\/22_program_realizacji_doradztwa_edukacyjno-zawodowego_w_kl_7_sp.pdf\"><em>Przyk\u0142adowy program realizacji zaj\u0119\u0107 z zakresu doradztwa zawodowego w klasie 7 szko\u0142y podstawowej<\/em> &#8211; CC BY-NC<\/a><\/li>\n<li><a href=\"https:\/\/mapakarier.org\/assets\/ideas\/downloads\/Szkola_praca_przyszlosc_Mapa_Karier.pdf\">Szko\u0142a, praca, przysz\u0142o\u015b\u0107 : scenariusze zaj\u0119\u0107 z zakresu doradztwa zawodowego dla klas VII i VIII szko\u0142y podstawowej &#8211; CC BY<\/a><\/li>\n<li><a href=\"https:\/\/pbp.womczest.edu.pl\/new\/wp-content\/uploads\/2019\/05\/Zaowdy_wczoraj_dzis_jutro_i_pojutrze.pdf\"><em>Zawody wczoraj, dzi\u015b, jutro i pojutrze<\/em> &#8211; CC BY<\/a><\/li>\n<li><a href=\"https:\/\/pbp.womczest.edu.pl\/new\/wp-content\/uploads\/2020\/02\/Zestaw-przyk\u0142adowych-program\u00f3w.pdf\"><em>Zestaw przyk\u0142adowych program\u00f3w preorientacji zawodowej, orientacji zawodowej oraz doradztwa zawodowego dla systemu o\u015bwiaty<\/em> &#8211; CC BY-NC<\/a><\/li>\n<\/ul>\n","protected":false},"excerpt":{"rendered":"<p>&nbsp; MATERIA\u0141Y: Cz\u0142owiek, wychowanie, praca w kapitalizmie. W stron\u0119 krytycznej pedagogiki pracy \u2013 CC BY Czas wolny&#8230; od nudy. Zr\u00f3wnowa\u017cony rozw\u00f3j uczni\u00f3w zdolnych w ramach zaj\u0119\u0107 pozalekcyjnych \u2013 EFS Dlaczego okradamy wsp\u00f3\u0142czesn\u0105 kultur\u0119? Rozwa\u017cania na temat korzystania z nielegalnych \u017ar\u00f3de\u0142 wiedzy [scenariusz] \u2013 CC BY-NC-ND Dojrza\u0142o\u015b\u0107 emocjonalna a funkcjonowanie moralne \u2013 CC BY Domy pomocy spo\u0142ecznej w Polsce \u2013 EFS Dzia\u0142ania wychowawczo-profilaktyczne a diagnoza potrzeb \u015brodowiska szkolnego &#8211; CC BY-NC<span class=\"ellipsis\">&hellip;<\/span><\/p>\n<div class=\"read-more\"><a href=\"https:\/\/pbp.womczest.edu.pl\/new\/wspomaganie\/oferta-wspomagania\/webowa-biblioteka\/webowa-biblioteka-wychowanie-godzina-z-wychowawca\/\">Czytaj wi\u0119cej &#8250;<\/a><\/div>\n<p><!-- end of .read-more --><\/p>\n","protected":false},"author":3,"featured_media":0,"parent":4331,"menu_order":0,"comment_status":"closed","ping_status":"open","template":"","meta":{"footnotes":""},"jetpack_sharing_enabled":true,"jetpack_shortlink":"https:\/\/wp.me\/PgmV4H-18z","_links":{"self":[{"href":"https:\/\/pbp.womczest.edu.pl\/new\/wp-json\/wp\/v2\/pages\/4375"}],"collection":[{"href":"https:\/\/pbp.womczest.edu.pl\/new\/wp-json\/wp\/v2\/pages"}],"about":[{"href":"https:\/\/pbp.womczest.edu.pl\/new\/wp-json\/wp\/v2\/types\/page"}],"author":[{"embeddable":true,"href":"https:\/\/pbp.womczest.edu.pl\/new\/wp-json\/wp\/v2\/users\/3"}],"replies":[{"embeddable":true,"href":"https:\/\/pbp.womczest.edu.pl\/new\/wp-json\/wp\/v2\/comments?post=4375"}],"version-history":[{"count":83,"href":"https:\/\/pbp.womczest.edu.pl\/new\/wp-json\/wp\/v2\/pages\/4375\/revisions"}],"predecessor-version":[{"id":23498,"href":"https:\/\/pbp.womczest.edu.pl\/new\/wp-json\/wp\/v2\/pages\/4375\/revisions\/23498"}],"up":[{"embeddable":true,"href":"https:\/\/pbp.womczest.edu.pl\/new\/wp-json\/wp\/v2\/pages\/4331"}],"wp:attachment":[{"href":"https:\/\/pbp.womczest.edu.pl\/new\/wp-json\/wp\/v2\/media?parent=4375"}],"curies":[{"name":"wp","href":"https:\/\/api.w.org\/{rel}","templated":true}]}}