


{"id":4371,"date":"2015-05-19T10:54:12","date_gmt":"2015-05-19T08:54:12","guid":{"rendered":"https:\/\/pbp.womczest.edu.pl\/new\/?page_id=4371"},"modified":"2020-04-15T09:04:13","modified_gmt":"2020-04-15T07:04:13","slug":"webowa-biblioteka-jezyk-obcy-nowozytny","status":"publish","type":"page","link":"https:\/\/pbp.womczest.edu.pl\/new\/wspomaganie\/oferta-wspomagania\/webowa-biblioteka\/webowa-biblioteka-jezyk-obcy-nowozytny\/","title":{"rendered":"Webowa biblioteka \u2013 J\u0119zyk obcy nowo\u017cytny"},"content":{"rendered":"<hr \/>\n<ul>\n<li><a href=\"https:\/\/pbp.womczest.edu.pl\/new\/wp-content\/uploads\/2018\/05\/slownik_czesko_polski_2017.pdf\"><em>Czesko-polski s\u0142ownik tematyczny dla uczni\u00f3w i student\u00f3w<\/em> &#8211; CC BY-ND<\/a><\/li>\n<li><a href=\"https:\/\/pbp.womczest.edu.pl\/new\/wp-content\/uploads\/2019\/05\/2016-1-PL01-KA102-025799-Scenariusze.pdf\"><em>Elementy j\u0119zyka angielskiego w nauczaniu przedmiot\u00f3w zawodowych &#8211; CC BY-SA<\/em> <\/a><\/li>\n<li><a href=\"https:\/\/pbp.womczest.edu.pl\/new\/wp-content\/uploads\/2013\/09\/webowa_biblioteka_jezyk_obcy_europejski_glosariusz_edukacyjny_t 3_nauczyciele.pdf\" target=\"_blank\" rel=\"noopener noreferrer\"><em>Europejski glosariusz edukacyjny. T. 3. Nauczyciele \u2013<\/em> EFS<\/a><\/li>\n<li><a href=\"https:\/\/pbp.womczest.edu.pl\/new\/wp-content\/uploads\/2019\/04\/GDANSKIE-ROZM\u00d3WKI.pdf\"><em>Gda\u0144skie rozm\u00f3wki niemiecko-polskie z XVII w.<\/em> &#8211; CC BY-SA<\/a><\/li>\n<li><a href=\"https:\/\/pbp.womczest.edu.pl\/new\/wp-content\/uploads\/2013\/09\/webowa_biblioteka_jezyk_obcy_jak_uczyc_sie_jezykow_obcych.pdf\" target=\"_blank\" rel=\"noopener noreferrer\"><em>Jak uczy\u0107 si\u0119 j\u0119zyk\u00f3w obcych<\/em> \u2013 EFS<\/a><\/li>\n<li><a href=\"https:\/\/pbp.womczest.edu.pl\/new\/wp-content\/uploads\/2013\/09\/webowa_biblioteka_jezyk_obcy_jak_uczyc_sie_jezykow_obcych_i_odniesc_sukces.pdf\" target=\"_blank\" rel=\"noopener noreferrer\"><em>Jak uczy\u0107 si\u0119 j\u0119zyk\u00f3w obcych i odnie\u015b\u0107 sukces?<\/em><\/a><\/li>\n<li><a href=\"https:\/\/pbp.womczest.edu.pl\/new\/wp-content\/uploads\/2020\/03\/Jezyk_angielski_paszportem.pdf\"><em>J\u0119zyk angielski paszportem do zjednoczonej Europy<\/em> &#8211; CC BY-NC<\/a><\/li>\n<li><a href=\"https:\/\/pbp.womczest.edu.pl\/new\/wp-content\/uploads\/2013\/09\/webowa_biblioteka_jezyk_obcy_key_data_on_teaching_languages_at_school_in_europe.pdf\" target=\"_blank\" rel=\"noopener noreferrer\"><em>Key Data on Teaching Languages at School in Europe \u2013<\/em> EFS<\/a><\/li>\n<li><a href=\"https:\/\/pbp.womczest.edu.pl\/new\/wp-content\/uploads\/2013\/09\/webowa_biblioteka_jezyk_obcy_kluczowe_dane_dotyczace_nauczania_jezykow_obcych_w_szkolach_w_europie.pdf\" target=\"_blank\" rel=\"noopener noreferrer\"><em>Kluczowe dane dotycz\u0105ce nauczania j\u0119zyk\u00f3w obcych w szko\u0142ach w Europie \u2013<\/em> EFS<\/a><\/li>\n<li><a href=\"https:\/\/pbp.womczest.edu.pl\/new\/wp-content\/uploads\/2013\/09\/webowa_biblioteka_jezyk_obcy_plurilingual_and_pluricultural_competence.pdf\" target=\"_blank\" rel=\"noopener noreferrer\"><em>Plurilingual and pluricultural competence \u2013 <\/em>EFS<\/a><\/li>\n<li><a href=\"https:\/\/pbp.womczest.edu.pl\/new\/wp-content\/uploads\/2013\/09\/webowa_biblioteka_jezyk_obcy_pluringual_and_intercultural_education_as_a_right.pdf\" target=\"_blank\" rel=\"noopener noreferrer\"><em>Pluringual and intercultural education as a right<\/em><\/a><\/li>\n<li><a href=\"https:\/\/pbp.womczest.edu.pl\/new\/wp-content\/uploads\/2013\/09\/webowa_biblioteka_jezyk_obcy_podstawa_programowa_z_komentarzami_t3_jezyki_obce.pdf\" target=\"_blank\" rel=\"noopener noreferrer\"><em>Podstawa programowa z komentarzami. T. 3. J\u0119zyki obce w szkole podstawowej, gimnazjum i liceum<\/em><\/a><\/li>\n<li><a href=\"https:\/\/pbp.womczest.edu.pl\/new\/wp-content\/uploads\/2018\/05\/Polish-Your-Polish-Badania-i-popularyzacja-j\u0119zyka.pdf\"><em>Polish Your Polish &#8211; badania i popularyzacja j\u0119zyka polskie w\u015br\u00f3d ameryka\u0144skiej Polonii<\/em> &#8211; CC BY<\/a><\/li>\n<li><a href=\"https:\/\/pbp.womczest.edu.pl\/new\/wp-content\/uploads\/2015\/05\/Scenariusze-lekcji-dwujezycznych-z-jezykiem-angielskim-i-hiszpanskim-Muszynska.pdf\"><em>Scenariusze lekcji dwujezycznych z j\u0119zykiem angielskim i hiszpanskim<\/em> &#8211; CC-BY-NC<\/a><\/li>\n<li><a href=\"https:\/\/pbp.womczest.edu.pl\/new\/wp-content\/uploads\/2020\/03\/teoria-w-pigu\u0142ce.pdf\"><em>Teoria w pigu\u0142ce [planowanie lekcji]<\/em> &#8211; CC BY-NC<\/a><\/li>\n<li><a href=\"http:\/\/tlumaczewszkolach.ikm.gda.pl\/scenariusze-lekcji\/\"><em>T\u0142umacze w szko\u0142ach : scenariusze lekcji<\/em> &#8211; CC BY-SA<\/a><\/li>\n<li><a href=\"https:\/\/pbp.womczest.edu.pl\/new\/wp-content\/uploads\/2013\/09\/webowa_biblioteka_jezyk_obcy_uczen_z_dysfunkcja_wzroku_na_lekcji_angielskiego.pdf\" target=\"_blank\" rel=\"noopener noreferrer\"><em>Ucze\u0144 z dysfunkcj\u0105 wzroku na lekcji angielskiego \u2013 <\/em>EFS<\/a><\/li>\n<li><a href=\"https:\/\/pbp.womczest.edu.pl\/new\/wp-content\/uploads\/2013\/09\/webowa_biblioteka_jezyk_obcy_zintegrowane_ksztalcenie_przedmiotowo_jezykowe_w_szkolach_w_europie.pdf\" target=\"_blank\" rel=\"noopener noreferrer\"><em>Zintegrowane kszta\u0142cenie przedmiotowo-j\u0119zykowe w szko\u0142ach w Europie \u2013 <\/em>EFS<\/a><\/li>\n<\/ul>\n<p>PORTALE:<\/p>\n<ul>\n<li><em><a href=\"http:\/\/www.ore.edu.pl\/jezyki-obce\" target=\"_blank\" rel=\"noopener noreferrer\">O\u015brodek Rozwoju Edukacji. J\u0119zyki obce<\/a><\/em><\/li>\n<li><em><a href=\"http:\/\/ed.ted.com\/lessons?category=literaturelanguage\" target=\"_blank\" rel=\"noopener noreferrer\">Ted<\/a><\/em><\/li>\n<li><em><a href=\"http:\/\/teachers.theguardian.com\/subject\/1001\/English\" target=\"_blank\" rel=\"noopener noreferrer\">The Guardian<\/a><\/em><\/li>\n<\/ul>\n","protected":false},"excerpt":{"rendered":"<p>Czesko-polski s\u0142ownik tematyczny dla uczni\u00f3w i student\u00f3w &#8211; CC BY-ND Elementy j\u0119zyka angielskiego w nauczaniu przedmiot\u00f3w zawodowych &#8211; CC BY-SA Europejski glosariusz edukacyjny. T. 3. Nauczyciele \u2013 EFS Gda\u0144skie rozm\u00f3wki niemiecko-polskie z XVII w. &#8211; CC BY-SA Jak uczy\u0107 si\u0119 j\u0119zyk\u00f3w obcych \u2013 EFS Jak uczy\u0107 si\u0119 j\u0119zyk\u00f3w obcych i odnie\u015b\u0107 sukces? J\u0119zyk angielski paszportem do zjednoczonej Europy &#8211; CC BY-NC Key Data on Teaching Languages at School in Europe<span class=\"ellipsis\">&hellip;<\/span><\/p>\n<div class=\"read-more\"><a href=\"https:\/\/pbp.womczest.edu.pl\/new\/wspomaganie\/oferta-wspomagania\/webowa-biblioteka\/webowa-biblioteka-jezyk-obcy-nowozytny\/\">Czytaj wi\u0119cej &#8250;<\/a><\/div>\n<p><!-- end of .read-more --><\/p>\n","protected":false},"author":3,"featured_media":0,"parent":4331,"menu_order":0,"comment_status":"closed","ping_status":"open","template":"","meta":{"footnotes":""},"jetpack_sharing_enabled":true,"jetpack_shortlink":"https:\/\/wp.me\/PgmV4H-18v","_links":{"self":[{"href":"https:\/\/pbp.womczest.edu.pl\/new\/wp-json\/wp\/v2\/pages\/4371"}],"collection":[{"href":"https:\/\/pbp.womczest.edu.pl\/new\/wp-json\/wp\/v2\/pages"}],"about":[{"href":"https:\/\/pbp.womczest.edu.pl\/new\/wp-json\/wp\/v2\/types\/page"}],"author":[{"embeddable":true,"href":"https:\/\/pbp.womczest.edu.pl\/new\/wp-json\/wp\/v2\/users\/3"}],"replies":[{"embeddable":true,"href":"https:\/\/pbp.womczest.edu.pl\/new\/wp-json\/wp\/v2\/comments?post=4371"}],"version-history":[{"count":15,"href":"https:\/\/pbp.womczest.edu.pl\/new\/wp-json\/wp\/v2\/pages\/4371\/revisions"}],"predecessor-version":[{"id":15558,"href":"https:\/\/pbp.womczest.edu.pl\/new\/wp-json\/wp\/v2\/pages\/4371\/revisions\/15558"}],"up":[{"embeddable":true,"href":"https:\/\/pbp.womczest.edu.pl\/new\/wp-json\/wp\/v2\/pages\/4331"}],"wp:attachment":[{"href":"https:\/\/pbp.womczest.edu.pl\/new\/wp-json\/wp\/v2\/media?parent=4371"}],"curies":[{"name":"wp","href":"https:\/\/api.w.org\/{rel}","templated":true}]}}