


{"id":4362,"date":"2015-05-19T10:52:02","date_gmt":"2015-05-19T08:52:02","guid":{"rendered":"https:\/\/pbp.womczest.edu.pl\/new\/?page_id=4362"},"modified":"2023-09-18T10:24:04","modified_gmt":"2023-09-18T08:24:04","slug":"webowa-biblioteka-religia-etyka","status":"publish","type":"page","link":"https:\/\/pbp.womczest.edu.pl\/new\/wspomaganie\/oferta-wspomagania\/webowa-biblioteka\/webowa-biblioteka-religia-etyka\/","title":{"rendered":"Webowa biblioteka \u2013 Religia. Etyka"},"content":{"rendered":"<hr \/>\n<ul>\n<li><a href=\"https:\/\/pbp.womczest.edu.pl\/new\/wp-content\/uploads\/2013\/09\/webowa_biblioteka_religia_etyka_audytywnosc_radia_a_zasada_fides_ex_auditu.pdf\" target=\"_blank\" rel=\"noopener noreferrer\"><em>Audytywno\u015b\u0107 radia a zasada fides ex auditu w radiowym przekazie wiary chrze\u015bcija\u0144skiej \u2013 <\/em>CC BY-SA<\/a><\/li>\n<li><a href=\"https:\/\/www.bibliawobrazach.pl\/ilustracje\/ls-david-goliath\/\"><em>Biblia w obrazach<\/em> &#8211; CC BY-NC<\/a><\/li>\n<li><a href=\"https:\/\/pbp.womczest.edu.pl\/new\/wp-content\/uploads\/2013\/09\/webowa_biblioteka_religia_etyka_dojrzalosc_emocjonalna.pdf\" target=\"_blank\" rel=\"noopener noreferrer\"><em>Dojrza\u0142o\u015b\u0107 emocjonalna a funkcjonowanie moralne<\/em> \u2013 CC BY<\/a><\/li>\n<li><a href=\"https:\/\/pbp.womczest.edu.pl\/new\/wp-content\/uploads\/2013\/09\/webowa_biblioteka_religia_etyka_dziesiec_przykazan_dobrego_kierownika.pdf\" target=\"_blank\" rel=\"noopener noreferrer\"><em>Dziesi\u0119\u0107 przykaza\u0144 dobrego kierownika<\/em> \u2013 CC BY NC ND<\/a><\/li>\n<li><a href=\"https:\/\/pbp.womczest.edu.pl\/new\/wp-content\/uploads\/2013\/09\/webowa_biblioteka_religia_etyka_formy_zaangazowania_spolecznego_przedsiebiorstw.pdf\" target=\"_blank\" rel=\"noopener noreferrer\"><em>Formy zaanga\u017cowania spo\u0142ecznego przedsi\u0119biorstw (\u0142\u0105czenie poj\u0119\u0107 i ich definicji)<\/em> \u2013 CC BY-NC-ND<\/a><\/li>\n<li><a href=\"https:\/\/pbp.womczest.edu.pl\/new\/wp-content\/uploads\/2013\/09\/webowa_biblioteka_religia_etyka_ksztaltowanie_sie_systemu_wartosci.pdf\" target=\"_blank\" rel=\"noopener noreferrer\"><em>Kszta\u0142towanie si\u0119 systemu warto\u015bci. Od dzieci\u0144stwa do wczesnej doros\u0142o\u015bci<\/em> \u2013 CC BY<\/a><\/li>\n<li><em><a href=\"https:\/\/pbp.womczest.edu.pl\/new\/wp-content\/uploads\/2015\/05\/Kultura_konsumpcji_2014.pdf\">Kultura konsumpcji &#8211; warto\u015bci, cele, dobrostan : psychologiczne aspekty zjawiska &#8211; CC-BY<\/a><\/em><\/li>\n<li><a href=\"https:\/\/pbp.womczest.edu.pl\/new\/wp-content\/uploads\/2013\/09\/webowa_biblioteka_religia_etyka_mowa_nienawisci_raport.pdf\" target=\"_blank\" rel=\"noopener noreferrer\"><em>Mowa nienawi\u015bci. Raport z bada\u0144 sonda\u017cowych<\/em> \u2013 CC BY SA<\/a><\/li>\n<li><a href=\"https:\/\/pbp.womczest.edu.pl\/new\/wp-content\/uploads\/2013\/09\/webowa_biblioteka_religia_etyka_odpowiedzialnosc.pdf\" target=\"_blank\" rel=\"noopener noreferrer\"><em>Odpowiedzialno\u015b\u0107 \u2013 przestrze\u0144 lokalnego spo\u0142ecze\u0144stwa obywatelskiego, biznesu i polityki<\/em> \u2013 CC BY-SA<\/a><\/li>\n<li><a href=\"https:\/\/pbp.womczest.edu.pl\/new\/wp-content\/uploads\/2013\/09\/webowa_biblioteka_religia_etyka_raport_odpowiedzialny_biznes_w_polsce_dobre_praktyki_2013.pdf\" target=\"_blank\" rel=\"noopener noreferrer\"><em>Odpowiedzialny biznes w Polsce. Dobre praktyki<\/em> \u2013 CC BY-NC<\/a><\/li>\n<li><a href=\"https:\/\/pbp.womczest.edu.pl\/new\/wp-content\/uploads\/2013\/09\/webowa_biblioteka_religia_etyka_otwarta_nauka.pdf\" target=\"_blank\" rel=\"noopener noreferrer\"><em>Otwarta nauka, czyli dobre praktyki uczonych<\/em> \u2013 CC BY-SA<\/a><\/li>\n<li><a href=\"https:\/\/pbp.womczest.edu.pl\/new\/wp-content\/uploads\/2013\/09\/webowa_biblioteka_religia_etyka_problemy_etyczne_w_biznesie.pdf\" target=\"_blank\" rel=\"noopener noreferrer\"><em>Problemy etyczne w biznesie \u2013 Scenki <\/em>\u2013 CC BY NC ND<\/a><\/li>\n<li><a href=\"https:\/\/pbp.womczest.edu.pl\/new\/wp-content\/uploads\/2013\/09\/webowa_biblioteka_religia_etyka_problemy_etyczne_w_biznesie_zalacznik.pdf\" target=\"_blank\" rel=\"noopener noreferrer\"><em>Problemy etyczne w biznesie \u2013 \u0106wiczenie. Rozsypanka w parach<\/em> \u2013 CC BY-NC-ND<\/a><\/li>\n<li><a href=\"https:\/\/pbp.womczest.edu.pl\/new\/wp-content\/uploads\/2013\/09\/webowa_biblioteka_religia_etyka_przyk\u0142ady_problemow_etycznych_w_biznesie.pdf\" target=\"_blank\" rel=\"noopener noreferrer\"><em>Przyk\u0142ady problem\u00f3w etycznych w biznesie<\/em> \u2013 CC BY-ND-NC<\/a><\/li>\n<li><a href=\"https:\/\/pbp.womczest.edu.pl\/new\/wp-content\/uploads\/2013\/09\/webowa_biblioteka_religia_etyka_serca_i_pieniadze_ponad_granicami.pdf\" target=\"_blank\" rel=\"noopener noreferrer\"><em>Serca i pieni\u0105dze ponad granicami. Pozyskiwanie funduszy od os\u00f3b indywidualnych na cele rozwojowe i humanitarne <\/em>\u2013 CC BY-NC-SA<\/a><\/li>\n<li><a href=\"file:\/\/\/C:\/Users\/aarka\/Downloads\/1050_lat_internet.pdf\"><em>1050 [tysi\u0105c pi\u0119\u0107dziesi\u0105t] lat chrze\u015bcija\u0144stwa w Polsce<\/em> &#8211; CC BY-SA<\/a><\/li>\n<li><a href=\"https:\/\/pbp.womczest.edu.pl\/new\/wp-content\/uploads\/2013\/09\/webowa_biblioteka_religia_etyka_wspolna_odpowiedzialnosc.pdf\" target=\"_blank\" rel=\"noopener noreferrer\"><em>Wsp\u00f3lna odpowiedzialno\u015b\u0107. Rola innowacji<\/em> \u2013 CC BY-NC<\/a><\/li>\n<li><em><a href=\"https:\/\/pbp.womczest.edu.pl\/new\/wp-content\/uploads\/2015\/05\/Zakladki_podrecznik-przeciwko-mowie-nienawisci.pdf\">Zak\u0142adki : przeciwdzia\u0142anie mowie nienawi\u015bci w sieci poprzez edukacj\u0119 o prawach cz\u0142owieka &#8211; CC-BY-SA<\/a><\/em><\/li>\n<\/ul>\n<p>PORTALE:<\/p>\n<ul>\n<li><em><a href=\"https:\/\/edukacjamedialna.edu.pl\/lekcje\/#liceum_etyka-i-wartosci\" target=\"_blank\" rel=\"noopener noreferrer\">Etyka i warto\u015bci<\/a><\/em><\/li>\n<li><a href=\"http:\/\/www.centrumjp2.pl\/wikijp2\/\" target=\"_blank\" rel=\"noopener noreferrer\"><em>Jan Pawe\u0142 II \u2013 encyklopedia<\/em> <\/a><\/li>\n<\/ul>\n","protected":false},"excerpt":{"rendered":"<p>Audytywno\u015b\u0107 radia a zasada fides ex auditu w radiowym przekazie wiary chrze\u015bcija\u0144skiej \u2013 CC BY-SA Biblia w obrazach &#8211; CC BY-NC Dojrza\u0142o\u015b\u0107 emocjonalna a funkcjonowanie moralne \u2013 CC BY Dziesi\u0119\u0107 przykaza\u0144 dobrego kierownika \u2013 CC BY NC ND Formy zaanga\u017cowania spo\u0142ecznego przedsi\u0119biorstw (\u0142\u0105czenie poj\u0119\u0107 i ich definicji) \u2013 CC BY-NC-ND Kszta\u0142towanie si\u0119 systemu warto\u015bci. Od dzieci\u0144stwa do wczesnej doros\u0142o\u015bci \u2013 CC BY Kultura konsumpcji &#8211; warto\u015bci, cele, dobrostan : psychologiczne<span class=\"ellipsis\">&hellip;<\/span><\/p>\n<div class=\"read-more\"><a href=\"https:\/\/pbp.womczest.edu.pl\/new\/wspomaganie\/oferta-wspomagania\/webowa-biblioteka\/webowa-biblioteka-religia-etyka\/\">Czytaj wi\u0119cej &#8250;<\/a><\/div>\n<p><!-- end of .read-more --><\/p>\n","protected":false},"author":3,"featured_media":0,"parent":4331,"menu_order":0,"comment_status":"closed","ping_status":"open","template":"","meta":{"footnotes":""},"jetpack_sharing_enabled":true,"jetpack_shortlink":"https:\/\/wp.me\/PgmV4H-18m","_links":{"self":[{"href":"https:\/\/pbp.womczest.edu.pl\/new\/wp-json\/wp\/v2\/pages\/4362"}],"collection":[{"href":"https:\/\/pbp.womczest.edu.pl\/new\/wp-json\/wp\/v2\/pages"}],"about":[{"href":"https:\/\/pbp.womczest.edu.pl\/new\/wp-json\/wp\/v2\/types\/page"}],"author":[{"embeddable":true,"href":"https:\/\/pbp.womczest.edu.pl\/new\/wp-json\/wp\/v2\/users\/3"}],"replies":[{"embeddable":true,"href":"https:\/\/pbp.womczest.edu.pl\/new\/wp-json\/wp\/v2\/comments?post=4362"}],"version-history":[{"count":8,"href":"https:\/\/pbp.womczest.edu.pl\/new\/wp-json\/wp\/v2\/pages\/4362\/revisions"}],"predecessor-version":[{"id":23509,"href":"https:\/\/pbp.womczest.edu.pl\/new\/wp-json\/wp\/v2\/pages\/4362\/revisions\/23509"}],"up":[{"embeddable":true,"href":"https:\/\/pbp.womczest.edu.pl\/new\/wp-json\/wp\/v2\/pages\/4331"}],"wp:attachment":[{"href":"https:\/\/pbp.womczest.edu.pl\/new\/wp-json\/wp\/v2\/media?parent=4362"}],"curies":[{"name":"wp","href":"https:\/\/api.w.org\/{rel}","templated":true}]}}