


{"id":4358,"date":"2015-05-19T10:51:03","date_gmt":"2015-05-19T08:51:03","guid":{"rendered":"https:\/\/pbp.womczest.edu.pl\/new\/?page_id=4358"},"modified":"2021-03-17T13:56:03","modified_gmt":"2021-03-17T12:56:03","slug":"webowa-biblioteka-przyroda-geografia","status":"publish","type":"page","link":"https:\/\/pbp.womczest.edu.pl\/new\/wspomaganie\/oferta-wspomagania\/webowa-biblioteka\/webowa-biblioteka-przyroda-geografia\/","title":{"rendered":"Webowa biblioteka \u2013 Przyroda. Geografia"},"content":{"rendered":"<hr \/>\n<p style=\"text-align: center;\"><strong>BIOLOGIA, PRZYRODA<\/strong><\/p>\n<p>MATERIA\u0141Y:<\/p>\n<ul>\n<li><a href=\"https:\/\/pbp.womczest.edu.pl\/new\/wp-content\/uploads\/2019\/04\/atlas_energii.pdf\"><em>Atlas energii : fakty i dane o energetyce odnawialnej w Europie<\/em> &#8211; CC BY SA<\/a><\/li>\n<li><a href=\"https:\/\/pbp.womczest.edu.pl\/new\/wp-content\/uploads\/2013\/09\/webowa_biblioteka_przyroda_geografia_blekitny_poradnik.pdf\" target=\"_blank\" rel=\"noopener noreferrer\"><em>B\u0142\u0119kitny poradnik \u2013 <\/em>CC-BY-SA<\/a><\/li>\n<li><a href=\"https:\/\/pbp.womczest.edu.pl\/new\/wp-content\/uploads\/2020\/03\/eko-kalendarz.pdf\"><em>Eko-kalendarz : trzeci pi\u0105tek czerwca : Dzie\u0144 Pustej Klasy<\/em> &#8211; CC BY<\/a><\/li>\n<li><a href=\"https:\/\/pbp.womczest.edu.pl\/new\/wp-content\/uploads\/2013\/09\/webowa_biblioteka_przyroda_geografia_grunty_pokryte_wodami_plynacymi_w_ewidencji_gruntow.pdf\" target=\"_blank\" rel=\"noopener noreferrer\"><em>Grunty pokryte wodami p\u0142yn\u0105cymi w ewidencji grunt\u00f3w<\/em> \u2013 CC-BY-SA-NC<\/a><\/li>\n<li><a href=\"https:\/\/pbp.womczest.edu.pl\/new\/wp-content\/uploads\/2013\/09\/webowa_biblioteka_przyroda_geografia_jakosc_ocen_oddzialywania_na_srodowisko_w_polsce.pdf\" target=\"_blank\" rel=\"noopener noreferrer\"><em>Jako\u015b\u0107 ocen oddzia\u0142ywania na \u015brodowisko w Polsce \u2013 <\/em>CC-BY-SA<\/a><\/li>\n<li><a href=\"https:\/\/pbp.womczest.edu.pl\/new\/wp-content\/uploads\/2013\/09\/webowa_biblioteka_przyroda_geografia_poznajemy_ptaki_drapie\u017cne.pdf\" target=\"_blank\" rel=\"noopener noreferrer\"><em>Materia\u0142y uzupe\u0142niaj\u0105ce do tematu: Poznajemy ptaki drapie\u017cne \u2013 <\/em>EFS<\/a><\/li>\n<li><a href=\"https:\/\/pbp.womczest.edu.pl\/new\/wp-content\/uploads\/2013\/09\/webowa_biblioteka_przyroda_geografia_najlepsze_praktyki_rolnicze_przyjazne_baltykowi.pdf\" target=\"_blank\" rel=\"noopener noreferrer\"><em>Najlepsze praktyki rolnicze przyjazne Ba\u0142tykowi \u2013 <\/em>CC-BY-SA<\/a><\/li>\n<li><a href=\"https:\/\/pbp.womczest.edu.pl\/new\/wp-content\/uploads\/2013\/09\/webowa_biblioteka_przyroda_geografia_ochrona_gatunkowa_rysia_wilka_i_niedzwiedzia.pdf\" target=\"_blank\" rel=\"noopener noreferrer\"><em>Ochrona gatunkowa rysia, wilka i nied\u017awiedzia w Polsce \u2013 <\/em>CC-BY-SA<\/a><\/li>\n<li><a href=\"https:\/\/pbp.womczest.edu.pl\/new\/wp-content\/uploads\/2013\/09\/webowa_biblioteka_przyroda_geografia_pocztowkowy_poradnik_oto_niedzwiedz.pdf\" target=\"_blank\" rel=\"noopener noreferrer\"><em>Poczt\u00f3wkowy poradnik \u201eOto nied\u017awied\u017a\u201d \u2013 <\/em>CC-BY-SA<\/a><\/li>\n<li><a href=\"https:\/\/pbp.womczest.edu.pl\/new\/wp-content\/uploads\/2013\/09\/webowa_biblioteka_przyroda_geografia_pomysl_na_lekcje_przyrody.pdf\" target=\"_blank\" rel=\"noopener noreferrer\"><em>Pomys\u0142 na lekcj\u0119 przyrody \u2013 <\/em>CC BY-NC-SA<\/a><\/li>\n<li><a href=\"https:\/\/pbp.womczest.edu.pl\/new\/wp-content\/uploads\/2013\/09\/webowa_biblioteka_przyroda_geografia_poradnik_dla_nauczycieli_realizujacych_projekt.pdf\" target=\"_blank\" rel=\"noopener noreferrer\"><em>Poradnik dla nauczycieli realizuj\u0105cych projekt Szko\u0142a pe\u0142na energii w roku szkolnym 2012\/2013 \u2013 <\/em>CC-BY-NC-ND<\/a><\/li>\n<li><a href=\"https:\/\/pbp.womczest.edu.pl\/new\/wp-content\/uploads\/2019\/04\/PNPB_broszura_FIN-1.pdf\"><em>Puszcza Bia\u0142owieska. Park narodowy. Ochrona i rozw\u00f3j regionalny<\/em> &#8211; CC BY<\/a><\/li>\n<li><a href=\"https:\/\/pbp.womczest.edu.pl\/new\/wp-content\/uploads\/2013\/09\/webowa_biblioteka_przyroda_geografia_raport_z_projektu_wsparcie_restytucji_i_ochrony_ssakow_baltyckich.pdf\" target=\"_blank\" rel=\"noopener noreferrer\"><em>Raport z projektu wsparcie restytucji i ochrony ssak\u00f3w ba\u0142tyckich w Polsce \u2013 <\/em>CC-BY-SA<\/a><\/li>\n<li><a href=\"https:\/\/pbp.womczest.edu.pl\/new\/wp-content\/uploads\/2013\/09\/webowa_biblioteka_przyroda_geografia_sposoby_ochrony_brzegow_morskich.pdf\" target=\"_blank\" rel=\"noopener noreferrer\"><em>Sposoby ochrony brzeg\u00f3w morskich i ich wp\u0142yw na \u015brodowisko \u2013 <\/em>CC-BY-SA<\/a><\/li>\n<li><a href=\"https:\/\/pbp.womczest.edu.pl\/new\/wp-content\/uploads\/2013\/09\/webowa_biblioteka_przyroda_geografia_swiat_a_zmiany_klimatu.pdf\" target=\"_blank\" rel=\"noopener noreferrer\"><em>\u015awiat a zmiany klimatu<\/em> \u2013 CC-BY-ND-NC<\/a><\/li>\n<li><a href=\"https:\/\/pbp.womczest.edu.pl\/new\/wp-content\/uploads\/2018\/05\/we\u017a-oddech.pdf\"><em>We\u017a oddech : scenariusze zaj\u0119\u0107 na temat niskiej emisji<\/em> &#8211; CC BY-SA<\/a><\/li>\n<li><a href=\"https:\/\/pbp.womczest.edu.pl\/new\/wp-content\/uploads\/2020\/04\/Wz\u00f3r-na-rozw\u00f3j_nauki-\u015bcis\u0142e-odpowiadaj\u0105-na-wyzwania-wsp\u00f3\u0142czesno\u015bci.pdf\"><em>Wz\u00f3r na rozw\u00f3j :_nauki \u015bcis\u0142e odpowiadaj\u0105 na wyzwania wsp\u00f3\u0142czesno\u015bci<\/em> &#8211; CC BY<\/a><\/li>\n<li><a href=\"https:\/\/pbp.womczest.edu.pl\/new\/wp-content\/uploads\/2020\/04\/Wz\u00f3r-na-rozw\u00f3j_scenariusze-zaj\u0119\u0107.pdf\"><em>Wz\u00f3r na rozw\u00f3j : nauki \u015bcis\u0142e odpowiadaj\u0105 na wyzwania wsp\u00f3\u0142czesno\u015bci [scenariusze zaj\u0119\u0107]<\/em> &#8211; CC BY<\/a><\/li>\n<\/ul>\n<p>NAUCZANIE:<\/p>\n<ul>\n<li><a href=\"https:\/\/pbp.womczest.edu.pl\/new\/wp-content\/uploads\/2020\/03\/26-Gdzie-znika-deszcz.pdf\"><em>Gdzie znika deszcz<\/em> [scenariusz zaj\u0119\u0107 dla uczni\u00f3w szko\u0142y podstawowej] &#8211; CC BY<\/a><\/li>\n<li><a href=\"https:\/\/pbp.womczest.edu.pl\/new\/wp-content\/uploads\/2019\/05\/las-i-jego-mieszka\u0144cy.pdf\"><em>Las i jego mieszka\u0144cy : scenariusz zaj\u0119\u0107 terenowych dla uczni\u00f3w szk\u00f3\u0142 podstawowych<\/em> &#8211; CC BY<\/a><\/li>\n<li><a href=\"https:\/\/pbp.womczest.edu.pl\/new\/wp-content\/uploads\/2013\/09\/webowa_biblioteka_przyroda_geografia_nie_znikaj_materialy_dla_nauczycieli.pdf\" target=\"_blank\" rel=\"noopener noreferrer\"><em>Nie znikaj \u2013 materia\u0142y dla nauczycieli \u2013 <\/em>CC-BY-NC-ND<\/a><\/li>\n<li><a href=\"https:\/\/pbp.womczest.edu.pl\/new\/wp-content\/uploads\/2013\/09\/webowa_biblioteka_przyroda_geografia_materialy_szkoleniowe_dla_trenerow_przyroda.pdf\" target=\"_blank\" rel=\"noopener noreferrer\"><em>Materia\u0142y szkoleniowe dla trener\u00f3w i nauczycieli przedmiot\u00f3w przyrodniczych z wykorzystaniem TIK<\/em> \u2013 CC-BY-NC-ND<\/a><\/li>\n<li><a href=\"https:\/\/pbp.womczest.edu.pl\/new\/wp-content\/uploads\/2013\/09\/webowa_biblioteka_przyroda_geografia_techniki_wypas_wedrowka.pdf\" target=\"_blank\" rel=\"noopener noreferrer\"><em>Techniki wypas + w\u0119dr\u00f3wka<\/em> \u2013 CC-BY-NC<\/a><\/li>\n<\/ul>\n<p>PORTALE:<\/p>\n<ul>\n<li><em><a href=\"http:\/\/www.nlm.nih.gov\/exhibition\/historicalanatomies\/browse.html\" target=\"_blank\" rel=\"noopener noreferrer\">Medyczna Biblioteka Narodowa USA<\/a><\/em><\/li>\n<\/ul>\n<p style=\"text-align: center;\">\u00a0<strong>GEOGRAFIA<\/strong><\/p>\n<p>MATERIA\u0141Y:<\/p>\n<ul>\n<li><a href=\"https:\/\/pbp.womczest.edu.pl\/new\/wp-content\/uploads\/2015\/05\/cztery_zywioly_geologii.pdf\">Cztery \u017cywio\u0142y geologii &#8211; CC-BY-NC-SA<\/a><\/li>\n<li><a href=\"https:\/\/pbp.womczest.edu.pl\/new\/wp-content\/uploads\/2013\/09\/webowa_biblioteka_przyroda_geografia_geografia_polski.pdf\" target=\"_blank\" rel=\"noopener noreferrer\"><em>Geografia Polski<\/em> \u2013 CC-BY-SA<\/a><\/li>\n<li><a href=\"https:\/\/pbp.womczest.edu.pl\/new\/wp-content\/uploads\/2013\/09\/webowa_biblioteka_przyroda_geografia_graficzna_prezentacja_danych_statystycznych.pdf\" target=\"_blank\" rel=\"noopener noreferrer\"><em>Graficzna prezentacja danych statystycznych<\/em> \u2013 CC-BY<\/a><\/li>\n<li><a href=\"https:\/\/pbp.womczest.edu.pl\/new\/wp-content\/uploads\/2013\/09\/webowa_biblioteka_przyroda_geografia_instrukcja_obslugi_baltyku.pdf\" target=\"_blank\" rel=\"noopener noreferrer\"><em>Instrukcja obs\u0142ugi Ba\u0142tyku \u2013 <\/em>CC-BY-SA<\/a><\/li>\n<li><a href=\"https:\/\/pbp.womczest.edu.pl\/new\/wp-content\/uploads\/2013\/09\/webowa_biblioteka_przyroda_geografia_klimat_krakowa_termiczna_mozaika.pdf\" target=\"_blank\" rel=\"noopener noreferrer\"><em>Klimat Krakowa \u2013 termiczna mozaika \u2013 <\/em>CC-BY<\/a><\/li>\n<li><a href=\"https:\/\/pbp.womczest.edu.pl\/new\/wp-content\/uploads\/2013\/09\/webowa_biblioteka_przyroda_geografia_krajobraz_dla_konesera.pdf\" target=\"_blank\" rel=\"noopener noreferrer\"><em>Krajobraz dla konesera <\/em>\u2013 EFS<\/a><\/li>\n<li><a href=\"https:\/\/pbp.womczest.edu.pl\/new\/wp-content\/uploads\/2013\/09\/webowa_biblioteka_przyroda_geografia_krajobrazy_pomorza.pdf\" target=\"_blank\" rel=\"noopener noreferrer\"><em>Krajobrazy Pomorza<\/em> \u2013 EFS<\/a><\/li>\n<li><a href=\"https:\/\/pbp.womczest.edu.pl\/new\/wp-content\/uploads\/2013\/09\/webowa_biblioteka_przyroda_geografia_lowcy_ameryki_poludnioweji.pdf\" target=\"_blank\" rel=\"noopener noreferrer\"><em>\u0141owcy z Ameryki Po\u0142udniowej w badaniach Borysa Malkina<\/em> \u2013 CC-BY-SA<\/a><\/li>\n<li><a href=\"https:\/\/pbp.womczest.edu.pl\/new\/wp-content\/uploads\/2015\/05\/Metody-badania-i-odkrywania-miasta-oparte-na-danych_web.pdf\"><em>Metody badania i odkrywania miasta oparte na danych<\/em> &#8211; CC BY<\/a><\/li>\n<li><a href=\"https:\/\/pbp.womczest.edu.pl\/new\/wp-content\/uploads\/2013\/09\/webowa_biblioteka_przyroda_geografia_nasza_odra.pdf\" target=\"_blank\" rel=\"noopener noreferrer\"><em>Nasza Odra. Przewodnik turystyczno-przyrodniczy \u2013 <\/em>CC-BY-SA<\/a><\/li>\n<li><a href=\"http:\/\/cultureshock.pl\/wp-content\/uploads\/2017\/08\/Scenariusz-Warsztatow-Medialab-Junior-Open-Street-Map-Fundacja-Culture-Shock.pdf\"><em>Scenariusz warsztat\u00f3w Open Street Map &#8211; <\/em>CC BY-SA<\/a><\/li>\n<li><a href=\"https:\/\/pbp.womczest.edu.pl\/new\/wp-content\/uploads\/2013\/09\/webowa_biblioteka_przyroda_geografia_szlaki_rowerowe_w_regionie_puszczy_bia\u0142owieskiej.pdf\" target=\"_blank\" rel=\"noopener noreferrer\"><em>Szlaki rowerowe w regionie Puszczy Bia\u0142owieskiej \u2013 <\/em>CC-BY-SA<\/a><\/li>\n<li><a href=\"https:\/\/pbp.womczest.edu.pl\/new\/wp-content\/uploads\/2013\/09\/webowa_biblioteka_przyroda_geografia_szosty_kontynet.pdf\" target=\"_blank\" rel=\"noopener noreferrer\"><em>Sz\u00f3sty kontynent<\/em> \u2013 CC-BY-SA<\/a><\/li>\n<li><a href=\"https:\/\/pbp.womczest.edu.pl\/new\/wp-content\/uploads\/2013\/09\/webowa_biblioteka_przyroda_geografia_swiat_na_sprzedaz.pdf\" target=\"_blank\" rel=\"noopener noreferrer\"><em>\u015awiat na sprzeda\u017c \u2013 <\/em>CC-BY<\/a><\/li>\n<li><a href=\"https:\/\/pbp.womczest.edu.pl\/new\/wp-content\/uploads\/2013\/09\/webowa_biblioteka_przyroda_geografia_teraz_afryka.pdf\" target=\"_blank\" rel=\"noopener noreferrer\"><em>Teraz Afryka. Od \u017ar\u00f3de\u0142 skautingu do kontynentu przysz\u0142o\u015bci<\/em> \u2013 CC-BY<\/a><\/li>\n<li><a href=\"https:\/\/pbp.womczest.edu.pl\/new\/wp-content\/uploads\/2013\/09\/webowa_biblioteka_przyroda_geografia_turystyka_historyczna_szansa_na_rozwoj_lokalny.pdf\" target=\"_blank\" rel=\"noopener noreferrer\"><em>Turystyka historyczna szans\u0105 na rozw\u00f3j lokalny<\/em> \u2013 CC-BY-NC-ND<\/a><\/li>\n<li><a href=\"https:\/\/pbp.womczest.edu.pl\/new\/wp-content\/uploads\/2013\/09\/webowa_biblioteka_przyroda_geografia_z_nurtem_lodzkich_rzek.pdf\" target=\"_blank\" rel=\"noopener noreferrer\"><em>Z nurtem \u0142\u00f3dzkich rzek<\/em> \u2013 CC-By-NC-ND<\/a><\/li>\n<li><a href=\"https:\/\/pbp.womczest.edu.pl\/new\/wp-content\/uploads\/2013\/09\/webowa_biblioteka_przyroda_geografia_zyjaca_planeta.pdf\" target=\"_blank\" rel=\"noopener noreferrer\"><em>\u017byj\u0105ca<\/em> <em>planeta<\/em> \u2013 CC-BY-SA<\/a><\/li>\n<\/ul>\n<p>NAUCZANIE:<\/p>\n<ul>\n<li><a href=\"http:\/\/zsniebocko.pl\/dla-ucznia\/\" target=\"_blank\" rel=\"noopener noreferrer\"><em>Geografia \u2013 karty pracy dla gimnazjum<\/em> \u2013 CC-BY-SA<\/a><\/li>\n<li><a href=\"https:\/\/pbp.womczest.edu.pl\/new\/wp-content\/uploads\/2019\/06\/Model-funkcjonowania-pracowni-przedmiotowej-z-geografii.pdf\"><em>Model funkcjonowania pracowni przedmiotowej z geografii<\/em> &#8211; CC BY-NC<\/a><\/li>\n<li><a href=\"https:\/\/pbp.womczest.edu.pl\/new\/wp-content\/uploads\/2013\/09\/webowa_biblioteka_przyroda_geografia_moja_polska_scenariusze_zajec_dla_gimnazjow_i_szkol_srednich.pdf\" target=\"_blank\" rel=\"noopener noreferrer\"><em>Moja Polska \u2013 scenariusze zaj\u0119\u0107 dla gimnazj\u00f3w i szk\u00f3\u0142 \u015brednich<\/em> \u2013 CC-BY-ND-NC<\/a><\/li>\n<li><a href=\"https:\/\/pbp.womczest.edu.pl\/new\/wp-content\/uploads\/2013\/09\/webowa_biblioteka_przyroda_geografia_moja_polska_scenariusze_zajec_dla_szkol_podstawowych.pdf\" target=\"_blank\" rel=\"noopener noreferrer\"><em>Moja Polska \u2013 scenariusze zaj\u0119\u0107 dla szk\u00f3\u0142 podstawowych<\/em> \u2013 CC-BY-ND-NC<\/a><\/li>\n<li><a href=\"https:\/\/pbp.womczest.edu.pl\/new\/wp-content\/uploads\/2013\/09\/webowa_biblioteka_przyroda_geografia_otwarte_zabytki_dla_mlodziezy.pdf\" target=\"_blank\" rel=\"noopener noreferrer\"><em>Otwarte zabytki dla m\u0142odzie\u017cy<\/em> \u2013 CC-BY<\/a><\/li>\n<li><a href=\"https:\/\/pbp.womczest.edu.pl\/new\/wp-content\/uploads\/2013\/09\/webowa_biblioteka_przyroda_geografia_pakiet_narzedzi_tik_przydatnych_w_realizacji_celow_lekcji_geografii.pdf\" target=\"_blank\" rel=\"noopener noreferrer\"><em>Pakiet narz\u0119dzi TIK przydatnych w realizacji cel\u00f3w lekcji geografii<\/em> \u2013 CC-BY-ND-NC<\/a><\/li>\n<li><a href=\"https:\/\/pbp.womczest.edu.pl\/new\/wp-content\/uploads\/2015\/05\/Postaw-na-rozw\u00f3j.pdf\"><em>Postaw na rozw\u00f3j! Zr\u00f3wnowa\u017cony!<\/em> &#8211; CC-BY<\/a><\/li>\n<li><a href=\"https:\/\/pbp.womczest.edu.pl\/new\/wp-content\/uploads\/2013\/09\/webowa_biblioteka_przyroda_geografia_poznajemy_tatry.pdf\" target=\"_blank\" rel=\"noopener noreferrer\"><em>Poznajemy Tatry. Scenariusz zaj\u0119\u0107<\/em> \u2013 EFS<\/a><\/li>\n<li><a href=\"https:\/\/pbp.womczest.edu.pl\/new\/wp-content\/uploads\/2013\/09\/webowa_biblioteka_przyroda_geografia_praca_z_uczniem_uzdolnionym_geograficznie.pdf\" target=\"_blank\" rel=\"noopener noreferrer\"><em>Praca z uczniem uzdolnionym geograficznie. Poradnik dla nauczycieli<\/em> \u2013 EFS<\/a><\/li>\n<li><a href=\"https:\/\/wmgaz.pl\/edukacja\"><em>Scenariusze zaj\u0119\u0107 lekcji zwi\u0105zanych z tematem gazownictwa [Wirtualne Muzeum Gazownictwa]<\/em><\/a><\/li>\n<li><a href=\"https:\/\/pbp.womczest.edu.pl\/new\/wp-content\/uploads\/2018\/05\/SMOG_W_SZKOLE_wydanie_II_2017.pdf\"><em>Smog w szkole, czyli_o zanieczyszczeniu i poprawie jako\u015bci powietrza<\/em> [scenariusze] &#8211; CC BY-NC<\/a><\/li>\n<li><a href=\"https:\/\/pbp.womczest.edu.pl\/new\/wp-content\/uploads\/2013\/09\/webowa_biblioteka_przyroda_geografia_szkola_pelna_zasobow.pdf\" target=\"_blank\" rel=\"noopener noreferrer\"><em>Szko\u0142a pe\u0142na zasob\u00f3w. Scenariusze \u0107wicze\u0144 do gimnazj\u00f3w i szk\u00f3\u0142 ponadgimnazjalnych. Cz. 1 \u2013 <\/em>CC-BY-NC-ND<\/a><\/li>\n<li><a href=\"https:\/\/pbp.womczest.edu.pl\/new\/wp-content\/uploads\/2013\/09\/webowa_biblioteka_przyroda_geografia_szkola_pelna_zasobow_cz2.pdf\" target=\"_blank\" rel=\"noopener noreferrer\"><em><em>Szko\u0142a pe\u0142na zasob\u00f3w. Scenariusze \u0107wicze\u0144 do gimnazj\u00f3w i szk\u00f3\u0142 ponadgimnazjalnych.<\/em> Cz. 2<\/em> \u2013 CC-BY-NC-ND<\/a><\/li>\n<li><a href=\"https:\/\/pbp.womczest.edu.pl\/new\/wp-content\/uploads\/2013\/09\/webowa_biblioteka_przyroda_geografia_wyznaczanie_dlugosci_i_szerokosci_geograficznej.pdf\" target=\"_blank\" rel=\"noopener noreferrer\"><em>Wyznaczanie d\u0142ugo\u015bci i szeroko\u015bci geograficznej z obserwacji astronomicznych<\/em> \u2013 CC-BY-NC-SA<\/a><\/li>\n<li><a href=\"https:\/\/pbp.womczest.edu.pl\/new\/wp-content\/uploads\/2013\/09\/webowa_biblioteka_przyroda_geografia_gdzie_jest_ta_woda.pdf\" target=\"_blank\" rel=\"noopener noreferrer\"><em>Zestaw \u0107wicze\u0144 do zaj\u0119\u0107 z edukacji globalnej w ramach publikacji: Gdzie jest ta woda?<\/em> \u2013 CC-BY-SA<\/a><\/li>\n<\/ul>\n<p>PORTALE:<\/p>\n<ul>\n<li><em><a href=\"https:\/\/epodreczniki.pl\/search?subcategory%5b%5d=3_G3OGR4FI&amp;subcategory%5b%5d=4_G3OGR4FI&amp;subcategory%5b%5d=2_G3OGR4FI&amp;format=e-materialy&amp;cards=1\">E-podr\u0119czniki : Materia\u0142y do nauczania geografii<\/a><\/em><\/li>\n<li><em><a href=\"http:\/\/www.openstreetmap.org\" target=\"_blank\" rel=\"noopener noreferrer\">Open Street Map<\/a><\/em><\/li>\n<\/ul>\n","protected":false},"excerpt":{"rendered":"<p>BIOLOGIA, PRZYRODA MATERIA\u0141Y: Atlas energii : fakty i dane o energetyce odnawialnej w Europie &#8211; CC BY SA B\u0142\u0119kitny poradnik \u2013 CC-BY-SA Eko-kalendarz : trzeci pi\u0105tek czerwca : Dzie\u0144 Pustej Klasy &#8211; CC BY Grunty pokryte wodami p\u0142yn\u0105cymi w ewidencji grunt\u00f3w \u2013 CC-BY-SA-NC Jako\u015b\u0107 ocen oddzia\u0142ywania na \u015brodowisko w Polsce \u2013 CC-BY-SA Materia\u0142y uzupe\u0142niaj\u0105ce do tematu: Poznajemy ptaki drapie\u017cne \u2013 EFS Najlepsze praktyki rolnicze przyjazne Ba\u0142tykowi \u2013 CC-BY-SA Ochrona gatunkowa<span class=\"ellipsis\">&hellip;<\/span><\/p>\n<div class=\"read-more\"><a href=\"https:\/\/pbp.womczest.edu.pl\/new\/wspomaganie\/oferta-wspomagania\/webowa-biblioteka\/webowa-biblioteka-przyroda-geografia\/\">Czytaj wi\u0119cej &#8250;<\/a><\/div>\n<p><!-- end of .read-more --><\/p>\n","protected":false},"author":3,"featured_media":0,"parent":4331,"menu_order":0,"comment_status":"closed","ping_status":"open","template":"","meta":{"footnotes":""},"jetpack_sharing_enabled":true,"jetpack_shortlink":"https:\/\/wp.me\/PgmV4H-18i","_links":{"self":[{"href":"https:\/\/pbp.womczest.edu.pl\/new\/wp-json\/wp\/v2\/pages\/4358"}],"collection":[{"href":"https:\/\/pbp.womczest.edu.pl\/new\/wp-json\/wp\/v2\/pages"}],"about":[{"href":"https:\/\/pbp.womczest.edu.pl\/new\/wp-json\/wp\/v2\/types\/page"}],"author":[{"embeddable":true,"href":"https:\/\/pbp.womczest.edu.pl\/new\/wp-json\/wp\/v2\/users\/3"}],"replies":[{"embeddable":true,"href":"https:\/\/pbp.womczest.edu.pl\/new\/wp-json\/wp\/v2\/comments?post=4358"}],"version-history":[{"count":26,"href":"https:\/\/pbp.womczest.edu.pl\/new\/wp-json\/wp\/v2\/pages\/4358\/revisions"}],"predecessor-version":[{"id":17150,"href":"https:\/\/pbp.womczest.edu.pl\/new\/wp-json\/wp\/v2\/pages\/4358\/revisions\/17150"}],"up":[{"embeddable":true,"href":"https:\/\/pbp.womczest.edu.pl\/new\/wp-json\/wp\/v2\/pages\/4331"}],"wp:attachment":[{"href":"https:\/\/pbp.womczest.edu.pl\/new\/wp-json\/wp\/v2\/media?parent=4358"}],"curies":[{"name":"wp","href":"https:\/\/api.w.org\/{rel}","templated":true}]}}