


{"id":4354,"date":"2015-05-19T10:49:59","date_gmt":"2015-05-19T08:49:59","guid":{"rendered":"https:\/\/pbp.womczest.edu.pl\/new\/?page_id=4354"},"modified":"2021-09-14T14:14:27","modified_gmt":"2021-09-14T12:14:27","slug":"webowa-biblioteka-czasopisma","status":"publish","type":"page","link":"https:\/\/pbp.womczest.edu.pl\/new\/wspomaganie\/oferta-wspomagania\/webowa-biblioteka\/webowa-biblioteka-czasopisma\/","title":{"rendered":"Webowa biblioteka \u2013 Czasopisma"},"content":{"rendered":"<hr \/>\n<p>&nbsp;<\/p>\n<ul>\n<li><a href=\"http:\/\/www.bibliothecanostra.awf.katowice.pl\/o-nas\/\">Bibliotheca Nostra. \u015al\u0105ski Kwartalnik Naukowy<\/a><\/li>\n<li><a href=\"http:\/\/www.bg.up.krakow.pl\/newbie\/index.php\/bie\/index\">Biblioteka i Edukacja<\/a><\/li>\n<li><a href=\"https:\/\/pbp.womczest.edu.pl\/new\/biuletyn-nauczycieli-bibliotekarzy-sbp\/\">Biuletyn Nauczycieli Bibliotekarzy<\/a><\/li>\n<li><a href=\"https:\/\/pbw.katowice.pl\/index.php\/oferta\/dialogi-biblioteczne\">Dialogi Biblioteczne<\/a><\/li>\n<li><a href=\"https:\/\/issuu.com\/search?q=dibp\">DIP \u2013 Dolno\u015bl\u0105ski Informator Bibliotek Pedagogicznych<\/a><\/li>\n<li><a href=\"http:\/\/dzieckokrzywdzone.fdds.pl\/index.php\/DK\">Dziecko Krzywdzone. Teoria, badania, praktyka<\/a><\/li>\n<li><a href=\"http:\/\/www.e-mentor.edu.pl\/\" target=\"_blank\" rel=\"noopener noreferrer\">E-Mentor<\/a><\/li>\n<li><a href=\"http:\/\/www.edukacja.ibe.edu.pl\/pl\/archiwum\">Edukacja<\/a><\/li>\n<li><a href=\"https:\/\/czasopisma.ignatianum.edu.pl\/eetp\/issue\/view\/97\">Edukacja Elementarna w Teorii i Praktyce<\/a><\/li>\n<li><a href=\"http:\/\/weinoe.us.edu.pl\/nauka\/nauka-weinoe\/serie-wydawnicze\/edukacja-miedzykulturowa\/archiwum\">Edukacja Mi\u0119dzykulturowa<\/a><\/li>\n<li><a href=\"https:\/\/czasopisma.ujd.edu.pl\/index.php\/EM\">Edukacja Muzyczna<\/a><\/li>\n<li><a href=\"http:\/\/eti.ur.edu.pl\/\">Edukacja \u2013 Technika \u2013 Informatyka<\/a><\/li>\n<li><a href=\"http:\/\/www.edukacjaustawicznadoroslych.eu\/\">Edukacja Ustawiczna Doros\u0142ych<\/a><\/li>\n<li><a href=\"https:\/\/forumoswiatowe.pl\/index.php\/czasopismo\/issue\/archive\">Forum O\u015bwiatowe<\/a><\/li>\n<li><a href=\"http:\/\/www.irydion.ujd.edu.pl\/\">Irydion. Literatura &#8211; Teatr &#8211; Kultura<\/a><\/li>\n<li><a href=\"https:\/\/www.duch.edu.pl\/index.php\/component\/content\/article?id=419\">Naj\u015bwie\u017csze Wiadomo\u015bci z Odleg\u0142ej Przesz\u0142o\u015bci [czasopismo historyczne dla dzieci]<\/a><\/li>\n<li><a href=\"http:\/\/pedagogikaspoleczna.com\/o-kwartalniku\/\">Pedagogika Spo\u0142eczna<\/a><\/li>\n<li><a href=\"http:\/\/psb.ur.edu.pl\/psb052016\">Podkarpackie Studia Biblioteczne<\/a><\/li>\n<li><a href=\"https:\/\/czasopisma.bg.ug.edu.pl\/index.php\/pwe\">Problemy Wczesnej Edukacji<\/a><\/li>\n<li><a href=\"https:\/\/apcz.umk.pl\/czasopisma\/index.php\/PBE\/issue\/view\/1760\">Przegl\u0105d Bada\u0144 Edukacyjnych<\/a><\/li>\n<li><a href=\"http:\/\/www.psychoterapiaptp.pl\/\" target=\"_blank\" rel=\"noopener noreferrer\">Psychoterapia<\/a><\/li>\n<li><a href=\"https:\/\/apcz.umk.pl\/czasopisma\/index.php\/RA\/index\">Rocznik Andragogiczny<\/a><\/li>\n<li><a href=\"http:\/\/samai.uni.wroc.pl\/\">SAMAI &#8211; czasopismo online po\u015bwi\u0119cone staro\u017cytno\u015bci i wczesnemu \u015bredniowieczu<\/a><\/li>\n<li><a href=\"http:\/\/www.studiasocjologiczne.pl\/\">Studia Socjologiczne<\/a><\/li>\n<li><a href=\"https:\/\/www.ore.edu.pl\/category\/trendy\/\">Trendy<\/a><\/li>\n<li><a href=\"http:\/\/wwr.uni.wroc.pl\/pl\">Wychowanie w Rodzinie<\/a><\/li>\n<li><a href=\"https:\/\/wychowujmy.pl\/\">WychowujMy<\/a><\/li>\n<\/ul>\n","protected":false},"excerpt":{"rendered":"<p>&nbsp; Bibliotheca Nostra. \u015al\u0105ski Kwartalnik Naukowy Biblioteka i Edukacja Biuletyn Nauczycieli Bibliotekarzy Dialogi Biblioteczne DIP \u2013 Dolno\u015bl\u0105ski Informator Bibliotek Pedagogicznych Dziecko Krzywdzone. Teoria, badania, praktyka E-Mentor Edukacja Edukacja Elementarna w Teorii i Praktyce Edukacja Mi\u0119dzykulturowa Edukacja Muzyczna Edukacja \u2013 Technika \u2013 Informatyka Edukacja Ustawiczna Doros\u0142ych Forum O\u015bwiatowe Irydion. Literatura &#8211; Teatr &#8211; Kultura Naj\u015bwie\u017csze Wiadomo\u015bci z Odleg\u0142ej Przesz\u0142o\u015bci [czasopismo historyczne dla dzieci] Pedagogika Spo\u0142eczna Podkarpackie Studia Biblioteczne Problemy Wczesnej Edukacji<span class=\"ellipsis\">&hellip;<\/span><\/p>\n<div class=\"read-more\"><a href=\"https:\/\/pbp.womczest.edu.pl\/new\/wspomaganie\/oferta-wspomagania\/webowa-biblioteka\/webowa-biblioteka-czasopisma\/\">Czytaj wi\u0119cej &#8250;<\/a><\/div>\n<p><!-- end of .read-more --><\/p>\n","protected":false},"author":3,"featured_media":0,"parent":4331,"menu_order":0,"comment_status":"closed","ping_status":"open","template":"","meta":{"footnotes":""},"jetpack_sharing_enabled":true,"jetpack_shortlink":"https:\/\/wp.me\/PgmV4H-18e","_links":{"self":[{"href":"https:\/\/pbp.womczest.edu.pl\/new\/wp-json\/wp\/v2\/pages\/4354"}],"collection":[{"href":"https:\/\/pbp.womczest.edu.pl\/new\/wp-json\/wp\/v2\/pages"}],"about":[{"href":"https:\/\/pbp.womczest.edu.pl\/new\/wp-json\/wp\/v2\/types\/page"}],"author":[{"embeddable":true,"href":"https:\/\/pbp.womczest.edu.pl\/new\/wp-json\/wp\/v2\/users\/3"}],"replies":[{"embeddable":true,"href":"https:\/\/pbp.womczest.edu.pl\/new\/wp-json\/wp\/v2\/comments?post=4354"}],"version-history":[{"count":33,"href":"https:\/\/pbp.womczest.edu.pl\/new\/wp-json\/wp\/v2\/pages\/4354\/revisions"}],"predecessor-version":[{"id":18932,"href":"https:\/\/pbp.womczest.edu.pl\/new\/wp-json\/wp\/v2\/pages\/4354\/revisions\/18932"}],"up":[{"embeddable":true,"href":"https:\/\/pbp.womczest.edu.pl\/new\/wp-json\/wp\/v2\/pages\/4331"}],"wp:attachment":[{"href":"https:\/\/pbp.womczest.edu.pl\/new\/wp-json\/wp\/v2\/media?parent=4354"}],"curies":[{"name":"wp","href":"https:\/\/api.w.org\/{rel}","templated":true}]}}