


{"id":4350,"date":"2015-05-19T10:48:58","date_gmt":"2015-05-19T08:48:58","guid":{"rendered":"https:\/\/pbp.womczest.edu.pl\/new\/?page_id=4350"},"modified":"2020-07-08T12:57:32","modified_gmt":"2020-07-08T10:57:32","slug":"webowa-biblioteka-jezyk-polski","status":"publish","type":"page","link":"https:\/\/pbp.womczest.edu.pl\/new\/wspomaganie\/oferta-wspomagania\/webowa-biblioteka\/webowa-biblioteka-jezyk-polski\/","title":{"rendered":"Webowa biblioteka \u2013 J\u0119zyk polski"},"content":{"rendered":"<p>&nbsp;<\/p>\n<ul>\n<li><a href=\"https:\/\/pbp.womczest.edu.pl\/new\/wp-content\/uploads\/2015\/05\/wartosci_w_jezyku_2015_druk.pdf\"><em>Idee i warto\u015bci w j\u0119zyku i kulturze<\/em> &#8211; CC BY-NC-ND<\/a><\/li>\n<li><a href=\"https:\/\/pbp.womczest.edu.pl\/new\/wp-content\/uploads\/2013\/09\/webowa_biblioteka_polski_jak_stworzyc_sztuczny_jezyk.pdf\" target=\"_blank\" rel=\"noopener noreferrer\"><em>Jak stworzy\u0107 sztuczny j\u0119zyk <\/em>\u2013 CC BY-NC-ND<\/a><\/li>\n<li><a href=\"https:\/\/pbp.womczest.edu.pl\/new\/wp-content\/uploads\/2015\/05\/j\u0119zyk-polski-2.0.pdf\">J<em>\u0119zyk polski 2.0 &#8211; zastosowanie nowoczesnych technologii w nauczaniu j\u0119zyka polskiego<\/em> &#8211; CC BY<\/a><\/li>\n<li><a href=\"https:\/\/pbp.womczest.edu.pl\/new\/wp-content\/uploads\/2013\/09\/webowa_biblioteka_polski_komunikologia_teoria_i_praktyka_komunikacji.pdf\" target=\"_blank\" rel=\"noopener noreferrer\"><em>Komunikologia. Teoria i praktyka komunikacji <\/em>\u2013 CC BY-SA<\/a><\/li>\n<li><a href=\"https:\/\/pbp.womczest.edu.pl\/new\/wp-content\/uploads\/2013\/09\/webowa_biblioteka_polski_kultura_rycerska_poprzez_nowe_media.pdf\" target=\"_blank\" rel=\"noopener noreferrer\"><em>Kultura rycerska poprzez nowe media \u2013 film animowany Sintel zrealizowany za pomoc\u0105 programu Blender 3D (scenariusz)<\/em> \u2013 CC BY<\/a><\/li>\n<li><a href=\"https:\/\/pbp.womczest.edu.pl\/new\/wp-content\/uploads\/2013\/09\/webowa_biblioteka_polski_literacki_atlas_polski.pdf\" target=\"_blank\" rel=\"noopener noreferrer\"><em>Literacki atlas polski<\/em> \u2013 CC BY-NC-ND<\/a><\/li>\n<li><a href=\"https:\/\/pbp.womczest.edu.pl\/new\/wp-content\/uploads\/2013\/09\/webowa_biblioteka_polski_metaforyczne_konceptualizacje.pdf\" target=\"_blank\" rel=\"noopener noreferrer\"><em>Metaforyczne konceptualizacje poj\u0119cia \u201etekstu\u201d a przemiany styl\u00f3w my\u015blowych w literaturoznawstwie<\/em> \u2013 CC BY-SA<\/a><\/li>\n<li><a href=\"https:\/\/pbp.womczest.edu.pl\/new\/wp-content\/uploads\/2015\/05\/pakiet-dziennikarski_uczniowie.pdf\"><em>M\u0142odzie\u017cowe centrum pomocy dziennikarskiej : poradnik dla m\u0142odych dziennikarzy obywatelskich<\/em> &#8211; CC BY NC SA<\/a><\/li>\n<li><em><a href=\"https:\/\/pbp.womczest.edu.pl\/new\/wp-content\/uploads\/2015\/05\/pakiet-dziennikarski_nauczyciele.pdf\">M\u0142odzie\u017cowe centrum pomocy dziennikarski<\/a>\u00a0<\/em><a href=\"https:\/\/pbp.womczest.edu.pl\/new\/wp-content\/uploads\/2015\/05\/pakiet-dziennikarski_nauczyciele.pdf\"><em>pakiet edukacyjny dla os\u00f3b prowadz\u0105cych zaj\u0119cia dziennikarskie z m\u0142odzie\u017c\u0105 licealn\u0105 i gimnazjaln\u0105<\/em> &#8211; CC BY-NC-SA<\/a><\/li>\n<li><a href=\"https:\/\/pbp.womczest.edu.pl\/new\/wp-content\/uploads\/2013\/09\/webowa_biblioteka_polski_narodowy_korpus_jezyka_polskiego.pdf\" target=\"_blank\" rel=\"noopener noreferrer\"><em>Narodowy korpus j\u0119zyka polskiego <\/em>\u2013 CC BY-NC-ND<\/a><\/li>\n<li><a href=\"https:\/\/pbp.womczest.edu.pl\/new\/wp-content\/uploads\/2013\/09\/webowa_biblioteka_polski_netografia_w_szkole.pdf\" target=\"_blank\" rel=\"noopener noreferrer\"><em>Netografia* w szkole, czyli koniec z\u2026 \u201e\u017ar\u00f3d\u0142o: internet\u201d! Poradnik dla nauczycielek i nauczycieli<\/em> \u2013 CC BY-NC-SA<\/a><\/li>\n<li><a href=\"https:\/\/pbp.womczest.edu.pl\/new\/wp-content\/uploads\/2013\/09\/webowa_biblioteka_polski_ograniczna_technika_czytania.pdf\" target=\"_blank\" rel=\"noopener noreferrer\"><em>Organiczna technika czytania<\/em> \u2013 CC BY-NC-SA<\/a><\/li>\n<li><a href=\"https:\/\/pbp.womczest.edu.pl\/new\/wp-content\/uploads\/2015\/05\/Polish-Your-Polish-Badania-i-popularyzacja-j\u0119zyka.pdf\"><em>Polish Your Polish &#8211; Badania i popularyzacja j\u0119zyka polskiego w\u015br\u00f3d ameryka\u0144skiej Polonii<\/em> &#8211; CC BY<\/a><\/li>\n<li><a href=\"https:\/\/pbp.womczest.edu.pl\/new\/wp-content\/uploads\/2013\/09\/webowa_biblioteka_polski_rymy_petle_rytmy.pdf\" target=\"_blank\" rel=\"noopener noreferrer\"><em>Rymy, p\u0119tle, rytmy <\/em>\u2013 CC BY-SA<\/a><\/li>\n<li><a href=\"https:\/\/pbp.womczest.edu.pl\/new\/wp-content\/uploads\/2013\/09\/webowa_biblioteka_polski_wolne_lektury.pdf\" target=\"_blank\" rel=\"noopener noreferrer\"><em>Szkolna biblioteka internetowa <\/em>\u2013 CC BY-SA<\/a><\/li>\n<li><a href=\"https:\/\/pbp.womczest.edu.pl\/new\/wp-content\/uploads\/2019\/09\/tw\u00f3rcze-lekcje-jezyka-polskiego.pdf\"><em>Tw\u00f3rcze lekcje j\u0119zyka polskiego w szkole ponadpodstawowej<\/em><\/a> &#8211; CC BY-NC<\/li>\n<li><a href=\"https:\/\/pbp.womczest.edu.pl\/new\/wp-content\/uploads\/2013\/09\/webowa_biblioteka_polski_wokabularz.pdf\" target=\"_blank\" rel=\"noopener noreferrer\"><em>Wokabularz <\/em>\u2013 CC BY-NC-ND<\/a><\/li>\n<li><a href=\"https:\/\/pbp.womczest.edu.pl\/new\/wp-content\/uploads\/2013\/09\/webowa_biblioteka_polski_w_swiecie_kultury_jezyka.pdf\" target=\"_blank\" rel=\"noopener noreferrer\"><em>W \u015bwiecie kultury j\u0119zyka <\/em>\u2013 EFS<\/a><\/li>\n<\/ul>\n<p>PORTALE:<\/p>\n<ul>\n<li><a href=\"http:\/\/literat.ug.edu.pl\/\" target=\"_blank\" rel=\"noopener noreferrer\"><em>Biblioteka Literatury Polskiej w Internecie<\/em><\/a><\/li>\n<li><a href=\"http:\/\/ipsb.nina.gov.pl\/\" target=\"_blank\" rel=\"noopener noreferrer\"><em>Internetowy Polski S\u0142ownik Biograficzny<\/em><\/a><\/li>\n<li><a href=\"http:\/\/otworzksiazke.pl\/\" target=\"_blank\" rel=\"noopener noreferrer\"><em>Otw\u00f3rz ksi\u0105\u017ck\u0119<\/em><\/a><\/li>\n<li><em><a href=\"http:\/\/www.polona.pl\" target=\"_blank\" rel=\"noopener noreferrer\"> Polona<\/a><\/em><\/li>\n<li><em><a href=\"http:\/\/www.rjp.pan.pl\/\" target=\"_blank\" rel=\"noopener noreferrer\">Rada J\u0119zyka Polskiego<\/a><\/em><\/li>\n<li><a href=\"http:\/\/sjp.pwn.pl\/\" target=\"_blank\" rel=\"noopener noreferrer\"><em>S\u0142ownik J\u0119zyka Polskiego PWN<\/em><\/a><\/li>\n<li><a href=\"http:\/\/teatrotekaszkolna.pl\/home\/index\"><em>Teatroteka Szkolna<\/em><\/a><\/li>\n<li><a href=\"http:\/\/wolnelektury.pl\/\" target=\"_blank\" rel=\"noopener noreferrer\"><em>Wolne Lektury<\/em><\/a><\/li>\n<li><em><a href=\"https:\/\/zakreconybelfer.pl\/\">Zakr\u0119cony belfer<\/a><\/em><\/li>\n<\/ul>\n","protected":false},"excerpt":{"rendered":"<p>&nbsp; Idee i warto\u015bci w j\u0119zyku i kulturze &#8211; CC BY-NC-ND Jak stworzy\u0107 sztuczny j\u0119zyk \u2013 CC BY-NC-ND J\u0119zyk polski 2.0 &#8211; zastosowanie nowoczesnych technologii w nauczaniu j\u0119zyka polskiego &#8211; CC BY Komunikologia. Teoria i praktyka komunikacji \u2013 CC BY-SA Kultura rycerska poprzez nowe media \u2013 film animowany Sintel zrealizowany za pomoc\u0105 programu Blender 3D (scenariusz) \u2013 CC BY Literacki atlas polski \u2013 CC BY-NC-ND Metaforyczne konceptualizacje poj\u0119cia \u201etekstu\u201d a<span class=\"ellipsis\">&hellip;<\/span><\/p>\n<div class=\"read-more\"><a href=\"https:\/\/pbp.womczest.edu.pl\/new\/wspomaganie\/oferta-wspomagania\/webowa-biblioteka\/webowa-biblioteka-jezyk-polski\/\">Czytaj wi\u0119cej &#8250;<\/a><\/div>\n<p><!-- end of .read-more --><\/p>\n","protected":false},"author":3,"featured_media":0,"parent":4331,"menu_order":0,"comment_status":"closed","ping_status":"open","template":"","meta":{"footnotes":""},"jetpack_sharing_enabled":true,"jetpack_shortlink":"https:\/\/wp.me\/PgmV4H-18a","_links":{"self":[{"href":"https:\/\/pbp.womczest.edu.pl\/new\/wp-json\/wp\/v2\/pages\/4350"}],"collection":[{"href":"https:\/\/pbp.womczest.edu.pl\/new\/wp-json\/wp\/v2\/pages"}],"about":[{"href":"https:\/\/pbp.womczest.edu.pl\/new\/wp-json\/wp\/v2\/types\/page"}],"author":[{"embeddable":true,"href":"https:\/\/pbp.womczest.edu.pl\/new\/wp-json\/wp\/v2\/users\/3"}],"replies":[{"embeddable":true,"href":"https:\/\/pbp.womczest.edu.pl\/new\/wp-json\/wp\/v2\/comments?post=4350"}],"version-history":[{"count":13,"href":"https:\/\/pbp.womczest.edu.pl\/new\/wp-json\/wp\/v2\/pages\/4350\/revisions"}],"predecessor-version":[{"id":16045,"href":"https:\/\/pbp.womczest.edu.pl\/new\/wp-json\/wp\/v2\/pages\/4350\/revisions\/16045"}],"up":[{"embeddable":true,"href":"https:\/\/pbp.womczest.edu.pl\/new\/wp-json\/wp\/v2\/pages\/4331"}],"wp:attachment":[{"href":"https:\/\/pbp.womczest.edu.pl\/new\/wp-json\/wp\/v2\/media?parent=4350"}],"curies":[{"name":"wp","href":"https:\/\/api.w.org\/{rel}","templated":true}]}}