


{"id":4346,"date":"2015-05-19T10:47:51","date_gmt":"2015-05-19T08:47:51","guid":{"rendered":"https:\/\/pbp.womczest.edu.pl\/new\/?page_id=4346"},"modified":"2025-01-31T13:38:21","modified_gmt":"2025-01-31T12:38:21","slug":"webowa-biblioteka-edukacja-dla-bezpieczenstwa","status":"publish","type":"page","link":"https:\/\/pbp.womczest.edu.pl\/new\/wspomaganie\/oferta-wspomagania\/webowa-biblioteka\/webowa-biblioteka-edukacja-dla-bezpieczenstwa\/","title":{"rendered":"Webowa biblioteka \u2013 Edukacja dla bezpiecze\u0144stwa"},"content":{"rendered":"<p><strong><span style=\"color: #000000;\"><span style=\"color: #800000;\">MATERIA\u0141Y DYDAKTYCZNE<\/span><\/span><\/strong><\/p>\n<ul>\n<li><a href=\"https:\/\/pbp.womczest.edu.pl\/new\/wp-content\/uploads\/2020\/02\/bezpieczenstwo-w-sieci-skrypt-28062017-akt-I-str-24-11-2017.pdf\"><em>Bezpiecze\u0144stwo dzieci i m\u0142odzie\u017cy online<\/em> &#8211; CC BY-NC-ND<\/a><\/li>\n<li><em><a href=\"https:\/\/pbp.womczest.edu.pl\/new\/wp-content\/uploads\/2013\/09\/webowa_biblioteka_edukacja_dla_bezpieczenstwa_bezpieczenstwo_dzieci_online.pdf\" target=\"_blank\" rel=\"noopener noreferrer\"><em>Bezpiecze\u0144stwo dzieci online<\/em> \u2013 CC BY-NC-ND<\/a><\/em><\/li>\n<li><a href=\"https:\/\/pbp.womczest.edu.pl\/new\/wp-content\/uploads\/2013\/09\/webowa_biblioteka_edukacja_dla_bezpieczenstwa_bezpieczenstwo_dzieci_w_drodze_do_szkoly_i_w_domu.pdf\" target=\"_blank\" rel=\"noopener noreferrer\"><em>Bezpiecze\u0144stwo dzieci w drodze do szko\u0142y i w domu \u2013 powiedz NIE obcemu<\/em> \u2013 CC-SA-SA-NC<\/a><\/li>\n<li><a href=\"https:\/\/pbp.womczest.edu.pl\/new\/wp-content\/uploads\/2013\/09\/webowa_biblioteka_edukacja_dla_bezpieczenstwa_bibliocamp_dzieci_w_biblio_sieci.pdf\" target=\"_blank\" rel=\"noopener noreferrer\"><em>Bibliocamp. Dzieci w biblio-sieci <\/em>\u2013 CC-BY-SA<\/a><\/li>\n<li><a href=\"https:\/\/pbp.womczest.edu.pl\/new\/wp-content\/uploads\/2013\/09\/webowa_biblioteka_edukacja_dla_bezpieczenstwa_browsing_wirtualne_zagrozenia.pdf\" target=\"_blank\" rel=\"noopener noreferrer\"><em>Browsing. \u201eWirtualne\u201d zagro\u017cenia <\/em>\u2013 CC-BY-SA<\/a><\/li>\n<li><a href=\"https:\/\/pbp.womczest.edu.pl\/new\/wp-content\/uploads\/2025\/01\/dziecko_media_rozwoj_e-book.pdf\"><em>Dziecko &#8211; media &#8211; rozw\u00f3j : o konsekwencjach obecno\u015bci medi\u00f3w w \u017cyciu dziecka<\/em> &#8211; CC BY-NC<\/a><\/li>\n<li><a href=\"https:\/\/pbp.womczest.edu.pl\/new\/wp-content\/uploads\/2013\/09\/webowa_biblioteka_edukacja_dla_bezpieczenstwa_dziecko_w_sieci.pdf\" target=\"_blank\" rel=\"noopener noreferrer\"><em>Dziecko w sieci<\/em> \u2013 EFS<\/a><\/li>\n<li><a href=\"https:\/\/zdalnie.edu-akcja.pl\/wp-content\/uploads\/2020\/04\/Edukacja_w_czasach_pandemii.pdf\"><em>Edukacja w czasach pandemii wirusa COVID-19 : z dystansem o tym, co robimy obecnie jako nauczyciele<\/em> &#8211; CC BY-NC-ND<\/a><\/li>\n<li><a href=\"https:\/\/pbp.womczest.edu.pl\/new\/wp-content\/uploads\/2015\/05\/Handel-dzie\u0107mi.pdf\"><em>Handel dzie\u0107mi : scenariusz dla uczni\u00f3w szk\u00f3\u0142 ponadpodstawowych<\/em> &#8211; CC BY NC<\/a><\/li>\n<li><a href=\"https:\/\/pbp.womczest.edu.pl\/new\/wp-content\/uploads\/2013\/09\/webowa_biblioteka_edukacja_dla_bezpieczenstwa_jak_bezpiecznie_zwiedzac_cyfrowy_swiat.pdf\" target=\"_blank\" rel=\"noopener noreferrer\"><em>Jak bezpiecznie zwiedza\u0107 cyfrowy \u015bwiat<\/em> \u2013 EFS<\/a><\/li>\n<li><a href=\"https:\/\/sklep.poradniak.pl\/blog\/aktualnosci\/koronawirus-ksiazka-dla-dzieci-pobierz-za-darmo?fbclid=IwAR3CWIwlZrW5CAENjMMIBQX9rEwkZSOUMPmPnEDXOm1yqN1YgcW_yuXIvlI\"><em>Koronawirus. Ksi\u0105\u017cka dla dzieci<\/em><\/a><\/li>\n<li><em><a href=\"https:\/\/pbp.womczest.edu.pl\/new\/wp-content\/uploads\/2015\/05\/01-Poradnik-PPwR.pdf\">Poradnik dla s\u0142uchacza kursu specjalistycznego z zakresu przeciwdzia\u0142ania pomocy w rodzinie &#8211; <\/a><\/em><a href=\"https:\/\/pbp.womczest.edu.pl\/new\/wp-content\/uploads\/2015\/05\/01-Poradnik-PPwR.pdf\">CC-BY-NC<\/a><\/li>\n<li><a href=\"https:\/\/pbp.womczest.edu.pl\/new\/wp-content\/uploads\/2022\/01\/Szczepienia_scenariusze_-_przedszkole.pdf\">Szczepienia<\/a><\/li>\n<li><a href=\"https:\/\/pbp.womczest.edu.pl\/new\/wp-content\/uploads\/2022\/01\/Szczepienia_scenariusze_-_przedszkole.pdf\">Profilaktyka chor\u00f3b zaka\u017anych &#8211; szczepienia. Przyk\u0142adowe scenariusze zaj\u0119\u0107 edukacyjnych dla nauczycieli wychowania przedszkolnego &#8211; CC BY-NC<\/a><\/li>\n<li><a href=\"https:\/\/pbp.womczest.edu.pl\/new\/wp-content\/uploads\/2013\/09\/webowa_biblioteka_edukacja_dla_bezpieczenstwa_przysposobienie_obronne.pdf\" target=\"_blank\" rel=\"noopener noreferrer\"><em>Przysposobienie obronne<\/em> \u2013 CC-BY-SA <\/a><\/li>\n<li><a href=\"https:\/\/pbp.womczest.edu.pl\/new\/wp-content\/uploads\/2013\/09\/webowa_biblioteka_edukacja_dla_bezpieczenstwa_strategia_bezpieczenstwa_narodowego_rzeczypospolitej_polskiej.pdf\" target=\"_blank\" rel=\"noopener noreferrer\">Strategia bezpiecze\u0144stwa narodowego Rzeczypospolitej Polskiej \u2013 CY-BY-SA<\/a><\/li>\n<li><a href=\"https:\/\/pbp.womczest.edu.pl\/new\/wp-content\/uploads\/2013\/09\/webowa_biblioteka_edukacja_dla_bezpieczenstwa_strategia_obronnosci_rzeczypospolitej_polskiej.pdf\" target=\"_blank\" rel=\"noopener noreferrer\"><em>Strategia obronno\u015bci Rzeczypospolitej Polskiej<\/em> \u2013 CC-BY-SA<\/a><\/li>\n<li><a href=\"https:\/\/pbp.womczest.edu.pl\/new\/wp-content\/uploads\/2013\/09\/webowa_biblioteka_edukacja_dla_bezpieczenstwa_zagrozenia_cyberprzestrzeni.pdf\" target=\"_blank\" rel=\"noopener noreferrer\"><em>Zagro\u017cenia cyberprzestrzeni<\/em> \u2013 EFS<\/a><\/li>\n<li><a href=\"https:\/\/pnwm.org\/wp-content\/uploads\/2023\/05\/sztuka-zycia-PL.pdf\"><em>Zdrowie emocjonalne m\u0142odzie\u017cy. 10 wzmacniaj\u0105cych praktyk<\/em> &#8211; CC BY-NC-SA<\/a><\/li>\n<\/ul>\n","protected":false},"excerpt":{"rendered":"<p>MATERIA\u0141Y DYDAKTYCZNE Bezpiecze\u0144stwo dzieci i m\u0142odzie\u017cy online &#8211; CC BY-NC-ND Bezpiecze\u0144stwo dzieci online \u2013 CC BY-NC-ND Bezpiecze\u0144stwo dzieci w drodze do szko\u0142y i w domu \u2013 powiedz NIE obcemu \u2013 CC-SA-SA-NC Bibliocamp. Dzieci w biblio-sieci \u2013 CC-BY-SA Browsing. \u201eWirtualne\u201d zagro\u017cenia \u2013 CC-BY-SA Dziecko &#8211; media &#8211; rozw\u00f3j : o konsekwencjach obecno\u015bci medi\u00f3w w \u017cyciu dziecka &#8211; CC BY-NC Dziecko w sieci \u2013 EFS Edukacja w czasach pandemii wirusa COVID-19 :<span class=\"ellipsis\">&hellip;<\/span><\/p>\n<div class=\"read-more\"><a href=\"https:\/\/pbp.womczest.edu.pl\/new\/wspomaganie\/oferta-wspomagania\/webowa-biblioteka\/webowa-biblioteka-edukacja-dla-bezpieczenstwa\/\">Czytaj wi\u0119cej &#8250;<\/a><\/div>\n<p><!-- end of .read-more --><\/p>\n","protected":false},"author":3,"featured_media":0,"parent":4331,"menu_order":0,"comment_status":"closed","ping_status":"open","template":"","meta":{"footnotes":""},"jetpack_sharing_enabled":true,"jetpack_shortlink":"https:\/\/wp.me\/PgmV4H-186","_links":{"self":[{"href":"https:\/\/pbp.womczest.edu.pl\/new\/wp-json\/wp\/v2\/pages\/4346"}],"collection":[{"href":"https:\/\/pbp.womczest.edu.pl\/new\/wp-json\/wp\/v2\/pages"}],"about":[{"href":"https:\/\/pbp.womczest.edu.pl\/new\/wp-json\/wp\/v2\/types\/page"}],"author":[{"embeddable":true,"href":"https:\/\/pbp.womczest.edu.pl\/new\/wp-json\/wp\/v2\/users\/3"}],"replies":[{"embeddable":true,"href":"https:\/\/pbp.womczest.edu.pl\/new\/wp-json\/wp\/v2\/comments?post=4346"}],"version-history":[{"count":16,"href":"https:\/\/pbp.womczest.edu.pl\/new\/wp-json\/wp\/v2\/pages\/4346\/revisions"}],"predecessor-version":[{"id":26385,"href":"https:\/\/pbp.womczest.edu.pl\/new\/wp-json\/wp\/v2\/pages\/4346\/revisions\/26385"}],"up":[{"embeddable":true,"href":"https:\/\/pbp.womczest.edu.pl\/new\/wp-json\/wp\/v2\/pages\/4331"}],"wp:attachment":[{"href":"https:\/\/pbp.womczest.edu.pl\/new\/wp-json\/wp\/v2\/media?parent=4346"}],"curies":[{"name":"wp","href":"https:\/\/api.w.org\/{rel}","templated":true}]}}