


{"id":4337,"date":"2015-05-19T10:44:28","date_gmt":"2015-05-19T08:44:28","guid":{"rendered":"https:\/\/pbp.womczest.edu.pl\/new\/?page_id=4337"},"modified":"2022-08-03T12:21:57","modified_gmt":"2022-08-03T10:21:57","slug":"webowa-biblioteka-pedagogika-specjalna","status":"publish","type":"page","link":"https:\/\/pbp.womczest.edu.pl\/new\/wspomaganie\/oferta-wspomagania\/webowa-biblioteka\/webowa-biblioteka-pedagogika-specjalna\/","title":{"rendered":"Webowa biblioteka \u2013 Pedagogika specjalna"},"content":{"rendered":"<hr \/>\n<p>&nbsp;<\/p>\n<ul>\n<li><a href=\"https:\/\/pbp.womczest.edu.pl\/new\/wp-content\/uploads\/2015\/05\/poradnik-dla-bibliotekarzy-autyzm.pdf\"><em>Bibliotekarzu zaprzyja\u017anij\u00a0si\u0119 z osob\u0105 z autyzmem.\u00a0Poradnik<\/em> &#8211; CC BY-SA<\/a><\/li>\n<li><a href=\"https:\/\/pbp.womczest.edu.pl\/new\/wp-content\/uploads\/2015\/05\/czerwone_noski_broszura_150709_v4_ts.pdf\"><em>Czerwone Noski &#8211; Klown w Szpitalu<\/em> &#8211; CC BY<\/a><\/li>\n<li><a href=\"\/images\/stories\/webowa_biblioteka\/pedagogika_specjalna\/edukacja_globalna_w_nauczaniu_uczniow_i_uczennic_ze_specjalnymi_potrzebami_edukacyjnymi.pdf\" target=\"_blank\" rel=\"noopener noreferrer\"><em>Edukacja globalna w nauczaniu uczni\u00f3w i uczennic ze specjalnymi potrzebami edukacyjnymi<\/em> \u2013 CC-BY<\/a><\/li>\n<li><a href=\"\/images\/stories\/webowa_biblioteka\/pedagogika_specjalna\/e_podrecznik_dostepny_dla_wszystkich.pdf\" target=\"_blank\" rel=\"noopener noreferrer\"><em>E-podr\u0119cznik dost\u0119pny dla wszystkich. Poradnik dla tw\u00f3rc\u00f3w elektronicznych materia\u0142\u00f3w edukacyjnych<\/em> \u2013 EFS, CC-BY<\/a><\/li>\n<li><a href=\"\/images\/stories\/webowa_biblioteka\/pedagogika_specjalna\/informacja_dla_wszystkich.pdf\" target=\"_blank\" rel=\"noopener noreferrer\"><em>Informacja dla wszystkich<\/em> \u2013 CC-BY<\/a><\/li>\n<li><a href=\"\/images\/stories\/webowa_biblioteka\/pedagogika_specjalna\/jestem_mama.pdf\" target=\"_blank\" rel=\"noopener noreferrer\"><em>Jestem mam\u0105. Nie rehabilitantk\u0105. Jestem tat\u0105. Nie terapeut\u0105<\/em> \u2013 CC-BY<\/a><\/li>\n<li><a href=\"\/images\/stories\/webowa_biblioteka\/pedagogika_specjalna\/jestesmy_sobie_potrzebni.pdf\" target=\"_blank\" rel=\"noopener noreferrer\"><em>Jeste\u015bmy sobie potrzebni. Asystent osobisty osoby niepe\u0142nosprawnej<\/em> \u2013 CC-BY-SA<\/a><\/li>\n<li><a href=\"https:\/\/pbp.womczest.edu.pl\/new\/wp-content\/uploads\/2022\/03\/kapital-roznorodnosci-ore.pdf\"><em>Kapita\u0142 r\u00f3\u017cnorodno\u015bci. Doradztwo zawodowe dla uczni\u00f3w ze zr\u00f3\u017cnicowanymi potrzebami edukacyjnymi<\/em> -CC BY-SA<\/a><\/li>\n<li><a href=\"https:\/\/epodreczniki.pl\/a\/lektury-dostepne\/D1HUbVOK5\"><em>Lektury dost\u0119pne<\/em><\/a><\/li>\n<li><a href=\"https:\/\/pbp.womczest.edu.pl\/new\/wp-content\/uploads\/2015\/05\/mam-zesp\u00f3\u0142-aspergera.pdf\"><em>Mam zesp\u00f3\u0142 Aspergera<\/em>\u00a0&#8211; CC BY<\/a><\/li>\n<li><a href=\"https:\/\/pbp.womczest.edu.pl\/new\/wp-content\/uploads\/2015\/05\/Model_Wspolpracy_materialy_dla_uczestnikow_konferencji.pdf\"><em>Model wsp\u00f3\u0142pracy plac\u00f3wek i instytucji o\u015bwiatowych realizuj\u0105cych kszta\u0142cenie dzieci i m\u0142odzie\u017cy ze specjalnymi potrzebami edukacyjnymi<\/em> &#8211; CC BY-NC<\/a><\/li>\n<li><a href=\"\/images\/stories\/webowa_biblioteka\/pedagogika_specjalna\/moje_dziecko_w_przedszkolu_i_szkole.pdf\" target=\"_blank\" rel=\"noopener noreferrer\"><em>Moje dziecko w przedszkolu i szkole. Poradnik dla rodzic\u00f3w uczni\u00f3w ze specjalnymi potrzebami edukacyjnymi<\/em> \u2013 EFS<\/a><\/li>\n<li><a href=\"\/images\/stories\/webowa_biblioteka\/pedagogika_specjalna\/niepubliczne_agencje_zatrudnienia.pdf\" target=\"_blank\" rel=\"noopener noreferrer\"><em>Niepubliczne agencje zatrudnienia os\u00f3b niepe\u0142nosprawnych<\/em> \u2013 CC-BY-SA<\/a><\/li>\n<li><a href=\"https:\/\/pbp.womczest.edu.pl\/new\/wp-content\/uploads\/2022\/07\/Poradnik_dla_sektora_kultury_w_zakresie_zapewniania_dostepnosci.pdf\"><em>Poradnik dla sektora kultury w zakresie zapewniania dost\u0119pno\u015bci<\/em> &#8211; EFS<\/a><\/li>\n<li><a href=\"https:\/\/pbp.womczest.edu.pl\/new\/wp-content\/uploads\/2015\/05\/Przemoc-rowiesnicza-wobec-dzieci-ze-SPE.pdf\"><em>Przemoc r\u00f3wie\u015bnicza wobec dzieci ze SPE<\/em> &#8211; \u00a0CC BY-NC<\/a><\/li>\n<li><a href=\"\/images\/stories\/webowa_biblioteka\/pedagogika_specjalna\/teatr_baj.pdf\" target=\"_blank\" rel=\"noopener noreferrer\"><em>Teatr BAJ. Przewodnik dla os\u00f3b ze spektrum autyzmu<\/em> \u2013 CC-BY-SA<\/a><\/li>\n<li><a href=\"https:\/\/pbp.womczest.edu.pl\/new\/wp-content\/uploads\/2022\/07\/tik-na-specjalne-zamowienie.pdf\"><em>TIK na specjalne zam\u00f3wienie, czyli jak efektywnie wykorzystywa\u0107 technologie informacyjno-komunikacyjne w edukacji terapii uczni\u00f3w ze specjalnymi potrzebami edukacyjnymi<\/em> &#8211; CC BY-NC<\/a><\/li>\n<li><a href=\"https:\/\/pbp.womczest.edu.pl\/new\/wp-content\/uploads\/2015\/05\/Tworzenie_warunkow_edukacyjnych_dla_uczniow_z_niepelnosprawnoscia_14_12_2016.pdf\"><em>Tworzenie warunk\u00f3w edukacyjnych dla ucznia z niepe\u0142nosprawno\u015bci\u0105 intelektualn\u0105 w stopniu lekkim<\/em> &#8211; CC BY-ND<\/a><\/li>\n<li><a href=\"https:\/\/pbp.womczest.edu.pl\/new\/wp-content\/uploads\/2018\/05\/J.Rafal-uniewskaWczesne-wspomaganie-rozwoju-dziecka.pdf\"><em>Wczesne wspomaganie rozwoju dziecka w teorii i praktyce<\/em> &#8211; CC BY-NC<\/a><\/li>\n<li><a href=\"https:\/\/pbp.womczest.edu.pl\/new\/wp-content\/uploads\/2019\/05\/wykorzystanie_tik_w_nauczaniu_i_uczeniu_sie_uczniow_ze_spe.pdf\"><em>Wykorzystanie TIK w_nauczaniu_i_uczeniu_si\u0119 uczni\u00f3w_ze specjalnymi potrzebami edukacyjnymi<\/em>&#8211; CC BY-NC<\/a><\/li>\n<li><a href=\"https:\/\/pbp.womczest.edu.pl\/new\/wp-content\/uploads\/2020\/03\/zalecenia_do_prowadzenia_zajec_indywidualnych.pdf\"><em>Zalecenia do prowadzenia zaj\u0119\u0107 indywidualnych z wykorzystaniem AAC w pracy z osobami z autyzmem<\/em> &#8211; CC BY-NC-SA<\/a><\/li>\n<\/ul>\n","protected":false},"excerpt":{"rendered":"<p>&nbsp; Bibliotekarzu zaprzyja\u017anij\u00a0si\u0119 z osob\u0105 z autyzmem.\u00a0Poradnik &#8211; CC BY-SA Czerwone Noski &#8211; Klown w Szpitalu &#8211; CC BY Edukacja globalna w nauczaniu uczni\u00f3w i uczennic ze specjalnymi potrzebami edukacyjnymi \u2013 CC-BY E-podr\u0119cznik dost\u0119pny dla wszystkich. Poradnik dla tw\u00f3rc\u00f3w elektronicznych materia\u0142\u00f3w edukacyjnych \u2013 EFS, CC-BY Informacja dla wszystkich \u2013 CC-BY Jestem mam\u0105. Nie rehabilitantk\u0105. Jestem tat\u0105. Nie terapeut\u0105 \u2013 CC-BY Jeste\u015bmy sobie potrzebni. Asystent osobisty osoby niepe\u0142nosprawnej \u2013 CC-BY-SA Kapita\u0142<span class=\"ellipsis\">&hellip;<\/span><\/p>\n<div class=\"read-more\"><a href=\"https:\/\/pbp.womczest.edu.pl\/new\/wspomaganie\/oferta-wspomagania\/webowa-biblioteka\/webowa-biblioteka-pedagogika-specjalna\/\">Czytaj wi\u0119cej &#8250;<\/a><\/div>\n<p><!-- end of .read-more --><\/p>\n","protected":false},"author":3,"featured_media":0,"parent":4331,"menu_order":0,"comment_status":"closed","ping_status":"open","template":"","meta":{"footnotes":""},"jetpack_sharing_enabled":true,"jetpack_shortlink":"https:\/\/wp.me\/PgmV4H-17X","_links":{"self":[{"href":"https:\/\/pbp.womczest.edu.pl\/new\/wp-json\/wp\/v2\/pages\/4337"}],"collection":[{"href":"https:\/\/pbp.womczest.edu.pl\/new\/wp-json\/wp\/v2\/pages"}],"about":[{"href":"https:\/\/pbp.womczest.edu.pl\/new\/wp-json\/wp\/v2\/types\/page"}],"author":[{"embeddable":true,"href":"https:\/\/pbp.womczest.edu.pl\/new\/wp-json\/wp\/v2\/users\/3"}],"replies":[{"embeddable":true,"href":"https:\/\/pbp.womczest.edu.pl\/new\/wp-json\/wp\/v2\/comments?post=4337"}],"version-history":[{"count":23,"href":"https:\/\/pbp.womczest.edu.pl\/new\/wp-json\/wp\/v2\/pages\/4337\/revisions"}],"predecessor-version":[{"id":20954,"href":"https:\/\/pbp.womczest.edu.pl\/new\/wp-json\/wp\/v2\/pages\/4337\/revisions\/20954"}],"up":[{"embeddable":true,"href":"https:\/\/pbp.womczest.edu.pl\/new\/wp-json\/wp\/v2\/pages\/4331"}],"wp:attachment":[{"href":"https:\/\/pbp.womczest.edu.pl\/new\/wp-json\/wp\/v2\/media?parent=4337"}],"curies":[{"name":"wp","href":"https:\/\/api.w.org\/{rel}","templated":true}]}}