


{"id":4331,"date":"2015-05-19T10:39:13","date_gmt":"2015-05-19T08:39:13","guid":{"rendered":"https:\/\/pbp.womczest.edu.pl\/new\/?page_id=4331"},"modified":"2015-05-19T11:00:39","modified_gmt":"2015-05-19T09:00:39","slug":"webowa-biblioteka","status":"publish","type":"page","link":"https:\/\/pbp.womczest.edu.pl\/new\/wspomaganie\/oferta-wspomagania\/webowa-biblioteka\/","title":{"rendered":"Webowa biblioteka"},"content":{"rendered":"<hr \/>\n<p>Materia\u0142y zawarte w Bibliotece Webowej zosta\u0142y udost\u0119pnione do wykorzystania w pracy dydaktycznej i naukowej nauczycieli wszystkich typ\u00f3w szk\u00f3\u0142 i plac\u00f3wek.<\/p>\n<p style=\"text-align: center;\"><strong>Wykaz przedmiot\u00f3w\/materia\u0142y do pobrania<\/strong><strong><br \/>\n<\/strong><\/p>\n<table style=\"width: 580px; height: 439px;\" border=\"0\">\n<tbody>\n<tr style=\"text-align: center;\">\n<td style=\"border: none;\">\n<p style=\"text-align: center;\"><a href=\"https:\/\/pbp.womczest.edu.pl\/new\/wspomaganie\/oferta-wspomagania\/webowa-biblioteka\/webowa-biblioteka-edukacja-przedszkolna-i-wczesnoszkolna\/\" target=\"_blank\"><img decoding=\"async\" class=\" size-full wp-image-1268\" src=\"https:\/\/pbp.womczest.edu.pl\/new\/wp-content\/uploads\/2013\/08\/webowa_biblioteka_edukacja_przedszkolna.jpg\" alt=\"\" width=\"120\" border=\"0\" \/><\/a><\/p>\n<\/td>\n<td style=\"border: none;\">\n<p style=\"text-align: center;\"><em><strong><a href=\"https:\/\/pbp.womczest.edu.pl\/new\/wspomaganie\/oferta-wspomagania\/webowa-biblioteka\/webowa-biblioteka-informatyka\/\" target=\"_blank\"><img decoding=\"async\" class=\" size-full wp-image-1269\" src=\"https:\/\/pbp.womczest.edu.pl\/new\/wp-content\/uploads\/2013\/08\/webowa_biblioteka_informatyka.jpg\" alt=\"\" width=\"120\" border=\"0\" \/><\/a><br \/>\n<\/strong><\/em><\/p>\n<\/td>\n<td style=\"border: none;\">\n<p style=\"text-align: center;\"><a href=\"https:\/\/pbp.womczest.edu.pl\/new\/wspomaganie\/oferta-wspomagania\/webowa-biblioteka\/webowa-biblioteka-religia-etyka\/\" target=\"_blank\"><em><strong><img decoding=\"async\" class=\" size-full wp-image-1270\" src=\"https:\/\/pbp.womczest.edu.pl\/new\/wp-content\/uploads\/2013\/08\/webowa_biblioteka_religia_etyka.jpg\" alt=\"\" width=\"120\" border=\"0\" \/><\/strong><\/em><\/a><\/p>\n<\/td>\n<\/tr>\n<tr style=\"text-align: center;\">\n<td style=\"text-align: center; border: none;\"><a href=\"https:\/\/pbp.womczest.edu.pl\/new\/wspomaganie\/oferta-wspomagania\/webowa-biblioteka\/webowa-biblioteka-jezyk-polski\/\" target=\"_blank\"><em><strong><img decoding=\"async\" class=\" size-full wp-image-1271\" src=\"https:\/\/pbp.womczest.edu.pl\/new\/wp-content\/uploads\/2013\/08\/webowa_biblioteka_polski.jpg\" alt=\"\" width=\"120\" border=\"0\" \/><\/strong><\/em><\/a><\/td>\n<td style=\"border: none;\">\n<p style=\"text-align: center;\"><em><strong><a href=\"https:\/\/pbp.womczest.edu.pl\/new\/wspomaganie\/oferta-wspomagania\/webowa-biblioteka\/webowa-biblioteka-przyroda-geografia\/\" target=\"_blank\"><img decoding=\"async\" loading=\"lazy\" class=\" size-full wp-image-1272\" style=\"border: 0px none;\" src=\"https:\/\/pbp.womczest.edu.pl\/new\/wp-content\/uploads\/2013\/08\/webowa_biblioteka_przyroda_geografia.jpg\" alt=\"\" width=\"120\" height=\"45\" border=\"0\" \/><\/a><br \/>\n<\/strong><\/em><\/p>\n<\/td>\n<td style=\"border: none;\">\n<p style=\"text-align: center;\"><a href=\"https:\/\/pbp.womczest.edu.pl\/new\/wspomaganie\/oferta-wspomagania\/webowa-biblioteka\/webowa-biblioteka-czasopisma\/\" target=\"_blank\"><em><strong><em><strong><img decoding=\"async\" loading=\"lazy\" class=\" size-full wp-image-1273\" style=\"border: 0px none;\" src=\"https:\/\/pbp.womczest.edu.pl\/new\/wp-content\/uploads\/2013\/08\/webowa_biblioteka_czasopisma.jpg\" alt=\"\" width=\"120\" height=\"45\" border=\"0\" \/><\/strong><\/em><\/strong><\/em><\/a><\/p>\n<\/td>\n<\/tr>\n<tr style=\"text-align: center;\">\n<td style=\"border: none;\">\n<p style=\"text-align: center;\"><a href=\"https:\/\/pbp.womczest.edu.pl\/new\/wspomaganie\/oferta-wspomagania\/webowa-biblioteka\/webowa-biblioteka-jezyk-obcy-nowozytny\/\" target=\"_blank\"><img decoding=\"async\" class=\" size-full wp-image-1274\" src=\"https:\/\/pbp.womczest.edu.pl\/new\/wp-content\/uploads\/2013\/08\/webowa_biblioteka_obcy.jpg\" alt=\"\" width=\"120\" border=\"0\" \/><\/a><\/p>\n<\/td>\n<td style=\"border: none;\">\n<p style=\"text-align: center;\"><em><strong><a href=\"https:\/\/pbp.womczest.edu.pl\/new\/wspomaganie\/oferta-wspomagania\/webowa-biblioteka\/webowa-biblioteka-kultura-i-sztuka\/\" target=\"_blank\"><img decoding=\"async\" class=\" size-full wp-image-1275\" src=\"https:\/\/pbp.womczest.edu.pl\/new\/wp-content\/uploads\/2013\/08\/webowa_biblioteka_kultura.jpg\" alt=\"\" width=\"120\" border=\"0\" \/><\/a><br \/>\n<\/strong><\/em><\/p>\n<\/td>\n<td style=\"border: none;\">\n<p style=\"text-align: center;\"><em><strong><a href=\"https:\/\/pbp.womczest.edu.pl\/new\/wspomaganie\/oferta-wspomagania\/webowa-biblioteka\/webowa-biblioteka-nauka-biblioteki\/\" target=\"_blank\"><img decoding=\"async\" loading=\"lazy\" class=\" size-full wp-image-1276\" style=\"border: 0px none;\" src=\"https:\/\/pbp.womczest.edu.pl\/new\/wp-content\/uploads\/2013\/08\/webowa_biblioteka_biblioteki.jpg\" alt=\"\" width=\"120\" height=\"45\" border=\"0\" \/><\/a><br \/>\n<\/strong><\/em><\/p>\n<\/td>\n<\/tr>\n<tr style=\"text-align: center;\">\n<td style=\"border: none;\">\n<p style=\"text-align: center;\"><a href=\"https:\/\/pbp.womczest.edu.pl\/new\/wspomaganie\/oferta-wspomagania\/webowa-biblioteka\/webowa-biblioteka-historia-i-spoleczenstwo\/\" target=\"_blank\"><img decoding=\"async\" class=\" size-full wp-image-1277\" src=\"https:\/\/pbp.womczest.edu.pl\/new\/wp-content\/uploads\/2013\/08\/webowa_biblioteka_historia.jpg\" alt=\"\" width=\"120\" border=\"0\" \/><\/a><\/p>\n<\/td>\n<td style=\"border: none;\">\n<p style=\"text-align: center;\"><em><strong><a href=\"https:\/\/pbp.womczest.edu.pl\/new\/wspomaganie\/oferta-wspomagania\/webowa-biblioteka\/webowa-biblioteka-wychowanie-fizyczne\/\" target=\"_blank\"><img decoding=\"async\" class=\" size-full wp-image-1278\" src=\"https:\/\/pbp.womczest.edu.pl\/new\/wp-content\/uploads\/2013\/08\/webowa_biblioteka_wf.jpg\" alt=\"\" width=\"120\" border=\"0\" \/><\/a><br \/>\n<\/strong><\/em><\/p>\n<\/td>\n<td style=\"border: none;\">\n<p style=\"text-align: center;\"><em><strong><a href=\"https:\/\/pbp.womczest.edu.pl\/new\/wspomaganie\/oferta-wspomagania\/webowa-biblioteka\/webowa-biblioteka-edukacja-dla-bezpieczenstwa\/\" target=\"_blank\"><img decoding=\"async\" class=\" size-full wp-image-1279\" src=\"https:\/\/pbp.womczest.edu.pl\/new\/wp-content\/uploads\/2013\/08\/webowa_biblioteka_edukacja_dla_bezpieczenstwa.jpg\" alt=\"\" width=\"120\" border=\"0\" \/><\/a><br \/>\n<\/strong><\/em><\/p>\n<\/td>\n<\/tr>\n<tr style=\"text-align: center;\">\n<td style=\"border: none;\">\n<p style=\"text-align: center;\"><a href=\"https:\/\/pbp.womczest.edu.pl\/new\/wspomaganie\/oferta-wspomagania\/webowa-biblioteka\/webowa-biblioteka-nauki-scisle\/\" target=\"_blank\"><img decoding=\"async\" loading=\"lazy\" class=\" size-full wp-image-1280\" src=\"https:\/\/pbp.womczest.edu.pl\/new\/wp-content\/uploads\/2013\/08\/webowa_biblioteka_nauki_scisle.jpg\" alt=\"\" width=\"120\" height=\"45\" border=\"0\" \/><\/a><\/p>\n<\/td>\n<td style=\"border: none;\">\n<p style=\"text-align: center;\"><em><strong><a href=\"https:\/\/pbp.womczest.edu.pl\/new\/wspomaganie\/oferta-wspomagania\/webowa-biblioteka\/webowa-biblioteka-wychowanie-godzina-z-wychowawca\/\" target=\"_blank\"><img decoding=\"async\" loading=\"lazy\" class=\" size-full wp-image-1281\" style=\"border: 0px none;\" src=\"https:\/\/pbp.womczest.edu.pl\/new\/wp-content\/uploads\/2013\/08\/webowa_biblioteka_wychowanie.jpg\" alt=\"\" width=\"120\" height=\"45\" border=\"0\" \/><\/a><br \/>\n<\/strong><\/em><\/p>\n<\/td>\n<td style=\"border: none;\">\n<p style=\"text-align: center;\"><a href=\"https:\/\/pbp.womczest.edu.pl\/new\/wspomaganie\/oferta-wspomagania\/webowa-biblioteka\/webowa-biblioteka-pedagogika-specjalna\/\" target=\"_blank\"><em><strong><img decoding=\"async\" class=\" size-full wp-image-1282\" src=\"https:\/\/pbp.womczest.edu.pl\/new\/wp-content\/uploads\/2013\/08\/webowa_biblioteka_pedagogika_specjalna.jpg\" alt=\"\" width=\"120\" \/><\/strong><\/em><\/a><\/p>\n<\/td>\n<\/tr>\n<\/tbody>\n<\/table>\n","protected":false},"excerpt":{"rendered":"<p>Materia\u0142y zawarte w Bibliotece Webowej zosta\u0142y udost\u0119pnione do wykorzystania w pracy dydaktycznej i naukowej nauczycieli wszystkich typ\u00f3w szk\u00f3\u0142 i plac\u00f3wek. Wykaz przedmiot\u00f3w\/materia\u0142y do pobrania<\/p>\n","protected":false},"author":3,"featured_media":0,"parent":2653,"menu_order":0,"comment_status":"closed","ping_status":"open","template":"","meta":{"footnotes":""},"jetpack_sharing_enabled":true,"jetpack_shortlink":"https:\/\/wp.me\/PgmV4H-17R","_links":{"self":[{"href":"https:\/\/pbp.womczest.edu.pl\/new\/wp-json\/wp\/v2\/pages\/4331"}],"collection":[{"href":"https:\/\/pbp.womczest.edu.pl\/new\/wp-json\/wp\/v2\/pages"}],"about":[{"href":"https:\/\/pbp.womczest.edu.pl\/new\/wp-json\/wp\/v2\/types\/page"}],"author":[{"embeddable":true,"href":"https:\/\/pbp.womczest.edu.pl\/new\/wp-json\/wp\/v2\/users\/3"}],"replies":[{"embeddable":true,"href":"https:\/\/pbp.womczest.edu.pl\/new\/wp-json\/wp\/v2\/comments?post=4331"}],"version-history":[{"count":4,"href":"https:\/\/pbp.womczest.edu.pl\/new\/wp-json\/wp\/v2\/pages\/4331\/revisions"}],"predecessor-version":[{"id":5086,"href":"https:\/\/pbp.womczest.edu.pl\/new\/wp-json\/wp\/v2\/pages\/4331\/revisions\/5086"}],"up":[{"embeddable":true,"href":"https:\/\/pbp.womczest.edu.pl\/new\/wp-json\/wp\/v2\/pages\/2653"}],"wp:attachment":[{"href":"https:\/\/pbp.womczest.edu.pl\/new\/wp-json\/wp\/v2\/media?parent=4331"}],"curies":[{"name":"wp","href":"https:\/\/api.w.org\/{rel}","templated":true}]}}