


{"id":4324,"date":"2015-05-19T10:35:39","date_gmt":"2015-05-19T08:35:39","guid":{"rendered":"https:\/\/pbp.womczest.edu.pl\/new\/?page_id=4324"},"modified":"2015-05-19T10:35:39","modified_gmt":"2015-05-19T08:35:39","slug":"spotkanie-z-lektura-2007","status":"publish","type":"page","link":"https:\/\/pbp.womczest.edu.pl\/new\/edukacja\/konkursy\/spotkanie-z-lektura\/spotkanie-z-lektura-2007\/","title":{"rendered":"\u201eSpotkanie z lektur\u0105\u201d 2007"},"content":{"rendered":"<hr \/>\n<p style=\"text-align: center;\"><strong>Mi\u0119dzyszkolny Konkurs Czytelniczy i Plastyczny \u201eSpotkanie z lektur\u0105\u201d <\/strong><strong>\u2013 2007<\/strong><\/p>\n<p style=\"text-align: justify;\">24 maja 2007 roku w Regionalnym O\u015brodku Doskonalenia Nauczycieli \u201eWOM\u201d w Cz\u0119stochowie odby\u0142a si\u0119 IV edycja Mi\u0119dzyszkolnego Konkursu Czytelniczego \u201eSpotkanie z lektur\u0105\u201d.<br \/>\nJego celem jest propagowanie literatury dzieci\u0119cej oraz rozbudzanie zainteresowa\u0144 czytelniczych uczni\u00f3w.<br \/>\nKonkurs zosta\u0142 zorganizowany przez nauczycieli bibliotekarzy Publicznej Biblioteki Pedagogicznej RODN \u201eWOM\u201d w Cz\u0119stochowie (Izabela Bajor, Agnieszka Chmielewska, Anna D\u0105browska, Anna Hiller, Katarzyna Kucharzewska) oraz nauczycieli bibliotekarzy Szko\u0142y Podstawowej nr 39 im. M. Konopnickiej w Cz\u0119stochowie (Agnieszka Centkowska i Wanda Kolman).<br \/>\nW spotkaniu uczestniczyli zaproszeni go\u015bcie: Pani Ma\u0142gorzata Deska \u2013 podinspektor Wydzia\u0142u Edukacji Urz\u0119du Miasta Cz\u0119stochowy, Pani El\u017cbieta Szaraniec \u2013 wicedyrektor SP nr 39 w Cz\u0119stochowie. W imieniu organizator\u00f3w go\u015bci i uczestnik\u00f3w konkursu powita\u0142a Pani Renata Lipniewska \u2013 wicedyrektor RODN \u201eWOM\u201d ds. bibliotek pedagogicznych.<br \/>\nKonkurs zosta\u0142 przeprowadzony w formie wsp\u00f3\u0142zawodnictwa trzyosobowych dru\u017cyn z 13 cz\u0119stochowskich szk\u00f3\u0142 podstawowych. Poziom wiedzy uczni\u00f3w by\u0142 bardzo wyr\u00f3wnany.<br \/>\nRozstrzygni\u0119cie konkursu nast\u0105pi\u0142o w tym samym dniu. W czasie oczekiwania na wyniki uczniowie obejrzeli bibliotek\u0119 pedagogiczn\u0105. Zosta\u0142 zorganizowany r\u00f3wnie\u017c s\u0142odki pocz\u0119stunek. Wszyscy uczestnicy i ich opiekunowie otrzymali dyplomy gratulacyjne i drobne upominki.<\/p>\n<p>Komisja konkursowa wy\u0142oni\u0142a cztery najlepsze zespo\u0142y:<\/p>\n<p>Pierwsze miejsce zaj\u0119li uczniowie ze Szko\u0142y Podstawowej nr 21 w Cz\u0119stochowie:<br \/>\n<strong>Wiktoria Pach<br \/>\nAnna Tomczak<br \/>\nMaria Rumin<\/strong><\/p>\n<p>Drugie miejsce ex aequo zaj\u0105\u0142 zesp\u00f3\u0142 ze Szko\u0142y Podstawowej nr 11 w Cz\u0119stochowie:<br \/>\n<strong>Natalia Kozie\u0142<br \/>\nJacek Skalski<br \/>\nMa\u0142gorzata Styrczewska<\/strong><\/p>\n<p>oraz uczniowie Szko\u0142y Podstawowej nr 39 w Cz\u0119stochowie:<br \/>\n<strong>Kinga B\u0142aszczyk<br \/>\nDaniel Kupczy\u0144ski<br \/>\nEwelina Karli\u0144ska<\/strong><\/p>\n<p>Trzecie miejsce zaj\u0105\u0142 zesp\u00f3\u0142 ze Szko\u0142y Podstawowej nr 31 w Cz\u0119stochowie:<br \/>\n<strong>Katarzyna Lizak<br \/>\nWeronika Krauza<br \/>\nMartyna Podg\u00f3rska<\/strong><\/p>\n<p>Zwyci\u0119zcy zostali obdarowani nagrodami ksi\u0105\u017ckowymi.<\/p>\n<p>\u201eSpotkaniu z lektur\u0105\u201d towarzyszy\u0142 r\u00f3wnie\u017c konkurs prac plastycznych. Najwa\u017cniejszym kryterium przyznawania nagr\u00f3d i wyr\u00f3\u017cnie\u0144 by\u0142 wk\u0142ad pracy w\u0142asnej uczni\u00f3w. Komisja oceniaj\u0105ca prace plastyczne zebra\u0142a si\u0119 23 maja 2007 roku. Wszyscy uczestnicy otrzymali r\u00f3wnorz\u0119dne wyr\u00f3\u017cnienia. Prace zosta\u0142y wyeksponowane w dniu konkursu w sali RODN \u201eWOM\u201d.<br \/>\nUczniom gratulujemy wiedzy i zapa\u0142u. Nauczycielom dzi\u0119kujemy za przygotowanie dzieci do konkursowych zmaga\u0144.<\/p>\n<p style=\"text-align: justify;\">Serdeczne podzi\u0119kowania sk\u0142adamy sponsorom: Pani Naczelnik Wydzia\u0142u Edukacji Urz\u0119du Miasta Cz\u0119stochowy Dorocie Sobali za ufundowanie nagr\u00f3d ksi\u0105\u017ckowych, Pani Dyrektor Szko\u0142y Podstawowej nr 39 Aleksandrze Orze\u0142 za podarowanie drobnych upomink\u00f3w dla uczni\u00f3w, Firmie Grada II i Cukierni Marysie\u0144ka za s\u0142odki pocz\u0119stunek dla uczestnik\u00f3w i ich opiekun\u00f3w oraz patronom ca\u0142ego przedsi\u0119wzi\u0119cia Dyrekcji Regionalnego O\u015brodka Doskonalenia Nauczycieli \u201eWOM\u201d w Cz\u0119stochowie.<\/p>\n<p style=\"text-align: center;\">Zapraszamy do uczestnictwa w kolejnych edycjach \u201eSpotkania z lektur\u0105\u201d.<\/p>\n<p style=\"text-align: left;\">Wykaz literatury obowi\u0105zuj\u0105cej do konkursu:<\/p>\n<ul>\n<li>H. Ch. Andersen: Brzydkie Kacz\u0105tko, S\u0142owik, Stokrotka,<\/li>\n<li>Cz. Centkiewicz: Anaruk, ch\u0142opiec z Grenlandii,<\/li>\n<li>M. Jaworczakowa: Oto jest Kasia,<\/li>\n<li>M. Kownacka: Kajtkowe przygody,<\/li>\n<li>A. Lindren: Dzieci z Bullerbyn,<\/li>\n<li>R. Pisarski: O psie, kt\u00f3ry je\u017adzi\u0142 kolej\u0105.<\/li>\n<\/ul>\n<p><em><strong>Galeria<\/strong><\/em><\/p>\n<p style=\"text-align: right;\"><em>Zdj\u0119cia: Izabela Bajor<\/em><\/p>\n","protected":false},"excerpt":{"rendered":"<p>Mi\u0119dzyszkolny Konkurs Czytelniczy i Plastyczny \u201eSpotkanie z lektur\u0105\u201d \u2013 2007 24 maja 2007 roku w Regionalnym O\u015brodku Doskonalenia Nauczycieli \u201eWOM\u201d w Cz\u0119stochowie odby\u0142a si\u0119 IV edycja Mi\u0119dzyszkolnego Konkursu Czytelniczego \u201eSpotkanie z lektur\u0105\u201d. Jego celem jest propagowanie literatury dzieci\u0119cej oraz rozbudzanie zainteresowa\u0144 czytelniczych uczni\u00f3w. Konkurs zosta\u0142 zorganizowany przez nauczycieli bibliotekarzy Publicznej Biblioteki Pedagogicznej RODN \u201eWOM\u201d w Cz\u0119stochowie (Izabela Bajor, Agnieszka Chmielewska, Anna D\u0105browska, Anna Hiller, Katarzyna Kucharzewska) oraz nauczycieli bibliotekarzy Szko\u0142y<span class=\"ellipsis\">&hellip;<\/span><\/p>\n<div class=\"read-more\"><a href=\"https:\/\/pbp.womczest.edu.pl\/new\/edukacja\/konkursy\/spotkanie-z-lektura\/spotkanie-z-lektura-2007\/\">Czytaj wi\u0119cej &#8250;<\/a><\/div>\n<p><!-- end of .read-more --><\/p>\n","protected":false},"author":3,"featured_media":0,"parent":4293,"menu_order":0,"comment_status":"closed","ping_status":"open","template":"","meta":{"footnotes":""},"jetpack_sharing_enabled":true,"jetpack_shortlink":"https:\/\/wp.me\/PgmV4H-17K","_links":{"self":[{"href":"https:\/\/pbp.womczest.edu.pl\/new\/wp-json\/wp\/v2\/pages\/4324"}],"collection":[{"href":"https:\/\/pbp.womczest.edu.pl\/new\/wp-json\/wp\/v2\/pages"}],"about":[{"href":"https:\/\/pbp.womczest.edu.pl\/new\/wp-json\/wp\/v2\/types\/page"}],"author":[{"embeddable":true,"href":"https:\/\/pbp.womczest.edu.pl\/new\/wp-json\/wp\/v2\/users\/3"}],"replies":[{"embeddable":true,"href":"https:\/\/pbp.womczest.edu.pl\/new\/wp-json\/wp\/v2\/comments?post=4324"}],"version-history":[{"count":2,"href":"https:\/\/pbp.womczest.edu.pl\/new\/wp-json\/wp\/v2\/pages\/4324\/revisions"}],"predecessor-version":[{"id":4326,"href":"https:\/\/pbp.womczest.edu.pl\/new\/wp-json\/wp\/v2\/pages\/4324\/revisions\/4326"}],"up":[{"embeddable":true,"href":"https:\/\/pbp.womczest.edu.pl\/new\/wp-json\/wp\/v2\/pages\/4293"}],"wp:attachment":[{"href":"https:\/\/pbp.womczest.edu.pl\/new\/wp-json\/wp\/v2\/media?parent=4324"}],"curies":[{"name":"wp","href":"https:\/\/api.w.org\/{rel}","templated":true}]}}