


{"id":4320,"date":"2015-05-19T10:34:46","date_gmt":"2015-05-19T08:34:46","guid":{"rendered":"https:\/\/pbp.womczest.edu.pl\/new\/?page_id=4320"},"modified":"2015-05-19T10:34:46","modified_gmt":"2015-05-19T08:34:46","slug":"spotkanie-z-lektura-2008","status":"publish","type":"page","link":"https:\/\/pbp.womczest.edu.pl\/new\/edukacja\/konkursy\/spotkanie-z-lektura\/spotkanie-z-lektura-2008\/","title":{"rendered":"\u201eSpotkanie z lektur\u0105\u201d 2008"},"content":{"rendered":"<hr \/>\n<p style=\"text-align: center;\"><strong>Mi\u0119dzyszkolny Konkurs Czytelniczy i Plastyczny \u201eSpotkanie z lektur\u0105\u201d <\/strong><strong>\u2013 2008<\/strong><\/p>\n<p>W dniu 29.05.2008 r. o godzinie 10.00 w salach wyk\u0142adowych Regionalnego O\u015brodka Doskonalenia Nauczycieli \u201eWOM\u201d w Cz\u0119stochowie odby\u0142a si\u0119 V edycja Mi\u0119dzyszkolnego Konkursu Czytelniczego i Plastycznego \u201eSpotkanie z lektur\u0105\u201d.<br \/>\nOrganizatorami konkursu byli: nauczyciele bibliotekarze PBP RODN \u201eWOM\u201d (Anna D\u0105browska, Izabela Bajor, Anna Hiller, Agnieszka Chmielewska, Katarzyna Kucharzewska) oraz nauczyciele Szko\u0142y Podstawowej nr 39 (Agnieszka Centkowska i Wanda Kolman).<br \/>\nW spotkaniu uczestniczyli zaproszeni go\u015bcie: Pani Dorota Kawka \u2013 podinspektor Wydzia\u0142u Edukacji Urz\u0119du Miasta Cz\u0119stochowy, Pani El\u017cbieta Szaraniec \u2013 wicedyrektor SP nr 39 w Cz\u0119stochowie. W imieniu organizator\u00f3w go\u015bci i uczestnik\u00f3w konkursu powita\u0142a Pani Joanna Resakowska \u2013 kierownik Publicznej Biblioteki Pedagogicznej RODN \u201eWOM\u201d.<br \/>\nDo udzia\u0142u w konkursie zg\u0142osi\u0142o si\u0119 sze\u015b\u0107dziesi\u0119cioro uczni\u00f3w klas drugich z dziesi\u0119ciu cz\u0119stochowskich szk\u00f3\u0142 podstawowych. Konkurs czytelniczy zosta\u0142 przeprowadzony w formie turnieju trzyosobowych dru\u017cyn, natomiast podczas konkursu plastycznego dzieci w trzyosobowych zespo\u0142ach wykonywa\u0142y prace na kartonach w dowolnej technice plastycznej. Poziom wiedzy uczni\u00f3w by\u0142 bardzo wyr\u00f3wnany.<br \/>\nRozstrzygni\u0119cie konkursu nast\u0105pi\u0142o w tym samym dniu. W czasie oczekiwania na wyniki uczniowie obejrzeli bibliotek\u0119 pedagogiczn\u0105. Zosta\u0142 zorganizowany r\u00f3wnie\u017c s\u0142odki pocz\u0119stunek.<br \/>\nPo sprawdzeniu prac pisemnych i plastycznych nast\u0105pi\u0142o og\u0142oszenie wynik\u00f3w i wr\u0119czenie dyplom\u00f3w i nagr\u00f3d. Uroczysto\u015b\u0107 ta odby\u0142a si\u0119 w Auli RODN \u201eWOM\u201d.<\/p>\n<p>Laureatami konkursu czytelniczego zostali:<\/p>\n<p>I miejsce dla Szko\u0142y Podstawowej nr 31 w Cz\u0119stochowie:<br \/>\n<strong>Barbara Pabian<br \/>\nKarolina Romulewicz<br \/>\nZuzanna Wi\u0119cek<\/strong><\/p>\n<p>II miejsce dla Szko\u0142y Podstawowej nr 47 w Cz\u0119stochowie:<br \/>\n<strong>Kamila Kami\u0144ska<br \/>\nKrzysztof Krajewski<br \/>\nMiko\u0142aj Strach<\/strong><\/p>\n<p>III miejsce dla Szko\u0142y Podstawowej nr 1 w Cz\u0119stochowie:<br \/>\n<strong>Agnieszka Operacz<br \/>\nNatalia Szymczyk<br \/>\nPaulina Wysocka<\/strong><\/p>\n<p>Jury konkursu plastycznego oceni\u0142o i przyzna\u0142o I, II, III miejsce oraz dwa Wyr\u00f3\u017cnienia:<br \/>\nI miejsce dla Szko\u0142y Podstawowej nr 1 w Cz\u0119stochowie:<br \/>\n<strong>Dominika Kole\u017cy\u0144ska<br \/>\nPatrycja Kosmala<br \/>\nEwa Zaj\u0105czkowska<\/strong><\/p>\n<p>II miejsce dla Szko\u0142y Podstawowej nr 24 w Cz\u0119stochowie:<br \/>\n<strong>Weronika Krawczyk<br \/>\nSofia Teper-Folino<br \/>\nMarta Wr\u00f3bel<\/strong><\/p>\n<p>III miejsce dla Szko\u0142y Podstawowej nr 47 w Cz\u0119stochowie:<br \/>\n<strong>Julia Frach<br \/>\nZuzanna Gawlik<br \/>\nOliwier Paku\u0142a<\/strong><\/p>\n<p>Wyr\u00f3\u017cnienia \u2013 dla Szko\u0142y Podstawowej nr 54 w Cz\u0119stochowie:<br \/>\n<strong>Maria Belica<br \/>\nZofia Pulcer<br \/>\nJakub Wasilewski<\/strong><\/p>\n<p>oraz dla Lingwistycznej Szko\u0142y Podstawowej w Cz\u0119stochowie:<br \/>\n<strong>Zuzanna St\u0119pie\u0144<br \/>\nKatarzyna Wer<br \/>\nSandra W\u00f3jcik<\/strong><\/p>\n<p>Zwyci\u0119zcy otrzymali dyplomy i nagrody ksi\u0105\u017ckowe ufundowane przez Wydzia\u0142 Edukacji Urz\u0119du Miasta Cz\u0119stochowa i Cz\u0119stochowskie Stowarzyszenie Pomocy Szkole oraz maskotki ufundowane przez Miejskie Przedsi\u0119biorstwo Wodoci\u0105g\u00f3w i Kanalizacji S.A. w Cz\u0119stochowie. Zespo\u0142y, kt\u00f3re zdoby\u0142y wyr\u00f3\u017cnienia w konkursie plastycznym otrzyma\u0142y gry planszowe ufundowane przez Hurtowni\u0119 Zabawek AS.<br \/>\nPonadto wszyscy uczniowie otrzymali dyplomy za uczestnictwo i drobne upominki, a nauczyciele podzi\u0119kowania.<br \/>\nUczniom gratulujemy wiedzy i zapa\u0142u. Nauczycielom dzi\u0119kujemy za przygotowanie dzieci do konkursowych zmaga\u0144.<\/p>\n<p>Serdeczne podzi\u0119kowania sk\u0142adamy sponsorom: Pani Naczelnik Wydzia\u0142u Edukacji Urz\u0119du Miasta Cz\u0119stochowy Dorocie Sobali oraz Cz\u0119stochowskiemu Stowarzyszeniu Pomocy Szkole za ufundowanie nagr\u00f3d ksi\u0105\u017ckowych, Pani Dyrektor Szko\u0142y Podstawowej nr 39 Aleksandrze Orze\u0142 i Radzie Rodzic\u00f3w Szko\u0142y Podstawowej nr 39 za podarowanie drobnych upomink\u00f3w dla uczni\u00f3w, Miejskiemu Przedsi\u0119biorstwu Wodoci\u0105g\u00f3w i Kanalizacji S.A. w Cz\u0119stochowie oraz Hurtowni Zabawek AS za ufundowanie maskotek i gier planszowych, Firmie Grada II i Cukierni Marysie\u0144ka za s\u0142odki pocz\u0119stunek dla uczestnik\u00f3w i ich opiekun\u00f3w.<\/p>\n<p style=\"text-align: center;\">Zapraszamy do uczestnictwa w kolejnych edycjach \u201eSpotkania z lektur\u0105\u201d.<\/p>\n<p><em><strong>Galeria<\/strong><\/em><\/p>\n<p style=\"text-align: right;\"><em>Zdj\u0119cia: Izabela Bajor<\/em><\/p>\n","protected":false},"excerpt":{"rendered":"<p>Mi\u0119dzyszkolny Konkurs Czytelniczy i Plastyczny \u201eSpotkanie z lektur\u0105\u201d \u2013 2008 W dniu 29.05.2008 r. o godzinie 10.00 w salach wyk\u0142adowych Regionalnego O\u015brodka Doskonalenia Nauczycieli \u201eWOM\u201d w Cz\u0119stochowie odby\u0142a si\u0119 V edycja Mi\u0119dzyszkolnego Konkursu Czytelniczego i Plastycznego \u201eSpotkanie z lektur\u0105\u201d. Organizatorami konkursu byli: nauczyciele bibliotekarze PBP RODN \u201eWOM\u201d (Anna D\u0105browska, Izabela Bajor, Anna Hiller, Agnieszka Chmielewska, Katarzyna Kucharzewska) oraz nauczyciele Szko\u0142y Podstawowej nr 39 (Agnieszka Centkowska i Wanda Kolman). W spotkaniu<span class=\"ellipsis\">&hellip;<\/span><\/p>\n<div class=\"read-more\"><a href=\"https:\/\/pbp.womczest.edu.pl\/new\/edukacja\/konkursy\/spotkanie-z-lektura\/spotkanie-z-lektura-2008\/\">Czytaj wi\u0119cej &#8250;<\/a><\/div>\n<p><!-- end of .read-more --><\/p>\n","protected":false},"author":3,"featured_media":0,"parent":4293,"menu_order":0,"comment_status":"closed","ping_status":"open","template":"","meta":{"footnotes":""},"jetpack_sharing_enabled":true,"jetpack_shortlink":"https:\/\/wp.me\/PgmV4H-17G","_links":{"self":[{"href":"https:\/\/pbp.womczest.edu.pl\/new\/wp-json\/wp\/v2\/pages\/4320"}],"collection":[{"href":"https:\/\/pbp.womczest.edu.pl\/new\/wp-json\/wp\/v2\/pages"}],"about":[{"href":"https:\/\/pbp.womczest.edu.pl\/new\/wp-json\/wp\/v2\/types\/page"}],"author":[{"embeddable":true,"href":"https:\/\/pbp.womczest.edu.pl\/new\/wp-json\/wp\/v2\/users\/3"}],"replies":[{"embeddable":true,"href":"https:\/\/pbp.womczest.edu.pl\/new\/wp-json\/wp\/v2\/comments?post=4320"}],"version-history":[{"count":2,"href":"https:\/\/pbp.womczest.edu.pl\/new\/wp-json\/wp\/v2\/pages\/4320\/revisions"}],"predecessor-version":[{"id":4322,"href":"https:\/\/pbp.womczest.edu.pl\/new\/wp-json\/wp\/v2\/pages\/4320\/revisions\/4322"}],"up":[{"embeddable":true,"href":"https:\/\/pbp.womczest.edu.pl\/new\/wp-json\/wp\/v2\/pages\/4293"}],"wp:attachment":[{"href":"https:\/\/pbp.womczest.edu.pl\/new\/wp-json\/wp\/v2\/media?parent=4320"}],"curies":[{"name":"wp","href":"https:\/\/api.w.org\/{rel}","templated":true}]}}