


{"id":4316,"date":"2015-05-19T10:33:55","date_gmt":"2015-05-19T08:33:55","guid":{"rendered":"https:\/\/pbp.womczest.edu.pl\/new\/?page_id=4316"},"modified":"2015-05-19T10:33:55","modified_gmt":"2015-05-19T08:33:55","slug":"spotkanie-z-lektura-2009","status":"publish","type":"page","link":"https:\/\/pbp.womczest.edu.pl\/new\/edukacja\/konkursy\/spotkanie-z-lektura\/spotkanie-z-lektura-2009\/","title":{"rendered":"\u201eSpotkanie z lektur\u0105\u201d 2009"},"content":{"rendered":"<hr \/>\n<p style=\"text-align: center;\"><strong>Mi\u0119dzyszkolny Konkurs Czytelniczy i Plastyczny \u201eSpotkanie z lektur\u0105\u201d <\/strong><strong>\u2013 2009<\/strong><\/p>\n<p>W dniu 14.05.2009 r. o godzinie 10.00 w Regionalnym O\u015brodku Doskonalenia Nauczycieli \u201eWOM\u201d w Cz\u0119stochowie odby\u0142a si\u0119 VI edycja Mi\u0119dzyszkolnego Konkursu Czytelniczego i Plastycznego \u201eSpotkanie z lektur\u0105\u201d.<br \/>\nOrganizatorami konkursu byli: nauczyciele bibliotekarze PBP RODN \u201eWOM\u201d \u2013 Anna D\u0105browska, Izabela Bajor, Anna Hiller oraz nauczyciele Szko\u0142y Podstawowej nr 39 \u2013 Agnieszka Centkowska i Wanda Kolman.<br \/>\nW konkursie uczestniczy\u0142o czterdziestu o\u015bmiu uczni\u00f3w klas pierwszych z o\u015bmiu cz\u0119stochowskich szk\u00f3\u0142 podstawowych. Konkurs czytelniczy zosta\u0142 przeprowadzony w formie turnieju trzyosobowych dru\u017cyn, natomiast podczas konkursu plastycznego dzieci w trzyosobowych zespo\u0142ach wykonywa\u0142y plakaty w dowolnej technice plastycznej. Poziom wiedzy i uzdolnie\u0144 uczni\u00f3w by\u0142 bardzo wyr\u00f3wnany.<br \/>\nRozstrzygni\u0119cie konkursu nast\u0105pi\u0142o w tym samym dniu. W czasie oczekiwania na wyniki uczniowie obejrzeli bibliotek\u0119 pedagogiczn\u0105. Zosta\u0142 r\u00f3wnie\u017c zorganizowany s\u0142odki pocz\u0119stunek.<br \/>\nPo sprawdzeniu prac pisemnych i plastycznych nast\u0105pi\u0142o og\u0142oszenie wynik\u00f3w oraz wr\u0119czenie dyplom\u00f3w i nagr\u00f3d. Uroczysto\u015b\u0107 ta odby\u0142a si\u0119 w Auli RODN \u201eWOM\u201d.<br \/>\nW spotkaniu uczestniczyli zaproszeni go\u015bcie: Pan Piotr Bilnik \u2013 inspektor Wydzia\u0142u Edukacji Urz\u0119du Miasta Cz\u0119stochowy, Pani El\u017cbieta Szaraniec \u2013 wicedyrektor SP nr 39 w Cz\u0119stochowie. Go\u015bci i uczestnik\u00f3w konkursu powita\u0142a Pani Renata Lipniewska \u2013 wicedyrektor RODN \u201eWOM\u201d w Cz\u0119stochowie ds. bibliotek pedagogicznych.<\/p>\n<p>Laureatami konkursu czytelniczego zostali:<\/p>\n<p>I miejsce dla Szko\u0142y Podstawowej nr 53 z Oddzia\u0142ami Integracyjnymi w Cz\u0119stochowie:<br \/>\n<strong>Oskar Grabowski<br \/>\nAngelika Makowska<br \/>\nOliwia \u015alusarczyk<\/strong><\/p>\n<p>II miejsce dla Szko\u0142y Podstawowej nr 24 w Cz\u0119stochowie:<br \/>\n<strong>Magdalena Biskup<br \/>\nJakub Koza<br \/>\nEwa \u017by\u0142a<\/strong><\/p>\n<p>III miejsce dla Szko\u0142y Podstawowej nr 31 z Oddzia\u0142ami Integracyjnymi w Cz\u0119stochowie:<br \/>\n<strong>Zuzanna B\u0119dkowska<br \/>\nJulia Ma\u0142yska<br \/>\nAleksandra Rz\u0105dkowska<\/strong><\/p>\n<p>Jury konkursu plastycznego oceni\u0142o prace i przyzna\u0142o I, II, III miejsce:<\/p>\n<p>I miejsce dla Szko\u0142y Podstawowej nr 53 z Oddzia\u0142ami Integracyjnymi w Cz\u0119stochowie:<br \/>\n<strong>Olimpia Matyja<br \/>\nMartyna Nowak<br \/>\nMaciej Oberzig<\/strong><\/p>\n<p>II miejsce dla Szko\u0142y Podstawowej nr 36 w Cz\u0119stochowie:<br \/>\n<strong>Sara Stanisz<br \/>\nJulia Tomaniak<br \/>\nMarta Weber<\/strong><\/p>\n<p>III miejsce dla Szko\u0142y Podstawowej nr 11 w Cz\u0119stochowie:<br \/>\n<strong>Hanna Bia\u0142ek<br \/>\nAleksandra Strzelczyk<br \/>\nKarolina Zalejska<\/strong><\/p>\n<p>Zwyci\u0119zcy otrzymali dyplomy i nagrody ksi\u0105\u017ckowe, maskotki oraz plecaki. Wszyscy uczniowie otrzymali dyplomy za uczestnictwo i drobne upominki, a nauczyciele podzi\u0119kowania. Ponadto ka\u017cdej szkole zosta\u0142 przekazany komplet edukacyjny: ksi\u0105\u017cka i dwie p\u0142yty CD <em>Kto Ty jeste\u015b?<\/em><br \/>\nUczniom gratulujemy wiedzy i zapa\u0142u. Nauczycielom dzi\u0119kujemy za przygotowanie dzieci do konkursowych zmaga\u0144.<br \/>\nSzczeg\u00f3lne podzi\u0119kowania sk\u0142adamy sponsorom:<\/p>\n<ul>\n<li>Pani Dorocie Sobali \u2013 Naczelnik Wydzia\u0142u Edukacji Urz\u0119du Miasta Cz\u0119stochowy za ufundowanie nagr\u00f3d ksi\u0105\u017ckowych,<\/li>\n<li>Firmie Becker Elektrotechnika za przekazanie nagr\u00f3d ksi\u0105\u017ckowych,<\/li>\n<li>Miejskiemu Przedsi\u0119biorstwu Wodoci\u0105g\u00f3w i Kanalizacji S.A. w Cz\u0119stochowie za ufundowanie maskotek,<\/li>\n<li>Panu Januszowi Kciuk \u2013 w\u0142a\u015bcicielowi Hurtowni Zabawek AS za maskotki i drobne upominki dla uczni\u00f3w,<\/li>\n<li>Pa\u0144stwu Marii i Grzegorzowi Dyner \u2013 w\u0142a\u015bcicielom Cukierni Marysie\u0144ka za ufundowanie p\u0105czk\u00f3w dla uczestnik\u00f3w konkursu,<\/li>\n<li>Zak\u0142adowi Produkcji Cukierniczej JIW za s\u0142odki pocz\u0119stunek,<\/li>\n<li>Panu Dominikowi Nowakowi \u2013 Firma Forever za akcesoria i materia\u0142y pi\u015bmiennicze dla dzieci,<\/li>\n<li>Panu Arkadiuszowi Go\u0142\u0105bek za plecaki dla laureat\u00f3w konkursu.<\/li>\n<\/ul>\n<p style=\"text-align: center;\">Zapraszamy do uczestnictwa w kolejnych edycjach \u201eSpotkania z lektur\u0105\u201d.<\/p>\n<p><em><strong>Galeria<\/strong><\/em><\/p>\n<p style=\"text-align: right;\"><em>Zdj\u0119cia: Izabela Bajor<\/em><\/p>\n","protected":false},"excerpt":{"rendered":"<p>Mi\u0119dzyszkolny Konkurs Czytelniczy i Plastyczny \u201eSpotkanie z lektur\u0105\u201d \u2013 2009 W dniu 14.05.2009 r. o godzinie 10.00 w Regionalnym O\u015brodku Doskonalenia Nauczycieli \u201eWOM\u201d w Cz\u0119stochowie odby\u0142a si\u0119 VI edycja Mi\u0119dzyszkolnego Konkursu Czytelniczego i Plastycznego \u201eSpotkanie z lektur\u0105\u201d. Organizatorami konkursu byli: nauczyciele bibliotekarze PBP RODN \u201eWOM\u201d \u2013 Anna D\u0105browska, Izabela Bajor, Anna Hiller oraz nauczyciele Szko\u0142y Podstawowej nr 39 \u2013 Agnieszka Centkowska i Wanda Kolman. W konkursie uczestniczy\u0142o czterdziestu o\u015bmiu uczni\u00f3w<span class=\"ellipsis\">&hellip;<\/span><\/p>\n<div class=\"read-more\"><a href=\"https:\/\/pbp.womczest.edu.pl\/new\/edukacja\/konkursy\/spotkanie-z-lektura\/spotkanie-z-lektura-2009\/\">Czytaj wi\u0119cej &#8250;<\/a><\/div>\n<p><!-- end of .read-more --><\/p>\n","protected":false},"author":3,"featured_media":0,"parent":4293,"menu_order":0,"comment_status":"closed","ping_status":"open","template":"","meta":{"footnotes":""},"jetpack_sharing_enabled":true,"jetpack_shortlink":"https:\/\/wp.me\/PgmV4H-17C","_links":{"self":[{"href":"https:\/\/pbp.womczest.edu.pl\/new\/wp-json\/wp\/v2\/pages\/4316"}],"collection":[{"href":"https:\/\/pbp.womczest.edu.pl\/new\/wp-json\/wp\/v2\/pages"}],"about":[{"href":"https:\/\/pbp.womczest.edu.pl\/new\/wp-json\/wp\/v2\/types\/page"}],"author":[{"embeddable":true,"href":"https:\/\/pbp.womczest.edu.pl\/new\/wp-json\/wp\/v2\/users\/3"}],"replies":[{"embeddable":true,"href":"https:\/\/pbp.womczest.edu.pl\/new\/wp-json\/wp\/v2\/comments?post=4316"}],"version-history":[{"count":2,"href":"https:\/\/pbp.womczest.edu.pl\/new\/wp-json\/wp\/v2\/pages\/4316\/revisions"}],"predecessor-version":[{"id":4318,"href":"https:\/\/pbp.womczest.edu.pl\/new\/wp-json\/wp\/v2\/pages\/4316\/revisions\/4318"}],"up":[{"embeddable":true,"href":"https:\/\/pbp.womczest.edu.pl\/new\/wp-json\/wp\/v2\/pages\/4293"}],"wp:attachment":[{"href":"https:\/\/pbp.womczest.edu.pl\/new\/wp-json\/wp\/v2\/media?parent=4316"}],"curies":[{"name":"wp","href":"https:\/\/api.w.org\/{rel}","templated":true}]}}