


{"id":4307,"date":"2015-05-19T10:32:01","date_gmt":"2015-05-19T08:32:01","guid":{"rendered":"https:\/\/pbp.womczest.edu.pl\/new\/?page_id=4307"},"modified":"2015-06-23T12:21:42","modified_gmt":"2015-06-23T10:21:42","slug":"spotkanie-z-lektura-2011","status":"publish","type":"page","link":"https:\/\/pbp.womczest.edu.pl\/new\/edukacja\/konkursy\/spotkanie-z-lektura\/spotkanie-z-lektura-2011\/","title":{"rendered":"\u201eSpotkanie z lektur\u0105\u201d 2011"},"content":{"rendered":"<hr \/>\n<p style=\"text-align: center;\"><strong>Mi\u0119dzyszkolny Konkurs Czytelniczy i Plastyczny \u201eSpotkanie z lektur\u0105\u201d <\/strong><strong>\u2013 2011<\/strong><\/p>\n<p>5 maja 2011 roku o godzinie 10.00 w Regionalnym O\u015brodku Doskonalenia Nauczycieli \u201eWOM\u201d w Cz\u0119stochowie odby\u0142a si\u0119 <strong>VIII edycja Mi\u0119dzyszkolnego Konkursu Czytelniczego i Plastycznego \u201eSpotkanie z lektur\u0105\u201d<\/strong>.<br \/>\nOrganizatorami konkursu byli: nauczyciele bibliotekarze <strong>Publicznej Biblioteki Pedagogicznej Regionalnego O\u015brodka Doskonalenia Nauczycieli \u201eWOM\u201d <\/strong>\u2013 Izabela Bajor, Anna Hiller, Jolanta Janicka oraz nauczyciele Szko\u0142y Podstawowej nr 39 \u2013 Agnieszka Centkowska i Wanda Kolman.<br \/>\nW konkursie uczestniczy\u0142o<strong> dziewi\u0119\u0107dziesi\u0119ciu uczni\u00f3w klas drugich z pi\u0119tnastu szk\u00f3\u0142 podstawowych<\/strong> miasta Cz\u0119stochowy i powiatu cz\u0119stochowskiego. Konkurs czytelniczy zosta\u0142 przeprowadzony w formie turnieju trzyosobowych dru\u017cyn, natomiast podczas konkursu plastycznego dzieci w trzyosobowych zespo\u0142ach malowa\u0142y plakaty.<br \/>\nPo sprawdzeniu prac pisemnych i plastycznych nast\u0105pi\u0142o og\u0142oszenie wynik\u00f3w oraz uroczyste wr\u0119czenie dyplom\u00f3w i nagr\u00f3d w Auli RODN \u201eWOM\u201d w Cz\u0119stochowie.<br \/>\nLaureatami konkursu czytelniczego zostali:<\/p>\n<p>I miejsce dla Szko\u0142y Podstawowej im. Edwarda Reszke w Borownie:<br \/>\n<strong>Oliwia Dominiak<br \/>\nTymon Chrzuszcz<br \/>\nJan Rybaniec<\/strong><\/p>\n<p style=\"text-align: left;\">II miejsce dla Szko\u0142y Podstawowej nr 19 im. Juliana Tuwima w Cz\u0119stochowie:<br \/>\n<strong>Agnieszka Strona<br \/>\nSzymon Che\u0142mi\u0144ski<br \/>\nPatryk Stajszczak<\/strong><\/p>\n<p style=\"text-align: left;\">III miejsce dla Szko\u0142y Podstawowej nr 31 z Oddzia\u0142ami Integracyjnymi w Cz\u0119stochowie:<br \/>\n<strong>Amelia Gorzelak<br \/>\nMaja Kopek<br \/>\nMarta Wr\u00f3bel<\/strong><\/p>\n<p style=\"text-align: left;\">Jury konkursu plastycznego oceni\u0142o prace i przyzna\u0142o I, II i III miejsce oraz 3 wyr\u00f3\u017cnienia:<\/p>\n<p style=\"text-align: left;\">I miejsce dla Szko\u0142y Podstawowej im. Edwarda Reszke w Borownie, kt\u00f3r\u0105 reprezentowali:<br \/>\n<strong>Weronika Bielecka<br \/>\nIgor Klekot<br \/>\nKrzysztof Wala<\/strong><\/p>\n<p style=\"text-align: left;\">II miejsce dla Szko\u0142y Podstawowej im. Marii Konopnickiej w Koninie, kt\u00f3r\u0105 reprezentowali:<br \/>\n<strong>Sylwia Cicho\u0144<br \/>\nWiktoria Klu\u017aniak<br \/>\nEliza \u015awi\u0105cik<\/strong><\/p>\n<p style=\"text-align: left;\">III miejsce dla Szko\u0142y Podstawowej nr 19 im. Juliana Tuwima w Cz\u0119stochowie, kt\u00f3r\u0105 reprezentowali:<br \/>\n<strong>Milena Bednarczyk<br \/>\nNatalia Gumieniak<br \/>\nKarolina Kindt<\/strong><\/p>\n<p style=\"text-align: left;\">Wyr\u00f3\u017cnienie dla Szko\u0142y Podstawowej nr 31 z Oddzia\u0142ami Integracyjnymi w Cz\u0119stochowie, kt\u00f3r\u0105 reprezentowali:<br \/>\n<strong>Wiktoria Borowicz<br \/>\nAnna Kaczmarek<br \/>\nWiktoria Piaszczy\u0144ska<\/strong><\/p>\n<p>Wyr\u00f3\u017cnienie dla Szko\u0142y Podstawowej nr 49 im. Janusza Kusoci\u0144skiego w Cz\u0119stochowie, kt\u00f3r\u0105 reprezentowali:<br \/>\n<strong>Julia Kanak<br \/>\nDaria Krakowiak<br \/>\nJoanna Sepio\u0142o<\/strong><\/p>\n<p style=\"text-align: left;\">Wyr\u00f3\u017cnienie dla Szko\u0142y Podstawowej im. \u015aw Jana de la Salle w Cz\u0119stochowie, kt\u00f3r\u0105 reprezentowali:<br \/>\n<strong>Kinga Ciupi\u0144ska<br \/>\nZuzanna Michalczyk<br \/>\nZofia Stefaniak<\/strong><\/p>\n<p>Zwyci\u0119zcy otrzymali dyplomy i nagrody ksi\u0105\u017ckowe. Wszyscy uczniowie otrzymali dyplomy za uczestnictwo i drobne upominki,<br \/>\na nauczyciele podzi\u0119kowania.\u00a0Uczniom gratulujemy wiedzy i zapa\u0142u. Nauczycielom dzi\u0119kujemy za przygotowanie dzieci do konkursowych zmaga\u0144.<\/p>\n<p><em><strong>Galeria<\/strong><\/em><\/p>\n<p style=\"text-align: right;\"><em>Zdj\u0119cia: Izabela Bajor<\/em><\/p>\n","protected":false},"excerpt":{"rendered":"<p>Mi\u0119dzyszkolny Konkurs Czytelniczy i Plastyczny \u201eSpotkanie z lektur\u0105\u201d \u2013 2011 5 maja 2011 roku o godzinie 10.00 w Regionalnym O\u015brodku Doskonalenia Nauczycieli \u201eWOM\u201d w Cz\u0119stochowie odby\u0142a si\u0119 VIII edycja Mi\u0119dzyszkolnego Konkursu Czytelniczego i Plastycznego \u201eSpotkanie z lektur\u0105\u201d. Organizatorami konkursu byli: nauczyciele bibliotekarze Publicznej Biblioteki Pedagogicznej Regionalnego O\u015brodka Doskonalenia Nauczycieli \u201eWOM\u201d \u2013 Izabela Bajor, Anna Hiller, Jolanta Janicka oraz nauczyciele Szko\u0142y Podstawowej nr 39 \u2013 Agnieszka Centkowska i Wanda Kolman. W<span class=\"ellipsis\">&hellip;<\/span><\/p>\n<div class=\"read-more\"><a href=\"https:\/\/pbp.womczest.edu.pl\/new\/edukacja\/konkursy\/spotkanie-z-lektura\/spotkanie-z-lektura-2011\/\">Czytaj wi\u0119cej &#8250;<\/a><\/div>\n<p><!-- end of .read-more --><\/p>\n","protected":false},"author":3,"featured_media":0,"parent":4293,"menu_order":0,"comment_status":"closed","ping_status":"open","template":"","meta":{"footnotes":""},"jetpack_sharing_enabled":true,"jetpack_shortlink":"https:\/\/wp.me\/PgmV4H-17t","_links":{"self":[{"href":"https:\/\/pbp.womczest.edu.pl\/new\/wp-json\/wp\/v2\/pages\/4307"}],"collection":[{"href":"https:\/\/pbp.womczest.edu.pl\/new\/wp-json\/wp\/v2\/pages"}],"about":[{"href":"https:\/\/pbp.womczest.edu.pl\/new\/wp-json\/wp\/v2\/types\/page"}],"author":[{"embeddable":true,"href":"https:\/\/pbp.womczest.edu.pl\/new\/wp-json\/wp\/v2\/users\/3"}],"replies":[{"embeddable":true,"href":"https:\/\/pbp.womczest.edu.pl\/new\/wp-json\/wp\/v2\/comments?post=4307"}],"version-history":[{"count":2,"href":"https:\/\/pbp.womczest.edu.pl\/new\/wp-json\/wp\/v2\/pages\/4307\/revisions"}],"predecessor-version":[{"id":5067,"href":"https:\/\/pbp.womczest.edu.pl\/new\/wp-json\/wp\/v2\/pages\/4307\/revisions\/5067"}],"up":[{"embeddable":true,"href":"https:\/\/pbp.womczest.edu.pl\/new\/wp-json\/wp\/v2\/pages\/4293"}],"wp:attachment":[{"href":"https:\/\/pbp.womczest.edu.pl\/new\/wp-json\/wp\/v2\/media?parent=4307"}],"curies":[{"name":"wp","href":"https:\/\/api.w.org\/{rel}","templated":true}]}}