


{"id":4303,"date":"2015-05-19T10:30:58","date_gmt":"2015-05-19T08:30:58","guid":{"rendered":"https:\/\/pbp.womczest.edu.pl\/new\/?page_id=4303"},"modified":"2015-05-19T10:30:58","modified_gmt":"2015-05-19T08:30:58","slug":"spotkanie-z-lektura-2013","status":"publish","type":"page","link":"https:\/\/pbp.womczest.edu.pl\/new\/edukacja\/konkursy\/spotkanie-z-lektura\/spotkanie-z-lektura-2013\/","title":{"rendered":"\u201eSpotkanie z lektur\u0105\u201d 2013"},"content":{"rendered":"<hr \/>\n<p><strong>X edycja Mi\u0119dzyszkolnego Konkursu Czytelniczego i Plastycznego <em>Spotkanie z lektur\u0105<\/em><\/strong> odby\u0142a si\u0119 23 maja 2013 roku. <img decoding=\"async\" class=\" size-full wp-image-1209 alignleft\" style=\"float: left;\" src=\"https:\/\/pbp.womczest.edu.pl\/new\/wp-content\/uploads\/2013\/06\/dzialalnosc_edukacyjna_spotkanie_z_lektura_2013_sowa.jpg\" alt=\"\" width=\"100\" border=\"0\" srcset=\"https:\/\/pbp.womczest.edu.pl\/new\/wp-content\/uploads\/2013\/06\/dzialalnosc_edukacyjna_spotkanie_z_lektura_2013_sowa.jpg 563w, https:\/\/pbp.womczest.edu.pl\/new\/wp-content\/uploads\/2013\/06\/dzialalnosc_edukacyjna_spotkanie_z_lektura_2013_sowa-293x300.jpg 293w, https:\/\/pbp.womczest.edu.pl\/new\/wp-content\/uploads\/2013\/06\/dzialalnosc_edukacyjna_spotkanie_z_lektura_2013_sowa-100x102.jpg 100w, https:\/\/pbp.womczest.edu.pl\/new\/wp-content\/uploads\/2013\/06\/dzialalnosc_edukacyjna_spotkanie_z_lektura_2013_sowa-150x153.jpg 150w, https:\/\/pbp.womczest.edu.pl\/new\/wp-content\/uploads\/2013\/06\/dzialalnosc_edukacyjna_spotkanie_z_lektura_2013_sowa-200x205.jpg 200w, https:\/\/pbp.womczest.edu.pl\/new\/wp-content\/uploads\/2013\/06\/dzialalnosc_edukacyjna_spotkanie_z_lektura_2013_sowa-300x307.jpg 300w, https:\/\/pbp.womczest.edu.pl\/new\/wp-content\/uploads\/2013\/06\/dzialalnosc_edukacyjna_spotkanie_z_lektura_2013_sowa-450x460.jpg 450w\" sizes=\"(max-width: 563px) 100vw, 563px\" \/><\/p>\n<p>Organizatorami konkursu byli: nauczyciele bibliotekarze Publicznej Biblioteki Pedagogicznej Regionalnego O\u015brodka Doskonalenia Nauczycieli \u201eWOM\u201d \u2013 Izabela Bajor, Anna Hiller, Jolanta Janicka, Anna D\u0105browska oraz nauczyciele Szko\u0142y Podstawowej nr 39 \u2013 Agnieszka Centkowska i Wanda Kolman.<\/p>\n<p>W konkursie uczestniczy\u0142o pi\u0119\u0107dziesi\u0119ciu czterech uczni\u00f3w klas trzecich z dziewi\u0119ciu szk\u00f3\u0142 podstawowych miasta Cz\u0119stochowy i powiatu cz\u0119stochowskiego. Konkurs czytelniczy zosta\u0142 przeprowadzony w formie turnieju trzyosobowych dru\u017cyn, natomiast podczas konkursu plastycznego dzieci w trzyosobowych zespo\u0142ach malowa\u0142y plakaty.<br \/>\nPo sprawdzeniu prac pisemnych i plastycznych nast\u0105pi\u0142o og\u0142oszenie wynik\u00f3w oraz uroczyste wr\u0119czenie dyplom\u00f3w i nagr\u00f3d.<\/p>\n<div id=\"attachment_1210\" style=\"width: 160px\" class=\"wp-caption alignleft\"><a href=\"https:\/\/pbp.womczest.edu.pl\/new\/wp-content\/uploads\/2013\/06\/dzialalnosc_edukacyjna_spotkanie_z_lektura_2013_IMG_8612.JPG\" target=\"_blank\"><img aria-describedby=\"caption-attachment-1210\" decoding=\"async\" class=\"caption alignleft size-full wp-image-1210\" style=\"float: left;\" title=\"Uczestnicy konkursu czytelniczego\" src=\"https:\/\/pbp.womczest.edu.pl\/new\/wp-content\/uploads\/2013\/06\/dzialalnosc_edukacyjna_spotkanie_z_lektura_2013_IMG_8612.JPG\" alt=\"\" width=\"150\" border=\"0\" srcset=\"https:\/\/pbp.womczest.edu.pl\/new\/wp-content\/uploads\/2013\/06\/dzialalnosc_edukacyjna_spotkanie_z_lektura_2013_IMG_8612.JPG 1024w, https:\/\/pbp.womczest.edu.pl\/new\/wp-content\/uploads\/2013\/06\/dzialalnosc_edukacyjna_spotkanie_z_lektura_2013_IMG_8612-300x200.jpg 300w, https:\/\/pbp.womczest.edu.pl\/new\/wp-content\/uploads\/2013\/06\/dzialalnosc_edukacyjna_spotkanie_z_lektura_2013_IMG_8612-100x67.jpg 100w, https:\/\/pbp.womczest.edu.pl\/new\/wp-content\/uploads\/2013\/06\/dzialalnosc_edukacyjna_spotkanie_z_lektura_2013_IMG_8612-150x100.jpg 150w, https:\/\/pbp.womczest.edu.pl\/new\/wp-content\/uploads\/2013\/06\/dzialalnosc_edukacyjna_spotkanie_z_lektura_2013_IMG_8612-200x133.jpg 200w, https:\/\/pbp.womczest.edu.pl\/new\/wp-content\/uploads\/2013\/06\/dzialalnosc_edukacyjna_spotkanie_z_lektura_2013_IMG_8612-450x300.jpg 450w, https:\/\/pbp.womczest.edu.pl\/new\/wp-content\/uploads\/2013\/06\/dzialalnosc_edukacyjna_spotkanie_z_lektura_2013_IMG_8612-600x400.jpg 600w, https:\/\/pbp.womczest.edu.pl\/new\/wp-content\/uploads\/2013\/06\/dzialalnosc_edukacyjna_spotkanie_z_lektura_2013_IMG_8612-900x600.jpg 900w\" sizes=\"(max-width: 1024px) 100vw, 1024px\" \/><\/a><p id=\"caption-attachment-1210\" class=\"wp-caption-text\">Uczestnicy konkursu czytelniczego<\/p><\/div>\n<p>Komisja konkursu czytelniczego w sk\u0142adzie: Barbara Witkowska \u2013 przewodnicz\u0105ca, Agata Arkabus i Anna P\u0142usa og\u0142osi\u0142a, \u017ce laureatami konkursu czytelniczego zostali:<\/p>\n<p style=\"text-align: justify;\"><strong>I miejsce \u2013 uczniowie Szko\u0142y Podstawowej nr 21 im. Ks. Stanis\u0142awa Konarskiego w Cz\u0119stochowie: <\/strong><em>Emilia Nowak, Mariusz Skiba, <\/em><em>Oskar Ch\u0142opa\u015b.<\/em><\/p>\n<p style=\"text-align: justify;\"><strong>II miejsce \u2013 uczniowie Szko\u0142y Podstawowej nr 31 z Oddzia\u0142ami Integracyjnymi w Cz\u0119stochowie: <\/strong><em>Wiktoria Nadolska, Anna G\u00f3rna, Mateusz Dawid.<\/em><\/p>\n<p style=\"text-align: justify;\"><strong>III miejsce \u2013 uczniowie Szko\u0142y Podstawowej im. Gustawa Morcinka w Poczesnej: <\/strong><em>Amelia Balcerek, Dagmara Dziubi\u0144ska<\/em><em>, Wiktor \u0141uniewski.<\/em><\/p>\n<p style=\"text-align: justify;\">Jury konkursu plastycznego w sk\u0142adzie: Agnieszka Tyrman \u2013 przewodnicz\u0105ca, Izabela Bajor i Marek Czarno\u0142\u0119ski, oceni\u0142o prace i przyzna\u0142o I, II i III miejsce oraz trzy wyr\u00f3\u017cnienia:<\/p>\n<div id=\"attachment_1211\" style=\"width: 160px\" class=\"wp-caption alignright\"><a href=\"https:\/\/pbp.womczest.edu.pl\/new\/wp-content\/uploads\/2013\/06\/dzialalnosc_edukacyjna_spotkanie_z_lektura_2013_IMG_8619.JPG\" target=\"_blank\"><img aria-describedby=\"caption-attachment-1211\" decoding=\"async\" class=\"caption alignright size-full wp-image-1211\" style=\"float: right;\" title=\"Uczestnicy konkursu plastycznego\" src=\"https:\/\/pbp.womczest.edu.pl\/new\/wp-content\/uploads\/2013\/06\/dzialalnosc_edukacyjna_spotkanie_z_lektura_2013_IMG_8619.JPG\" alt=\"\" width=\"150\" border=\"0\" srcset=\"https:\/\/pbp.womczest.edu.pl\/new\/wp-content\/uploads\/2013\/06\/dzialalnosc_edukacyjna_spotkanie_z_lektura_2013_IMG_8619.JPG 1024w, https:\/\/pbp.womczest.edu.pl\/new\/wp-content\/uploads\/2013\/06\/dzialalnosc_edukacyjna_spotkanie_z_lektura_2013_IMG_8619-300x200.jpg 300w, https:\/\/pbp.womczest.edu.pl\/new\/wp-content\/uploads\/2013\/06\/dzialalnosc_edukacyjna_spotkanie_z_lektura_2013_IMG_8619-100x67.jpg 100w, https:\/\/pbp.womczest.edu.pl\/new\/wp-content\/uploads\/2013\/06\/dzialalnosc_edukacyjna_spotkanie_z_lektura_2013_IMG_8619-150x100.jpg 150w, https:\/\/pbp.womczest.edu.pl\/new\/wp-content\/uploads\/2013\/06\/dzialalnosc_edukacyjna_spotkanie_z_lektura_2013_IMG_8619-200x133.jpg 200w, https:\/\/pbp.womczest.edu.pl\/new\/wp-content\/uploads\/2013\/06\/dzialalnosc_edukacyjna_spotkanie_z_lektura_2013_IMG_8619-450x300.jpg 450w, https:\/\/pbp.womczest.edu.pl\/new\/wp-content\/uploads\/2013\/06\/dzialalnosc_edukacyjna_spotkanie_z_lektura_2013_IMG_8619-600x400.jpg 600w, https:\/\/pbp.womczest.edu.pl\/new\/wp-content\/uploads\/2013\/06\/dzialalnosc_edukacyjna_spotkanie_z_lektura_2013_IMG_8619-900x600.jpg 900w\" sizes=\"(max-width: 1024px) 100vw, 1024px\" \/><\/a><p id=\"caption-attachment-1211\" class=\"wp-caption-text\">Uczestnicy konkursu plastycznego<\/p><\/div>\n<p style=\"text-align: justify;\"><strong>I miejsce dla Szko\u0142y Podstawowej im. Janusza Korczaka w Ko\u015bcielcu, kt\u00f3r\u0105 reprezentowali: <\/strong><em>Marta Szulc, Dominika Wodzi\u0144ska<\/em><em>, Jakub Zajder.<\/em><\/p>\n<p style=\"text-align: justify;\"><strong>II miejsce dla Szko\u0142y Podstawowej nr 53 z Oddzia\u0142ami Integracyjnymi im. Marii Sk\u0142odowskiej-Curie w Cz\u0119stochowie, kt\u00f3r\u0105 reprezentowali: <\/strong><em>Beata Grajcar, Nikola Klimek<\/em><em>, Weronika Rudecka.<\/em><\/p>\n<p style=\"text-align: justify;\"><strong>III miejsce dla Szko\u0142y Podstawowej nr 21 im. Ks. Stanis\u0142awa Konarskiego w Cz\u0119stochowie, kt\u00f3r\u0105 reprezentowali: <\/strong><\/p>\n<div id=\"attachment_1212\" style=\"width: 160px\" class=\"wp-caption alignleft\"><a href=\"https:\/\/pbp.womczest.edu.pl\/new\/wp-content\/uploads\/2013\/06\/dzialalnosc_edukacyjna_spotkanie_z_lektura_2013_IMG_8679.JPG\" target=\"_blank\"><img aria-describedby=\"caption-attachment-1212\" decoding=\"async\" class=\"caption alignleft size-full wp-image-1212\" style=\"float: left;\" title=\"Uroczyste og\u0142oszenie wynik\u00f3w\" src=\"https:\/\/pbp.womczest.edu.pl\/new\/wp-content\/uploads\/2013\/06\/dzialalnosc_edukacyjna_spotkanie_z_lektura_2013_IMG_8679.JPG\" alt=\"\" width=\"150\" border=\"0\" srcset=\"https:\/\/pbp.womczest.edu.pl\/new\/wp-content\/uploads\/2013\/06\/dzialalnosc_edukacyjna_spotkanie_z_lektura_2013_IMG_8679.JPG 1024w, https:\/\/pbp.womczest.edu.pl\/new\/wp-content\/uploads\/2013\/06\/dzialalnosc_edukacyjna_spotkanie_z_lektura_2013_IMG_8679-300x200.jpg 300w, https:\/\/pbp.womczest.edu.pl\/new\/wp-content\/uploads\/2013\/06\/dzialalnosc_edukacyjna_spotkanie_z_lektura_2013_IMG_8679-100x67.jpg 100w, https:\/\/pbp.womczest.edu.pl\/new\/wp-content\/uploads\/2013\/06\/dzialalnosc_edukacyjna_spotkanie_z_lektura_2013_IMG_8679-150x100.jpg 150w, https:\/\/pbp.womczest.edu.pl\/new\/wp-content\/uploads\/2013\/06\/dzialalnosc_edukacyjna_spotkanie_z_lektura_2013_IMG_8679-200x133.jpg 200w, https:\/\/pbp.womczest.edu.pl\/new\/wp-content\/uploads\/2013\/06\/dzialalnosc_edukacyjna_spotkanie_z_lektura_2013_IMG_8679-450x300.jpg 450w, https:\/\/pbp.womczest.edu.pl\/new\/wp-content\/uploads\/2013\/06\/dzialalnosc_edukacyjna_spotkanie_z_lektura_2013_IMG_8679-600x400.jpg 600w, https:\/\/pbp.womczest.edu.pl\/new\/wp-content\/uploads\/2013\/06\/dzialalnosc_edukacyjna_spotkanie_z_lektura_2013_IMG_8679-900x600.jpg 900w\" sizes=\"(max-width: 1024px) 100vw, 1024px\" \/><\/a><p id=\"caption-attachment-1212\" class=\"wp-caption-text\">Uroczyste og\u0142oszenie wynik\u00f3w<\/p><\/div>\n<p style=\"text-align: justify;\"><em>Natalia Ma\u0142\u017c, Aleksandra Milik<\/em><em>, Maksymilian Szmidla<\/em>.<\/p>\n<p style=\"text-align: justify;\"><strong>Wyr\u00f3\u017cnienie dla uczni\u00f3w Szko\u0142y Podstawowej nr 31 z Oddzia\u0142ami Integracyjnymi w Cz\u0119stochowie, kt\u00f3r\u0105 reprezentowali: <\/strong><em>Wiktoria Nadolska, Anna G\u00f3rna, Mateusz Dawid.<\/em><\/p>\n<p style=\"text-align: justify;\"><strong>Wyr\u00f3\u017cnienie dla uczni\u00f3w Szko\u0142y Podstawowej im. Gustawa Morcinka w Poczesnej, kt\u00f3r\u0105 reprezentowali: <\/strong><em>Amelia Balcerek, Dagmara Dziubi\u0144ska<\/em><em>, Wiktor \u0141uniewski.<\/em><\/p>\n<div id=\"attachment_1213\" style=\"width: 160px\" class=\"wp-caption alignright\"><a href=\"https:\/\/pbp.womczest.edu.pl\/new\/wp-content\/uploads\/2013\/06\/dzialalnosc_edukacyjna_spotkanie_z_lektura_2013_IMG_8685.JPG\" target=\"_blank\"><img aria-describedby=\"caption-attachment-1213\" decoding=\"async\" class=\"caption alignright size-full wp-image-1213\" style=\"float: right;\" title=\"Wr\u0119czenie nagr\u00f3d i wyr\u00f3\u017cnie\u0144\" src=\"https:\/\/pbp.womczest.edu.pl\/new\/wp-content\/uploads\/2013\/06\/dzialalnosc_edukacyjna_spotkanie_z_lektura_2013_IMG_8685.JPG\" alt=\"\" width=\"150\" border=\"0\" srcset=\"https:\/\/pbp.womczest.edu.pl\/new\/wp-content\/uploads\/2013\/06\/dzialalnosc_edukacyjna_spotkanie_z_lektura_2013_IMG_8685.JPG 1024w, https:\/\/pbp.womczest.edu.pl\/new\/wp-content\/uploads\/2013\/06\/dzialalnosc_edukacyjna_spotkanie_z_lektura_2013_IMG_8685-300x200.jpg 300w, https:\/\/pbp.womczest.edu.pl\/new\/wp-content\/uploads\/2013\/06\/dzialalnosc_edukacyjna_spotkanie_z_lektura_2013_IMG_8685-100x67.jpg 100w, https:\/\/pbp.womczest.edu.pl\/new\/wp-content\/uploads\/2013\/06\/dzialalnosc_edukacyjna_spotkanie_z_lektura_2013_IMG_8685-150x100.jpg 150w, https:\/\/pbp.womczest.edu.pl\/new\/wp-content\/uploads\/2013\/06\/dzialalnosc_edukacyjna_spotkanie_z_lektura_2013_IMG_8685-200x133.jpg 200w, https:\/\/pbp.womczest.edu.pl\/new\/wp-content\/uploads\/2013\/06\/dzialalnosc_edukacyjna_spotkanie_z_lektura_2013_IMG_8685-450x300.jpg 450w, https:\/\/pbp.womczest.edu.pl\/new\/wp-content\/uploads\/2013\/06\/dzialalnosc_edukacyjna_spotkanie_z_lektura_2013_IMG_8685-600x400.jpg 600w, https:\/\/pbp.womczest.edu.pl\/new\/wp-content\/uploads\/2013\/06\/dzialalnosc_edukacyjna_spotkanie_z_lektura_2013_IMG_8685-900x600.jpg 900w\" sizes=\"(max-width: 1024px) 100vw, 1024px\" \/><\/a><p id=\"caption-attachment-1213\" class=\"wp-caption-text\">Wr\u0119czenie nagr\u00f3d i wyr\u00f3\u017cnie.<\/p><\/div>\n<p style=\"text-align: justify;\"><strong>Wyr\u00f3\u017cn<\/strong><strong>ienie dla uczni\u00f3w Szko\u0142y Podstawowej nr 39 im. Marii Konopnickiej w Cz\u0119stochowie, kt\u00f3r\u0105 reprezentowa<\/strong><strong>li: <\/strong><em>Weronika Kowalik, Zuzanna Rogalska<\/em><em>, Justyna Doros\u0142awska.<\/em><\/p>\n<p>Zwyci\u0119zcy otrzymali dyplomy i nagrody ksi\u0105\u017ckowe. Wszyscy uczniowie otrzymali dyplomy za uczestnictwo i drobne upominki, a nauczyciele podzi\u0119kowania.<\/p>\n<p>Uczniom gratulujemy wiedzy i zapa\u0142u. Nauczycielom dzi\u0119kujemy za przygotowanie dzieci do konkursowych zmaga\u0144. Sponsorem nagr\u00f3d oraz pocz\u0119stunku dla uczestnik\u00f3w konkursu by\u0142a Rada Rodzic\u00f3w Szko\u0142y Podstawowej nr 39 w Cz\u0119stochowie. Natomiast drobne upominki dla wszystkich uczestnik\u00f3w ufundowa\u0142 pan Janusz Kciuk, w\u0142a\u015bciciel <em>Hurtowni Zabawek As<\/em>. Sponsorom serdecznie dzi\u0119kujemy.<\/p>\n<p style=\"text-align: right;\"><em> Anna D\u0105browska<br \/>\nZdj\u0119cia: Izabela Bajor<\/em><\/p>\n<p style=\"text-align: left;\"><em><strong>Galeria<\/strong><br \/>\n<\/em><\/p>\n","protected":false},"excerpt":{"rendered":"<p>X edycja Mi\u0119dzyszkolnego Konkursu Czytelniczego i Plastycznego Spotkanie z lektur\u0105 odby\u0142a si\u0119 23 maja 2013 roku. Organizatorami konkursu byli: nauczyciele bibliotekarze Publicznej Biblioteki Pedagogicznej Regionalnego O\u015brodka Doskonalenia Nauczycieli \u201eWOM\u201d \u2013 Izabela Bajor, Anna Hiller, Jolanta Janicka, Anna D\u0105browska oraz nauczyciele Szko\u0142y Podstawowej nr 39 \u2013 Agnieszka Centkowska i Wanda Kolman. W konkursie uczestniczy\u0142o pi\u0119\u0107dziesi\u0119ciu czterech uczni\u00f3w klas trzecich z dziewi\u0119ciu szk\u00f3\u0142 podstawowych miasta Cz\u0119stochowy i powiatu cz\u0119stochowskiego. Konkurs czytelniczy zosta\u0142<span class=\"ellipsis\">&hellip;<\/span><\/p>\n<div class=\"read-more\"><a href=\"https:\/\/pbp.womczest.edu.pl\/new\/edukacja\/konkursy\/spotkanie-z-lektura\/spotkanie-z-lektura-2013\/\">Czytaj wi\u0119cej &#8250;<\/a><\/div>\n<p><!-- end of .read-more --><\/p>\n","protected":false},"author":3,"featured_media":0,"parent":4293,"menu_order":0,"comment_status":"closed","ping_status":"open","template":"","meta":{"footnotes":""},"jetpack_sharing_enabled":true,"jetpack_shortlink":"https:\/\/wp.me\/PgmV4H-17p","_links":{"self":[{"href":"https:\/\/pbp.womczest.edu.pl\/new\/wp-json\/wp\/v2\/pages\/4303"}],"collection":[{"href":"https:\/\/pbp.womczest.edu.pl\/new\/wp-json\/wp\/v2\/pages"}],"about":[{"href":"https:\/\/pbp.womczest.edu.pl\/new\/wp-json\/wp\/v2\/types\/page"}],"author":[{"embeddable":true,"href":"https:\/\/pbp.womczest.edu.pl\/new\/wp-json\/wp\/v2\/users\/3"}],"replies":[{"embeddable":true,"href":"https:\/\/pbp.womczest.edu.pl\/new\/wp-json\/wp\/v2\/comments?post=4303"}],"version-history":[{"count":2,"href":"https:\/\/pbp.womczest.edu.pl\/new\/wp-json\/wp\/v2\/pages\/4303\/revisions"}],"predecessor-version":[{"id":4305,"href":"https:\/\/pbp.womczest.edu.pl\/new\/wp-json\/wp\/v2\/pages\/4303\/revisions\/4305"}],"up":[{"embeddable":true,"href":"https:\/\/pbp.womczest.edu.pl\/new\/wp-json\/wp\/v2\/pages\/4293"}],"wp:attachment":[{"href":"https:\/\/pbp.womczest.edu.pl\/new\/wp-json\/wp\/v2\/media?parent=4303"}],"curies":[{"name":"wp","href":"https:\/\/api.w.org\/{rel}","templated":true}]}}