


{"id":4293,"date":"2015-05-19T10:17:45","date_gmt":"2015-05-19T08:17:45","guid":{"rendered":"https:\/\/pbp.womczest.edu.pl\/new\/?page_id=4293"},"modified":"2015-05-19T10:35:56","modified_gmt":"2015-05-19T08:35:56","slug":"spotkanie-z-lektura","status":"publish","type":"page","link":"https:\/\/pbp.womczest.edu.pl\/new\/edukacja\/konkursy\/spotkanie-z-lektura\/","title":{"rendered":"Spotkanie z lektur\u0105"},"content":{"rendered":"<hr \/>\n<p style=\"text-align: center;\"><strong>Mi\u0119dzyszkolny Konkurs Czytelniczy i Plastyczny \u201eSpotkanie z lektur\u0105\u201d<\/strong><\/p>\n<p><img decoding=\"async\" loading=\"lazy\" class=\" size-full wp-image-1090 alignleft\" style=\"float: left; border: 0px none;\" src=\"https:\/\/pbp.womczest.edu.pl\/new\/wp-content\/uploads\/2013\/04\/dzialalnosc_edukacyjna_spotkanie_z_lektura_spotkanie_z_lektura.jpg\" alt=\"\" width=\"350\" height=\"89\" border=\"0\" srcset=\"https:\/\/pbp.womczest.edu.pl\/new\/wp-content\/uploads\/2013\/04\/dzialalnosc_edukacyjna_spotkanie_z_lektura_spotkanie_z_lektura.jpg 630w, https:\/\/pbp.womczest.edu.pl\/new\/wp-content\/uploads\/2013\/04\/dzialalnosc_edukacyjna_spotkanie_z_lektura_spotkanie_z_lektura-300x77.jpg 300w, https:\/\/pbp.womczest.edu.pl\/new\/wp-content\/uploads\/2013\/04\/dzialalnosc_edukacyjna_spotkanie_z_lektura_spotkanie_z_lektura-100x26.jpg 100w, https:\/\/pbp.womczest.edu.pl\/new\/wp-content\/uploads\/2013\/04\/dzialalnosc_edukacyjna_spotkanie_z_lektura_spotkanie_z_lektura-150x38.jpg 150w, https:\/\/pbp.womczest.edu.pl\/new\/wp-content\/uploads\/2013\/04\/dzialalnosc_edukacyjna_spotkanie_z_lektura_spotkanie_z_lektura-200x51.jpg 200w, https:\/\/pbp.womczest.edu.pl\/new\/wp-content\/uploads\/2013\/04\/dzialalnosc_edukacyjna_spotkanie_z_lektura_spotkanie_z_lektura-450x115.jpg 450w, https:\/\/pbp.womczest.edu.pl\/new\/wp-content\/uploads\/2013\/04\/dzialalnosc_edukacyjna_spotkanie_z_lektura_spotkanie_z_lektura-600x153.jpg 600w\" sizes=\"(max-width: 350px) 100vw, 350px\" \/><\/p>\n<p>\u201eSpotkanie z lektur\u0105\u201d organizowane jest od 2004 roku przez nauczycieli bibliotekarzy Publicznej Biblioteki Pedagogicznej RODN \u201eWOM\u201d w Cz\u0119stochowie i nauczycieli Szko\u0142y Podstawowej nr 39 im. Marii Konopnickiej w Cz\u0119stochowie. Konkurs odbywa si\u0119 w siedzibie Regionalnego O\u015brodka Doskonalenia Nauczycieli. Celem konkursu jest propagowanie literatury dzieci\u0119cej, rozbudzanie zainteresowa\u0144 czytelniczych uczni\u00f3w, kszta\u0142towanie umiej\u0119tno\u015bci pracy grupowej oraz zasad zdrowego wsp\u00f3\u0142zawodnictwa. W rywalizacji bior\u0105 udzia\u0142 uczniowie klas pocz\u0105tkowych cz\u0119stochowskich szk\u00f3\u0142 podstawowych. W ka\u017cdym roku do zmaga\u0144 konkursowych przyst\u0119puj\u0105 zamiennie uczniowie klas pierwszych, drugich lub trzecich. Uczestnik\u00f3w obowi\u0105zuje znajomo\u015b\u0107 lektur wyznaczonych wcze\u015bniej przez organizator\u00f3w. Konkurs przeprowadzany jest w formie rywalizacji trzyosobowych dru\u017cyn. Ka\u017cda szko\u0142a mo\u017ce zg\u0142osi\u0107 jedn\u0105 dru\u017cyn\u0119 do konkursu czytelniczego i jedn\u0105 do plastycznego.<\/p>\n<p>\u201eSpotkanie z lektur\u0105\u201d przebiega w mi\u0142ej i przyjaznej dla uczestnik\u00f3w atmosferze, a rozstrzygni\u0119cie (co wa\u017cne dla uczestnik\u00f3w) nast\u0119puje w tym samym dniu. W komisji konkursowej pracuj\u0105 nauczyciele bibliotekarze Publicznej Biblioteki Pedagogicznej. Wszyscy uczestnicy otrzymuj\u0105 dyplomy za udzia\u0142 w konkursie, a laureaci tak\u017ce nagrody ksi\u0105\u017ckowe.<\/p>\n<p><strong>Uczniom, kt\u00f3rzy byli uczestnikami w dotychczasowych edycjach konkursu gratulujemy wiedzy i zapa\u0142u. Nauczycielom dzi\u0119kujemy za przygotowanie dzieci do konkursowych zmaga\u0144.<br \/>\n<\/strong><\/p>\n<p style=\"text-align: center;\"><strong>Zapraszamy do uczestnictwa w kolejnych edycjach \u201eSpotkania z lektur\u0105\u201d<\/strong><\/p>\n<p><em>Archiwum konkursu:<\/em><\/p>\n<ul>\n<li><a href=\"https:\/\/pbp.womczest.edu.pl\/new\/edukacja\/konkursy\/spotkanie-z-lektura\/spotkanie-z-lektura-2013\/\" target=\"_blank\">\u201eSpotkanie z lektur\u0105\u201d 2013<\/a><\/li>\n<li><a href=\"https:\/\/pbp.womczest.edu.pl\/new\/edukacja\/konkursy\/spotkanie-z-lektura\/spotkanie-z-lektura-2012\/\" target=\"_blank\">\u201eSpotkanie z lektur\u0105\u201d 2012<\/a><\/li>\n<li><a href=\"https:\/\/pbp.womczest.edu.pl\/new\/edukacja\/konkursy\/spotkanie-z-lektura\/spotkanie-z-lektura-2011\/\" target=\"_blank\">\u201eSpotkanie z lektur\u0105\u201d 2011<\/a><\/li>\n<li><a href=\"https:\/\/pbp.womczest.edu.pl\/new\/edukacja\/konkursy\/spotkanie-z-lektura\/spotkanie-z-lektura-2010\/\" target=\"_blank\">\u201eSpotkanie z lektur\u0105\u201d 2010<\/a><\/li>\n<li><a href=\"https:\/\/pbp.womczest.edu.pl\/new\/edukacja\/konkursy\/spotkanie-z-lektura\/spotkanie-z-lektura-2009\/\" target=\"_blank\">\u201eSpotkanie z lektur\u0105\u201d 2009<\/a><\/li>\n<li><a href=\"https:\/\/pbp.womczest.edu.pl\/new\/edukacja\/konkursy\/spotkanie-z-lektura\/spotkanie-z-lektura-2008\/\" target=\"_blank\">\u201eSpotkanie z lektur\u0105\u201d 2008<\/a><\/li>\n<li><a href=\"https:\/\/pbp.womczest.edu.pl\/new\/edukacja\/konkursy\/spotkanie-z-lektura\/spotkanie-z-lektura-2007\/\" target=\"_blank\">\u201eSpotkanie z lektur\u0105\u201d 2007<\/a><\/li>\n<\/ul>\n","protected":false},"excerpt":{"rendered":"<p>Mi\u0119dzyszkolny Konkurs Czytelniczy i Plastyczny \u201eSpotkanie z lektur\u0105\u201d \u201eSpotkanie z lektur\u0105\u201d organizowane jest od 2004 roku przez nauczycieli bibliotekarzy Publicznej Biblioteki Pedagogicznej RODN \u201eWOM\u201d w Cz\u0119stochowie i nauczycieli Szko\u0142y Podstawowej nr 39 im. Marii Konopnickiej w Cz\u0119stochowie. Konkurs odbywa si\u0119 w siedzibie Regionalnego O\u015brodka Doskonalenia Nauczycieli. Celem konkursu jest propagowanie literatury dzieci\u0119cej, rozbudzanie zainteresowa\u0144 czytelniczych uczni\u00f3w, kszta\u0142towanie umiej\u0119tno\u015bci pracy grupowej oraz zasad zdrowego wsp\u00f3\u0142zawodnictwa. W rywalizacji bior\u0105 udzia\u0142 uczniowie klas<span class=\"ellipsis\">&hellip;<\/span><\/p>\n<div class=\"read-more\"><a href=\"https:\/\/pbp.womczest.edu.pl\/new\/edukacja\/konkursy\/spotkanie-z-lektura\/\">Czytaj wi\u0119cej &#8250;<\/a><\/div>\n<p><!-- end of .read-more --><\/p>\n","protected":false},"author":3,"featured_media":0,"parent":2649,"menu_order":0,"comment_status":"closed","ping_status":"open","template":"","meta":{"footnotes":""},"jetpack_sharing_enabled":true,"jetpack_shortlink":"https:\/\/wp.me\/PgmV4H-17f","_links":{"self":[{"href":"https:\/\/pbp.womczest.edu.pl\/new\/wp-json\/wp\/v2\/pages\/4293"}],"collection":[{"href":"https:\/\/pbp.womczest.edu.pl\/new\/wp-json\/wp\/v2\/pages"}],"about":[{"href":"https:\/\/pbp.womczest.edu.pl\/new\/wp-json\/wp\/v2\/types\/page"}],"author":[{"embeddable":true,"href":"https:\/\/pbp.womczest.edu.pl\/new\/wp-json\/wp\/v2\/users\/3"}],"replies":[{"embeddable":true,"href":"https:\/\/pbp.womczest.edu.pl\/new\/wp-json\/wp\/v2\/comments?post=4293"}],"version-history":[{"count":3,"href":"https:\/\/pbp.womczest.edu.pl\/new\/wp-json\/wp\/v2\/pages\/4293\/revisions"}],"predecessor-version":[{"id":4327,"href":"https:\/\/pbp.womczest.edu.pl\/new\/wp-json\/wp\/v2\/pages\/4293\/revisions\/4327"}],"up":[{"embeddable":true,"href":"https:\/\/pbp.womczest.edu.pl\/new\/wp-json\/wp\/v2\/pages\/2649"}],"wp:attachment":[{"href":"https:\/\/pbp.womczest.edu.pl\/new\/wp-json\/wp\/v2\/media?parent=4293"}],"curies":[{"name":"wp","href":"https:\/\/api.w.org\/{rel}","templated":true}]}}