


{"id":4288,"date":"2015-05-19T10:15:56","date_gmt":"2015-05-19T08:15:56","guid":{"rendered":"https:\/\/pbp.womczest.edu.pl\/new\/?page_id=4288"},"modified":"2015-05-19T10:15:56","modified_gmt":"2015-05-19T08:15:56","slug":"dyktus-2003-dyktando-dla-uczniow-klas-iii-czestochowskich-szkol-podstawowych","status":"publish","type":"page","link":"https:\/\/pbp.womczest.edu.pl\/new\/edukacja\/konkursy\/dyktus\/dyktus-2003-dyktando-dla-uczniow-klas-iii-czestochowskich-szkol-podstawowych\/","title":{"rendered":"\u201eDyktu\u015b\u201d 2003 &#8211; Dyktando dla uczni\u00f3w klas III cz\u0119stochowskich szk\u00f3\u0142 podstawowych"},"content":{"rendered":"<hr \/>\n<p>Dyktando odby\u0142o si\u0119 22 maja 2003 roku.<br \/>\nUczestniczy\u0142o w nim 78 uczni\u00f3w (po trzy osoby z ka\u017cdej szko\u0142y \u2013 26 szk\u00f3\u0142).<\/p>\n<p>Laureatami zostali:<\/p>\n<p><em>Mistrz ortografii:<\/em><br \/>\n<strong>Dawid Dudziuk<\/strong> \u2013 Szko\u0142a Podstawowa nr 32<br \/>\n(praca napisana bez b\u0142\u0119du ortograficznego)<\/p>\n<p><em>Wicemistrzowie ortografii:<\/em><br \/>\n<strong>Paulina Zarycka<\/strong> \u2013 Szko\u0142a Podstawowa nr 1<strong><br \/>\nMarcelina Wr\u0119czycka<\/strong> \u2013 Szko\u0142a Podstawowa nr 15<\/p>\n<p><em>Wyr\u00f3\u017cnienia:<\/em><strong><br \/>\nJakub Serwa<\/strong> \u2013 Szko\u0142a Podstawowa nr 31<br \/>\n<strong>Kamil Ma\u017aniak<\/strong> \u2013 Szko\u0142a Podstawowa nr 14<br \/>\n<strong>Emanuel Wiaderek<\/strong> \u2013 Szko\u0142a Podstawowa nr 53<br \/>\n<strong>Katarzyna Brz\u00f3ska<\/strong> \u2013 Szko\u0142a Podstawowa im. \u015bw. Jana de La Salle<br \/>\n<strong>Mateusz Grabara<\/strong> \u2013 Szko\u0142a Podstawowa im. \u015bw. Jana de La Salle<br \/>\n<strong>Marcin Chabrowski<\/strong> \u2013 Szko\u0142a Podstawowa nr 53<br \/>\n<strong>Wojciech Dawid<\/strong> \u2013 Szko\u0142a Podstawowa nr 15<br \/>\n<strong>Karolina Marli\u0144ska<\/strong> \u2013 Szko\u0142a Podstawowa nr 31<\/p>\n<p><a href=\"https:\/\/pbp.womczest.edu.pl\/new\/wp-content\/uploads\/2013\/04\/dzialalnosc_edukacyjna_dyktus_dyktus_2003_tekst.pdf\" target=\"_blank\"><em><strong>Tekst dyktanda<\/strong><\/em><\/a><\/p>\n","protected":false},"excerpt":{"rendered":"<p>Dyktando odby\u0142o si\u0119 22 maja 2003 roku. Uczestniczy\u0142o w nim 78 uczni\u00f3w (po trzy osoby z ka\u017cdej szko\u0142y \u2013 26 szk\u00f3\u0142). Laureatami zostali: Mistrz ortografii: Dawid Dudziuk \u2013 Szko\u0142a Podstawowa nr 32 (praca napisana bez b\u0142\u0119du ortograficznego) Wicemistrzowie ortografii: Paulina Zarycka \u2013 Szko\u0142a Podstawowa nr 1 Marcelina Wr\u0119czycka \u2013 Szko\u0142a Podstawowa nr 15 Wyr\u00f3\u017cnienia: Jakub Serwa \u2013 Szko\u0142a Podstawowa nr 31 Kamil Ma\u017aniak \u2013 Szko\u0142a Podstawowa nr 14 Emanuel Wiaderek<span class=\"ellipsis\">&hellip;<\/span><\/p>\n<div class=\"read-more\"><a href=\"https:\/\/pbp.womczest.edu.pl\/new\/edukacja\/konkursy\/dyktus\/dyktus-2003-dyktando-dla-uczniow-klas-iii-czestochowskich-szkol-podstawowych\/\">Czytaj wi\u0119cej &#8250;<\/a><\/div>\n<p><!-- end of .read-more --><\/p>\n","protected":false},"author":3,"featured_media":0,"parent":4230,"menu_order":0,"comment_status":"closed","ping_status":"open","template":"","meta":{"footnotes":""},"jetpack_sharing_enabled":true,"jetpack_shortlink":"https:\/\/wp.me\/PgmV4H-17a","_links":{"self":[{"href":"https:\/\/pbp.womczest.edu.pl\/new\/wp-json\/wp\/v2\/pages\/4288"}],"collection":[{"href":"https:\/\/pbp.womczest.edu.pl\/new\/wp-json\/wp\/v2\/pages"}],"about":[{"href":"https:\/\/pbp.womczest.edu.pl\/new\/wp-json\/wp\/v2\/types\/page"}],"author":[{"embeddable":true,"href":"https:\/\/pbp.womczest.edu.pl\/new\/wp-json\/wp\/v2\/users\/3"}],"replies":[{"embeddable":true,"href":"https:\/\/pbp.womczest.edu.pl\/new\/wp-json\/wp\/v2\/comments?post=4288"}],"version-history":[{"count":2,"href":"https:\/\/pbp.womczest.edu.pl\/new\/wp-json\/wp\/v2\/pages\/4288\/revisions"}],"predecessor-version":[{"id":4290,"href":"https:\/\/pbp.womczest.edu.pl\/new\/wp-json\/wp\/v2\/pages\/4288\/revisions\/4290"}],"up":[{"embeddable":true,"href":"https:\/\/pbp.womczest.edu.pl\/new\/wp-json\/wp\/v2\/pages\/4230"}],"wp:attachment":[{"href":"https:\/\/pbp.womczest.edu.pl\/new\/wp-json\/wp\/v2\/media?parent=4288"}],"curies":[{"name":"wp","href":"https:\/\/api.w.org\/{rel}","templated":true}]}}