


{"id":4284,"date":"2015-05-19T10:15:02","date_gmt":"2015-05-19T08:15:02","guid":{"rendered":"https:\/\/pbp.womczest.edu.pl\/new\/?page_id=4284"},"modified":"2015-05-19T10:15:02","modified_gmt":"2015-05-19T08:15:02","slug":"dyktus-2004-dyktando-dla-uczniow-klas-iii-czestochowskich-szkol-podstawowych","status":"publish","type":"page","link":"https:\/\/pbp.womczest.edu.pl\/new\/edukacja\/konkursy\/dyktus\/dyktus-2004-dyktando-dla-uczniow-klas-iii-czestochowskich-szkol-podstawowych\/","title":{"rendered":"\u201eDyktu\u015b\u201d 2004 &#8211; Dyktando dla uczni\u00f3w klas III cz\u0119stochowskich szk\u00f3\u0142 podstawowych"},"content":{"rendered":"<hr \/>\n<p>Fina\u0142 II edycji konkursu odby\u0142 si\u0119 6 maja 2004 roku.<br \/>\nTym razem organizatorzy prosili o zg\u0142aszanie dw\u00f3ch os\u00f3b z ka\u017cdej szko\u0142y.<br \/>\nW dyktandzie wzi\u0119\u0142o udzia\u0142 48 uczni\u00f3w z 24 szk\u00f3\u0142.<\/p>\n<p>Laureatami zostali:<\/p>\n<p><em>Mistrz ortografii:<\/em><br \/>\n<strong>Paulina Gawin \u2013<\/strong> Szko\u0142a Podstawowa SP nr 53<\/p>\n<p><em>Wicemistrzowie ortografii:<\/em><br \/>\n<strong>Joanna Kostrzewska<\/strong> \u2013 Szko\u0142a Podstawowa nr 31<br \/>\n<strong>Katarzyna Kukie\u0142ka<\/strong> \u2013 Prywatna Lingwistyczna Szko\u0142a Podstawowa<strong><br \/>\nPatryk Miszczak<\/strong> \u2013 Szko\u0142a Podstawowa nr 49<br \/>\n(prace napisane z jednym b\u0142\u0119dem ortograficznym, o miejscu decydowa\u0142y b\u0142\u0119dy interpunkcyjne)<\/p>\n<p><em>Wyr\u00f3\u017cnienia:<\/em><br \/>\n<strong>Karolina Matyska<\/strong> \u2013 Szko\u0142a Podstawowa nr 40<br \/>\n<strong>Karolina Zawadzka<\/strong> \u2013 Prywatna Lingwistyczna Szko\u0142a Podstawowa<br \/>\n<strong>Karolina Cierpia\u0142<\/strong> \u2013 Szko\u0142a Podstawowa nr 52<br \/>\n<strong>Krzysztof Lam<\/strong> \u2013 Szko\u0142a Podstawowa nr 39<br \/>\n<strong>Anna Bartosik<\/strong> \u2013 Szko\u0142a Podstawowa nr 53<br \/>\n<strong>Martyna Mi\u0142kowska<\/strong> \u2013 Szko\u0142a Podstawowa nr 18<\/p>\n<p><a href=\"https:\/\/pbp.womczest.edu.pl\/new\/wp-content\/uploads\/2013\/04\/dzialalnosc_edukacyjna_dyktus_dyktus_2004_tekst.pdf\" target=\"_blank\"><em><strong>Tekst dyktanda<\/strong><\/em><\/a><\/p>\n","protected":false},"excerpt":{"rendered":"<p>Fina\u0142 II edycji konkursu odby\u0142 si\u0119 6 maja 2004 roku. Tym razem organizatorzy prosili o zg\u0142aszanie dw\u00f3ch os\u00f3b z ka\u017cdej szko\u0142y. W dyktandzie wzi\u0119\u0142o udzia\u0142 48 uczni\u00f3w z 24 szk\u00f3\u0142. Laureatami zostali: Mistrz ortografii: Paulina Gawin \u2013 Szko\u0142a Podstawowa SP nr 53 Wicemistrzowie ortografii: Joanna Kostrzewska \u2013 Szko\u0142a Podstawowa nr 31 Katarzyna Kukie\u0142ka \u2013 Prywatna Lingwistyczna Szko\u0142a Podstawowa Patryk Miszczak \u2013 Szko\u0142a Podstawowa nr 49 (prace napisane z jednym b\u0142\u0119dem<span class=\"ellipsis\">&hellip;<\/span><\/p>\n<div class=\"read-more\"><a href=\"https:\/\/pbp.womczest.edu.pl\/new\/edukacja\/konkursy\/dyktus\/dyktus-2004-dyktando-dla-uczniow-klas-iii-czestochowskich-szkol-podstawowych\/\">Czytaj wi\u0119cej &#8250;<\/a><\/div>\n<p><!-- end of .read-more --><\/p>\n","protected":false},"author":3,"featured_media":0,"parent":4230,"menu_order":0,"comment_status":"closed","ping_status":"open","template":"","meta":{"footnotes":""},"jetpack_sharing_enabled":true,"jetpack_shortlink":"https:\/\/wp.me\/PgmV4H-176","_links":{"self":[{"href":"https:\/\/pbp.womczest.edu.pl\/new\/wp-json\/wp\/v2\/pages\/4284"}],"collection":[{"href":"https:\/\/pbp.womczest.edu.pl\/new\/wp-json\/wp\/v2\/pages"}],"about":[{"href":"https:\/\/pbp.womczest.edu.pl\/new\/wp-json\/wp\/v2\/types\/page"}],"author":[{"embeddable":true,"href":"https:\/\/pbp.womczest.edu.pl\/new\/wp-json\/wp\/v2\/users\/3"}],"replies":[{"embeddable":true,"href":"https:\/\/pbp.womczest.edu.pl\/new\/wp-json\/wp\/v2\/comments?post=4284"}],"version-history":[{"count":2,"href":"https:\/\/pbp.womczest.edu.pl\/new\/wp-json\/wp\/v2\/pages\/4284\/revisions"}],"predecessor-version":[{"id":4286,"href":"https:\/\/pbp.womczest.edu.pl\/new\/wp-json\/wp\/v2\/pages\/4284\/revisions\/4286"}],"up":[{"embeddable":true,"href":"https:\/\/pbp.womczest.edu.pl\/new\/wp-json\/wp\/v2\/pages\/4230"}],"wp:attachment":[{"href":"https:\/\/pbp.womczest.edu.pl\/new\/wp-json\/wp\/v2\/media?parent=4284"}],"curies":[{"name":"wp","href":"https:\/\/api.w.org\/{rel}","templated":true}]}}