


{"id":4279,"date":"2015-05-19T10:14:05","date_gmt":"2015-05-19T08:14:05","guid":{"rendered":"https:\/\/pbp.womczest.edu.pl\/new\/?page_id=4279"},"modified":"2015-05-19T10:14:05","modified_gmt":"2015-05-19T08:14:05","slug":"dyktus-2005-dyktando-dla-uczniow-klas-iii-czestochowskich-szkol-podstawowych","status":"publish","type":"page","link":"https:\/\/pbp.womczest.edu.pl\/new\/edukacja\/konkursy\/dyktus\/dyktus-2005-dyktando-dla-uczniow-klas-iii-czestochowskich-szkol-podstawowych\/","title":{"rendered":"\u201eDyktu\u015b\u201d 2005 &#8211; Dyktando dla uczni\u00f3w klas III cz\u0119stochowskich szk\u00f3\u0142 podstawowych"},"content":{"rendered":"<hr \/>\n<p>Do udzia\u0142u w konkursie zg\u0142osi\u0142o si\u0119 26 cz\u0119stochowskich szk\u00f3\u0142. Do fina\u0142owych zmaga\u0144 przyst\u0105pi\u0142o 50 uczni\u00f3w.<\/p>\n<p>Laureatami zostali:<\/p>\n<p><em>Mistrz ortografii:<\/em><br \/>\n<strong><strong>Adam So\u0142tysik<\/strong> <\/strong> \u2013 Szko\u0142a Podstawowa nr 30<\/p>\n<p><em>Wicemistrzowie ortografii:<\/em><br \/>\n<strong>Kinga Pomianowska<\/strong> \u2013 Szko\u0142a Podstawowa im. \u015bw. Jana de La Salle<br \/>\n<strong>Katarzyna<\/strong> <strong>But<\/strong> \u2013 Szko\u0142a Podstawowa nr 11<\/p>\n<p><em>Wyr\u00f3\u017cnienia:<\/em><br \/>\n<strong>Bogna Wierzbicka<\/strong> \u2013 Katolicka Szko\u0142a Podstawowa<br \/>\n<strong>Piotr Zalewski<\/strong> \u2013 Prywatna Lingwistyczna Szko\u0142a Podstawowa<br \/>\n<strong>Jakub Pogodzi\u0144ski<\/strong> \u2013 Szko\u0142a Podstawowa nr 31<br \/>\n<strong>Maciej Gajda<\/strong> \u2013 Szko\u0142a Podstawowa nr 48<br \/>\n<strong>Damian Szmidem<\/strong> \u2013 Szko\u0142a Podstawowa nr 36<br \/>\n<strong>Patryk Wo\u017aniak<\/strong> \u2013 Szko\u0142a Podstawowa nr 29<br \/>\n<strong>Katarzyna Kopcik<\/strong> \u2013 Szko\u0142a Podstawowa nr 14<\/p>\n<p><a href=\"https:\/\/pbp.womczest.edu.pl\/new\/wp-content\/uploads\/2013\/04\/dzialalnosc_edukacyjna_dyktus_dyktus_2005_tekst.pdf\" target=\"_blank\"><em><strong>Tekst dyktanda<\/strong><\/em><\/a><\/p>\n","protected":false},"excerpt":{"rendered":"<p>Do udzia\u0142u w konkursie zg\u0142osi\u0142o si\u0119 26 cz\u0119stochowskich szk\u00f3\u0142. Do fina\u0142owych zmaga\u0144 przyst\u0105pi\u0142o 50 uczni\u00f3w. Laureatami zostali: Mistrz ortografii: Adam So\u0142tysik \u2013 Szko\u0142a Podstawowa nr 30 Wicemistrzowie ortografii: Kinga Pomianowska \u2013 Szko\u0142a Podstawowa im. \u015bw. Jana de La Salle Katarzyna But \u2013 Szko\u0142a Podstawowa nr 11 Wyr\u00f3\u017cnienia: Bogna Wierzbicka \u2013 Katolicka Szko\u0142a Podstawowa Piotr Zalewski \u2013 Prywatna Lingwistyczna Szko\u0142a Podstawowa Jakub Pogodzi\u0144ski \u2013 Szko\u0142a Podstawowa nr 31 Maciej Gajda \u2013<span class=\"ellipsis\">&hellip;<\/span><\/p>\n<div class=\"read-more\"><a href=\"https:\/\/pbp.womczest.edu.pl\/new\/edukacja\/konkursy\/dyktus\/dyktus-2005-dyktando-dla-uczniow-klas-iii-czestochowskich-szkol-podstawowych\/\">Czytaj wi\u0119cej &#8250;<\/a><\/div>\n<p><!-- end of .read-more --><\/p>\n","protected":false},"author":3,"featured_media":0,"parent":4230,"menu_order":0,"comment_status":"closed","ping_status":"open","template":"","meta":{"footnotes":""},"jetpack_sharing_enabled":true,"jetpack_shortlink":"https:\/\/wp.me\/PgmV4H-171","_links":{"self":[{"href":"https:\/\/pbp.womczest.edu.pl\/new\/wp-json\/wp\/v2\/pages\/4279"}],"collection":[{"href":"https:\/\/pbp.womczest.edu.pl\/new\/wp-json\/wp\/v2\/pages"}],"about":[{"href":"https:\/\/pbp.womczest.edu.pl\/new\/wp-json\/wp\/v2\/types\/page"}],"author":[{"embeddable":true,"href":"https:\/\/pbp.womczest.edu.pl\/new\/wp-json\/wp\/v2\/users\/3"}],"replies":[{"embeddable":true,"href":"https:\/\/pbp.womczest.edu.pl\/new\/wp-json\/wp\/v2\/comments?post=4279"}],"version-history":[{"count":2,"href":"https:\/\/pbp.womczest.edu.pl\/new\/wp-json\/wp\/v2\/pages\/4279\/revisions"}],"predecessor-version":[{"id":4281,"href":"https:\/\/pbp.womczest.edu.pl\/new\/wp-json\/wp\/v2\/pages\/4279\/revisions\/4281"}],"up":[{"embeddable":true,"href":"https:\/\/pbp.womczest.edu.pl\/new\/wp-json\/wp\/v2\/pages\/4230"}],"wp:attachment":[{"href":"https:\/\/pbp.womczest.edu.pl\/new\/wp-json\/wp\/v2\/media?parent=4279"}],"curies":[{"name":"wp","href":"https:\/\/api.w.org\/{rel}","templated":true}]}}