


{"id":4275,"date":"2015-05-19T10:13:12","date_gmt":"2015-05-19T08:13:12","guid":{"rendered":"https:\/\/pbp.womczest.edu.pl\/new\/?page_id=4275"},"modified":"2015-05-19T10:13:12","modified_gmt":"2015-05-19T08:13:12","slug":"dyktus-2006-dyktando-dla-uczniow-klas-iii-czestochowskich-szkol-podstawowych","status":"publish","type":"page","link":"https:\/\/pbp.womczest.edu.pl\/new\/edukacja\/konkursy\/dyktus\/dyktus-2006-dyktando-dla-uczniow-klas-iii-czestochowskich-szkol-podstawowych\/","title":{"rendered":"\u201eDyktu\u015b\u201d 2006 &#8211; Dyktando dla uczni\u00f3w klas III cz\u0119stochowskich szk\u00f3\u0142 podstawowych"},"content":{"rendered":"<hr \/>\n<p>W dniu 11 maja 2006 r., odby\u0142a si\u0119 czwarta edycja konkursu ortograficznego dla uczni\u00f3w klas trzecich nauczania zintegrowanego.<\/p>\n<p>W dyktandzie wzi\u0119\u0142o udzia\u0142 79 szkolnych mistrz\u00f3w i wicemistrz\u00f3w ortografii z 28 szk\u00f3\u0142 podstawowych miasta Cz\u0119stochowy.<\/p>\n<p>Laureatami zostali:<\/p>\n<p><em>Mistrz ortografii:<\/em><br \/>\n<strong>Patrycja Kossakowska<\/strong> \u2013 Szko\u0142a Podstawowa nr 1<\/p>\n<p><em>Wicemistrzowie ortografii:<\/em><br \/>\n<strong>Aleksandra Tomaszewska<\/strong> \u2013 Szko\u0142a Podstawowa nr 39<strong><br \/>\nPaulina Szczyg\u0142owska<\/strong> \u2013 Szko\u0142a Podstawowa nr 47<\/p>\n<p><em>Wyr\u00f3\u017cnienia:<\/em><br \/>\n<strong>Angelika Biadacz<\/strong> \u2013 Szko\u0142a Podstawowa nr 54<br \/>\n<strong>Magdalena Za\u0142\u00f3g<\/strong> \u2013 Szko\u0142a Podstawowa nr 53<br \/>\n<strong>Anna Masarz<\/strong> \u2013 Szko\u0142a Podstawowa nr 36<br \/>\n<strong>Katarzyna Ka\u0142u\u017ca<\/strong> \u2013 Katolicka Szko\u0142a Podstawowa<br \/>\n<strong>Bartosz J\u0119drecki<\/strong> \u2013 Szko\u0142a Podstawowa nr 12<br \/>\n<strong>Justyna M\u0119cik<\/strong> \u2013 Szko\u0142a Podstawowa im. \u015bw.Jana de la Salle<br \/>\n<strong>Natalia Czo\u0142gasz<\/strong> \u2013 Szko\u0142a Podstawowa nr 31<br \/>\n<strong>Marta Ma\u0142ek<\/strong> \u2013 Szko\u0142a Podstawowa nr 48<\/p>\n<p><a href=\"https:\/\/pbp.womczest.edu.pl\/new\/wp-content\/uploads\/2013\/04\/dzialalnosc_edukacyjna_dyktus_dyktus_2006_tekst.pdf\" target=\"_blank\"><em><strong>Tekst dyktanda<\/strong><\/em><\/a><\/p>\n","protected":false},"excerpt":{"rendered":"<p>W dniu 11 maja 2006 r., odby\u0142a si\u0119 czwarta edycja konkursu ortograficznego dla uczni\u00f3w klas trzecich nauczania zintegrowanego. W dyktandzie wzi\u0119\u0142o udzia\u0142 79 szkolnych mistrz\u00f3w i wicemistrz\u00f3w ortografii z 28 szk\u00f3\u0142 podstawowych miasta Cz\u0119stochowy. Laureatami zostali: Mistrz ortografii: Patrycja Kossakowska \u2013 Szko\u0142a Podstawowa nr 1 Wicemistrzowie ortografii: Aleksandra Tomaszewska \u2013 Szko\u0142a Podstawowa nr 39 Paulina Szczyg\u0142owska \u2013 Szko\u0142a Podstawowa nr 47 Wyr\u00f3\u017cnienia: Angelika Biadacz \u2013 Szko\u0142a Podstawowa nr 54 Magdalena<span class=\"ellipsis\">&hellip;<\/span><\/p>\n<div class=\"read-more\"><a href=\"https:\/\/pbp.womczest.edu.pl\/new\/edukacja\/konkursy\/dyktus\/dyktus-2006-dyktando-dla-uczniow-klas-iii-czestochowskich-szkol-podstawowych\/\">Czytaj wi\u0119cej &#8250;<\/a><\/div>\n<p><!-- end of .read-more --><\/p>\n","protected":false},"author":3,"featured_media":0,"parent":4230,"menu_order":0,"comment_status":"closed","ping_status":"open","template":"","meta":{"footnotes":""},"jetpack_sharing_enabled":true,"jetpack_shortlink":"https:\/\/wp.me\/PgmV4H-16X","_links":{"self":[{"href":"https:\/\/pbp.womczest.edu.pl\/new\/wp-json\/wp\/v2\/pages\/4275"}],"collection":[{"href":"https:\/\/pbp.womczest.edu.pl\/new\/wp-json\/wp\/v2\/pages"}],"about":[{"href":"https:\/\/pbp.womczest.edu.pl\/new\/wp-json\/wp\/v2\/types\/page"}],"author":[{"embeddable":true,"href":"https:\/\/pbp.womczest.edu.pl\/new\/wp-json\/wp\/v2\/users\/3"}],"replies":[{"embeddable":true,"href":"https:\/\/pbp.womczest.edu.pl\/new\/wp-json\/wp\/v2\/comments?post=4275"}],"version-history":[{"count":2,"href":"https:\/\/pbp.womczest.edu.pl\/new\/wp-json\/wp\/v2\/pages\/4275\/revisions"}],"predecessor-version":[{"id":4277,"href":"https:\/\/pbp.womczest.edu.pl\/new\/wp-json\/wp\/v2\/pages\/4275\/revisions\/4277"}],"up":[{"embeddable":true,"href":"https:\/\/pbp.womczest.edu.pl\/new\/wp-json\/wp\/v2\/pages\/4230"}],"wp:attachment":[{"href":"https:\/\/pbp.womczest.edu.pl\/new\/wp-json\/wp\/v2\/media?parent=4275"}],"curies":[{"name":"wp","href":"https:\/\/api.w.org\/{rel}","templated":true}]}}