


{"id":4271,"date":"2015-05-19T10:12:17","date_gmt":"2015-05-19T08:12:17","guid":{"rendered":"https:\/\/pbp.womczest.edu.pl\/new\/?page_id=4271"},"modified":"2015-05-19T10:12:17","modified_gmt":"2015-05-19T08:12:17","slug":"dyktus-2007-dyktando-dla-uczniow-klas-iii-czestochowskich-szkol-podstawowych","status":"publish","type":"page","link":"https:\/\/pbp.womczest.edu.pl\/new\/edukacja\/konkursy\/dyktus\/dyktus-2007-dyktando-dla-uczniow-klas-iii-czestochowskich-szkol-podstawowych\/","title":{"rendered":"\u201eDyktu\u015b\u201d 2007 &#8211; Dyktando dla uczni\u00f3w klas III cz\u0119stochowskich szk\u00f3\u0142 podstawowych"},"content":{"rendered":"<hr \/>\n<p>To ju\u017c ma\u0142y jubileusz. W tym roku odby\u0142a si\u0119 bowiem pi\u0105ta edycja Dyktanda dla uczni\u00f3w klas trzecich nauczania zintegrowanego <em>\u201eDyktu\u015b\u201d<\/em>. Dyktando, kt\u00f3rego organizatorami od samego pocz\u0105tku s\u0105 Publiczna Biblioteka Pedagogiczna RODN \u201eWOM\u201d w Cz\u0119stochowie oraz Szko\u0142a Podstawowa nr 11 i Szko\u0142a Podstawowa nr 39, na sta\u0142e wpisa\u0142o si\u0119 w kalendarz imprez szkolnych.<\/p>\n<p>Jego celem jest kszta\u0142towanie nawyku ortograficznego pisania oraz zdobywanie umiej\u0119tno\u015bci kontrolowania napisanego przez siebie tekstu, budzenie czujno\u015bci ortograficznej, a tak\u017ce zainteresowanie uczni\u00f3w dyktandem, jako form\u0105 sprawdzianu poziomu w\u0142asnej pisowni.<\/p>\n<p>W tegorocznym konkursie wzi\u0119\u0142o udzia\u0142 50 uczni\u00f3w z 26 cz\u0119stochowskich szk\u00f3\u0142. Wi\u0119kszo\u015b\u0107 plac\u00f3wek uczestniczy w tych orograficznych zmaganiach ju\u017c od pi\u0119ciu lat. Etap wst\u0119pny odbywa si\u0119 w szko\u0142ach, gdzie nauczyciele przygotowuj\u0105 swoich podopiecznych i wy\u0142aniaj\u0105 spo\u015br\u00f3d swoich uczni\u00f3w mistrz\u00f3w i wicemistrz\u00f3w ortografii. W Auli Forum Regionalnego O\u015brodka Doskonalenia Nauczycieli \u201eWOM\u201d spotykaj\u0105 si\u0119 ju\u017c najlepsi z uczni\u00f3w i przyst\u0119puj\u0105 do fina\u0142u <em><strong>Dyktusia<\/strong><\/em>. Nasze dyktando zyska\u0142o sobie w \u015brodowisku miano trudnego, o czym mo\u017cna przekona\u0107 si\u0119 czytaj\u0105c teksty zamieszczone na stronie internetowej biblioteki.<\/p>\n<p>Tym wi\u0119ksza dla uczestnik\u00f3w satysfakcja z uzyskanych nagr\u00f3d i wyr\u00f3\u017cnie\u0144.<\/p>\n<p>Laureatami zostali:<\/p>\n<p><em>Mistrz ortografii:<\/em><br \/>\n<strong>Joanna Roksela <\/strong>\u2013 Szko\u0142a Podstawowa nr 48<\/p>\n<p><em>Wicemistrzowie ortografii:<\/em><br \/>\n<strong>Patryk Radziejewski <\/strong>\u2013 Szko\u0142a Podstawowa nr 10<strong><br \/>\nKamil Moskal <\/strong>\u2013 Szko\u0142a Podstawowa im. \u015bw. Jana de La Salle<\/p>\n<p><em>Wyr\u00f3\u017cnienia:<\/em><br \/>\n<strong>Wiktoria Kuta <\/strong>\u2013 Szko\u0142a Podstawowa nr 32<br \/>\n<strong>Izabela Idzik<\/strong> \u2013 Szko\u0142a Podstawowa nr 8<br \/>\n<strong>Anna Masarz <\/strong>\u2013 Szko\u0142a Podstawowa nr 36<br \/>\n<strong>Julia Stelmach <\/strong>\u2013 Szko\u0142a Podstawowa nr 48<br \/>\n<strong>Joanna Jo\u0144czyk <\/strong>\u2013 Szko\u0142a Podstawowa nr z Oddzia\u0142ami Integracyjnymi nr 17<br \/>\n<strong>Magdalena Chudzik <\/strong>\u2013 Szko\u0142a Podstawowa nr 36<br \/>\n<strong>Zuzanna Ociepa <\/strong>\u2013 Szko\u0142a Podstawowa nr 11<br \/>\n<strong>Jan Szaraniec <\/strong>\u2013 Szko\u0142a Podstawowa nr 39<\/p>\n<p>Organizatorzy konkursu serdecznie gratuluj\u0105 wszystkim finalistom i laureatom tegorocznego dyktanda. Uczniowie wykazali si\u0119 du\u017c\u0105 wiedz\u0105 z zakresu trudnej, polskiej ortografii. Przekazujemy s\u0142owa uznania dla nauczycieli, kt\u00f3rzy wspomagali swych podopiecznych i pomogli im w uzyskaniu konkursowych sukces\u00f3w. Dzi\u0119kujemy sponsorom nagr\u00f3d i pocz\u0119stunku oraz wszystkim osobom, kt\u00f3rych zaanga\u017cowanie przyczyni\u0142o si\u0119 do przeprowadzenia V edycji Dyktusia. Zapraszamy za rok na kolejne zmagania.<\/p>\n<p><a href=\"https:\/\/pbp.womczest.edu.pl\/new\/wp-content\/uploads\/2013\/04\/dzialalnosc_edukacyjna_dyktus_dyktus_2007_tekst.pdf\" target=\"_blank\"><em><strong>Tekst dyktanda<\/strong><\/em><\/a><\/p>\n","protected":false},"excerpt":{"rendered":"<p>To ju\u017c ma\u0142y jubileusz. W tym roku odby\u0142a si\u0119 bowiem pi\u0105ta edycja Dyktanda dla uczni\u00f3w klas trzecich nauczania zintegrowanego \u201eDyktu\u015b\u201d. Dyktando, kt\u00f3rego organizatorami od samego pocz\u0105tku s\u0105 Publiczna Biblioteka Pedagogiczna RODN \u201eWOM\u201d w Cz\u0119stochowie oraz Szko\u0142a Podstawowa nr 11 i Szko\u0142a Podstawowa nr 39, na sta\u0142e wpisa\u0142o si\u0119 w kalendarz imprez szkolnych. Jego celem jest kszta\u0142towanie nawyku ortograficznego pisania oraz zdobywanie umiej\u0119tno\u015bci kontrolowania napisanego przez siebie tekstu, budzenie czujno\u015bci ortograficznej,<span class=\"ellipsis\">&hellip;<\/span><\/p>\n<div class=\"read-more\"><a href=\"https:\/\/pbp.womczest.edu.pl\/new\/edukacja\/konkursy\/dyktus\/dyktus-2007-dyktando-dla-uczniow-klas-iii-czestochowskich-szkol-podstawowych\/\">Czytaj wi\u0119cej &#8250;<\/a><\/div>\n<p><!-- end of .read-more --><\/p>\n","protected":false},"author":3,"featured_media":0,"parent":4230,"menu_order":0,"comment_status":"closed","ping_status":"open","template":"","meta":{"footnotes":""},"jetpack_sharing_enabled":true,"jetpack_shortlink":"https:\/\/wp.me\/PgmV4H-16T","_links":{"self":[{"href":"https:\/\/pbp.womczest.edu.pl\/new\/wp-json\/wp\/v2\/pages\/4271"}],"collection":[{"href":"https:\/\/pbp.womczest.edu.pl\/new\/wp-json\/wp\/v2\/pages"}],"about":[{"href":"https:\/\/pbp.womczest.edu.pl\/new\/wp-json\/wp\/v2\/types\/page"}],"author":[{"embeddable":true,"href":"https:\/\/pbp.womczest.edu.pl\/new\/wp-json\/wp\/v2\/users\/3"}],"replies":[{"embeddable":true,"href":"https:\/\/pbp.womczest.edu.pl\/new\/wp-json\/wp\/v2\/comments?post=4271"}],"version-history":[{"count":2,"href":"https:\/\/pbp.womczest.edu.pl\/new\/wp-json\/wp\/v2\/pages\/4271\/revisions"}],"predecessor-version":[{"id":4273,"href":"https:\/\/pbp.womczest.edu.pl\/new\/wp-json\/wp\/v2\/pages\/4271\/revisions\/4273"}],"up":[{"embeddable":true,"href":"https:\/\/pbp.womczest.edu.pl\/new\/wp-json\/wp\/v2\/pages\/4230"}],"wp:attachment":[{"href":"https:\/\/pbp.womczest.edu.pl\/new\/wp-json\/wp\/v2\/media?parent=4271"}],"curies":[{"name":"wp","href":"https:\/\/api.w.org\/{rel}","templated":true}]}}