


{"id":4267,"date":"2015-05-19T10:11:21","date_gmt":"2015-05-19T08:11:21","guid":{"rendered":"https:\/\/pbp.womczest.edu.pl\/new\/?page_id=4267"},"modified":"2015-05-19T10:11:21","modified_gmt":"2015-05-19T08:11:21","slug":"dyktus-2008-miejski-konkurs-ortograficzny-dla-uczniow-klas-iii-czestochowskich-szkol-podstawowych","status":"publish","type":"page","link":"https:\/\/pbp.womczest.edu.pl\/new\/edukacja\/konkursy\/dyktus\/dyktus-2008-miejski-konkurs-ortograficzny-dla-uczniow-klas-iii-czestochowskich-szkol-podstawowych\/","title":{"rendered":"\u201eDyktu\u015b\u201d 2008 &#8211; Miejski Konkurs Ortograficzny dla uczni\u00f3w klas III cz\u0119stochowskich szk\u00f3\u0142 podstawowych"},"content":{"rendered":"<hr \/>\n<p>15 maja 2008 roku w Auli Forum Regionalnego O\u015brodka Doskonalenia Nauczycieli \u201eWOM\u201d w Cz\u0119stochowie odby\u0142 si\u0119 fina\u0142 VI edycji Miejskiego Konkursu Ortograficznego Dyktando dla uczni\u00f3w klas III cz\u0119stochowskich szk\u00f3\u0142 podstawowych \u201eDyktu\u015b 2008\u201d. Tegoroczne zmagania otrzyma\u0142y rang\u0119 konkursu miejskiego.<br \/>\nDo udzia\u0142u w finale zg\u0142osi\u0142o si\u0119 57 uczni\u00f3w \u2013 szkolnych mistrz\u00f3w i wicemistrz\u00f3w ortografii \u2013 z 29 szk\u00f3\u0142 miasta Cz\u0119stochowy.<br \/>\nJak ka\u017cdego roku, tak i tym razem, tre\u015b\u0107 dyktanda nie nale\u017ca\u0142a do \u0142atwych. Jednak grupa laureat\u00f3w znakomicie poradzi\u0142a sobie ze wszystkimi trudno\u015bciami.<br \/>\nPo godzinnych zmaganiach na uczestnik\u00f3w Dyktusia czeka\u0142 s\u0142odki pocz\u0119stunek.<br \/>\n22 maja spotkali\u015bmy si\u0119 ponownie na uroczysto\u015bci, podczas kt\u00f3rej og\u0142oszone zosta\u0142y wyniki konkursu. W spotkaniu uczestniczyli zaproszeni go\u015bcie: Pani Dorota Kawka &#8211; inspektor Wydzia\u0142u Edukacji Urz\u0119du Miasta Cz\u0119stochowy, Pani Aleksandra Orze\u0142 \u2013 dyrektor Szko\u0142y Podstawowej nr 39 w Cz\u0119stochowie oraz Pani Maria \u015awiniarska \u2013 dyrektor Szko\u0142y Podstawowej nr 11 w Cz\u0119stochowie. Uroczysto\u015b\u0107 u\u015bwietniona zosta\u0142a wyst\u0119pami zespo\u0142u wokalno-muzycznego ze Szko\u0142y Podstawowej nr 39 prowadzonego przez Pana Bartosza Szara\u0144ca.<br \/>\nLaureatami VI edycji Miejskiego Konkursu Ortograficznego Dyktando dla uczni\u00f3w klas III cz\u0119stochowskich szk\u00f3\u0142 podstawowych \u201eDyktu\u015b 2008\u201d zostali:<\/p>\n<p><em>Mistrz ortografii:<\/em><br \/>\n<strong>Pawe\u0142 Pobudejski<\/strong> \u2013 Szko\u0142a Podstawowa nr 11<\/p>\n<p><em>Wicemistrzowie ortografii:<\/em><\/p>\n<p><strong>Jakub Nabrdalik<\/strong> \u2013 Szko\u0142a Podstawowa nr 1<br \/>\n<strong>Aleksander Garusiewicz<\/strong> \u2013 Szko\u0142a Podstawowa nr 47<br \/>\n<strong>Magdalena Szewielewska<\/strong> \u2013 Szko\u0142a Podstawowa nr 50<\/p>\n<p><em>Wyr\u00f3\u017cnienia:<\/em><\/p>\n<p><strong>Anna D\u0142u\u017cniewska<\/strong> \u2013 Szko\u0142a Podstawowa nr 53 z Oddzia\u0142ami Integracyjnymi<br \/>\n<strong>Anna Nagi<\/strong> \u2013 Szko\u0142a Podstawowa nr 36<br \/>\n<strong>Piotr Gniadkowski<\/strong> \u2013 Szko\u0142a Podstawowa nr 31<br \/>\n<strong>Joanna Mielczarek<\/strong> \u2013 Szko\u0142a Podstawowa im. \u015bw. Jana de La Salle<br \/>\n<strong>Micha\u0142 Hutny<\/strong> \u2013 Szko\u0142a Podstawowa nr 29<br \/>\n<strong>Igor Bodziachowski<\/strong> \u2013 Zesp\u00f3\u0142 Szk\u00f3\u0142 nr 1 z Oddzia\u0142ami Integracyjnymi<br \/>\n<strong>Piotr Poch<\/strong> \u2013 Szko\u0142a Podstawowa nr 36<\/p>\n<p><em>Wszystkim laureatom i finalistom serdecznie gratulujemy.<\/em><\/p>\n<p>Dzi\u0119kujemy nauczycielom za przygotowanie uczni\u00f3w do udzia\u0142u w konkursie. Serdeczne podzi\u0119kowania sk\u0142adamy Wydzia\u0142owi Edukacji Urz\u0119du Miasta Cz\u0119stochowy za ufundowanie nagr\u00f3d ksi\u0105\u017ckowych, przedstawicielom Wydawnictw Szkolnych i Pedagogicznych za przekazanie drobnych upomink\u00f3w, Panu Lechowi J\u0119dryce za ufundowanie pocz\u0119stunku oraz Panu Jerzemu Zda\u0144skiemu &#8211; dyrektorowi RODN \u201dWOM\u201d w Cz\u0119stochowie &#8211; za pomoc w organizacji konkursu.<\/p>\n<p><a href=\"https:\/\/pbp.womczest.edu.pl\/new\/wp-content\/uploads\/2013\/04\/dzialalnosc_edukacyjna_dyktus_dyktus_2008_tekst.pdf\" target=\"_blank\"><em><strong>Tekst dyktanda<\/strong><\/em><\/a><br \/>\n<a href=\"https:\/\/pbp.womczest.edu.pl\/new\/wp-content\/uploads\/2013\/04\/dzialalnosc_edukacyjna_dyktus_prezentacja_dyktus2008.ppt\" target=\"_blank\"><em><strong>Prezentacja powerpoint<\/strong><\/em><\/a><br \/>\n<em><strong>Galeria<\/strong><\/em><\/p>\n<p style=\"text-align: right;\"><em>Zdj\u0119cia: Izabela Bajor<\/em><\/p>\n","protected":false},"excerpt":{"rendered":"<p>15 maja 2008 roku w Auli Forum Regionalnego O\u015brodka Doskonalenia Nauczycieli \u201eWOM\u201d w Cz\u0119stochowie odby\u0142 si\u0119 fina\u0142 VI edycji Miejskiego Konkursu Ortograficznego Dyktando dla uczni\u00f3w klas III cz\u0119stochowskich szk\u00f3\u0142 podstawowych \u201eDyktu\u015b 2008\u201d. Tegoroczne zmagania otrzyma\u0142y rang\u0119 konkursu miejskiego. Do udzia\u0142u w finale zg\u0142osi\u0142o si\u0119 57 uczni\u00f3w \u2013 szkolnych mistrz\u00f3w i wicemistrz\u00f3w ortografii \u2013 z 29 szk\u00f3\u0142 miasta Cz\u0119stochowy. Jak ka\u017cdego roku, tak i tym razem, tre\u015b\u0107 dyktanda nie nale\u017ca\u0142a do<span class=\"ellipsis\">&hellip;<\/span><\/p>\n<div class=\"read-more\"><a href=\"https:\/\/pbp.womczest.edu.pl\/new\/edukacja\/konkursy\/dyktus\/dyktus-2008-miejski-konkurs-ortograficzny-dla-uczniow-klas-iii-czestochowskich-szkol-podstawowych\/\">Czytaj wi\u0119cej &#8250;<\/a><\/div>\n<p><!-- end of .read-more --><\/p>\n","protected":false},"author":3,"featured_media":0,"parent":4230,"menu_order":0,"comment_status":"closed","ping_status":"open","template":"","meta":{"footnotes":""},"jetpack_sharing_enabled":true,"jetpack_shortlink":"https:\/\/wp.me\/PgmV4H-16P","_links":{"self":[{"href":"https:\/\/pbp.womczest.edu.pl\/new\/wp-json\/wp\/v2\/pages\/4267"}],"collection":[{"href":"https:\/\/pbp.womczest.edu.pl\/new\/wp-json\/wp\/v2\/pages"}],"about":[{"href":"https:\/\/pbp.womczest.edu.pl\/new\/wp-json\/wp\/v2\/types\/page"}],"author":[{"embeddable":true,"href":"https:\/\/pbp.womczest.edu.pl\/new\/wp-json\/wp\/v2\/users\/3"}],"replies":[{"embeddable":true,"href":"https:\/\/pbp.womczest.edu.pl\/new\/wp-json\/wp\/v2\/comments?post=4267"}],"version-history":[{"count":2,"href":"https:\/\/pbp.womczest.edu.pl\/new\/wp-json\/wp\/v2\/pages\/4267\/revisions"}],"predecessor-version":[{"id":4269,"href":"https:\/\/pbp.womczest.edu.pl\/new\/wp-json\/wp\/v2\/pages\/4267\/revisions\/4269"}],"up":[{"embeddable":true,"href":"https:\/\/pbp.womczest.edu.pl\/new\/wp-json\/wp\/v2\/pages\/4230"}],"wp:attachment":[{"href":"https:\/\/pbp.womczest.edu.pl\/new\/wp-json\/wp\/v2\/media?parent=4267"}],"curies":[{"name":"wp","href":"https:\/\/api.w.org\/{rel}","templated":true}]}}