


{"id":4263,"date":"2015-05-19T10:10:15","date_gmt":"2015-05-19T08:10:15","guid":{"rendered":"https:\/\/pbp.womczest.edu.pl\/new\/?page_id=4263"},"modified":"2015-05-19T10:10:15","modified_gmt":"2015-05-19T08:10:15","slug":"dyktus-2009-miejski-konkurs-ortograficzny-dla-uczniow-klas-iii-czestochowskich-szkol-podstawowych","status":"publish","type":"page","link":"https:\/\/pbp.womczest.edu.pl\/new\/edukacja\/konkursy\/dyktus\/dyktus-2009-miejski-konkurs-ortograficzny-dla-uczniow-klas-iii-czestochowskich-szkol-podstawowych\/","title":{"rendered":"\u201eDyktu\u015b\u201d 2009 &#8211; Miejski Konkurs Ortograficzny dla uczni\u00f3w klas III cz\u0119stochowskich szk\u00f3\u0142 podstawowych"},"content":{"rendered":"<hr \/>\n<p>Tegoroczny, si\u00f3dmy ju\u017c, fina\u0142 Miejskiego Konkursu Ortograficznego Dyktando dla uczni\u00f3w klas III cz\u0119stochowskich szk\u00f3\u0142 podstawowych Dyktu\u015b 2009 odby\u0142 si\u0119 7 maja 2009 r. w Auli Forum Regionalnego O\u015brodka Doskonalenia Nauczycieli \u201eWOM\u201d w Cz\u0119stochowie. W tym roku do udzia\u0142u w dyktandzie zg\u0142oszonych zosta\u0142o si\u0119 45 uczni\u00f3w \u2013 szkolnych mistrz\u00f3w i wicemistrz\u00f3w ortografii \u2013 z 24 szk\u00f3\u0142 miasta Cz\u0119stochowy.<br \/>\nUczestnicy konkursu zmierzyli si\u0119 z trudnym, jak ka\u017cdego roku, tekstem. Wi\u0119kszo\u015b\u0107 uczni\u00f3w wykaza\u0142a si\u0119 bardzo du\u017c\u0105 wiedz\u0105 z zakresu polskiej ortografii, a grupa laureat\u00f3w wr\u0119cz znakomicie poradzi\u0142a sobie ze wszystkimi trudno\u015bciami.<br \/>\nPo godzinnych zmaganiach na uczestnik\u00f3w Dyktusia czeka\u0142 s\u0142odki pocz\u0119stunek ufundowany przez Zak\u0142ad Cukierniczy \u201eMicha\u015b\u201d oraz Szko\u0142\u0119 Podstawow\u0105 nr 11.<br \/>\n12 maja spotkali\u015bmy si\u0119 ponownie na uroczysto\u015bci, podczas kt\u00f3rej og\u0142oszone zosta\u0142y wyniki konkursu. W spotkaniu uczestniczyli zaproszeni go\u015bcie: Pani Agata Ledwo\u0144 \u2013 Dyrektor Delegatury w Cz\u0119stochowie Kuratorium O\u015bwiaty w Katowicach, Pani Aleksandra Orze\u0142 \u2013 dyrektor Szko\u0142y Podstawowej nr 39 w Cz\u0119stochowie oraz Pani Urszula \u017burek \u2013 wicedyrektor Szko\u0142y Podstawowej nr 11 w Cz\u0119stochowie.<br \/>\nPodczas uroczysto\u015bci uczniowie ze Szko\u0142y Podstawowej nr 39, pod opiek\u0105 Pani Anny Grabowskiej, zaprezentowali elementy Pedagogiki cyrku realizowanej w ww. szkole. Pani Grabowska zach\u0119ca\u0142a nauczycieli do zainteresowania si\u0119 tego typu zaj\u0119ciami, kt\u00f3re w bardzo korzystny spos\u00f3b wp\u0142ywaj\u0105 na rozw\u00f3j dzieci. Kolejnym punktem spotkania by\u0142a kr\u00f3tka prezentacja dotycz\u0105ca historii naszego konkursu przedstawiona przez Pani\u0105 Renat\u0119 Lipniewsk\u0105.<\/p>\n<p>Laureatami VII edycji Miejskiego Konkursu Ortograficznego Dyktando dla uczni\u00f3w klas III cz\u0119stochowskich szk\u00f3\u0142 podstawowych \u201eDyktu\u015b 2009\u201d zostali:<\/p>\n<p><em>Mistrz ortografii:<\/em><strong><br \/>\nZuzanna Wi\u0119cek<\/strong> \u2013 Szko\u0142a Podstawowa nr 31 (praca bez b\u0142\u0119du)<\/p>\n<p><em>Wicemistrzowie ortografii:<\/em><strong><br \/>\nKacper Klamut \u2013 <\/strong>Szko\u0142a Podstawowa nr 36 (praca z jednym b\u0142\u0119dem ortograficznym)<br \/>\n<strong>Maciej Kuczy\u0144ski <\/strong>\u2013 Szko\u0142a Podstawowa nr 53 (praca z jednym b\u0142\u0119dem ortograficznym)<\/p>\n<p><em>Wyr\u00f3\u017cnienia:<\/em><br \/>\n<strong>Szymon Musia\u0142 <\/strong>\u2013 Szko\u0142a Podstawowa nr 39<br \/>\n<strong>Emilia Pucha\u0142a <\/strong>\u2013 Szko\u0142a Podstawowa im. \u015bw. Jana de La Salle<br \/>\n<strong>Rafa\u0142 Swatek <\/strong>\u2013 Szko\u0142a Podstawowa nr 42<br \/>\n<strong>Emilia Florczyk <\/strong>\u2013 Szko\u0142a Podstawowa nr 14<br \/>\n<strong>Pawe\u0142 Czerwik <\/strong>\u2013 Szko\u0142a Podstawowa nr 14<br \/>\n<strong>Barbara Pabian <\/strong>\u2013 Szko\u0142a Podstawowa nr 31<br \/>\n<strong>Katarzyna Prokop \u2013<\/strong> Szko\u0142a Podstawowa nr 42<\/p>\n<p>Wszystkim laureatom i finalistom serdecznie gratulujemy.<\/p>\n<p>Organizatorzy Dyktusia 2009 dzi\u0119kuj\u0105 nauczycielom za przygotowanie uczni\u00f3w do udzia\u0142u w naszym konkursie. Serdeczne podzi\u0119kowania sk\u0142adamy Cz\u0119stochowskiemu Stowarzyszeniu Pomocy Szkole za ufundowanie nagr\u00f3d ksi\u0105\u017ckowych, przedstawicielowi Wydawnictw Szkolnych i Pedagogicznych za przekazanie drobnych upomink\u00f3w oraz Panu Jerzemu Zda\u0144skiemu \u2013 dyrektorowi RODN \u201eWOM\u201d w Cz\u0119stochowie za pomoc w organizacji konkursu.<\/p>\n<p>Zapraszamy do udzia\u0142u w kolejnych edycjach dyktanda.<\/p>\n<p><a href=\"https:\/\/pbp.womczest.edu.pl\/new\/wp-content\/uploads\/2013\/04\/dzialalnosc_edukacyjna_dyktus_dyktus_2009_tekst.pdf\" target=\"_blank\"><em><strong>Tekst dyktanda<\/strong><\/em><\/a><br \/>\n<em><strong>Galeria<\/strong><\/em><\/p>\n<p style=\"text-align: right;\"><em>Zdj\u0119cia: Izabela Bajor<\/em><\/p>\n","protected":false},"excerpt":{"rendered":"<p>Tegoroczny, si\u00f3dmy ju\u017c, fina\u0142 Miejskiego Konkursu Ortograficznego Dyktando dla uczni\u00f3w klas III cz\u0119stochowskich szk\u00f3\u0142 podstawowych Dyktu\u015b 2009 odby\u0142 si\u0119 7 maja 2009 r. w Auli Forum Regionalnego O\u015brodka Doskonalenia Nauczycieli \u201eWOM\u201d w Cz\u0119stochowie. W tym roku do udzia\u0142u w dyktandzie zg\u0142oszonych zosta\u0142o si\u0119 45 uczni\u00f3w \u2013 szkolnych mistrz\u00f3w i wicemistrz\u00f3w ortografii \u2013 z 24 szk\u00f3\u0142 miasta Cz\u0119stochowy. Uczestnicy konkursu zmierzyli si\u0119 z trudnym, jak ka\u017cdego roku, tekstem. Wi\u0119kszo\u015b\u0107 uczni\u00f3w wykaza\u0142a<span class=\"ellipsis\">&hellip;<\/span><\/p>\n<div class=\"read-more\"><a href=\"https:\/\/pbp.womczest.edu.pl\/new\/edukacja\/konkursy\/dyktus\/dyktus-2009-miejski-konkurs-ortograficzny-dla-uczniow-klas-iii-czestochowskich-szkol-podstawowych\/\">Czytaj wi\u0119cej &#8250;<\/a><\/div>\n<p><!-- end of .read-more --><\/p>\n","protected":false},"author":3,"featured_media":0,"parent":4230,"menu_order":0,"comment_status":"closed","ping_status":"open","template":"","meta":{"footnotes":""},"jetpack_sharing_enabled":true,"jetpack_shortlink":"https:\/\/wp.me\/PgmV4H-16L","_links":{"self":[{"href":"https:\/\/pbp.womczest.edu.pl\/new\/wp-json\/wp\/v2\/pages\/4263"}],"collection":[{"href":"https:\/\/pbp.womczest.edu.pl\/new\/wp-json\/wp\/v2\/pages"}],"about":[{"href":"https:\/\/pbp.womczest.edu.pl\/new\/wp-json\/wp\/v2\/types\/page"}],"author":[{"embeddable":true,"href":"https:\/\/pbp.womczest.edu.pl\/new\/wp-json\/wp\/v2\/users\/3"}],"replies":[{"embeddable":true,"href":"https:\/\/pbp.womczest.edu.pl\/new\/wp-json\/wp\/v2\/comments?post=4263"}],"version-history":[{"count":2,"href":"https:\/\/pbp.womczest.edu.pl\/new\/wp-json\/wp\/v2\/pages\/4263\/revisions"}],"predecessor-version":[{"id":4265,"href":"https:\/\/pbp.womczest.edu.pl\/new\/wp-json\/wp\/v2\/pages\/4263\/revisions\/4265"}],"up":[{"embeddable":true,"href":"https:\/\/pbp.womczest.edu.pl\/new\/wp-json\/wp\/v2\/pages\/4230"}],"wp:attachment":[{"href":"https:\/\/pbp.womczest.edu.pl\/new\/wp-json\/wp\/v2\/media?parent=4263"}],"curies":[{"name":"wp","href":"https:\/\/api.w.org\/{rel}","templated":true}]}}