


{"id":4259,"date":"2015-05-19T10:09:03","date_gmt":"2015-05-19T08:09:03","guid":{"rendered":"https:\/\/pbp.womczest.edu.pl\/new\/?page_id=4259"},"modified":"2015-05-19T10:09:03","modified_gmt":"2015-05-19T08:09:03","slug":"dyktus-2010-miejski-konkurs-ortograficzny-dla-uczniow-klas-iii-czestochowskich-szkol-podstawowych","status":"publish","type":"page","link":"https:\/\/pbp.womczest.edu.pl\/new\/edukacja\/konkursy\/dyktus\/dyktus-2010-miejski-konkurs-ortograficzny-dla-uczniow-klas-iii-czestochowskich-szkol-podstawowych\/","title":{"rendered":"\u201eDyktu\u015b\u201d 2010 &#8211; Miejski Konkurs Ortograficzny dla uczni\u00f3w klas III cz\u0119stochowskich szk\u00f3\u0142 podstawowych"},"content":{"rendered":"<hr \/>\n<p>\u00d3smy fina\u0142 konkursu odby\u0142 si\u0119 13 maja 2010 r. w Auli \u201eForum\u201d Regionalnego O\u015brodka Doskonalenia Nauczycieli \u201eWOM\u201d w Cz\u0119stochowie. Do udzia\u0142u w dyktandzie zg\u0142oszonych zosta\u0142o 48 uczni\u00f3w \u2013 szkolnych mistrz\u00f3w i wicemistrz\u00f3w ortografii \u2013 z 24 szk\u00f3\u0142 miasta Cz\u0119stochowy.<br \/>\nUczestnicy konkursu zmierzyli si\u0119 z trudnym, jak ka\u017cdego roku, tekstem. I cho\u0107 tym razem nie by\u0142o pracy napisanej bez b\u0142\u0119du, to jednak wi\u0119kszo\u015b\u0107 uczni\u00f3w wykaza\u0142a si\u0119 bardzo du\u017c\u0105 wiedz\u0105 z zakresu polskiej ortografii.<br \/>\nPo godzinnych zmaganiach na uczestnik\u00f3w <em>Dyktusia<\/em> czeka\u0142 s\u0142odki pocz\u0119stunek ufundowany przez Zak\u0142ad Cukierniczy \u201eMicha\u015b\u201d oraz Szko\u0142\u0119 Podstawow\u0105 nr 11.<br \/>\n25 maja spotkali\u015bmy si\u0119 ponownie na uroczysto\u015bci, podczas kt\u00f3rej og\u0142oszone zosta\u0142y wyniki konkursu. W spotkaniu uczestniczyli zaproszeni go\u015bcie: Pani Agata Ledwo\u0144 \u2013 Naczelnik Wydzia\u0142u Edukacji i Sportu Urz\u0119du Miasta Cz\u0119stochowy, Pani Danuta Polak \u2013 sekretarz Cz\u0119stochowskiego Stowarzyszenia Pomocy Szkole, Pani Aleksandra Orze\u0142 \u2013 dyrektor Szko\u0142y Podstawowej nr 39 w Cz\u0119stochowie, Pani Maria \u015awiniarska \u2013 dyrektor Szko\u0142y Podstawowej nr 11 w Cz\u0119stochowie oraz Pani Urszula \u017burek \u2013 wicedyrektor tej szko\u0142y. W naszym spotkaniu uczestniczyli te\u017c przedstawiciele lokalnych medi\u00f3w : Gazety Cz\u0119stochowskiej i Pulsu Regionu.<br \/>\nFinalist\u00f3w i wszystkich Go\u015bci powita\u0142a Pani Renata Lipniewska \u2013 wicedyrektor Regionalnego O\u015brodka Doskonalenia Nauczycieli \u201eWOM\u201d. Nast\u0119pnie uczniowie Szko\u0142y Muzycznej \u201eYamaha\u201d, przygotowani przez Pana Bartosza Szara\u0144ca, wykonali kilka utwor\u00f3w muzyczno-wokalnych. Wys\u0142uchali\u015bmy r\u00f3wnie\u017c wiersza \u201eO Grzesiu k\u0142amczuchu\u201d w wykonaniu uczennicy Szko\u0142y Podstawowej nr 11.<br \/>\nKolejnym punktem spotkania by\u0142a kr\u00f3tka prezentacja multimedialna dotycz\u0105ca historii oraz tegorocznej edycji naszego konkursu przedstawiona przez Pani\u0105 Renat\u0119 Lipniewsk\u0105.<br \/>\nNast\u0119pnie Pani Joanna Resakowska \u2013 kierownik Publicznej Biblioteki Pedagogicznej w Cz\u0119stochowie odczyta\u0142a wszystkim obecnym tre\u015b\u0107 dyktanda, z kt\u00f3rym zmierzyli si\u0119 tegoroczni finali\u015bci.<br \/>\nOstatnim, najbardziej wyczekiwanym momentem spotkania by\u0142o og\u0142oszenie wynik\u00f3w Konkursu. Wszyscy uczestnicy otrzymali pami\u0105tkowe dyplomy z gratulacjami za udzia\u0142 w Dyktusiu 2010 oraz drobne upominki ufundowane przez przedstawiciela Wydawnictw Szkolnych i Pedagogicznych. Nast\u0119pnie na scen\u0119 poproszono grup\u0119 laureat\u00f3w, kt\u00f3rym wr\u0119czono dyplomy oraz nagrody ksi\u0105\u017ckowe i upominki zakupione dzi\u0119ki pomocy Urz\u0119du Miasta Cz\u0119stochowy oraz Cz\u0119stochowskiego Stowarzyszenia Pomocy Szkole.<\/p>\n<p>Laureatami VIII edycji Miejskiego Konkursu Ortograficznego dla uczni\u00f3w klas III cz\u0119stochowskich szk\u00f3\u0142 podstawowych \u201eDyktu\u015b 2010\u201d zostali:<\/p>\n<p><em>Mistrz ortografii:<\/em><br \/>\n<strong>Dawid Adamiec <\/strong>\u2013 Szko\u0142a Podstawowa nr 32<\/p>\n<p><em>Wicemistrz ortografii:<\/em><br \/>\n<strong>Jakub Turski<\/strong> \u2013 Szko\u0142a Podstawowa nr 35<\/p>\n<p><em>Wyr\u00f3\u017cnienia:<\/em><br \/>\n<strong>Natalia Cie\u015blak<\/strong> \u2013 Szko\u0142a Podstawowa nr 32<br \/>\n<strong>Micha\u0142 Zjawiony<\/strong> \u2013 Szko\u0142a Podstawowa nr 2<br \/>\n<strong>Patryk \u015awi\u0105\u0107<\/strong> \u2013 Szko\u0142a Podstawowa nr 53<br \/>\n<strong>Maciej Cierniak<\/strong> \u2013 Szko\u0142a Podstawowa im. \u015bw. Jana de La Salle<br \/>\n<strong>Magdalena Nosek<\/strong> \u2013 Katolicka Szko\u0142a Podstawowa<br \/>\n<strong>Karolina Jo\u0144czyk<\/strong> \u2013 Szko\u0142a Podstawowa nr 1<br \/>\n<strong>Karolina Musia\u0142owska<\/strong> \u2013 Szko\u0142a Podstawowa nr 39<\/p>\n<p>Wszystkim laureatom i finalistom serdecznie gratulujemy.<\/p>\n<p>Organizatorzy Dyktusia 2010 dzi\u0119kuj\u0105 nauczycielom za przygotowanie uczni\u00f3w do udzia\u0142u w naszym konkursie. Serdeczne podzi\u0119kowania sk\u0142adamy wszystkim osobom i instytucjom, kt\u00f3re pomog\u0142y nam w organizacji naszego przedsi\u0119wzi\u0119cia.<br \/>\nZapraszamy do udzia\u0142u w kolejnych edycjach dyktanda.<\/p>\n<p><a href=\"https:\/\/pbp.womczest.edu.pl\/new\/wp-content\/uploads\/2013\/04\/dzialalnosc_edukacyjna_dyktus_dyktus_2010_tekst.pdf\" target=\"_blank\"><em><strong>Tekst dyktanda<\/strong><\/em><\/a><br \/>\n<em><strong>Galeria<\/strong><\/em><\/p>\n<p style=\"text-align: right;\"><em>Zdj\u0119cia: Izabela Bajor<\/em><\/p>\n","protected":false},"excerpt":{"rendered":"<p>\u00d3smy fina\u0142 konkursu odby\u0142 si\u0119 13 maja 2010 r. w Auli \u201eForum\u201d Regionalnego O\u015brodka Doskonalenia Nauczycieli \u201eWOM\u201d w Cz\u0119stochowie. Do udzia\u0142u w dyktandzie zg\u0142oszonych zosta\u0142o 48 uczni\u00f3w \u2013 szkolnych mistrz\u00f3w i wicemistrz\u00f3w ortografii \u2013 z 24 szk\u00f3\u0142 miasta Cz\u0119stochowy. Uczestnicy konkursu zmierzyli si\u0119 z trudnym, jak ka\u017cdego roku, tekstem. I cho\u0107 tym razem nie by\u0142o pracy napisanej bez b\u0142\u0119du, to jednak wi\u0119kszo\u015b\u0107 uczni\u00f3w wykaza\u0142a si\u0119 bardzo du\u017c\u0105 wiedz\u0105 z zakresu<span class=\"ellipsis\">&hellip;<\/span><\/p>\n<div class=\"read-more\"><a href=\"https:\/\/pbp.womczest.edu.pl\/new\/edukacja\/konkursy\/dyktus\/dyktus-2010-miejski-konkurs-ortograficzny-dla-uczniow-klas-iii-czestochowskich-szkol-podstawowych\/\">Czytaj wi\u0119cej &#8250;<\/a><\/div>\n<p><!-- end of .read-more --><\/p>\n","protected":false},"author":3,"featured_media":0,"parent":4230,"menu_order":0,"comment_status":"closed","ping_status":"open","template":"","meta":{"footnotes":""},"jetpack_sharing_enabled":true,"jetpack_shortlink":"https:\/\/wp.me\/PgmV4H-16H","_links":{"self":[{"href":"https:\/\/pbp.womczest.edu.pl\/new\/wp-json\/wp\/v2\/pages\/4259"}],"collection":[{"href":"https:\/\/pbp.womczest.edu.pl\/new\/wp-json\/wp\/v2\/pages"}],"about":[{"href":"https:\/\/pbp.womczest.edu.pl\/new\/wp-json\/wp\/v2\/types\/page"}],"author":[{"embeddable":true,"href":"https:\/\/pbp.womczest.edu.pl\/new\/wp-json\/wp\/v2\/users\/3"}],"replies":[{"embeddable":true,"href":"https:\/\/pbp.womczest.edu.pl\/new\/wp-json\/wp\/v2\/comments?post=4259"}],"version-history":[{"count":2,"href":"https:\/\/pbp.womczest.edu.pl\/new\/wp-json\/wp\/v2\/pages\/4259\/revisions"}],"predecessor-version":[{"id":4261,"href":"https:\/\/pbp.womczest.edu.pl\/new\/wp-json\/wp\/v2\/pages\/4259\/revisions\/4261"}],"up":[{"embeddable":true,"href":"https:\/\/pbp.womczest.edu.pl\/new\/wp-json\/wp\/v2\/pages\/4230"}],"wp:attachment":[{"href":"https:\/\/pbp.womczest.edu.pl\/new\/wp-json\/wp\/v2\/media?parent=4259"}],"curies":[{"name":"wp","href":"https:\/\/api.w.org\/{rel}","templated":true}]}}