


{"id":4254,"date":"2015-05-19T10:07:18","date_gmt":"2015-05-19T08:07:18","guid":{"rendered":"https:\/\/pbp.womczest.edu.pl\/new\/?page_id=4254"},"modified":"2015-05-19T10:07:18","modified_gmt":"2015-05-19T08:07:18","slug":"dyktus-2011-miejski-konkurs-ortograficzny-dla-uczniow-klas-iii-czestochowskich-szkol-podstawowych","status":"publish","type":"page","link":"https:\/\/pbp.womczest.edu.pl\/new\/edukacja\/konkursy\/dyktus\/dyktus-2011-miejski-konkurs-ortograficzny-dla-uczniow-klas-iii-czestochowskich-szkol-podstawowych\/","title":{"rendered":"\u201eDyktu\u015b\u201d 2011 &#8211; Miejski Konkurs Ortograficzny dla uczni\u00f3w klas III cz\u0119stochowskich szk\u00f3\u0142 podstawowych"},"content":{"rendered":"<hr \/>\n<p align=\"justify\">12 maja 2011 roku w Auli Forum Regionalnego O\u015brodka Doskonalenia Nauczycieli \u201eWOM\u201d w Cz\u0119stochowie odby\u0142 si\u0119 fina\u0142 dziewi\u0105tej edycji Miejskiego konkursu ortograficznego dla uczni\u00f3w klas trzecich cz\u0119stochowskich szk\u00f3\u0142 podstawowych. W tegorocznych zmaganiach, odbywaj\u0105cych si\u0119 pod patronatem Prezydenta Miasta Cz\u0119stochowy, udzia\u0142 wzi\u0119\u0142o 43 uczni\u00f3w z 23 szk\u00f3\u0142.<br \/>\nW dniu 20 maja organizatorzy zaprosili finalist\u00f3w, rodzic\u00f3w, opiekun\u00f3w i nauczycieli oraz go\u015bci na uroczyste podsumowanie konkursu.<br \/>\nPo powitaniu wszystkich przez Pani\u0105 Renat\u0119 Lipniewsk\u0105 \u2013 wicedyrektora RODN \u201eWOM\u201d ds. bibliotek pedagogicznych, g\u0142os zabrali go\u015bcie \u2013 Pan Ryszard Stefaniak \u2013 Naczelnik Wydzia\u0142u Edukacji Urz\u0119du Miasta Cz\u0119stochowy oraz Pan Tomasz Szczyg\u0142owski \u2013 wiceprezes Cz\u0119stochowskiego Stowarzyszenia Pomocy Szkole.<br \/>\nNa naszej uroczysto\u015bci obecni r\u00f3wnie\u017c byli : Pani Aleksandra Orze\u0142 \u2013 dyrektor Szko\u0142y Podstawowej nr 39, Pani Maria \u015awiniarska \u2013 dyrektor Szko\u0142y Podstawowej nr 11, Pani Urszula \u017burek \u2013 wicedyrektor Szko\u0142y Podstawowej nr 11 oraz Pan Bogumi\u0142 Dobosz \u2013 prezes Cz\u0119stochowskiego Stowarzyszenia Pomocy Szkole.<br \/>\nW cz\u0119\u015bci artystycznej wys\u0142uchali\u015bmy kilku utwor\u00f3w muzycznych i piosenek w wykonaniu uczni\u00f3w klas drugich Szko\u0142y Podstawowej nr 39, kt\u00f3rych do wyst\u0119pu przygotowa\u0142a Pani Ewa Nawizowska. Nast\u0119pnie obejrzeli\u015bmy inscenizacj\u0119 O Dwunastu Miesi\u0105cach przygotowan\u0105 przez Pani\u0105 Katarzyn\u0119 Ma\u0142asiewicz ze Szko\u0142y Podstawowej nr 11. Dzieci swoim wyst\u0119pem wprowadzi\u0142y wszystkich w tematyk\u0119 tegorocznego dyktanda.<br \/>\nPo kr\u00f3tkiej prezentacji dotycz\u0105cej historii konkursu, odczytany zosta\u0142 tekst, z kt\u00f3rym zmierzyli si\u0119 finali\u015bci oraz przyst\u0105piono do og\u0142oszenia wynik\u00f3w. Konkurs ma w \u015brodowisku opini\u0119 trudnego. Tym wi\u0119ksza satysfakcja z uzyskanych wynik\u00f3w. Mistrz pope\u0142ni\u0142 tylko jeden b\u0142\u0105d ortograficzny, wicemistrzowie po dwa.<\/p>\n<p align=\"left\">Laureaci Miejskiego konkursu ortograficznego dla uczni\u00f3w klas trzecich cz\u0119stochowskich szk\u00f3\u0142 podstawowych Dyktu\u015b 2011:<\/p>\n<p align=\"left\"><em>Mistrz ortografii:<\/em> <strong><br \/>\n\u0141ukasz Krasiejko<\/strong> \u2013 Szko\u0142a Podstawowa nr 54<\/p>\n<p align=\"left\"><em>Wicemistrzowie ortografii:<\/em><br \/>\n<strong>Martyna Noco\u0144<\/strong> \u2013 Katolicka Szko\u0142a Podstawowa<br \/>\n<strong>Laura Polis-Kisiel<\/strong> \u2013 Szko\u0142a Podstawowa nr 26<\/p>\n<p align=\"left\"><em>Wyr\u00f3\u017cnienia:<\/em><br \/>\n<strong>Izabella Kapica<\/strong> \u2013 Szko\u0142a Podstawowa nr 10<br \/>\n<strong>Mateusz Skuza<\/strong> \u2013 Szko\u0142a Podstawowa nr 31<br \/>\n<strong>Klaudia Stanisz<\/strong> \u2013 Szko\u0142a Podstawowa nr 48<br \/>\n<strong>Jakub Bielak<\/strong> \u2013 Prywatna Lingwistyczna Szko\u0142a Podstawowa<br \/>\n<strong>Izabela Badora<\/strong> \u2013 Szko\u0142a Podstawowa nr 11<\/p>\n<p align=\"left\">Sponsorzy: Urz\u0105d Miasta Cz\u0119stochowy i Cz\u0119stochowskie Stowarzyszenie Pomocy Szkole \u2013 nagrody ksi\u0105\u017ckowe, Wydawnictwa Szkolne i Pedagogiczne \u2013 drobne upominki rzeczowe, Cukiernia Micha\u015b \u2013 s\u0142odki pocz\u0119stunek.<br \/>\nZapraszamy do udzia\u0142u w przysz\u0142ym roku w dziesi\u0105tej, jubileuszowej edycji Miejskiego konkursu ortograficznego Dyktu\u015b.<\/p>\n<p><a href=\"https:\/\/pbp.womczest.edu.pl\/new\/wp-content\/uploads\/2013\/04\/dzialalnosc_edukacyjna_dyktus_dyktus_2011_tekst.pdf\" target=\"_blank\"><em><strong>Tekst dyktanda<\/strong><\/em><\/a><br \/>\n<strong><em>Galeria<\/em><\/strong><\/p>\n<p style=\"text-align: right;\"><em>Zdj\u0119cia: Izabela Bajor<\/em><\/p>\n","protected":false},"excerpt":{"rendered":"<p>12 maja 2011 roku w Auli Forum Regionalnego O\u015brodka Doskonalenia Nauczycieli \u201eWOM\u201d w Cz\u0119stochowie odby\u0142 si\u0119 fina\u0142 dziewi\u0105tej edycji Miejskiego konkursu ortograficznego dla uczni\u00f3w klas trzecich cz\u0119stochowskich szk\u00f3\u0142 podstawowych. W tegorocznych zmaganiach, odbywaj\u0105cych si\u0119 pod patronatem Prezydenta Miasta Cz\u0119stochowy, udzia\u0142 wzi\u0119\u0142o 43 uczni\u00f3w z 23 szk\u00f3\u0142. W dniu 20 maja organizatorzy zaprosili finalist\u00f3w, rodzic\u00f3w, opiekun\u00f3w i nauczycieli oraz go\u015bci na uroczyste podsumowanie konkursu. Po powitaniu wszystkich przez Pani\u0105 Renat\u0119 Lipniewsk\u0105<span class=\"ellipsis\">&hellip;<\/span><\/p>\n<div class=\"read-more\"><a href=\"https:\/\/pbp.womczest.edu.pl\/new\/edukacja\/konkursy\/dyktus\/dyktus-2011-miejski-konkurs-ortograficzny-dla-uczniow-klas-iii-czestochowskich-szkol-podstawowych\/\">Czytaj wi\u0119cej &#8250;<\/a><\/div>\n<p><!-- end of .read-more --><\/p>\n","protected":false},"author":3,"featured_media":0,"parent":4230,"menu_order":0,"comment_status":"closed","ping_status":"open","template":"","meta":{"footnotes":""},"jetpack_sharing_enabled":true,"jetpack_shortlink":"https:\/\/wp.me\/PgmV4H-16C","_links":{"self":[{"href":"https:\/\/pbp.womczest.edu.pl\/new\/wp-json\/wp\/v2\/pages\/4254"}],"collection":[{"href":"https:\/\/pbp.womczest.edu.pl\/new\/wp-json\/wp\/v2\/pages"}],"about":[{"href":"https:\/\/pbp.womczest.edu.pl\/new\/wp-json\/wp\/v2\/types\/page"}],"author":[{"embeddable":true,"href":"https:\/\/pbp.womczest.edu.pl\/new\/wp-json\/wp\/v2\/users\/3"}],"replies":[{"embeddable":true,"href":"https:\/\/pbp.womczest.edu.pl\/new\/wp-json\/wp\/v2\/comments?post=4254"}],"version-history":[{"count":2,"href":"https:\/\/pbp.womczest.edu.pl\/new\/wp-json\/wp\/v2\/pages\/4254\/revisions"}],"predecessor-version":[{"id":4256,"href":"https:\/\/pbp.womczest.edu.pl\/new\/wp-json\/wp\/v2\/pages\/4254\/revisions\/4256"}],"up":[{"embeddable":true,"href":"https:\/\/pbp.womczest.edu.pl\/new\/wp-json\/wp\/v2\/pages\/4230"}],"wp:attachment":[{"href":"https:\/\/pbp.womczest.edu.pl\/new\/wp-json\/wp\/v2\/media?parent=4254"}],"curies":[{"name":"wp","href":"https:\/\/api.w.org\/{rel}","templated":true}]}}