


{"id":4249,"date":"2015-05-19T10:06:05","date_gmt":"2015-05-19T08:06:05","guid":{"rendered":"https:\/\/pbp.womczest.edu.pl\/new\/?page_id=4249"},"modified":"2015-06-23T12:23:18","modified_gmt":"2015-06-23T10:23:18","slug":"dyktus-2012-miejski-konkurs-ortograficzny-dla-uczniow-klas-iii-czestochowskich-szkol-podstawowych","status":"publish","type":"page","link":"https:\/\/pbp.womczest.edu.pl\/new\/edukacja\/konkursy\/dyktus\/dyktus-2012-miejski-konkurs-ortograficzny-dla-uczniow-klas-iii-czestochowskich-szkol-podstawowych\/","title":{"rendered":"\u201eDyktu\u015b\u201d 2012 &#8211; Miejski Konkurs Ortograficzny dla uczni\u00f3w klas III cz\u0119stochowskich szk\u00f3\u0142 podstawowych"},"content":{"rendered":"<hr \/>\n<p>A\u017c si\u0119 wierzy\u0107 nie chce, \u017ce <em>Dyktu\u015b <\/em>obchodzi w tym roku swoje dziesi\u0105te urodziny!<\/p>\n<p>W 2003 roku nauczyciele edukacji wczesnoszkolnej ze Szko\u0142y Podstawowej nr 39 w\u00a0Cz\u0119stochowie zaproponowali pracownikom Publicznej Biblioteki Pedagogicznej RODN \u201eWOM\u201d wsp\u00f3\u0142prac\u0119 przy organizacji mi\u0119dzyszkolnego dyktanda dla uczni\u00f3w klas trzecich cz\u0119stochowskich szk\u00f3\u0142 podstawowych. W dzia\u0142alno\u015bci biblioteki by\u0142o to ca\u0142kiem nowe do\u015bwiadczenie. Dotychczas dzieci zapraszali\u015bmy tylko na zaj\u0119cia biblioteczne, a konkurs o zasi\u0119gu miejskim by\u0142 kolejnym wyzwaniem. Poniewa\u017c od stycznia 2003 roku PBP przenios\u0142a si\u0119 do budynku wyposa\u017conego w nowoczesn\u0105 du\u017c\u0105 aul\u0119, mieli\u015bmy warunki by takie przedsi\u0119wzi\u0119cie zorganizowa\u0107. Rozpocz\u0119li\u015bmy wi\u0119c stosowne przygotowania. Do wsp\u00f3\u0142pracy w\u0142\u0105czyli si\u0119 r\u00f3wnie\u017c nauczyciele ze Szko\u0142y Podstawowej nr 11 w Cz\u0119stochowie i wsp\u00f3lnymi si\u0142ami opracowali\u015bmy regulamin konkursu, kt\u00f3ry zosta\u0142 rozes\u0142any do wszystkich szk\u00f3\u0142.<\/p>\n<p>Od samego pocz\u0105tku naszym za\u0142o\u017ceniem by\u0142o, by pierwszy etap dyktanda odbywa\u0142 si\u0119 w szko\u0142ach i aby tam w\u0142a\u015bnie wy\u0142aniani byli szkolni mistrzowie i wicemistrzowie ortografii. Uczniowie ci byli potem zg\u0142aszani do udzia\u0142u w rozgrywce fina\u0142owej.<\/p>\n<p>W ci\u0105gu minionych dziesi\u0119ciu lat w konkursie wzi\u0119\u0142o udzia\u0142 540 uczni\u00f3w. Uczestnicy pierwszego <em>Dyktanda<\/em>, to tegoroczni maturzy\u015bci!<\/p>\n<p>W sumie, do udzia\u0142u w konkursie zg\u0142osi\u0142o si\u0119 48 cz\u0119stochowskich szk\u00f3\u0142. Nie wszyscy oczywi\u015bcie przyst\u0119powali do fina\u0142owych zmaga\u0144 ka\u017cdego roku. Jednak by\u0142y wyj\u0105tki! W ka\u017cdej edycji <em>Dyktusia<\/em> go\u015bcili\u015bmy dzieci ze Szko\u0142y Podstawowej nr 14, Szko\u0142y Podstawowej nr 39 i Szko\u0142y Podstawowej nr 53 z Oddzia\u0142ami Integracyjnymi. Uczniowie Szko\u0142y Podstawowej nr 11, Szko\u0142y Podstawowej nr 32, Szko\u0142y Podstawowej nr 36 oraz Szko\u0142y Podstawowej im. \u015aw. Jana de La Salle pisali dyktando dziewi\u0119ciokrotnie.<\/p>\n<p><em>Mistrzami Ortografii<\/em> ka\u017cdego roku byli uczniowie z innej szko\u0142y. Tytu\u0142 <em>Wicemistrza Ortografii<\/em> dwukrotnie zdobywa\u0142y dzieci ze Szko\u0142y Podstawowej nr 1, Szko\u0142y Podstawowej nr 47 oraz Szko\u0142y Podstawowej im. \u015aw. Jana de La Salle. Wyr\u00f3\u017cnienia najcz\u0119\u015bciej otrzymywali uczniowie ze Szko\u0142y Podstawowej nr 31 z Oddzia\u0142ami Integracyjnymi (8 razy), Szko\u0142y Podstawowej nr 53 z Oddzia\u0142ami Integracyjnymi, Szko\u0142y Podstawowej im. \u015aw. Jana de La Salle i Szko\u0142y Podstawowej nr 36 (6 razy).<\/p>\n<p>To tyle podsumowa\u0144.<\/p>\n<p>W tym roku, z okazji jubileuszu, organizatorzy zwr\u00f3cili si\u0119 z pro\u015bb\u0105 o patronat do Pani Izabeli Leszczyny \u2013 Pos\u0142a na Sejm RP, Pana Krzysztofa Matyjaszczyka \u2013 Prezydenta Miasta Cz\u0119stochowy oraz Pani Anny Gamalczyk \u2013 Dyrektor Delegatury w Cz\u0119stochowie Kuratorium O\u015bwiaty w Katowicach.<\/p>\n<p>17 maja, do fina\u0142u przyst\u0105pi\u0142o 40 uczni\u00f3w z 22 szk\u00f3\u0142. Aby tradycji sta\u0142o si\u0119 zado\u015b\u0107, tekst by\u0142 trudny i z niespodziankami. Wielu doros\u0142ych mia\u0142oby powa\u017cne problemy z bezb\u0142\u0119dnym napisaniem dyktanda. Tymczasem dzieci poradzi\u0142y sobie z tekstem ca\u0142kiem dobrze. Najcz\u0119\u015bciej pope\u0142niano b\u0142\u0119dy w nazwie miasta <em>Pu\u0142tusk<\/em>. By\u0142a praca, w kt\u00f3rej w\u0142a\u015bnie to s\u0142owo by\u0142o jedynym niepoprawnie napisanym!<\/p>\n<p>28 maja o godz. 14.00 w Auli Forum Regionalnego O\u015brodka Doskonalenia Nauczycieli \u201eWOM\u201d w Cz\u0119stochowie mia\u0142o miejsce uroczyste podsumowanie tegorocznych, jubileuszowych zmaga\u0144. \u00a0Na spotkanie przybyli Go\u015bcie: W\u0142adys\u0142awa Tkaczyk \u2013 st. wizytator Delegatury w Cz\u0119stochowie Kuratorium O\u015bwiaty w Katowicach, Ryszard Stefaniak \u2013 naczelnik Wydzia\u0142u Edukacji Urz\u0119du Miasta Cz\u0119stochowy, \u0141ukasz Pabi\u015b \u2013 dyrektor Biura Poselskiego pose\u0142 Izabeli Leszczyny, Joanna Jamska \u2013 asystent pani pose\u0142 oraz Bogumi\u0142 Dobosz \u2013 prezes Cz\u0119stochowskiego Stowarzyszenia Pomocy Szkole.<\/p>\n<p>Na uroczysto\u015bci obecne r\u00f3wnie\u017c by\u0142y : Maria \u015awiniarska \u2013 dyrektor SP nr 11, Aleksandra Orze\u0142 \u2013 dyrektor SP nr 39, Urszula \u017burek \u2013 wicedyrektor SP nr 11, Gra\u017cyna Kawecka-Kara\u015b dyrektor Regionalnego O\u015brodka Doskonalenia Nauczycieli \u201eWOM\u201d w Cz\u0119stochowie.<\/p>\n<p>Kilka s\u0142\u00f3w do finalist\u00f3w i obecnych os\u00f3b skierowali Pani Joanna Jamska, Pani W\u0142adys\u0142awa Tkaczyk i Pan Ryszard Stefaniak. Gratuluj\u0105c ogromnej wiedzy, \u017cyczyli uczniom wielu sukces\u00f3w w nauce, a nauczycielom, rodzicom i organizatorom podzi\u0119kowali za prac\u0119 oraz zaanga\u017cowanie w proces nauczania i wychowania dzieci.<\/p>\n<p>Pierwsz\u0105 cz\u0119\u015b\u0107 uroczysto\u015bci poprowadzi\u0142a Renata Lipniewska wicedyrektor RODN \u201eWOM\u201d. Powita\u0142a Go\u015bci oraz podzi\u0119kowa\u0142a wszystkich sponsorom, dzi\u0119ki kt\u00f3rym organizatorzy przez te minione lata mogli uhonorowa\u0107 laureat\u00f3w nagrodami, a wszystkich uczestnik\u00f3w drobnymi upominkami. Ka\u017cdego roku uczniowie byli r\u00f3wnie\u017c podejmowani s\u0142odkim pocz\u0119stunkiem.<\/p>\n<p>Nast\u0119pnie wszyscy obecni mogli obejrze\u0107 prezentacj\u0119 podsumowuj\u0105c\u0105 dziesi\u0119ciolecie konkursu.<\/p>\n<p>Kolejn\u0105 cz\u0119\u015b\u0107 spotkania poprowadzi\u0142a Joanna Resakowska kierownik PBP. Zach\u0119caj\u0105c doros\u0142ych do zmierzenia si\u0119 z tegorocznym dyktandem, przeczyta\u0142a tekst, kt\u00f3ry wcze\u015bniej pisa\u0142y dzieci.<\/p>\n<p>Nast\u0119pnie przyst\u0105piono do og\u0142oszenia wynik\u00f3w. Obecni na naszej uroczysto\u015bci Go\u015bcie poproszeni zostali o wr\u0119czanie dyplom\u00f3w i drobnych upomink\u00f3w wszystkim uczniom, list\u00f3w gratulacyjnych nauczycielom oraz nagr\u00f3d ksi\u0105\u017ckowych i s\u0142odyczy tegorocznym laureatom <em>Dyktusia.<\/em><\/p>\n<p>Laureaci \u201eDyktusia\u201d 2012:<\/p>\n<p><em>Mistrz ortografii:<\/em><br \/>\n<strong>Nicola Sojecka<\/strong> \u2013 Szko\u0142a Podstawowa im. \u015aw. Jana de La Salle<\/p>\n<p><em>Wicemistrzowie ortografii:<\/em><br \/>\n<strong>Kinga M\u0142y\u0144czak<\/strong> \u2013 Szko\u0142a Podstawowa nr 39<br \/>\n<strong>Miko\u0142aj Tr\u0119bski<\/strong> \u2013 Szko\u0142a Podstawowa nr 42<\/p>\n<p><em>Wyr\u00f3\u017cnienia:<\/em><br \/>\n<strong>Pawe\u0142 Proszowski<\/strong> \u2013 Szko\u0142a Podstawowa nr 31 z Oddzia\u0142ami Integracyjnymi<strong><br \/>\n\u0141ukasz Rogalski<\/strong> \u2013 Szko\u0142a Podstawowa nr 25<br \/>\n<strong>Filip Stanis\u0142awski<\/strong> \u2013 Szko\u0142a Podstawowa nr 36<strong><br \/>\nStanis\u0142aw Mazik<\/strong> \u2013 Szko\u0142a Podstawowa nr 39<strong><br \/>\nKarolina Kopytko<\/strong> \u2013 Szko\u0142a Podstawowa nr 24<br \/>\n<strong>Ewa Garusiewicz<\/strong> \u2013 Szko\u0142a Podstawowa nr 47<br \/>\n<strong>Piotr Czajka<\/strong> \u2013 Szko\u0142a Podstawowa nr 32<\/p>\n<p>Nasze spotkanie u\u015bwietni\u0142y wyst\u0119py zespo\u0142u muzycznego ze Szko\u0142y Podstawowej nr 39, przygotowanego przez Ew\u0119 Nawizowsk\u0105 oraz recytacja wiersza w wykonaniu uczennic ze Szko\u0142y Podstawowej nr 11.<\/p>\n<p>Na zako\u0144czenie wszyscy obecni zaproszeni byli na urodzinowy tort, kt\u00f3ry otrzymali\u015bmy na t\u0119 okazj\u0119 od Zak\u0142adu Cukierniczego \u201eMicha\u015b\u201d.<\/p>\n<p>Realizacja naszych konkursowych zamierze\u0144 mo\u017cliwa by\u0142a przez te wszystkie lata dzi\u0119ki wsparciu sponsor\u00f3w. W tym miejscu bardzo dzi\u0119kujemy Urz\u0119dowi Miasta Cz\u0119stochowy i Cz\u0119stochowskiemu Stowarzyszeniu Pomocy Szkole za coroczne dofinansowanie umo\u017cliwiaj\u0105ce nam zakup nagr\u00f3d ksi\u0105\u017ckowych. Wydawnictwo Szkolne i Pedagogiczne wspomaga\u0142o nas drobnymi upominkami, a Piekarnia \u201eJ\u0119dryka\u201d oraz Zak\u0142ad Cukierniczy \u201eMicha\u015b\u201d zapraszali wielokrotnie naszych uczni\u00f3w na s\u0142odki pocz\u0119stunek.<\/p>\n<p style=\"text-align: right;\">Anna Janas<br \/>\nKatarzyna Ma\u0142asiewicz<br \/>\nMagdalena Krzemi\u0144ska<br \/>\nAnna Grabowska<br \/>\nJoanna Resakowska<br \/>\n<em>Zdj\u0119cia: Izabela Bajor<\/em><\/p>\n<p><a href=\"https:\/\/pbp.womczest.edu.pl\/new\/wp-content\/uploads\/2012\/06\/dzialalnosc_edukacyjna_dyktus_dyktus_2012_tekst.pdf\" target=\"_blank\"><em><strong>Tekst dyktanda<\/strong><\/em><\/a><br \/>\n<em><strong>Galeria<\/strong><\/em><\/p>\n","protected":false},"excerpt":{"rendered":"<p>A\u017c si\u0119 wierzy\u0107 nie chce, \u017ce Dyktu\u015b obchodzi w tym roku swoje dziesi\u0105te urodziny! W 2003 roku nauczyciele edukacji wczesnoszkolnej ze Szko\u0142y Podstawowej nr 39 w\u00a0Cz\u0119stochowie zaproponowali pracownikom Publicznej Biblioteki Pedagogicznej RODN \u201eWOM\u201d wsp\u00f3\u0142prac\u0119 przy organizacji mi\u0119dzyszkolnego dyktanda dla uczni\u00f3w klas trzecich cz\u0119stochowskich szk\u00f3\u0142 podstawowych. W dzia\u0142alno\u015bci biblioteki by\u0142o to ca\u0142kiem nowe do\u015bwiadczenie. Dotychczas dzieci zapraszali\u015bmy tylko na zaj\u0119cia biblioteczne, a konkurs o zasi\u0119gu miejskim by\u0142 kolejnym wyzwaniem. Poniewa\u017c od<span class=\"ellipsis\">&hellip;<\/span><\/p>\n<div class=\"read-more\"><a href=\"https:\/\/pbp.womczest.edu.pl\/new\/edukacja\/konkursy\/dyktus\/dyktus-2012-miejski-konkurs-ortograficzny-dla-uczniow-klas-iii-czestochowskich-szkol-podstawowych\/\">Czytaj wi\u0119cej &#8250;<\/a><\/div>\n<p><!-- end of .read-more --><\/p>\n","protected":false},"author":3,"featured_media":0,"parent":4230,"menu_order":0,"comment_status":"closed","ping_status":"open","template":"","meta":{"footnotes":""},"jetpack_sharing_enabled":true,"jetpack_shortlink":"https:\/\/wp.me\/PgmV4H-16x","_links":{"self":[{"href":"https:\/\/pbp.womczest.edu.pl\/new\/wp-json\/wp\/v2\/pages\/4249"}],"collection":[{"href":"https:\/\/pbp.womczest.edu.pl\/new\/wp-json\/wp\/v2\/pages"}],"about":[{"href":"https:\/\/pbp.womczest.edu.pl\/new\/wp-json\/wp\/v2\/types\/page"}],"author":[{"embeddable":true,"href":"https:\/\/pbp.womczest.edu.pl\/new\/wp-json\/wp\/v2\/users\/3"}],"replies":[{"embeddable":true,"href":"https:\/\/pbp.womczest.edu.pl\/new\/wp-json\/wp\/v2\/comments?post=4249"}],"version-history":[{"count":2,"href":"https:\/\/pbp.womczest.edu.pl\/new\/wp-json\/wp\/v2\/pages\/4249\/revisions"}],"predecessor-version":[{"id":5068,"href":"https:\/\/pbp.womczest.edu.pl\/new\/wp-json\/wp\/v2\/pages\/4249\/revisions\/5068"}],"up":[{"embeddable":true,"href":"https:\/\/pbp.womczest.edu.pl\/new\/wp-json\/wp\/v2\/pages\/4230"}],"wp:attachment":[{"href":"https:\/\/pbp.womczest.edu.pl\/new\/wp-json\/wp\/v2\/media?parent=4249"}],"curies":[{"name":"wp","href":"https:\/\/api.w.org\/{rel}","templated":true}]}}