


{"id":4240,"date":"2015-05-19T10:02:52","date_gmt":"2015-05-19T08:02:52","guid":{"rendered":"https:\/\/pbp.womczest.edu.pl\/new\/?page_id=4240"},"modified":"2015-06-23T12:27:11","modified_gmt":"2015-06-23T10:27:11","slug":"dyktus-2014","status":"publish","type":"page","link":"https:\/\/pbp.womczest.edu.pl\/new\/edukacja\/konkursy\/dyktus\/dyktus-2014\/","title":{"rendered":"\u201eDyktu\u015b\u201d 2014"},"content":{"rendered":"<hr \/>\n<p style=\"text-align: center;\"><strong>Miejski Konkurs Ortograficzny dla uczni\u00f3w klas trzecich<\/strong><br \/>\n<strong>cz\u0119stochowskich szk\u00f3\u0142 podstawowych pod patronatem Prezydenta Miasta Cz\u0119stochowy<\/strong><\/p>\n<p>15 maja 2014 roku w Auli Forum Regionalnego O\u015brodka Doskonalenia Nauczycieli \u201eWOM\u201d w Cz\u0119stochowie odby\u0142 si\u0119 fina\u0142 XII edycji <em>Miejskiego konkursu ortograficznego dla uczni\u00f3w klas trzecich cz\u0119stochowskich szk\u00f3\u0142 podstawowych Dyktu\u015b 2014<\/em>. W tegorocznych zmaganiach udzia\u0142 wzi\u0119\u0142o 35 uczni\u00f3w z 19 szk\u00f3\u0142.<\/p>\n<p>Uroczyste podsumowanie konkursu mia\u0142o miejsce 27 maja. Organizatorzy zaprosili finalist\u00f3w, rodzic\u00f3w, nauczycieli oraz go\u015bci. Po\u00a0powitaniu wszystkich przez Pani\u0105 Renat\u0119 Lipniewsk\u0105 \u2013 wicedyrektora RODN \u201eWOM\u201d ds. bibliotek pedagogicznych g\u0142os zabra\u0142 Wiceprezydent Miasta Cz\u0119stochowy Pan Ryszard Stefaniak. W imieniu Krzysztofa Matyjaszczyka \u2013 Prezydenta Miasta z\u0142o\u017cy\u0142 wszystkim uczniom serdeczne gratulacje. Podkre\u015bli\u0142, jak bardzo potrzebni s\u0105 spo\u0142ecze\u0144stwu m\u0105drzy, wykszta\u0142ceni m\u0142odzi ludzie, w\u00a0kt\u00f3rych ogromn\u0105 nadziej\u0119 pok\u0142adaj\u0105 w\u0142adze naszego miasta. Na uroczysto\u015bci obecne r\u00f3wnie\u017c by\u0142y: Pani Aurelia Nadrowska \u2013 przedstawiciel Wydzia\u0142u Edukacji Urz\u0119du Miasta, Pani Aleksandra Orze\u0142 \u2013 dyrektor Szko\u0142y Podstawowej nr 39, Pani Maria \u015awiniarska \u2013 dyrektor Szko\u0142y Podstawowej nr 11 oraz Pani Urszula \u017burek \u2013 wicedyrektor Szko\u0142y Podstawowej nr 11.<\/p>\n<p>Po kr\u00f3tkiej prezentacji dotycz\u0105cej przebiegu tegorocznych zmaga\u0144 odczytany zosta\u0142 tekst dyktanda, z kt\u00f3rym zmierzyli si\u0119 finali\u015bci. Kolejnym, najwa\u017cniejszym punktem uroczysto\u015bci by\u0142o og\u0142oszenie wynik\u00f3w. Wr\u0119czenia dyplom\u00f3w i nagr\u00f3d dokonali Pan Ryszard Stefaniak i Pani Renata Lipniewska. W cz\u0119\u015bci artystycznej wys\u0142uchali\u015bmy recytacji wierszy w wykonaniu uczni\u00f3w klasy trzeciej Szko\u0142y Podstawowej nr 11. Uczni\u00f3w do wyst\u0119pu przygotowa\u0142a Pani Katarzyna Ma\u0142asiewicz.<\/p>\n<p>A oto tegoroczni laureaci <em>Miejskiego konkursu ortograficznego dla uczni\u00f3w klas trzecich cz\u0119stochowskich szk\u00f3\u0142 podstawowych Dyktu\u015b 2014:<\/em><\/p>\n<p><em>Mistrz ortografii:<\/em><br \/>\n<strong>Wiktor Czarnota<\/strong> \u2013 Szko\u0142a Podstawowa nr 26<\/p>\n<p><em>Wicemistrzowie ortografii:<\/em><br \/>\n<strong>Aleksandra Musia\u0142<\/strong> \u2013 Szko\u0142a Podstawowa nr 19<strong><br \/>\n<strong>Kastor Sroka<\/strong><\/strong> \u2013 Szko\u0142a Podstawowa nr 31 z Oddzia\u0142ami Integracyjnymi<\/p>\n<p><em>Wyr\u00f3\u017cnienia:<\/em><br \/>\n<strong>Dorota Szeps<\/strong> \u2013 Szko\u0142a Podstawowa nr 1<strong><br \/>\n<strong>Micha\u0142 Najdek <\/strong><\/strong>\u2013 Szko\u0142a Podstawowa nr 1<strong><br \/>\n<strong>Mateusz Bajor<\/strong><\/strong> \u2013 Zesp\u00f3\u0142 Szkolno-Przedszkolny nr 2 Szko\u0142a Podstawowa nr 10<strong><br \/>\n<strong>Marta Garbaciak<\/strong><\/strong> \u2013 Szko\u0142a Podstawowa nr 48<br \/>\n<strong>Piotr Polanowski<\/strong> \u2013 Szko\u0142a Podstawowa nr 39<\/p>\n<p><strong>Emilia Kocis <\/strong>\u2013Szko\u0142a Podstawowa nr 46<\/p>\n<p><strong>Natalia Wi\u015bniewska <\/strong>\u2013Zesp\u00f3\u0142 Szkolno-Przedszkolny nr 4 Szko\u0142a Podstawowa nr 51<\/p>\n<p><strong>Antoni Rosiko\u0144 \u2013<\/strong> Szko\u0142a Podstawowa im. \u015bw. Jana de La Salle<\/p>\n<p>Sponsorzy: Urz\u0105d Miasta Cz\u0119stochowy \u2013 nagrody ksi\u0105\u017ckowe, Cz\u0119stochowskie Stowarzyszenie Pomocy Szkole \u2013 nagrody ksi\u0105\u017ckowe, organizatorzy konkursu \u2013 s\u0142odki pocz\u0119stunek. Wszystkim sponsorom bardzo dzi\u0119kujemy za wsparcie i pomoc w organizacji ortograficznych zmaga\u0144.<\/p>\n<p style=\"text-align: right;\"><em>Anna Janas<\/em><em><br \/>\n<em>Katarzyna Ma\u0142asiewicz<\/em><br \/>\n<em>Magdalena Krzemi\u0144ska<\/em><br \/>\n<em>Joanna Resakowska<\/em><br \/>\n<em>Zdj\u0119cia: Izabela Bajor<\/em><\/em><\/p>\n<p><em><em><a href=\"https:\/\/pbp.womczest.edu.pl\/new\/wp-content\/uploads\/2014\/06\/dzialalnosc_edukacyjna_dyktus_dyktus_2014_tekst.pdf\" target=\"_blank\"><strong>Tre\u015b\u0107 dyktanda<\/strong><\/a><\/em><\/em><br \/>\n<em><em><strong>Galeria<\/strong><br \/>\n<\/em><\/em><\/p>\n","protected":false},"excerpt":{"rendered":"<p>Miejski Konkurs Ortograficzny dla uczni\u00f3w klas trzecich cz\u0119stochowskich szk\u00f3\u0142 podstawowych pod patronatem Prezydenta Miasta Cz\u0119stochowy 15 maja 2014 roku w Auli Forum Regionalnego O\u015brodka Doskonalenia Nauczycieli \u201eWOM\u201d w Cz\u0119stochowie odby\u0142 si\u0119 fina\u0142 XII edycji Miejskiego konkursu ortograficznego dla uczni\u00f3w klas trzecich cz\u0119stochowskich szk\u00f3\u0142 podstawowych Dyktu\u015b 2014. W tegorocznych zmaganiach udzia\u0142 wzi\u0119\u0142o 35 uczni\u00f3w z 19 szk\u00f3\u0142. Uroczyste podsumowanie konkursu mia\u0142o miejsce 27 maja. Organizatorzy zaprosili finalist\u00f3w, rodzic\u00f3w, nauczycieli oraz go\u015bci.<span class=\"ellipsis\">&hellip;<\/span><\/p>\n<div class=\"read-more\"><a href=\"https:\/\/pbp.womczest.edu.pl\/new\/edukacja\/konkursy\/dyktus\/dyktus-2014\/\">Czytaj wi\u0119cej &#8250;<\/a><\/div>\n<p><!-- end of .read-more --><\/p>\n","protected":false},"author":3,"featured_media":0,"parent":4230,"menu_order":0,"comment_status":"closed","ping_status":"open","template":"","meta":{"footnotes":""},"jetpack_sharing_enabled":true,"jetpack_shortlink":"https:\/\/wp.me\/PgmV4H-16o","_links":{"self":[{"href":"https:\/\/pbp.womczest.edu.pl\/new\/wp-json\/wp\/v2\/pages\/4240"}],"collection":[{"href":"https:\/\/pbp.womczest.edu.pl\/new\/wp-json\/wp\/v2\/pages"}],"about":[{"href":"https:\/\/pbp.womczest.edu.pl\/new\/wp-json\/wp\/v2\/types\/page"}],"author":[{"embeddable":true,"href":"https:\/\/pbp.womczest.edu.pl\/new\/wp-json\/wp\/v2\/users\/3"}],"replies":[{"embeddable":true,"href":"https:\/\/pbp.womczest.edu.pl\/new\/wp-json\/wp\/v2\/comments?post=4240"}],"version-history":[{"count":2,"href":"https:\/\/pbp.womczest.edu.pl\/new\/wp-json\/wp\/v2\/pages\/4240\/revisions"}],"predecessor-version":[{"id":5069,"href":"https:\/\/pbp.womczest.edu.pl\/new\/wp-json\/wp\/v2\/pages\/4240\/revisions\/5069"}],"up":[{"embeddable":true,"href":"https:\/\/pbp.womczest.edu.pl\/new\/wp-json\/wp\/v2\/pages\/4230"}],"wp:attachment":[{"href":"https:\/\/pbp.womczest.edu.pl\/new\/wp-json\/wp\/v2\/media?parent=4240"}],"curies":[{"name":"wp","href":"https:\/\/api.w.org\/{rel}","templated":true}]}}