


{"id":4230,"date":"2015-05-19T09:58:25","date_gmt":"2015-05-19T07:58:25","guid":{"rendered":"https:\/\/pbp.womczest.edu.pl\/new\/?page_id=4230"},"modified":"2024-06-05T14:04:17","modified_gmt":"2024-06-05T12:04:17","slug":"dyktus","status":"publish","type":"page","link":"https:\/\/pbp.womczest.edu.pl\/new\/edukacja\/konkursy\/dyktus\/","title":{"rendered":"Dyktu\u015b"},"content":{"rendered":"<hr \/>\n<p style=\"text-align: center;\"><strong>Miejski Konkurs Ortograficzny dla uczni\u00f3w klas III szk\u00f3\u0142 podstawowych \u201eDyktu\u015b\u201d<\/strong><\/p>\n<p><img decoding=\"async\" loading=\"lazy\" class=\" alignright size-full wp-image-1064\" style=\"float: right;\" src=\"https:\/\/pbp.womczest.edu.pl\/new\/wp-content\/uploads\/2013\/04\/dzialalnosc_edukacyjna_dyktus_dyktus_logo_male.jpg\" alt=\"\" width=\"110\" height=\"202\" border=\"0\" \/><\/p>\n<p>Dyktando organizowane jest przez Publiczn\u0105 Bibliotek\u0119 Pedagogiczn\u0105 w Cz\u0119stochowie oraz nauczycieli edukacji wczesnoszkolnej z cz\u0119stochowskich szk\u00f3\u0142 podstawowych.<\/p>\n<p>Prekursorem i wieloletnim wsp\u00f3\u0142organizatorem by\u0142a Szko\u0142a Podstawowa nr 39 (lata 2003-2014), w latach 2015-2017 wsp\u00f3\u0142pracowali\u015bmy ze Szko\u0142\u0105 Podstawow\u0105 nr 19. Od roku 2018 organizujemy konkurs wraz ze Szko\u0142\u0105 Podstawow\u0105 nr 14. Od samego pocz\u0105tku do chwili obecnej wsp\u00f3\u0142organizatorem jest Szko\u0142a Podstawowa nr 11 w Cz\u0119stochowie.<\/p>\n<p>Celem dyktanda jest kszta\u0142cenie umiej\u0119tno\u015bci poprawnej pisowni wyraz\u00f3w z trudno\u015bciami ortograficznymi, wdra\u017canie do systematycznej i konsekwentnej pracy nad rozwijaniem bieg\u0142o\u015bci ortograficznej, wspomaganie rozwoju proces\u00f3w poznawczych ucznia oraz efekt\u00f3w uczenia si\u0119 poprzez stosowanie metod pedagogiki zabawy.<\/p>\n<p>W konkursie bior\u0105 udzia\u0142 uczniowie klas III z cz\u0119stochowskich szk\u00f3\u0142 podstawowych, kt\u00f3rzy zostali wy\u0142onieni w szkolnych zmaganiach ortograficznych.<\/p>\n<p>Prace ocenia komisja sk\u0142adaj\u0105ca si\u0119 z nauczycieli nauczania zintegrowanego i pracownik\u00f3w biblioteki.<\/p>\n<p>Autorzy najlepszych prac otrzymuj\u0105 tytu\u0142 Mistrza i Wicemistrza Ortografii. Przyznawane s\u0105 te\u017c wyr\u00f3\u017cnienia. Wszyscy uczestnicy dyktanda otrzymuj\u0105 dyplomy gratulacyjne za udzia\u0142 w finale, a najlepsi nagrody ksi\u0105\u017ckowe.<\/p>\n<div><strong>Wszystkim uczniom, kt\u00f3rzy byli uczestnikami dotychczasowych edycji \u201eDyktusia\u201d gratulujemy ogromnej wiedzy z zakresu ortografii. Nauczycielom dzi\u0119kujemy za przygotowanie swoich podopiecznych do konkursowych zmaga\u0144.<\/strong><\/div>\n<p>&nbsp;<\/p>\n<p><em>Edycje konkursu:<\/em><\/p>\n<ul>\n<li><a href=\"https:\/\/pbp.womczest.edu.pl\/new\/25028-2\/\">&#8222;Dyktu\u015b&#8221; 2024<\/a><\/li>\n<li><a href=\"https:\/\/pbp.womczest.edu.pl\/new\/xix-edycja-miejskiego-konkursu-ortograficznego-dla-uczniow-klas-trzecich-czestochowskich-szkol-podstawowych\/\">&#8222;Dyktu\u015b&#8221; 2023<\/a><\/li>\n<li><a href=\"https:\/\/pbp.womczest.edu.pl\/new\/dyktus-2022-3\/\">&#8222;Dyktu\u015b&#8221; 2022<\/a><\/li>\n<li><a href=\"https:\/\/pbp.womczest.edu.pl\/new\/dyktus-2019\/\">&#8222;Dyktu\u015b&#8221; 2019<\/a><\/li>\n<li><a href=\"https:\/\/pbp.womczest.edu.pl\/new\/dyktus-2018-podsumowanie-xvi-edycji-konkursu\/\">&#8222;Dyktu\u015b&#8221; 2018<\/a><\/li>\n<li><a href=\"https:\/\/pbp.womczest.edu.pl\/new\/pietnaste-urodziny-dyktusia\/\">&#8222;Dyktu\u015b&#8221; 2017<\/a><\/li>\n<li><a href=\"https:\/\/pbp.womczest.edu.pl\/new\/dyktus-2016\/\">&#8222;Dyktu\u015b&#8221; 2016<\/a><\/li>\n<li><a href=\"https:\/\/pbp.womczest.edu.pl\/new\/edukacja\/konkursy\/dyktus\/dyktus-2015\/\" target=\"_blank\" rel=\"noopener noreferrer\">\u201eDyktu\u015b\u201d 2015<\/a><\/li>\n<li><a href=\"https:\/\/pbp.womczest.edu.pl\/new\/edukacja\/konkursy\/dyktus\/dyktus-2014\/\" target=\"_blank\" rel=\"noopener noreferrer\">\u201eDyktu\u015b\u201d 2014<\/a><\/li>\n<li><a href=\"https:\/\/pbp.womczest.edu.pl\/new\/edukacja\/konkursy\/dyktus\/dyktus-2013\/\" target=\"_blank\" rel=\"noopener noreferrer\">\u201eDyktu\u015b\u201d 2013<\/a><\/li>\n<li><a href=\"https:\/\/pbp.womczest.edu.pl\/new\/edukacja\/konkursy\/dyktus\/dyktus-2012-miejski-konkurs-ortograficzny-dla-uczniow-klas-iii-czestochowskich-szkol-podstawowych\/\" target=\"_blank\" rel=\"noopener noreferrer\">\u201eDyktu\u015b\u201d 2012<\/a><\/li>\n<li><a href=\"https:\/\/pbp.womczest.edu.pl\/new\/edukacja\/konkursy\/dyktus\/dyktus-2011-miejski-konkurs-ortograficzny-dla-uczniow-klas-iii-czestochowskich-szkol-podstawowych\/\" target=\"_blank\" rel=\"noopener noreferrer\">\u201eDyktu\u015b\u201d 2011<\/a><\/li>\n<li><a href=\"https:\/\/pbp.womczest.edu.pl\/new\/edukacja\/konkursy\/dyktus\/dyktus-2010-miejski-konkurs-ortograficzny-dla-uczniow-klas-iii-czestochowskich-szkol-podstawowych\/\" target=\"_blank\" rel=\"noopener noreferrer\">\u201eDyktu\u015b\u201d 2010<\/a><\/li>\n<li><a href=\"https:\/\/pbp.womczest.edu.pl\/new\/edukacja\/konkursy\/dyktus\/dyktus-2009-miejski-konkurs-ortograficzny-dla-uczniow-klas-iii-czestochowskich-szkol-podstawowych\/\" target=\"_blank\" rel=\"noopener noreferrer\">\u201eDyktu\u015b\u201d 2009<\/a><\/li>\n<li><a href=\"https:\/\/pbp.womczest.edu.pl\/new\/edukacja\/konkursy\/dyktus\/dyktus-2008-miejski-konkurs-ortograficzny-dla-uczniow-klas-iii-czestochowskich-szkol-podstawowych\/\" target=\"_blank\" rel=\"noopener noreferrer\">\u201eDyktu\u015b\u201d 2008<\/a><\/li>\n<li><a href=\"https:\/\/pbp.womczest.edu.pl\/new\/edukacja\/konkursy\/dyktus\/dyktus-2007-dyktando-dla-uczniow-klas-iii-czestochowskich-szkol-podstawowych\/\" target=\"_blank\" rel=\"noopener noreferrer\">\u201eDyktu\u015b\u201d 2007<\/a><\/li>\n<li><a href=\"https:\/\/pbp.womczest.edu.pl\/new\/edukacja\/konkursy\/dyktus\/dyktus-2006-dyktando-dla-uczniow-klas-iii-czestochowskich-szkol-podstawowych\/\" target=\"_blank\" rel=\"noopener noreferrer\">\u201eDyktu\u015b\u201d 2006<\/a><\/li>\n<li><a href=\"https:\/\/pbp.womczest.edu.pl\/new\/edukacja\/konkursy\/dyktus\/dyktus-2005-dyktando-dla-uczniow-klas-iii-czestochowskich-szkol-podstawowych\/\" target=\"_blank\" rel=\"noopener noreferrer\">\u201eDyktu\u015b\u201d 2005<\/a><\/li>\n<li><a href=\"https:\/\/pbp.womczest.edu.pl\/new\/edukacja\/konkursy\/dyktus\/dyktus-2004-dyktando-dla-uczniow-klas-iii-czestochowskich-szkol-podstawowych\/\" target=\"_blank\" rel=\"noopener noreferrer\">\u201eDyktu\u015b\u201d 2004<\/a><\/li>\n<li><a href=\"https:\/\/pbp.womczest.edu.pl\/new\/edukacja\/konkursy\/dyktus\/dyktus-2003-dyktando-dla-uczniow-klas-iii-czestochowskich-szkol-podstawowych\/\" target=\"_blank\" rel=\"noopener noreferrer\">\u201eDyktu\u015b\u201d 2003<\/a><\/li>\n<\/ul>\n","protected":false},"excerpt":{"rendered":"<p>Miejski Konkurs Ortograficzny dla uczni\u00f3w klas III szk\u00f3\u0142 podstawowych \u201eDyktu\u015b\u201d Dyktando organizowane jest przez Publiczn\u0105 Bibliotek\u0119 Pedagogiczn\u0105 w Cz\u0119stochowie oraz nauczycieli edukacji wczesnoszkolnej z cz\u0119stochowskich szk\u00f3\u0142 podstawowych. Prekursorem i wieloletnim wsp\u00f3\u0142organizatorem by\u0142a Szko\u0142a Podstawowa nr 39 (lata 2003-2014), w latach 2015-2017 wsp\u00f3\u0142pracowali\u015bmy ze Szko\u0142\u0105 Podstawow\u0105 nr 19. Od roku 2018 organizujemy konkurs wraz ze Szko\u0142\u0105 Podstawow\u0105 nr 14. Od samego pocz\u0105tku do chwili obecnej wsp\u00f3\u0142organizatorem jest Szko\u0142a Podstawowa nr 11<span class=\"ellipsis\">&hellip;<\/span><\/p>\n<div class=\"read-more\"><a href=\"https:\/\/pbp.womczest.edu.pl\/new\/edukacja\/konkursy\/dyktus\/\">Czytaj wi\u0119cej &#8250;<\/a><\/div>\n<p><!-- end of .read-more --><\/p>\n","protected":false},"author":3,"featured_media":0,"parent":2649,"menu_order":0,"comment_status":"closed","ping_status":"open","template":"","meta":{"footnotes":""},"jetpack_sharing_enabled":true,"jetpack_shortlink":"https:\/\/wp.me\/PgmV4H-16e","_links":{"self":[{"href":"https:\/\/pbp.womczest.edu.pl\/new\/wp-json\/wp\/v2\/pages\/4230"}],"collection":[{"href":"https:\/\/pbp.womczest.edu.pl\/new\/wp-json\/wp\/v2\/pages"}],"about":[{"href":"https:\/\/pbp.womczest.edu.pl\/new\/wp-json\/wp\/v2\/types\/page"}],"author":[{"embeddable":true,"href":"https:\/\/pbp.womczest.edu.pl\/new\/wp-json\/wp\/v2\/users\/3"}],"replies":[{"embeddable":true,"href":"https:\/\/pbp.womczest.edu.pl\/new\/wp-json\/wp\/v2\/comments?post=4230"}],"version-history":[{"count":27,"href":"https:\/\/pbp.womczest.edu.pl\/new\/wp-json\/wp\/v2\/pages\/4230\/revisions"}],"predecessor-version":[{"id":25032,"href":"https:\/\/pbp.womczest.edu.pl\/new\/wp-json\/wp\/v2\/pages\/4230\/revisions\/25032"}],"up":[{"embeddable":true,"href":"https:\/\/pbp.womczest.edu.pl\/new\/wp-json\/wp\/v2\/pages\/2649"}],"wp:attachment":[{"href":"https:\/\/pbp.womczest.edu.pl\/new\/wp-json\/wp\/v2\/media?parent=4230"}],"curies":[{"name":"wp","href":"https:\/\/api.w.org\/{rel}","templated":true}]}}