


{"id":4227,"date":"2015-05-19T09:56:58","date_gmt":"2015-05-19T07:56:58","guid":{"rendered":"https:\/\/pbp.womczest.edu.pl\/new\/?page_id=4227"},"modified":"2015-06-23T12:17:36","modified_gmt":"2015-06-23T10:17:36","slug":"przygody-czytusia","status":"publish","type":"page","link":"https:\/\/pbp.womczest.edu.pl\/new\/edukacja\/konkursy\/przygody-czytusia\/","title":{"rendered":"Przygody Czytusia"},"content":{"rendered":"<hr \/>\n<p>15 lutego 2012 roku nast\u0105pi\u0142o uroczyste og\u0142oszenie wynik\u00f3w konkursu plastyczno-literackiego dla uczni\u00f3w gimnazj\u00f3w miasta Cz\u0119stochowy i powiat\u00f3w: cz\u0119stochowskiego, myszkowskiego, k\u0142obuckiego i lublinieckiego na ilustrowan\u0105 ksi\u0105\u017ck\u0119 dla dzieci w wieku 5-8 lat opowiadaj\u0105c\u0105 o przygodach <em>Czytusia<\/em>.<\/p>\n<p><em>Czytu\u015b <\/em>&#8211; logo spotka\u0144 czytelniczych organizowanych w ramach Og\u00f3lnopolskiej kampanii spo\u0142ecznej <em>Ca\u0142a Polska czyta dzieciom<\/em> \u2013 to sympatyczny kolorowy zwierzaczek z ksi\u0105\u017ck\u0105 w \u0142apkach. Pomys\u0142odawczyni\u0105 i autork\u0105 tej postaci jest plastyczka Alicja Kowalska. <em>Czytu\u015b<\/em> towarzyszy wszystkim imprezom czytelniczym organizowanym przez bibliotek\u0119 w ramach kampanii i jest ju\u017c rozpoznawany przez uczestnik\u00f3w tych spotka\u0144. Dlatego te\u017c nadszed\u0142 czas, aby \u201eo\u017cywi\u0107\u201d t\u0119 posta\u0107, \u017ceby <em>Czytu\u015b <\/em>prze\u017cywa\u0142 swoje w\u0142asne przygody i bawi\u0142 nimi najm\u0142odszych czytelnik\u00f3w. Prace konkursowe przyjmowane by\u0142y do 18 listopada 2011 r. i zgodnie z regulaminem konkursu zosta\u0142y ocenione przez komisj\u0119 konkursow\u0105.<\/p>\n<p>Cz\u0142onkinie komisji konkursowej w sk\u0142adzie:<br \/>\n<strong>dr Anna P\u0119kala<\/strong> &#8211; dyrektor Instytutu Edukacji Przedszkolnej i Szkolnej Akademii im. Jana D\u0142ugosza w Cz\u0119stochowie,<br \/>\n<strong>dr Edyta Skoczylas-Krotla<\/strong> &#8211; wyk\u0142adowca Instytutu Edukacji Przedszkolnej i Szkolnej Akademii im. Jana D\u0142ugosza w Cz\u0119stochowie,<br \/>\n<strong>dr Ewa Piwowarska<\/strong> &#8211; wyk\u0142adowca Instytutu Edukacji Przedszkolnej i Szkolnej Akademii im. Jana D\u0142ugosza w Cz\u0119stochowie;<br \/>\n<strong>Agnieszka Tyrman<\/strong> &#8211; wyk\u0142adowca z Pracowni grafiki u\u017cytkowej &#8211; form wydawniczych Liceum Sztuk Plastycznych im. Jacka Malczewskiego w Cz\u0119stochowie,<br \/>\n<strong>Alicja Kowalska<\/strong> &#8211; plastyczka, autorka postaci <em>Czytusia<\/em>,<br \/>\nocenia\u0142y nades\u0142ane prace niezale\u017cnie i po podsumowaniu przyznanych przez nie punkt\u00f3w wy\u0142oniono zwyci\u0119zc\u00f3w.<\/p>\n<p>W konkursie wzi\u0119\u0142o udzia\u0142 55 uczni\u00f3w, kt\u00f3rzy nades\u0142ali 36 prac wykonanych pod kierunkiem 18 nauczycieli.<\/p>\n<p>Komisja konkursowa postanowi\u0142a przyzna\u0107:<\/p>\n<p align=\"center\">I miejsce<\/p>\n<p align=\"center\"><strong>Alicji Grudzi\u0144skiej<\/strong> z Gimnazjum nr 3 im. Armii Krajowej w Cz\u0119stochowie za ksi\u0105\u017ck\u0119 <strong><em>Magiczny Kluczyk<\/em><\/strong><\/p>\n<p align=\"center\">II miejsce<\/p>\n<p align=\"center\"><strong>Marcie Ernt<\/strong> i<strong> Michalinie Siemi\u0144skiej<\/strong> z Gimnazjum nr 1 im. Armii Krajowej w R\u0119dzinach za ksi\u0105\u017ck\u0119 <strong><em>Spotkanie<\/em><\/strong><\/p>\n<p align=\"center\">2 r\u00f3wnorz\u0119dne III miejsca<\/p>\n<p align=\"center\"><strong>Justynie Ko\u017alik<\/strong> z Gimnazjum nr 1 im. Armii Krajowej w R\u0119dzinach za ksi\u0105\u017ck\u0119<\/p>\n<p align=\"center\"><strong><em>Wielka przygoda Czytusia<\/em><\/strong><\/p>\n<p align=\"center\"><strong>Patrycji Farmus <\/strong>i <strong>Maryli Klekowskiej<\/strong> z Gimnazjum nr 15 z Oddzia\u0142ami Sportowymi im. Stefana Banacha w Cz\u0119stochowie za ksi\u0105\u017ck\u0119 <strong><em>Na K\u0142opoty Czytu\u015b!<\/em><\/strong><\/p>\n<p align=\"center\">oraz 3 wyr\u00f3\u017cnienia:<\/p>\n<p align=\"center\"><strong>Monice Wasik<\/strong> z Zespo\u0142u Gimnazj\u00f3w im. Marsza\u0142ka J\u00f3zefa Pi\u0142sudskiego w Cz\u0119stochowie za ksi\u0105\u017ck\u0119 <strong><em>Czytusiowe Opowie\u015bci<\/em><\/strong><\/p>\n<p align=\"center\"><strong>Annie Ko\u015bcielniak<\/strong> i <strong>Ewelinie Kucy<\/strong> z Zespo\u0142u Gimnazj\u00f3w im. Marsza\u0142ka J\u00f3zefa Pi\u0142sudskiego w Cz\u0119stochowie za ksi\u0105\u017ck\u0119 <strong><em>Podr\u00f3\u017c Czytusia<\/em><\/strong><\/p>\n<p align=\"center\"><strong>Piotrowi Wieczorkowi<\/strong> z Gimnazjum nr 12 im. Jana Matejki w Cz\u0119stochowie za ksi\u0105\u017ck\u0119 <strong><em>Niespodzianka<\/em><\/strong><\/p>\n<p>Opr\u00f3cz nagr\u00f3d ksi\u0105\u017ckowych, kt\u00f3rych fundatorem by\u0142 pan Jan Bartelak \u2013 w\u0142a\u015bciciel firmy JANI-GAZ w Konopiskach, laureaci otrzymali od jurorki konkursu pani Agnieszki Tyrman zaproszenie na zwiedzanie Zespo\u0142u Szk\u00f3\u0142 Plastycznych.<\/p>\n<p align=\"center\"><strong><em>Wszystkim uczestnikom konkursu gratulujemy i \u017cyczymy rozwijania talent\u00f3w literackich i plastycznych.<\/em><\/strong><\/p>\n<p>&nbsp;<\/p>\n<p><strong><em>\u00a0<\/em><\/strong><\/p>\n<p style=\"text-align: right;\"><em>Izabela Bajor<\/em><\/p>\n","protected":false},"excerpt":{"rendered":"<p>15 lutego 2012 roku nast\u0105pi\u0142o uroczyste og\u0142oszenie wynik\u00f3w konkursu plastyczno-literackiego dla uczni\u00f3w gimnazj\u00f3w miasta Cz\u0119stochowy i powiat\u00f3w: cz\u0119stochowskiego, myszkowskiego, k\u0142obuckiego i lublinieckiego na ilustrowan\u0105 ksi\u0105\u017ck\u0119 dla dzieci w wieku 5-8 lat opowiadaj\u0105c\u0105 o przygodach Czytusia. Czytu\u015b &#8211; logo spotka\u0144 czytelniczych organizowanych w ramach Og\u00f3lnopolskiej kampanii spo\u0142ecznej Ca\u0142a Polska czyta dzieciom \u2013 to sympatyczny kolorowy zwierzaczek z ksi\u0105\u017ck\u0105 w \u0142apkach. Pomys\u0142odawczyni\u0105 i autork\u0105 tej postaci jest plastyczka Alicja Kowalska. Czytu\u015b towarzyszy<span class=\"ellipsis\">&hellip;<\/span><\/p>\n<div class=\"read-more\"><a href=\"https:\/\/pbp.womczest.edu.pl\/new\/edukacja\/konkursy\/przygody-czytusia\/\">Czytaj wi\u0119cej &#8250;<\/a><\/div>\n<p><!-- end of .read-more --><\/p>\n","protected":false},"author":3,"featured_media":0,"parent":2649,"menu_order":0,"comment_status":"closed","ping_status":"open","template":"","meta":{"footnotes":""},"jetpack_sharing_enabled":true,"jetpack_shortlink":"https:\/\/wp.me\/PgmV4H-16b","_links":{"self":[{"href":"https:\/\/pbp.womczest.edu.pl\/new\/wp-json\/wp\/v2\/pages\/4227"}],"collection":[{"href":"https:\/\/pbp.womczest.edu.pl\/new\/wp-json\/wp\/v2\/pages"}],"about":[{"href":"https:\/\/pbp.womczest.edu.pl\/new\/wp-json\/wp\/v2\/types\/page"}],"author":[{"embeddable":true,"href":"https:\/\/pbp.womczest.edu.pl\/new\/wp-json\/wp\/v2\/users\/3"}],"replies":[{"embeddable":true,"href":"https:\/\/pbp.womczest.edu.pl\/new\/wp-json\/wp\/v2\/comments?post=4227"}],"version-history":[{"count":2,"href":"https:\/\/pbp.womczest.edu.pl\/new\/wp-json\/wp\/v2\/pages\/4227\/revisions"}],"predecessor-version":[{"id":5065,"href":"https:\/\/pbp.womczest.edu.pl\/new\/wp-json\/wp\/v2\/pages\/4227\/revisions\/5065"}],"up":[{"embeddable":true,"href":"https:\/\/pbp.womczest.edu.pl\/new\/wp-json\/wp\/v2\/pages\/2649"}],"wp:attachment":[{"href":"https:\/\/pbp.womczest.edu.pl\/new\/wp-json\/wp\/v2\/media?parent=4227"}],"curies":[{"name":"wp","href":"https:\/\/api.w.org\/{rel}","templated":true}]}}