


{"id":4213,"date":"2015-05-19T09:49:35","date_gmt":"2015-05-19T07:49:35","guid":{"rendered":"https:\/\/pbp.womczest.edu.pl\/new\/?page_id=4213"},"modified":"2015-06-23T12:14:42","modified_gmt":"2015-06-23T10:14:42","slug":"ekslibris-2012-mala-graficzna-opowiesc-o-mojej-bibliotece-podsumowanie","status":"publish","type":"page","link":"https:\/\/pbp.womczest.edu.pl\/new\/edukacja\/konkursy\/ekslibris-2012-mala-graficzna-opowiesc-o-mojej-bibliotece-podsumowanie\/","title":{"rendered":"Ekslibris 2012 \u2013 ma\u0142a graficzna opowie\u015b\u0107 o mojej bibliotece &#8211; Podsumowanie"},"content":{"rendered":"<hr \/>\n<p>W dniach od <strong>20 kwietnia do 9 maja 2012 roku<\/strong> na stronie internetowej Publicznej Biblioteki Pedagogicznej Regionalnego O\u015brodka Doskonalenia Nauczycieli \u201eWOM\u201d w Cz\u0119stochowie odby\u0142o si\u0119 g\u0142osowanie na najlepszy ekslibris. G\u0142osowanie to zosta\u0142o przeprowadzone w ramach konkursu plastycznego <strong><em>EKSLIBRIS \u2013 MA\u0141A GRAFICZNA OPOWIE\u015a\u0106 O MOJEJ BIBLIOTECE. <\/em><\/strong><\/p>\n<p>Celem konkursu by\u0142o zainteresowanie uczni\u00f3w form\u0105 sztuki graficznej, zach\u0119cenie ich do tworzenia w\u0142asnych ekslibris\u00f3w do ksi\u0119gozbior\u00f3w domowych oraz do kolekcjonowania znak\u00f3w w\u0142asno\u015bciowych. Ponadto poznanie technik wykonywania ekslibrisu i element\u00f3w, kt\u00f3re zawiera ten znak oraz promocja biblioteki szkolnej w \u015brodowisku lokalnym.<\/p>\n<p>Konkurs skierowany by\u0142 do uczni\u00f3w wszystkich typ\u00f3w szk\u00f3\u0142 Cz\u0119stochowy i powiatu cz\u0119stochowskiego. Ka\u017cda szko\u0142a mog\u0142a do konkursu zg\u0142osi\u0107 maksymalnie pi\u0119\u0107 prac. Prace nawi\u0105zywa\u0142y tematycznie do ksi\u0105\u017cek, biblioteki, patrona lub tradycji szko\u0142y. Wykonywane by\u0142y dowoln\u0105 technik\u0105 w formacie A5.<\/p>\n<p align=\"left\">Nades\u0142ane <strong>62 prace<\/strong> z <strong>15 szk\u00f3\u0142<\/strong> zosta\u0142y \u00a0podzielone wed\u0142ug\u00a0nast\u0119puj\u0105cych kategorii wiekowych:<\/p>\n<p>a)\u00a0\u00a0\u00a0 <strong>uczniowie klas I \u2013 III szko\u0142y podstawowej &#8211; 17 uczni\u00f3w<\/strong> (Szko\u0142a Podstawowa nr 21 w Cz\u0119stochowie, Szko\u0142a Podstawowa nr 40 w Cz\u0119stochowie, Szko\u0142a Podstawowa nr 1 w Cz\u0119stochowie, Szko\u0142a Podstawowa nr\u00a053 z Oddzia\u0142ami Integracyjnymi w Cz\u0119stochowie),<\/p>\n<p>b)\u00a0\u00a0 <strong>uczniowie klas IV \u2013 VI szko\u0142y podstawowej &#8211; 9 uczni\u00f3w<\/strong> (Szko\u0142a Podstawowa nr 49 w Cz\u0119stochowie, Szko\u0142a Podstawowa w Ku\u017anicy Starej, Szko\u0142a Podstawowa nr 1 w Cz\u0119stochowie),<\/p>\n<p>c)\u00a0\u00a0\u00a0 <strong>uczniowie gimnazjum<\/strong> &#8211; <strong>25 uczni\u00f3w<\/strong>, (Gimnazjum nr 5 w Cz\u0119stochowie, Zesp\u00f3\u0142 Gimnazj\u00f3w im. Marsza\u0142ka J\u00f3zefa Pi\u0142sudskiego\u00a0 w Cz\u0119stochowie, Gimnazjum nr 21 w Cz\u0119stochowie, Gimnazjum im. Janusza Korczaka w Blachowni, Zesp\u00f3\u0142 Szk\u00f3\u0142 w Koniecpolu Gimnazjum nr 1, Gimnazjum nr 26 w Cz\u0119stochowie),<\/p>\n<p>d)\u00a0\u00a0 <strong>uczniowie szk\u00f3\u0142 ponadgimnazjalnych &#8211; 11 uczni\u00f3w<\/strong> (Zesp\u00f3\u0142 Szk\u00f3\u0142 Zawodowych im. M. Grzegorzewskiej w\u00a0Cz\u0119stochowie, VI Liceum Og\u00f3lnokszta\u0142c\u0105ce\u00a0 w Cz\u0119stochowie, Techniczne Zak\u0142ady Naukowe w Cz\u0119stochowie).<\/p>\n<p align=\"left\">Udzia\u0142 procentowy uczni\u00f3w w konkursie przedstawia poni\u017cszy wykres:<\/p>\n<p><img decoding=\"async\" class=\" aligncenter\" src=\"https:\/\/pbp.womczest.edu.pl\/images\/stories\/moje\/ekslibris\/liczbauczestnikow1.jpg\" alt=\"\" width=\"450\" border=\"0\" \/><\/p>\n<p>Nast\u0119pnie \u00a0prace zosta\u0142y zeskanowane i umieszczone anonimowo na stronie internetowej biblioteki. Laureat\u00f3w wy\u0142oniono w\u00a0drodze g\u0142osowania online.<\/p>\n<p><strong>W sumie oddano 4791 g\u0142os\u00f3w: Klasy I-III \u2013 1204 g\u0142os\u00f3w, Klasy IV-VI \u2013 576, Gimnazjum \u2013 2181, Szko\u0142a ponadgimnazjalna \u2013 831.<\/strong><\/p>\n<p align=\"left\">Udzia\u0142 procentowy oddanych w konkursie g\u0142os\u00f3w w poszczeg\u00f3lnych etapach kszta\u0142cenia przedstawia poni\u017cszy wykres:<\/p>\n<p><img decoding=\"async\" loading=\"lazy\" class=\" aligncenter\" src=\"https:\/\/pbp.womczest.edu.pl\/images\/stories\/moje\/ekslibris\/liczbaglosow.jpg\" alt=\"\" width=\"450\" height=\"286\" border=\"0\" \/><\/p>\n<p>&nbsp;<\/p>\n<p>Laureaci konkursu w poszczeg\u00f3lnych kategoriach to:<\/p>\n<p>Klasy I-III \u2013 KATARZYNA KNAPIK, Szko\u0142a Podstawowa nr 1 w Cz\u0119stochowie,<\/p>\n<p><img decoding=\"async\" src=\"https:\/\/pbp.womczest.edu.pl\/images\/stories\/moje\/ekslibris\/i_iii.png\" alt=\"\" border=\"0\" \/><\/p>\n<p>Ilo\u015b\u0107 g\u0142os\u00f3w: 580<\/p>\n<p>KLASY IV-VI \u2013 NATALIA KR\u00d3LAK, Szko\u0142a Podstawowa nr 1 w Cz\u0119stochowie,<\/p>\n<p><img decoding=\"async\" src=\"https:\/\/pbp.womczest.edu.pl\/images\/stories\/moje\/ekslibris\/iv_vi.png\" alt=\"\" border=\"0\" \/><\/p>\n<p>Ilo\u015b\u0107 g\u0142os\u00f3w: 264<\/p>\n<p><strong>GIMNAZJUM<\/strong> \u2013 KINGA KASPRZYK, Gimnazjum nr 5 w Cz\u0119stochowie,<\/p>\n<p><img decoding=\"async\" src=\"https:\/\/pbp.womczest.edu.pl\/images\/stories\/moje\/ekslibris\/gimn.png\" alt=\"\" border=\"0\" \/><\/p>\n<p>Ilo\u015b\u0107 g\u0142os\u00f3w: 1363<\/p>\n<p><strong>SZKO\u0141A PONADGIMNAZJALNA<\/strong> &#8211; EWA POCHWAT, Zesp\u00f3\u0142 Szk\u00f3\u0142 Zawodowych<\/p>\n<p>im. M. Grzegorzewskiej w Cz\u0119stochowie,<\/p>\n<p><img decoding=\"async\" src=\"https:\/\/pbp.womczest.edu.pl\/images\/stories\/moje\/ekslibris\/ponad.png\" alt=\"\" border=\"0\" \/><\/p>\n<p>Ilo\u015b\u0107 g\u0142os\u00f3w: 415.<\/p>\n<p>Rozstrzygni\u0119cie konkursu i wr\u0119czenie nagr\u00f3d laureatom nast\u0105pi\u0142o w dniu 14 maja 2012 roku o godz. 13.00 w Auli FORUM Regionalnego O\u015brodka Doskonalenia Nauczycieli \u201eWOM\u201d w Cz\u0119stochowie. Zwyci\u0119zcy otrzymali nagrody rzeczowe, a wszyscy uczestnicy pami\u0105tkowe dyplomy. Uroczysto\u015b\u0107 u\u015bwietni\u0142 koncert skrzypcowy Cz\u0119stochowskiej Szko\u0142y Suzuki.<\/p>\n<p>Wszystkie prace zosta\u0142y zaprezentowane podczas uroczysto\u015bci wr\u0119czenia nagr\u00f3d na wystawie pokonkursowej.<\/p>\n<p style=\"text-align: right;\"><em>Anna P\u0142usa<\/em><\/p>\n","protected":false},"excerpt":{"rendered":"<p>W dniach od 20 kwietnia do 9 maja 2012 roku na stronie internetowej Publicznej Biblioteki Pedagogicznej Regionalnego O\u015brodka Doskonalenia Nauczycieli \u201eWOM\u201d w Cz\u0119stochowie odby\u0142o si\u0119 g\u0142osowanie na najlepszy ekslibris. G\u0142osowanie to zosta\u0142o przeprowadzone w ramach konkursu plastycznego EKSLIBRIS \u2013 MA\u0141A GRAFICZNA OPOWIE\u015a\u0106 O MOJEJ BIBLIOTECE. Celem konkursu by\u0142o zainteresowanie uczni\u00f3w form\u0105 sztuki graficznej, zach\u0119cenie ich do tworzenia w\u0142asnych ekslibris\u00f3w do ksi\u0119gozbior\u00f3w domowych oraz do kolekcjonowania znak\u00f3w w\u0142asno\u015bciowych. Ponadto poznanie technik<span class=\"ellipsis\">&hellip;<\/span><\/p>\n<div class=\"read-more\"><a href=\"https:\/\/pbp.womczest.edu.pl\/new\/edukacja\/konkursy\/ekslibris-2012-mala-graficzna-opowiesc-o-mojej-bibliotece-podsumowanie\/\">Czytaj wi\u0119cej &#8250;<\/a><\/div>\n<p><!-- end of .read-more --><\/p>\n","protected":false},"author":3,"featured_media":0,"parent":2649,"menu_order":0,"comment_status":"closed","ping_status":"open","template":"","meta":{"footnotes":""},"jetpack_sharing_enabled":true,"jetpack_shortlink":"https:\/\/wp.me\/PgmV4H-15X","_links":{"self":[{"href":"https:\/\/pbp.womczest.edu.pl\/new\/wp-json\/wp\/v2\/pages\/4213"}],"collection":[{"href":"https:\/\/pbp.womczest.edu.pl\/new\/wp-json\/wp\/v2\/pages"}],"about":[{"href":"https:\/\/pbp.womczest.edu.pl\/new\/wp-json\/wp\/v2\/types\/page"}],"author":[{"embeddable":true,"href":"https:\/\/pbp.womczest.edu.pl\/new\/wp-json\/wp\/v2\/users\/3"}],"replies":[{"embeddable":true,"href":"https:\/\/pbp.womczest.edu.pl\/new\/wp-json\/wp\/v2\/comments?post=4213"}],"version-history":[{"count":5,"href":"https:\/\/pbp.womczest.edu.pl\/new\/wp-json\/wp\/v2\/pages\/4213\/revisions"}],"predecessor-version":[{"id":5063,"href":"https:\/\/pbp.womczest.edu.pl\/new\/wp-json\/wp\/v2\/pages\/4213\/revisions\/5063"}],"up":[{"embeddable":true,"href":"https:\/\/pbp.womczest.edu.pl\/new\/wp-json\/wp\/v2\/pages\/2649"}],"wp:attachment":[{"href":"https:\/\/pbp.womczest.edu.pl\/new\/wp-json\/wp\/v2\/media?parent=4213"}],"curies":[{"name":"wp","href":"https:\/\/api.w.org\/{rel}","templated":true}]}}