


{"id":4209,"date":"2015-05-19T09:32:54","date_gmt":"2015-05-19T07:32:54","guid":{"rendered":"https:\/\/pbp.womczest.edu.pl\/new\/?page_id=4209"},"modified":"2019-11-13T14:30:50","modified_gmt":"2019-11-13T13:30:50","slug":"sprawozdanie-z-powiatowego-konkursu-recytatorskiego-poetyckie-krajobrazy-poswieconego-poezji-wislawy-szymborskiej","status":"publish","type":"page","link":"https:\/\/pbp.womczest.edu.pl\/new\/edukacja\/konkursy\/sprawozdanie-z-powiatowego-konkursu-recytatorskiego-poetyckie-krajobrazy-poswieconego-poezji-wislawy-szymborskiej\/","title":{"rendered":"Sprawozdanie z Powiatowego Konkursu Recytatorskiego \u201ePoetyckie Krajobrazy\u201d po\u015bwi\u0119conego poezji Wis\u0142awy Szymborskiej"},"content":{"rendered":"<hr \/>\n<p>25 pa\u017adziernika 2012 roku w Regionalnym O\u015brodku Doskonalenia Nauczycieli \u201eWOM\u201d w Cz\u0119stochowie odby\u0142 si\u0119 Powiatowy Konkurs Recytatorski \u201ePoetyckie Krajobrazy\u201d, po\u015bwi\u0119cony poezji Wis\u0142awy Szymborskiej. Konkurs adresowany do uczni\u00f3w gimnazj\u00f3w miasta Cz\u0119stochowy oraz powiatu cz\u0119stochowskiego zorganizowa\u0142a Publiczna Biblioteka Pedagogiczna RODN \u201eWOM\u201d w Cz\u0119stochowie. Honorowy patronat nad konkursem obj\u0105\u0142 Pan Andrzej Kwapisz, Starosta Cz\u0119stochowski.<\/p>\n<p>Celem konkursu by\u0142o upami\u0119tnienie poetki Wis\u0142awy Szymborskiej, popularyzacja jej tw\u00f3rczo\u015bci, rozwijanie recytatorskich i aktorskich uzdolnie\u0144 m\u0142odzie\u017cy, upowszechnianie kultury j\u0119zyka polskiego oraz inspirowanie m\u0142odego pokolenia do aktywnego uczestnictwa w\u00a0kulturze. Uczniowie prezentowali jeden z\u00a0wybranych przez siebie wierszy Wis\u0142awy Szymborskiej.<\/p>\n<p><strong>W konkursie udzia\u0142 wzi\u0119\u0142o 16 uczni\u00f3w z 16 gimnazj\u00f3w miasta Cz\u0119stochowy i\u00a0powiatu cz\u0119stochowskiego. <\/strong>Opiek\u0119 merytoryczn\u0105 nad gimnazjalistami sprawowali nauczyciele z danej szko\u0142y.<\/p>\n<ul>\n<li style=\"text-align: justify;\"><em>Marlena Milka<\/em> \u2013 Gimnazjum im. Paw\u0142a Edmunda Strzeleckiego Zespo\u0142u Szk\u00f3\u0142 w Czarnym Lesie; nauczyciele \u2013 <em>Danuta Kokot, Miros\u0142awa Murek<\/em><\/li>\n<li style=\"text-align: justify;\"><em>Piotr Tomalski<\/em> \u2013 Gimnazjum im. Henryka Sienkiewicza w Konopiskach; nauczyciel \u2013 <em>Renata G\u0119siarz<\/em><\/li>\n<li style=\"text-align: justify;\"><em>Monika Pytlarz<\/em> \u2013 Gimnazjum w Lelowie; nauczyciel \u2013 <em>Renata Wawer<\/em><\/li>\n<li style=\"text-align: justify;\"><em>Urszula Ca\u0142us<\/em> \u2013 Gimnazjum im. Andrzeja Kubickiego Zespo\u0142u Szk\u00f3\u0142 w Mstowie; nauczyciel \u2013 <em>Justyna Ujma<\/em><\/li>\n<li style=\"text-align: justify;\"><em>Urszula Imie\u0142owska<\/em> \u2013 Gimnazjum im. Adama Mickiewicza w Starczy; nauczyciel \u2013 <em>Tatiana \u017bak<\/em><\/li>\n<li style=\"text-align: justify;\"><em>Karolina Kami\u0144ska<\/em> \u2013 Gimnazjum im. Jana Kochanowskiego we Wrzosowej; nauczyciel \u2013 <em>Ewa Markowska<\/em><\/li>\n<li style=\"text-align: justify;\"><em>Klaudia Mietelska<\/em> \u2013 Gimnazjum nr 7 im. Konstantego Ildefonsa Ga\u0142czy\u0144skiego w Cz\u0119stochowie; nauczyciel \u2013 <em>Iwona Gajdek<\/em><\/li>\n<li style=\"text-align: justify;\"><em>Klementyna Mazurek<\/em> \u2013 Gimnazjum nr 12 im. Jana Matejki w Cz\u0119stochowie; nauczyciele \u2013 <em>Monika Orszulak, Jolanta Mastalerz<\/em><\/li>\n<li style=\"text-align: justify;\"><em>Aleksandra Pala<\/em> \u2013 Gimnazjum nr 16 im. Boles\u0142awa Chrobrego w Cz\u0119stochowie; nauczyciel \u2013 <em>Iwona Pa\u0142\u0119ta<\/em><\/li>\n<li style=\"text-align: justify;\"><em>Izabela Leonarcik<\/em> \u2013 Gimnazjum nr 22 w Cz\u0119stochowie; nauczyciel &#8211; <em>Krystyna K\u0119sik<\/em><\/li>\n<li style=\"text-align: justify;\"><em>Oliwia Olczyk<\/em> \u2013 Gimnazjum nr 23 Zespo\u0142u Szk\u00f3\u0142 nr 2 im. Noblist\u00f3w Polskich\u00a0w Cz\u0119stochowie; nauczyciel \u2013 <em>Katarzyna \u0141ubczyk<\/em><\/li>\n<li style=\"text-align: justify;\"><em>Klaudia G\u00f3ra<\/em> \u2013 Gimnazjum nr 24 w Cz\u0119stochowie Zespo\u0142u Szk\u00f3\u0142 nr 3 w Cz\u0119stochowie; nauczyciel \u2013 <em>Edyta Mastalerz<\/em><\/li>\n<li style=\"text-align: justify;\"><em>Sara Wojszczak<\/em> \u2013 Katolickie Gimnazjum Stowarzyszenia Przyjaci\u00f3\u0142 Szk\u00f3\u0142 Katolickich w Cz\u0119stochowie; nauczyciel \u2013 <em>Dagmara W\u00f3jcik<\/em><\/li>\n<li style=\"text-align: justify;\"><em>Julia Ciura<\/em> \u2013 Publiczne Gimnazjum Stowarzyszenia Przyjaci\u00f3\u0142 Szk\u00f3\u0142 Katolickich im. \u015aw. J\u00f3zefa w Cz\u0119stochowie; nauczyciele \u2013\u00a0<em>Izabela Dziurkowska, Mariola Janik<\/em><\/li>\n<li style=\"text-align: justify;\"><em>Karolina Pendrasik<\/em> \u2013 Publiczne Gimnazjum Si\u00f3str Zmartwychwstanek im. Siostry Barbary \u017buli\u0144skiej w Cz\u0119stochowie; nauczyciel \u2013 <em>Wioletta Mietelska<\/em><\/li>\n<li style=\"text-align: justify;\"><em>Paulina Drogowska<\/em> \u2013 Zesp\u00f3\u0142 Gimnazj\u00f3w im. Marsza\u0142ka J\u00f3zefa Pi\u0142sudskiego w Cz\u0119stochowie; nauczyciel \u2013 <em>Renata Karo\u0144<\/em><\/li>\n<\/ul>\n<p>Prezentacje uczestnik\u00f3w ocenia\u0142o jury w sk\u0142adzie:<\/p>\n<ul>\n<li style=\"text-align: justify;\"><em>Gra\u017cyna Bochenkiewicz<\/em> \u2013 przewodnicz\u0105ca komisji, nauczyciel konsultant RODN \u201eWOM\u201d w Cz\u0119stochowie, redaktor naczelny kwartalnika \u201eCz\u0119stochowski Biuletyn O\u015bwiatowy\u201d,<\/li>\n<li style=\"text-align: justify;\"><em>Halina Piwowarska<\/em> \u2013 pracownik M\u0142odzie\u017cowego Domu Kultury w Cz\u0119stochowie, pracownia dziennikarsko-literacka,<\/li>\n<li style=\"text-align: justify;\"><em>Olga B\u0105kowska<\/em> \u2013 poetka, dzia\u0142aj\u0105ca w Klubie Literackim \u201eFraszka\u201d i \u201eMetafora\u201d,<\/li>\n<li style=\"text-align: justify;\"><em>Ewa Ole\u015b <\/em>\u2013 filolog polski, sekretarz literacki w Teatrze im. Adama Mickiewicza w Cz\u0119stochowie,<\/li>\n<li style=\"text-align: justify;\"><em>Marta Ma\u0142ek<\/em> \u2013 nauczyciel polonista, nauczyciel bibliotekarz PBP RODN \u201eWOM\u201d w\u00a0Cz\u0119stochowie.<\/li>\n<\/ul>\n<p>Decyzj\u0105 jury przyznano nast\u0119puj\u0105ce miejsca:<\/p>\n<p style=\"padding-left: 30px;\"><strong>I miejsce<\/strong><\/p>\n<p>1. <strong>Monika Pytlarz<\/strong>, uczennica Gimnazjum w Lelowie za wiersz pt. \u201eNienawi\u015b\u0107\u201d<br \/>\n2. <strong>Sara Wojszczak<\/strong>, uczennica Katolickiego Gimnazjum Stowarzyszenia Przyjaci\u00f3\u0142 Szk\u00f3\u0142 Katolickich w Cz\u0119stochowie za wiersz pt.\u00a0\u201eMi\u0142o\u015b\u0107 szcz\u0119\u015bliwa\u201d<\/p>\n<p style=\"padding-left: 30px;\"><strong>II miejsce<\/strong><\/p>\n<p>1. <strong>Karolina Kami\u0144ska<\/strong>, uczennica Gimnazjum im. Jana Kochanowskiego we Wrzosowej za wiersz pt. \u201eWszelki wypadek\u201d<br \/>\n2. <strong>Piotr Tomalski<\/strong>, ucze\u0144 Gimnazjum im. Henryka Sienkiewicza w Konopiskach za wiersz pt.\u00a0\u201eProspekt\u201d<\/p>\n<p style=\"padding-left: 30px;\"><strong>III miejsce<\/strong><\/p>\n<p>1. <strong>Karolina Pendrasik<\/strong>, uczennica Publicznego Gimnazjum Si\u00f3str Zmartwychwstanek im. Siostry Barbary \u017buli\u0144skiej w Cz\u0119stochowie za wiersz pt. \u201eProspekt\u201d<br \/>\n2. <strong>Klaudia Mietelska<\/strong>, uczennica Gimnazjum nr 7 im. Konstantego Ildefonsa Ga\u0142czy\u0144skiego\u00a0w\u00a0Cz\u0119stochowie za wiersz pt. \u201e\u017bycie na poczekaniu\u201d<\/p>\n<p style=\"padding-left: 30px;\">Jury przyzna\u0142o r\u00f3wnie\u017c <strong>2 wyr\u00f3\u017cnienia<\/strong>. Otrzyma\u0142y je:<\/p>\n<p>1. <strong>Izabela Leonarcik \u2013 <\/strong>uczennica Gimnazjum nr 22 w Cz\u0119stochowie za wiersz pt. \u201eAllegro ma non troppo\u201d<br \/>\n2. <strong>Urszula Ca\u0142us \u2013 <\/strong>uczennica, Gimnazjum im. Andrzeja Kubickiego Zespo\u0142u Szk\u00f3\u0142 w Mstowie za wiersz pt. \u201eRozmowa z kamieniem\u201d<\/p>\n<p>Laureaci konkursu zostali uhonorowani dyplomami i nagrodami ksi\u0105\u017ckowymi ufundowanymi przez Starost\u0119 Cz\u0119stochowskiego. Wyr\u00f3\u017cnieni uczniowie otrzymali tomiki poezji Pani Olgi B\u0105kowskiej.<\/p>\n<p style=\"text-align: right;\"><em>Katarzyna Kucharzewska<\/em><\/p>\n","protected":false},"excerpt":{"rendered":"<p>25 pa\u017adziernika 2012 roku w Regionalnym O\u015brodku Doskonalenia Nauczycieli \u201eWOM\u201d w Cz\u0119stochowie odby\u0142 si\u0119 Powiatowy Konkurs Recytatorski \u201ePoetyckie Krajobrazy\u201d, po\u015bwi\u0119cony poezji Wis\u0142awy Szymborskiej. Konkurs adresowany do uczni\u00f3w gimnazj\u00f3w miasta Cz\u0119stochowy oraz powiatu cz\u0119stochowskiego zorganizowa\u0142a Publiczna Biblioteka Pedagogiczna RODN \u201eWOM\u201d w Cz\u0119stochowie. Honorowy patronat nad konkursem obj\u0105\u0142 Pan Andrzej Kwapisz, Starosta Cz\u0119stochowski. Celem konkursu by\u0142o upami\u0119tnienie poetki Wis\u0142awy Szymborskiej, popularyzacja jej tw\u00f3rczo\u015bci, rozwijanie recytatorskich i aktorskich uzdolnie\u0144 m\u0142odzie\u017cy, upowszechnianie kultury j\u0119zyka<span class=\"ellipsis\">&hellip;<\/span><\/p>\n<div class=\"read-more\"><a href=\"https:\/\/pbp.womczest.edu.pl\/new\/edukacja\/konkursy\/sprawozdanie-z-powiatowego-konkursu-recytatorskiego-poetyckie-krajobrazy-poswieconego-poezji-wislawy-szymborskiej\/\">Czytaj wi\u0119cej &#8250;<\/a><\/div>\n<p><!-- end of .read-more --><\/p>\n","protected":false},"author":3,"featured_media":0,"parent":2649,"menu_order":0,"comment_status":"closed","ping_status":"open","template":"","meta":{"footnotes":""},"jetpack_sharing_enabled":true,"jetpack_shortlink":"https:\/\/wp.me\/PgmV4H-15T","_links":{"self":[{"href":"https:\/\/pbp.womczest.edu.pl\/new\/wp-json\/wp\/v2\/pages\/4209"}],"collection":[{"href":"https:\/\/pbp.womczest.edu.pl\/new\/wp-json\/wp\/v2\/pages"}],"about":[{"href":"https:\/\/pbp.womczest.edu.pl\/new\/wp-json\/wp\/v2\/types\/page"}],"author":[{"embeddable":true,"href":"https:\/\/pbp.womczest.edu.pl\/new\/wp-json\/wp\/v2\/users\/3"}],"replies":[{"embeddable":true,"href":"https:\/\/pbp.womczest.edu.pl\/new\/wp-json\/wp\/v2\/comments?post=4209"}],"version-history":[{"count":7,"href":"https:\/\/pbp.womczest.edu.pl\/new\/wp-json\/wp\/v2\/pages\/4209\/revisions"}],"predecessor-version":[{"id":14852,"href":"https:\/\/pbp.womczest.edu.pl\/new\/wp-json\/wp\/v2\/pages\/4209\/revisions\/14852"}],"up":[{"embeddable":true,"href":"https:\/\/pbp.womczest.edu.pl\/new\/wp-json\/wp\/v2\/pages\/2649"}],"wp:attachment":[{"href":"https:\/\/pbp.womczest.edu.pl\/new\/wp-json\/wp\/v2\/media?parent=4209"}],"curies":[{"name":"wp","href":"https:\/\/api.w.org\/{rel}","templated":true}]}}