


{"id":4202,"date":"2015-05-19T09:30:33","date_gmt":"2015-05-19T07:30:33","guid":{"rendered":"https:\/\/pbp.womczest.edu.pl\/new\/?page_id=4202"},"modified":"2018-09-04T15:22:46","modified_gmt":"2018-09-04T13:22:46","slug":"sprawozdanie-z-powiatowego-konkursu-recytatorskiego-poetyckie-krajobrazy-poswieconego-poezji-juliana-tuwima","status":"publish","type":"page","link":"https:\/\/pbp.womczest.edu.pl\/new\/edukacja\/konkursy\/sprawozdanie-z-powiatowego-konkursu-recytatorskiego-poetyckie-krajobrazy-poswieconego-poezji-juliana-tuwima\/","title":{"rendered":"Sprawozdanie z Powiatowego Konkursu Recytatorskiego \u201ePoetyckie Krajobrazy\u201d po\u015bwi\u0119conego poezji Juliana Tuwima"},"content":{"rendered":"<hr \/>\n<p><img decoding=\"async\" loading=\"lazy\" class=\" size-full wp-image-1732 alignleft\" style=\"float: left;\" src=\"https:\/\/pbp.womczest.edu.pl\/new\/wp-content\/uploads\/2014\/01\/aktualnosci_zdjecia_rozne_poetyckie_krajobrazy.jpg\" alt=\"\" width=\"150\" height=\"113\" border=\"0\" srcset=\"https:\/\/pbp.womczest.edu.pl\/new\/wp-content\/uploads\/2014\/01\/aktualnosci_zdjecia_rozne_poetyckie_krajobrazy.jpg 380w, https:\/\/pbp.womczest.edu.pl\/new\/wp-content\/uploads\/2014\/01\/aktualnosci_zdjecia_rozne_poetyckie_krajobrazy-300x225.jpg 300w, https:\/\/pbp.womczest.edu.pl\/new\/wp-content\/uploads\/2014\/01\/aktualnosci_zdjecia_rozne_poetyckie_krajobrazy-100x75.jpg 100w, https:\/\/pbp.womczest.edu.pl\/new\/wp-content\/uploads\/2014\/01\/aktualnosci_zdjecia_rozne_poetyckie_krajobrazy-150x113.jpg 150w, https:\/\/pbp.womczest.edu.pl\/new\/wp-content\/uploads\/2014\/01\/aktualnosci_zdjecia_rozne_poetyckie_krajobrazy-200x150.jpg 200w\" sizes=\"(max-width: 150px) 100vw, 150px\" \/><\/p>\n<p>24 pa\u017adziernika 2013 roku w Regionalnym O\u015brodku Doskonalenia Nauczycieli \u201eWOM\u201d w Cz\u0119stochowie odby\u0142 si\u0119 Powiatowy Konkurs Recytatorski \u201ePoetyckie Krajobrazy\u201d, po\u015bwi\u0119cony poezji Juliana Tuwima. Konkurs adresowany do uczni\u00f3w gimnazj\u00f3w miasta Cz\u0119stochowy oraz powiatu cz\u0119stochowskiego zorganizowa\u0142a Publiczna Biblioteka Pedagogiczna RODN \u201eWOM\u201d w Cz\u0119stochowie.<\/p>\n<p>Honorowy patronat nad konkursem obj\u0105\u0142 Pan Andrzej Kwapisz, Starosta Cz\u0119stochowski.<\/p>\n<p>Celem konkursu by\u0142o upami\u0119tnienie Roku Juliana Tuwima, popularyzacja jego tw\u00f3rczo\u015bci, rozwijanie recytatorskich i aktorskich uzdolnie\u0144 m\u0142odzie\u017cy, upowszechnianie kultury j\u0119zyka polskiego oraz inspirowanie m\u0142odego pokolenia do aktywnego uczestnictwa w\u00a0kulturze. Uczniowie prezentowali jeden z wybranych przez siebie wierszy Juliana Tuwima.<\/p>\n<p><strong>W konkursie udzia\u0142 wzi\u0119\u0142o 15 uczni\u00f3w z 15 gimnazj\u00f3w miasta Cz\u0119stochowy i powiatu cz\u0119stochowskiego. <\/strong><br \/>\nOpiek\u0119 merytoryczn\u0105 nad gimnazjalistami sprawowali nauczyciele z danej szko\u0142y.<\/p>\n<ul>\n<li><em>Weronika Dziagacz<\/em> \u2013 Gimnazjum w Zespole Szk\u00f3\u0142 im. Boles\u0142awa Prusa w Garnku; nauczyciel \u2013 <em>pani Joanna W\u00f3jcik<\/em>.<\/li>\n<li><em>Maciej Falkowski<\/em> \u2013 Gimnazjum im. Jana Kochanowskiego we Wrzosowej; nauczyciel \u2013 <em>pani Ewa Markowska<\/em>.<\/li>\n<li><em>Natalia Mi\u0142och<\/em> \u2013 Gimnazjum nr 1 w Zespole Szk\u00f3\u0142 w Koniecpolu; nauczyciele \u2013 pani Maria Machera, <em>pani Ma\u0142gorzata Siedlecka<\/em>.<\/li>\n<li><em>Marcelina Nowak<\/em> \u2013 Gimnazjum im. Andrzeja Kubickiego w Zespole Szk\u00f3\u0142 w Mstowie; nauczyciel \u2013 <em>pani Justyna Ujma<\/em>.<\/li>\n<li><em>Paulina Pluta<\/em> \u2013 Gimnazjum w Zespole Szk\u00f3\u0142 im. Kornela Makuszy\u0144skiego w Skrzydlowie; nauczyciel \u2013 <em>pani Olga Gonera<\/em>.<\/li>\n<li><em>Borys Kope\u0107<\/em> \u2013 Gimnazjum im. Kaspra Karli\u0144skiego w Olsztynie; nauczyciel \u2013 <em>pani Beata D\u0119bska<\/em>.<\/li>\n<li><em>Piotr Tomalski<\/em> \u2013 Gimnazjum im. Henryka Sienkiewicza w Konopiskach; nauczyciel \u2013 <em>pani Renata G\u0119siarz<\/em>.<\/li>\n<li><em>Karolina Kolompar<\/em> \u2013 Gimnazjum nr 5 im. Miko\u0142aja Reja w Cz\u0119stochowie; nauczyciele \u2013 <em>pani Alina Grabna, pani Dorota Marli\u0144ska<\/em>.<\/li>\n<li><em>Magdalena Makaron<\/em> \u2013 Gimnazjum nr 8 z Oddzia\u0142ami Sportowymi im. Polskich Olimpijczyk\u00f3w w Cz\u0119stochowie; nauczyciel \u2013\u00a0<em>pani Anna Jo\u0144ca<\/em>.<\/li>\n<li><em>Katarzyna Palacz<\/em> \u2013 Gimnazjum nr 13 z Oddzia\u0142ami Dwuj\u0119zycznymi im. Ignacego Jana Paderewskiego w Cz\u0119stochowie; nauczyciel \u2013 <em>pan Cezary Wachelka<\/em>.<\/li>\n<li><em>Alicja Szulc<\/em> \u2013 Katolickie Gimnazjum SPSK w Cz\u0119stochowie; nauczyciele \u2013 <em>pani Dagmara Karo\u0144, pani Anna Blady<\/em>.<\/li>\n<li><em>Karolina Woszczyna<\/em> \u2013 Prywatne Gimnazjum \u201eSOKRATES\u201d; nauczyciel \u2013 <em>pani Anna Kostrzewa<\/em>.<\/li>\n<li><em>Emil Barci\u015b<\/em> \u2013 Publiczne Gimnazjum SPSK im. \u015aw. J\u00f3zefa w Cz\u0119stochowie; nauczyciel \u2013 <em>pani Mariola Janik<\/em>.<\/li>\n<li><em>Bart\u0142omiej Marcinkowski<\/em> \u2013 Gimnazjum nr 20 im. Aleksandra Fredry w Cz\u0119stochowie; nauczyciel \u2013 <em>pani Anna Romianowska<\/em>.<\/li>\n<li><em>Eryk Kawecki<\/em> \u2013 Gimnazjum nr 22 im. Marii Sk\u0142odowskiej-Curie w Cz\u0119stochowie; nauczyciel \u2013 <em>pani Izabela Dudek-Ko\u0142odziejczyk.<\/em><\/li>\n<\/ul>\n<p>Prezentacje uczestnik\u00f3w ocenia\u0142o jury w sk\u0142adzie:<\/p>\n<ul>\n<li><em>Pani Gra\u017cyna Bochenkiewicz<\/em> \u2013 przewodnicz\u0105ca komisji, nauczyciel konsultant Regionalnego O\u015brodka Doskonalenia Nauczycieli \u201eWOM\u201d w Cz\u0119stochowie, redaktor naczelny kwartalnika \u201eCz\u0119stochowski Biuletyn O\u015bwiatowy\u201d,<\/li>\n<li><em>Pani Dorota Musia\u0142 <\/em>\u2013 pracownik Regionalnego O\u015brodka Kultury, instruktor do spraw teatru i literatury,<\/li>\n<li><em>Pani Olga B\u0105kowska<\/em> \u2013 poetka, dzia\u0142aj\u0105ca w Klubach Literackich \u201eFraszka\u201d i \u201eMetafora\u201d,<\/li>\n<li><em>Pani Bo\u017cena Zembik-Herman <\/em>\u2013 pracownik Specjalnego O\u015brodka Szkolno-Wychowawczego nr 5 w Cz\u0119stochowie, poetka,<\/li>\n<li><em>Pani Beata Raczy\u0144ska<\/em> \u2013 nauczyciel bibliotekarz Publicznej Biblioteki Pedagogicznej RODN \u201eWOM\u201d w Cz\u0119stochowie.<\/li>\n<\/ul>\n<p>Decyzj\u0105 jury przyznano nast\u0119puj\u0105ce miejsca:<\/p>\n<p><strong>I miejsce:<br \/>\n<em>Alicja Szulc<\/em> <\/strong>\u2013Katolickie Gimnazjum SPSK (Stowarzyszenia Przyjaci\u00f3\u0142 Szk\u00f3\u0142 Katolickich) w Cz\u0119stochowie, wiersz \u201ePtasie radio\u201d.<\/p>\n<p><strong>II miejsce:<\/strong><strong><br \/>\n<\/strong><em><strong>Karolina Kolompar <\/strong><\/em>\u2013Gimnazjum nr 5 im. Miko\u0142aja Reja w Cz\u0119stochowie, wiersz \u201eBal w operze\u201d.<strong><br \/>\n<\/strong><strong><em>Piotr Tomalski<\/em> <\/strong>\u2013Gimnazjum im Henryka Sienkiewicza w Zespole Szk\u00f3\u0142 w Konopiskach, wiersz \u201eSymfonia wiek\u00f3w\u201d.<\/p>\n<p><strong>III miejsce:<br \/>\n<em>Emil Barci\u015b<\/em> <\/strong>\u2013Publiczne Gimnazjum SPSK (Stowarzyszenia Przyjaci\u00f3\u0142 Szk\u00f3\u0142 Katolickich) im. \u015aw. J\u00f3zefa w Cz\u0119stochowie, wiersz \u201eW\u00a0Warszawie\u201d.<\/p>\n<p>Jury przyzna\u0142o r\u00f3wnie\u017c jedno <strong>wyr\u00f3\u017cnienie<\/strong>:<br \/>\n<em><strong>Paulina Pluta<\/strong><\/em> \u2013 Gimnazjum w Zespole Szk\u00f3\u0142 im. Kornela Makuszy\u0144skiego w Skrzydlowie, wiersz \u201eWiersz wyszydzaj\u0105cy dzieci\u201d.<\/p>\n<p>Laureaci konkursu zostali uhonorowani dyplomami i nagrodami ksi\u0105\u017ckowymi ufundowanymi przez Starost\u0119 Cz\u0119stochowskiego.<\/p>\n<p style=\"text-align: right;\"><em> Katarzyna Kucharzewska<\/em><\/p>\n<p style=\"text-align: left;\"><strong><a href=\"http:\/\/www.youtube.com\/watch?v=BLUgb6vquVQ\" target=\"_blank\" rel=\"noopener\">Materia\u0142 filmowy<\/a><br \/>\n<\/strong><\/p>\n","protected":false},"excerpt":{"rendered":"<p>24 pa\u017adziernika 2013 roku w Regionalnym O\u015brodku Doskonalenia Nauczycieli \u201eWOM\u201d w Cz\u0119stochowie odby\u0142 si\u0119 Powiatowy Konkurs Recytatorski \u201ePoetyckie Krajobrazy\u201d, po\u015bwi\u0119cony poezji Juliana Tuwima. Konkurs adresowany do uczni\u00f3w gimnazj\u00f3w miasta Cz\u0119stochowy oraz powiatu cz\u0119stochowskiego zorganizowa\u0142a Publiczna Biblioteka Pedagogiczna RODN \u201eWOM\u201d w Cz\u0119stochowie. Honorowy patronat nad konkursem obj\u0105\u0142 Pan Andrzej Kwapisz, Starosta Cz\u0119stochowski. Celem konkursu by\u0142o upami\u0119tnienie Roku Juliana Tuwima, popularyzacja jego tw\u00f3rczo\u015bci, rozwijanie recytatorskich i aktorskich uzdolnie\u0144 m\u0142odzie\u017cy, upowszechnianie kultury j\u0119zyka<span class=\"ellipsis\">&hellip;<\/span><\/p>\n<div class=\"read-more\"><a href=\"https:\/\/pbp.womczest.edu.pl\/new\/edukacja\/konkursy\/sprawozdanie-z-powiatowego-konkursu-recytatorskiego-poetyckie-krajobrazy-poswieconego-poezji-juliana-tuwima\/\">Czytaj wi\u0119cej &#8250;<\/a><\/div>\n<p><!-- end of .read-more --><\/p>\n","protected":false},"author":3,"featured_media":0,"parent":2649,"menu_order":0,"comment_status":"closed","ping_status":"open","template":"","meta":{"footnotes":""},"jetpack_sharing_enabled":true,"jetpack_shortlink":"https:\/\/wp.me\/PgmV4H-15M","_links":{"self":[{"href":"https:\/\/pbp.womczest.edu.pl\/new\/wp-json\/wp\/v2\/pages\/4202"}],"collection":[{"href":"https:\/\/pbp.womczest.edu.pl\/new\/wp-json\/wp\/v2\/pages"}],"about":[{"href":"https:\/\/pbp.womczest.edu.pl\/new\/wp-json\/wp\/v2\/types\/page"}],"author":[{"embeddable":true,"href":"https:\/\/pbp.womczest.edu.pl\/new\/wp-json\/wp\/v2\/users\/3"}],"replies":[{"embeddable":true,"href":"https:\/\/pbp.womczest.edu.pl\/new\/wp-json\/wp\/v2\/comments?post=4202"}],"version-history":[{"count":5,"href":"https:\/\/pbp.womczest.edu.pl\/new\/wp-json\/wp\/v2\/pages\/4202\/revisions"}],"predecessor-version":[{"id":12303,"href":"https:\/\/pbp.womczest.edu.pl\/new\/wp-json\/wp\/v2\/pages\/4202\/revisions\/12303"}],"up":[{"embeddable":true,"href":"https:\/\/pbp.womczest.edu.pl\/new\/wp-json\/wp\/v2\/pages\/2649"}],"wp:attachment":[{"href":"https:\/\/pbp.womczest.edu.pl\/new\/wp-json\/wp\/v2\/media?parent=4202"}],"curies":[{"name":"wp","href":"https:\/\/api.w.org\/{rel}","templated":true}]}}