


{"id":4197,"date":"2015-05-19T09:29:01","date_gmt":"2015-05-19T07:29:01","guid":{"rendered":"https:\/\/pbp.womczest.edu.pl\/new\/?page_id=4197"},"modified":"2015-05-19T09:29:01","modified_gmt":"2015-05-19T07:29:01","slug":"elektroniczny-dzienniczek-lektur","status":"publish","type":"page","link":"https:\/\/pbp.womczest.edu.pl\/new\/edukacja\/konkursy\/elektroniczny-dzienniczek-lektur\/","title":{"rendered":"Elektroniczny dzienniczek lektur"},"content":{"rendered":"<hr \/>\n<p><img decoding=\"async\" loading=\"lazy\" class=\" size-full wp-image-1958 alignleft\" style=\"float: left;\" src=\"https:\/\/pbp.womczest.edu.pl\/new\/wp-content\/uploads\/2014\/11\/aktualnosci_edl.jpg\" alt=\"\" width=\"150\" height=\"75\" srcset=\"https:\/\/pbp.womczest.edu.pl\/new\/wp-content\/uploads\/2014\/11\/aktualnosci_edl.jpg 591w, https:\/\/pbp.womczest.edu.pl\/new\/wp-content\/uploads\/2014\/11\/aktualnosci_edl-300x151.jpg 300w, https:\/\/pbp.womczest.edu.pl\/new\/wp-content\/uploads\/2014\/11\/aktualnosci_edl-100x50.jpg 100w, https:\/\/pbp.womczest.edu.pl\/new\/wp-content\/uploads\/2014\/11\/aktualnosci_edl-150x75.jpg 150w, https:\/\/pbp.womczest.edu.pl\/new\/wp-content\/uploads\/2014\/11\/aktualnosci_edl-200x101.jpg 200w, https:\/\/pbp.womczest.edu.pl\/new\/wp-content\/uploads\/2014\/11\/aktualnosci_edl-450x226.jpg 450w\" sizes=\"(max-width: 150px) 100vw, 150px\" \/><\/p>\n<p>Technologie informacyjno-komunikacje nauczyciele wykorzystuj\u0105 w r\u00f3\u017cnych obszarach swojej pracy dydaktycznej. Mo\u017cna je stosowa\u0107 w pracy z dzie\u0107mi w przedszkolu oraz na pierwszych etapach kszta\u0142cenia, ale tak\u017ce na zaj\u0119ciach edukacyjnych z uczniami klas gimnazjalnych i ponadgimnazjalnych. Stosuj\u0105c metody tradycyjne z nowoczesnymi pomocami dydaktycznymi nauczyciele uatrakcyjniaj\u0105 swoje zaj\u0119cia, \u0142\u0105cz\u0105c nauk\u0119 z zabaw\u0105.<\/p>\n<p>W ramach obchod\u00f3w Roku Czytelnika Publiczna Biblioteka Pedagogiczna RODN \u201eWOM\u201d w\u00a0Cz\u0119stochowie i Stowarzyszenie Bibliotekarzy Polskich Oddzia\u0142 w Cz\u0119stochowie zorganizowa\u0142y og\u00f3lnopolski konkurs dla uczni\u00f3w wszystkich etap\u00f3w kszta\u0142cenia pt. <em><strong>Elektroniczny dzienniczek lektur<\/strong><\/em>. Celem konkursu by\u0142a promocja czytelnictwa dzieci i\u00a0m\u0142odzie\u017cy oraz rozbudzanie zainteresowa\u0144 czytelniczych i plastycznych przy wykorzystaniu nowoczesnych technologii informacyjno-komunikacyjnych.<\/p>\n<p>Obok tradycyjnych ksi\u0105\u017ceczek coraz cz\u0119\u015bciej uczniowie korzystaj\u0105 z nowoczesnych narz\u0119dzi do tworzenia spisu lektur lub opisywania swoich zainteresowa\u0144 czytelniczych. Do aplikacji umo\u017cliwiaj\u0105cych tworzenie elektronicznych dzienniczk\u00f3w lektur czy elektronicznych ksi\u0105\u017ceczek ilustruj\u0105cych wszelkiego typu dzia\u0142ania czytelnicze nale\u017cy portal Story Jumper. Serwis ten znalaz\u0142 r\u00f3wnie\u017c zastosowanie w\u00a0zaaktywizowaniu uczni\u00f3w do czytania poprzez danie im mo\u017cliwo\u015bci podzielenia si\u0119 swoimi wra\u017ceniami z lektury w spos\u00f3b nowy, odmienny od formy dotychczasowej.<\/p>\n<p>Zadaniem uczestnik\u00f3w konkursu by\u0142o wykonanie elektronicznego dzienniczka lektur w programie Story Jumper na dowolny temat zwi\u0105zany z czytelnictwem, ulubion\u0105 ksi\u0105\u017ck\u0105, bohaterem literackim i przes\u0142anie wykonanej pracy w formie linku. Uczniowie opr\u00f3cz umiej\u0119tno\u015bci pisarskich musieli si\u0119 wykaza\u0107 znajomo\u015bci\u0105 wykorzystania komputera i Internetu w pracy tw\u00f3rczej.<\/p>\n<p>W dniu 19 wrze\u015bnia 2014 r. jury w sk\u0142adzie:<br \/>\n\u2013 Anna Przyg\u00f3dzka \u2013 prezes SPB Oddzia\u0142 w Cz\u0119stochowie,<br \/>\n\u2013 Jadwiga Mielczarek \u2013 nauczyciel konsultant RODN \u201eWOM\u201d w Cz\u0119stochowie,<br \/>\n\u2013 Izabela Bajor \u2013 nauczyciel bibliotekarz PBP RODN \u201eWOM\u201d w Cz\u0119stochowie,<br \/>\nwy\u0142oni\u0142o nast\u0119puj\u0105cych laureat\u00f3w konkursu Elektroniczny dzienniczek lektur:<\/p>\n<ul>\n<li style=\"text-align: justify;\">w kategorii klas I\u2013III szko\u0142y podstawowej JULIA KOSELA za prac\u0119 pt. <em>Matylda<\/em>, wykonan\u0105 pod kierunkiem nauczyciela Urszuli T\u0105del (Zesp\u00f3\u0142 Szkolno-Przedszkolny w Borownie),<\/li>\n<li style=\"text-align: justify;\">w kategorii klas IV\u2013VI szko\u0142y podstawowej AGNIESZKA KRAWCZYK za prac\u0119 pt. <em>Tajemniczy ogr\u00f3d<\/em>, wykonan\u0105 pod kierunkiem nauczyciela Anny Dul (Szko\u0142a Podstawowa w Olsztynie),<\/li>\n<li style=\"text-align: justify;\">w kategorii gimnazjum ALEKSANDRA CHUDZICKA za prac\u0119 pt. <em>Papierowa posta\u0107<\/em>, wykonan\u0105 pod kierunkiem nauczyciela Ma\u0142gorzaty Skowro\u0144skiej (Zesp\u00f3\u0142 Szkolno-Przedszkolny w Mykanowie).<\/li>\n<\/ul>\n<p>Jury w kategorii gimnazjum przyzna\u0142o r\u00f3wnie\u017c wyr\u00f3\u017cnienie, kt\u00f3re otrzyma\u0142 DOMINIK PI\u0118TKA za prac\u0119 pt. <em>Bia\u0142y Kie\u0142<\/em>, wykonan\u0105 pod kierunkiem nauczyciela Barbary Sat\u0142awy (Zesp\u00f3\u0142 Szk\u00f3\u0142 w \u0141\u0119kawicy).<\/p>\n<p>Laureaci konkursu otrzymali dyplomy oraz nagrody rzeczowe.<\/p>\n","protected":false},"excerpt":{"rendered":"<p>Technologie informacyjno-komunikacje nauczyciele wykorzystuj\u0105 w r\u00f3\u017cnych obszarach swojej pracy dydaktycznej. Mo\u017cna je stosowa\u0107 w pracy z dzie\u0107mi w przedszkolu oraz na pierwszych etapach kszta\u0142cenia, ale tak\u017ce na zaj\u0119ciach edukacyjnych z uczniami klas gimnazjalnych i ponadgimnazjalnych. Stosuj\u0105c metody tradycyjne z nowoczesnymi pomocami dydaktycznymi nauczyciele uatrakcyjniaj\u0105 swoje zaj\u0119cia, \u0142\u0105cz\u0105c nauk\u0119 z zabaw\u0105. W ramach obchod\u00f3w Roku Czytelnika Publiczna Biblioteka Pedagogiczna RODN \u201eWOM\u201d w\u00a0Cz\u0119stochowie i Stowarzyszenie Bibliotekarzy Polskich Oddzia\u0142 w Cz\u0119stochowie zorganizowa\u0142y og\u00f3lnopolski<span class=\"ellipsis\">&hellip;<\/span><\/p>\n<div class=\"read-more\"><a href=\"https:\/\/pbp.womczest.edu.pl\/new\/edukacja\/konkursy\/elektroniczny-dzienniczek-lektur\/\">Czytaj wi\u0119cej &#8250;<\/a><\/div>\n<p><!-- end of .read-more --><\/p>\n","protected":false},"author":3,"featured_media":0,"parent":2649,"menu_order":0,"comment_status":"closed","ping_status":"open","template":"","meta":{"footnotes":""},"jetpack_sharing_enabled":true,"jetpack_shortlink":"https:\/\/wp.me\/PgmV4H-15H","_links":{"self":[{"href":"https:\/\/pbp.womczest.edu.pl\/new\/wp-json\/wp\/v2\/pages\/4197"}],"collection":[{"href":"https:\/\/pbp.womczest.edu.pl\/new\/wp-json\/wp\/v2\/pages"}],"about":[{"href":"https:\/\/pbp.womczest.edu.pl\/new\/wp-json\/wp\/v2\/types\/page"}],"author":[{"embeddable":true,"href":"https:\/\/pbp.womczest.edu.pl\/new\/wp-json\/wp\/v2\/users\/3"}],"replies":[{"embeddable":true,"href":"https:\/\/pbp.womczest.edu.pl\/new\/wp-json\/wp\/v2\/comments?post=4197"}],"version-history":[{"count":2,"href":"https:\/\/pbp.womczest.edu.pl\/new\/wp-json\/wp\/v2\/pages\/4197\/revisions"}],"predecessor-version":[{"id":4199,"href":"https:\/\/pbp.womczest.edu.pl\/new\/wp-json\/wp\/v2\/pages\/4197\/revisions\/4199"}],"up":[{"embeddable":true,"href":"https:\/\/pbp.womczest.edu.pl\/new\/wp-json\/wp\/v2\/pages\/2649"}],"wp:attachment":[{"href":"https:\/\/pbp.womczest.edu.pl\/new\/wp-json\/wp\/v2\/media?parent=4197"}],"curies":[{"name":"wp","href":"https:\/\/api.w.org\/{rel}","templated":true}]}}