


{"id":4193,"date":"2015-05-19T09:27:58","date_gmt":"2015-05-19T07:27:58","guid":{"rendered":"https:\/\/pbp.womczest.edu.pl\/new\/?page_id=4193"},"modified":"2019-11-13T14:29:44","modified_gmt":"2019-11-13T13:29:44","slug":"powiatowy-konkurs-recytatorski-poetyckie-krajobrazy-poswiecony-poezji-tadeusza-rozewicza-pod-honorowym-patronatem-starosty-czestochowskiego","status":"publish","type":"page","link":"https:\/\/pbp.womczest.edu.pl\/new\/edukacja\/konkursy\/powiatowy-konkurs-recytatorski-poetyckie-krajobrazy-poswiecony-poezji-tadeusza-rozewicza-pod-honorowym-patronatem-starosty-czestochowskiego\/","title":{"rendered":"Powiatowy Konkurs Recytatorski \u201ePoetyckie Krajobrazy\u201d po\u015bwi\u0119cony poezji Tadeusza R\u00f3\u017cewicza pod honorowym patronatem Starosty Cz\u0119stochowskiego"},"content":{"rendered":"<hr \/>\n<p style=\"text-align: center;\"><strong>Sprawozdanie z Powiatowego Konkursu Recytatorskiego<br \/>\n\u201ePoetyckie Krajobrazy\u201d<br \/>\npo\u015bwi\u0119conego poezji Tadeusza R\u00f3\u017cewicza<br \/>\npod honorowym patronatem Starosty Cz\u0119stochowskiego<\/strong><\/p>\n<p><img decoding=\"async\" loading=\"lazy\" class=\" size-full wp-image-1956 alignleft\" style=\"float: left;\" src=\"https:\/\/pbp.womczest.edu.pl\/new\/wp-content\/uploads\/2014\/10\/aktualnosci_poetyckie_krajobrazy_rozewicz_2014_logo_recytatorski.jpg\" alt=\"\" width=\"150\" height=\"107\" srcset=\"https:\/\/pbp.womczest.edu.pl\/new\/wp-content\/uploads\/2014\/10\/aktualnosci_poetyckie_krajobrazy_rozewicz_2014_logo_recytatorski.jpg 1456w, https:\/\/pbp.womczest.edu.pl\/new\/wp-content\/uploads\/2014\/10\/aktualnosci_poetyckie_krajobrazy_rozewicz_2014_logo_recytatorski-300x213.jpg 300w, https:\/\/pbp.womczest.edu.pl\/new\/wp-content\/uploads\/2014\/10\/aktualnosci_poetyckie_krajobrazy_rozewicz_2014_logo_recytatorski-1024x728.jpg 1024w, https:\/\/pbp.womczest.edu.pl\/new\/wp-content\/uploads\/2014\/10\/aktualnosci_poetyckie_krajobrazy_rozewicz_2014_logo_recytatorski-100x71.jpg 100w, https:\/\/pbp.womczest.edu.pl\/new\/wp-content\/uploads\/2014\/10\/aktualnosci_poetyckie_krajobrazy_rozewicz_2014_logo_recytatorski-150x107.jpg 150w, https:\/\/pbp.womczest.edu.pl\/new\/wp-content\/uploads\/2014\/10\/aktualnosci_poetyckie_krajobrazy_rozewicz_2014_logo_recytatorski-200x142.jpg 200w, https:\/\/pbp.womczest.edu.pl\/new\/wp-content\/uploads\/2014\/10\/aktualnosci_poetyckie_krajobrazy_rozewicz_2014_logo_recytatorski-450x320.jpg 450w, https:\/\/pbp.womczest.edu.pl\/new\/wp-content\/uploads\/2014\/10\/aktualnosci_poetyckie_krajobrazy_rozewicz_2014_logo_recytatorski-600x427.jpg 600w, https:\/\/pbp.womczest.edu.pl\/new\/wp-content\/uploads\/2014\/10\/aktualnosci_poetyckie_krajobrazy_rozewicz_2014_logo_recytatorski-900x640.jpg 900w\" sizes=\"(max-width: 150px) 100vw, 150px\" \/><\/p>\n<p style=\"text-align: justify;\">23 pa\u017adziernika 2014 roku w Regionalnym O\u015brodku Doskonalenia Nauczycieli \u201eWOM\u201d w Cz\u0119stochowie odby\u0142 si\u0119 Powiatowy Konkurs Recytatorski Poetyckie Krajobrazy, po\u015bwi\u0119cony poezji Tadeusza R\u00f3\u017cewicza. Konkurs adresowany do uczni\u00f3w gimnazj\u00f3w miasta Cz\u0119stochowy oraz powiatu cz\u0119stochowskiego zorganizowa\u0142a Publiczna Biblioteka Pedagogiczna RODN \u201eWOM\u201d w Cz\u0119stochowie.<br \/>\nHonorowy patronat nad konkursem obj\u0105\u0142 Pan Andrzej Kwapisz, Starosta Cz\u0119stochowski.<\/p>\n<p style=\"text-align: justify;\">Celem konkursu by\u0142o upami\u0119tnienie tw\u00f3rczo\u015bci wybitnego poety Tadeusza R\u00f3\u017cewicza, popularyzacja jego tw\u00f3rczo\u015bci, rozwijanie recytatorskich i aktorskich uzdolnie\u0144 m\u0142odzie\u017cy, upowszechnianie kultury j\u0119zyka polskiego oraz inspirowanie m\u0142odego pokolenia do aktywnego uczestnictwa w kulturze. Uczniowie prezentowali jeden z wybranych przez siebie wierszy Tadeusza R\u00f3\u017cewicza.<\/p>\n<p style=\"text-align: justify;\">W konkursie udzia\u0142 wzi\u0119\u0142o 18 uczni\u00f3w z 18 gimnazj\u00f3w miasta Cz\u0119stochowy i powiatu cz\u0119stochowskiego.<\/p>\n<p style=\"text-align: justify;\">Opiek\u0119 merytoryczn\u0105 nad gimnazjalistami sprawowali nauczyciele z danej szko\u0142y. W konkursie udzia\u0142 wzi\u0119li uczniowie:<\/p>\n<ul style=\"text-align: justify;\">\n<li><em>Karolina Choraczy\u0144ska<\/em> \u2013 Gimnazjum nr 12 im. Jana Matejki w Cz\u0119stochowie; opiekunowie: Iwona Baranowska i Halina Prud\u0142o,<\/li>\n<li><em>Gabriela Dobrza\u0144ska<\/em> \u2013 Gimnazjum w Zespole Szk\u00f3\u0142 w Konarach; opiekun: Marta Sech,<\/li>\n<li><em>Sandra Goleniewska<\/em> \u2013 Gimnazjum nr 5 im. Miko\u0142aja Reja w Cz\u0119stochowie; opiekunowie: Alina Grabna i Dorota Marli\u0144ska,<\/li>\n<li><em>Oskar Grabara <\/em>\u2013 Gimnazjum im. Andrzeja Kubickiego w Zespole Szk\u00f3\u0142 w Mstowie; opiekun: Justyna Ujma,<\/li>\n<li><em>Paulina Krawczyk<\/em> \u2013 Gimnazjum im. Janusza Korczaka w Blachowni; opiekun: Ma\u0142gorzata Kukulska,<\/li>\n<li><em>Weronika Kucharska<\/em> \u2013 Gimnazjum im. Paw\u0142a Edmunda Strzeleckiego w Zespole Szk\u00f3\u0142 w Czarnym Lesie; opiekun: Danuta Kokot,<\/li>\n<li><em>Monika Lewandowska<\/em> \u2013 Gimnazjum nr 14 im. Kr\u00f3lowej Jadwigi w Cz\u0119stochowie; opiekun: Magdalena Walocha,<\/li>\n<li><em>Sandra Lipowicz<\/em> \u2013 Gimnazjum im. Armii Krajowej w Piasku; opiekun: Paulina Szczepanik,<\/li>\n<li><em>And\u017celika Matusz<\/em> \u2013 Gimnazjum nr 7 im. Konstantego Ildefonsa Ga\u0142czy\u0144skiego w Cz\u0119stochowie; opiekun: Iwona Gajdek,<\/li>\n<li><em>Julia Matuszczyk<\/em> \u2013 Gimnazjum w Zespole Szk\u00f3\u0142 w K\u0142omnicach; opiekun: Mariola Wo\u0142ek,<\/li>\n<li><em>Jakub Morawiec<\/em> \u2013 Gimnazjum w Zespole Szk\u00f3\u0142 im. Henryka Sienkiewicza w Konopiskach; opiekun: Renata G\u0119siarz,<\/li>\n<li><em>Aleksandra Pala<\/em> \u2013 Gimnazjum nr 16 im. Boles\u0142awa Chrobrego w Cz\u0119stochowie; opiekun: Iwona Pa\u0142\u0119ga,<\/li>\n<li><em>Paulina Pluta<\/em> \u2013 Gimnazjum w Zespole Szk\u00f3\u0142 im. Kornela Makuszy\u0144skiego w Skrzydlowie; opiekun: Olga Gonera,<\/li>\n<li><em>Wiktoria Staszewska<\/em> \u2013 Publiczne Gimnazjum Stowarzyszenia Przyjaci\u00f3\u0142 Szk\u00f3\u0142 Katolickich im. \u015aw. J\u00f3zefa w Cz\u0119stochowie; opiekun: Mariola Janik,<\/li>\n<li><em>Hubert Sytniewski<\/em> \u2013 Gimnazjum im. Kaspra Karli\u0144skiego w Olsztynie; opiekun: Justyna Ciepiela,<\/li>\n<li><em>Maciej Szyma\u0144ski<\/em> \u2013 Katolickie Gimnazjum Stowarzyszenia Przyjaci\u00f3\u0142 Szk\u00f3\u0142 Katolickich w Cz\u0119stochowie; opiekun: Dagmara Karo\u0144, Anna Blady,<\/li>\n<li><em>Julia Wiaderek<\/em> \u2013 Gimnazjum w Zespole Szkolno-Przedszkolnym w Przyrowie; opiekun: Alicja St\u0119pniewska-Nawaratne,<\/li>\n<li><em>Marcelina Zi\u0119tal<\/em> \u2013 Gimnazjum nr 8 z Oddzia\u0142ami Sportowymi im. Polskich Olimpijczyk\u00f3w w Cz\u0119stochowie; opiekun: Anna Malicka.<\/li>\n<\/ul>\n<p style=\"text-align: justify;\">Prezentacje uczestnik\u00f3w ocenia\u0142o jury w sk\u0142adzie:<\/p>\n<ul style=\"text-align: justify;\">\n<li><em>Gra\u017cyna Bochenkiewicz<\/em> \u2013 przewodnicz\u0105cy komisji, nauczyciel konsultant RODN \u201eWOM\u201d w Cz\u0119stochowie, redaktor naczelny kwartalnika \u201eCz\u0119stochowski Biuletyn O\u015bwiatowy\u201d,<\/li>\n<li><em>Olga B\u0105kowska<\/em> \u2013 poetka z klub\u00f3w literackich \u201eFraszka\u201d i \u201eMetafora\u201d,<\/li>\n<li><em>Iwona Skrzypczyk-Ga\u0142kowska<\/em> \u2013 nauczyciel polonista w VIII Liceum Og\u00f3lnokszta\u0142c\u0105cym Samorz\u0105dowym w Cz\u0119stochowie, doradca metodyczny j\u0119zyka polskiego szk\u00f3\u0142 ponadgimnazjalnych w Samorz\u0105dowym O\u015brodku Doskonalenia w Cz\u0119stochowie,<\/li>\n<li><em>Marta Ma\u0142ek<\/em> \u2013 nauczyciel bibliotekarz Publicznej Biblioteki Pedagogicznej RODN \u201eWOM\u201d w Cz\u0119stochowie,<\/li>\n<li><em>Pawe\u0142 Bilski<\/em> \u2013 prezes Fundacji \u201eOczami Brata\u201d.<\/li>\n<\/ul>\n<p style=\"text-align: justify;\">Decyzj\u0105 jury przyznano nast\u0119puj\u0105ce miejsca:<\/p>\n<ul style=\"text-align: justify;\">\n<li><strong>I MIEJSCE \u2013 <\/strong><strong>Julia Wiaderek<\/strong> \u2013 Gimnazjum w Zespole Szkolno-Przedszkolnym w Przyrowie, wiersz pt. \u201eGaw\u0119da o\u00a0sp\u00f3\u017anionej mi\u0142o\u015bci\u201d,<\/li>\n<li><strong>II MIEJSCE \u2013 <\/strong><strong>And\u017celika Matusz<\/strong> \u2013 Gimnazjum nr 7 im. Konstantego Ildefonsa Ga\u0142czy\u0144skiego w Cz\u0119stochowie, wiersz\u00a0pt. \u201eObcy cz\u0142owiek\u201d,<\/li>\n<li><strong>III MIEJSCE \u2013 <\/strong><strong>Paulina Krawczyk<\/strong> \u2013 Gimnazjum im. Janusza Korczaka w Blachowni, wiersz pt. \u201eKryszta\u0142owe wn\u0119trze brudnego cz\u0142owieka\u201d \u2013 fragment.<\/li>\n<\/ul>\n<p style=\"text-align: justify;\">Jury przyzna\u0142o r\u00f3wnie\u017c trzy wyr\u00f3\u017cnienia:<\/p>\n<ul style=\"text-align: justify;\">\n<li><strong>Gabriela Dobrza\u0144ska<\/strong> \u2013 Gimnazjum w Zespole Szk\u00f3\u0142 w Konarach, wiersz pt. \u201eBez\u201d,<\/li>\n<li><strong>Monika Lewandowska<\/strong> \u2013 Gimnazjum nr 14 im. Kr\u00f3lowej Jadwigi w Cz\u0119stochowie, wiersz pt. \u201eBez\u201d,<\/li>\n<li><strong>Aleksandra Pala<\/strong> \u2013 Gimnazjum nr 16 im. Boles\u0142awa Chrobrego w Cz\u0119stochowie, wiersz pt. \u201eBez\u201d.<\/li>\n<\/ul>\n<p style=\"text-align: justify;\">Laureaci konkursu zostali uhonorowani dyplomami i nagrodami ksi\u0105\u017ckowymi ufundowanymi przez Starost\u0119 Cz\u0119stochowskiego i\u00a0fundacj\u0119 \u201eOczami Brata\u201d.<\/p>\n<p style=\"text-align: right;\"><em>Katarzyna Kucharzewska<\/em><\/p>\n<p>&nbsp;<\/p>\n","protected":false},"excerpt":{"rendered":"<p>Sprawozdanie z Powiatowego Konkursu Recytatorskiego \u201ePoetyckie Krajobrazy\u201d po\u015bwi\u0119conego poezji Tadeusza R\u00f3\u017cewicza pod honorowym patronatem Starosty Cz\u0119stochowskiego 23 pa\u017adziernika 2014 roku w Regionalnym O\u015brodku Doskonalenia Nauczycieli \u201eWOM\u201d w Cz\u0119stochowie odby\u0142 si\u0119 Powiatowy Konkurs Recytatorski Poetyckie Krajobrazy, po\u015bwi\u0119cony poezji Tadeusza R\u00f3\u017cewicza. Konkurs adresowany do uczni\u00f3w gimnazj\u00f3w miasta Cz\u0119stochowy oraz powiatu cz\u0119stochowskiego zorganizowa\u0142a Publiczna Biblioteka Pedagogiczna RODN \u201eWOM\u201d w Cz\u0119stochowie. Honorowy patronat nad konkursem obj\u0105\u0142 Pan Andrzej Kwapisz, Starosta Cz\u0119stochowski. Celem konkursu by\u0142o<span class=\"ellipsis\">&hellip;<\/span><\/p>\n<div class=\"read-more\"><a href=\"https:\/\/pbp.womczest.edu.pl\/new\/edukacja\/konkursy\/powiatowy-konkurs-recytatorski-poetyckie-krajobrazy-poswiecony-poezji-tadeusza-rozewicza-pod-honorowym-patronatem-starosty-czestochowskiego\/\">Czytaj wi\u0119cej &#8250;<\/a><\/div>\n<p><!-- end of .read-more --><\/p>\n","protected":false},"author":3,"featured_media":0,"parent":2649,"menu_order":0,"comment_status":"closed","ping_status":"open","template":"","meta":{"footnotes":""},"jetpack_sharing_enabled":true,"jetpack_shortlink":"https:\/\/wp.me\/PgmV4H-15D","_links":{"self":[{"href":"https:\/\/pbp.womczest.edu.pl\/new\/wp-json\/wp\/v2\/pages\/4193"}],"collection":[{"href":"https:\/\/pbp.womczest.edu.pl\/new\/wp-json\/wp\/v2\/pages"}],"about":[{"href":"https:\/\/pbp.womczest.edu.pl\/new\/wp-json\/wp\/v2\/types\/page"}],"author":[{"embeddable":true,"href":"https:\/\/pbp.womczest.edu.pl\/new\/wp-json\/wp\/v2\/users\/3"}],"replies":[{"embeddable":true,"href":"https:\/\/pbp.womczest.edu.pl\/new\/wp-json\/wp\/v2\/comments?post=4193"}],"version-history":[{"count":4,"href":"https:\/\/pbp.womczest.edu.pl\/new\/wp-json\/wp\/v2\/pages\/4193\/revisions"}],"predecessor-version":[{"id":14851,"href":"https:\/\/pbp.womczest.edu.pl\/new\/wp-json\/wp\/v2\/pages\/4193\/revisions\/14851"}],"up":[{"embeddable":true,"href":"https:\/\/pbp.womczest.edu.pl\/new\/wp-json\/wp\/v2\/pages\/2649"}],"wp:attachment":[{"href":"https:\/\/pbp.womczest.edu.pl\/new\/wp-json\/wp\/v2\/media?parent=4193"}],"curies":[{"name":"wp","href":"https:\/\/api.w.org\/{rel}","templated":true}]}}