


{"id":4155,"date":"2015-05-19T09:17:30","date_gmt":"2015-05-19T07:17:30","guid":{"rendered":"https:\/\/pbp.womczest.edu.pl\/new\/?page_id=4155"},"modified":"2015-05-19T09:17:30","modified_gmt":"2015-05-19T07:17:30","slug":"i-bajkowe-spotkania-2008","status":"publish","type":"page","link":"https:\/\/pbp.womczest.edu.pl\/new\/edukacja\/cala-polska-czyta-dzieciom\/cpcd-relacje-z-przeprowadzonych-spotkan-i-imprez-czytelniczych\/i-bajkowe-spotkania-2008\/","title":{"rendered":"I Bajkowe Spotkania \u2013 2008"},"content":{"rendered":"<hr \/>\n<p>W maju 2008 roku Publiczna Biblioteka Pedagogiczna RODN \u201eWOM\u201d w Cz\u0119stochowie w\u0142\u0105czy\u0142a si\u0119 w og\u00f3lnopolsk\u0105 kampani\u0119 spo\u0142eczn\u0105 <strong>\u201eCa\u0142a Polska Czyta Dzieciom\u201d <\/strong>i zorganizowa\u0142a cykl \u201eBajkowych spotka\u0144\u201d.<br \/>\nOdby\u0142y si\u0119 one w terminach <strong>6, 13 i 20 maja<\/strong>, a udzia\u0142 w nich wzi\u0119\u0142o \u0142\u0105cznie<strong> 345 uczni\u00f3w<\/strong> z klas 0\u20131 cz\u0119stochowskich szk\u00f3\u0142 podstawowych.<br \/>\nBy\u0142 nam bardzo mi\u0142o, \u017ce zaproszenie do udzia\u0142u w akcji ch\u0119tnie przyj\u0119\u0142y wszystkie poproszone o to osoby.<br \/>\n<strong>Panie Olga B\u0105kowska, Zofia \u015al\u0119\u017ca\u0144ska i Anna Kowalik, poetki zrzeszone w cz\u0119stochowskich klubach literackich \u201eFraszka\u201d i \u201eMetafora\u201d<\/strong>, zaprezentowa\u0142y w\u0142asn\u0105 tw\u00f3rczo\u015b\u0107 adresowan\u0105 do najm\u0142odszych.<br \/>\nW akcj\u0119 w\u0142\u0105czy\u0142a si\u0119 r\u00f3wnie\u017c <strong>Pani Sylwia Oksiuta, aktorka Teatru im. A. Mickiewicza w Cz\u0119stochowie<\/strong>, kt\u00f3ra przeczyta\u0142a dzieciom wiersze Jana Brzechwy, Juliana Tuwima oraz Marii Konopnickiej, z prawdziwie aktorskim zaci\u0119ciem.<br \/>\nPodczas ostatniego spotkania go\u015bcili\u015bmy <strong>lidera zespo\u0142u Formacja Nie\u017cywych Schabuff, pana Olka Klepacza<\/strong>, kt\u00f3ry czyta\u0142 dzieciom \u201ePrzygody Kozio\u0142ka Mato\u0142ka\u201d Kornela Makuszy\u0144skiego.<br \/>\nWszystkie spotkania by\u0142y pe\u0142ne ekspresji, niezwykle ciep\u0142o i rado\u015bnie przyj\u0119te przez uczestnik\u00f3w. Dzieci z entuzjazmem w\u0142\u0105cza\u0142y si\u0119 w ich przebieg, recytowa\u0142y wiersze, \u015bpiewa\u0142y, ta\u0144czy\u0142y, ch\u0119tnie uczestniczy\u0142y w zorganizowanych zabawach ruchowych.<br \/>\nSerdecznie dzi\u0119kujemy go\u015bciom i uczestnikom \u201eBajkowych spotka\u0144\u201d za udzia\u0142 i zaanga\u017cowanie.<br \/>\nMamy wielk\u0105 nadziej\u0119, \u017ce nasza akcja przyczyni si\u0119 do wzrostu czytelnictwa w\u015br\u00f3d dzieci.<\/p>\n<p><em><strong>Galeria<\/strong><\/em><\/p>\n","protected":false},"excerpt":{"rendered":"<p>W maju 2008 roku Publiczna Biblioteka Pedagogiczna RODN \u201eWOM\u201d w Cz\u0119stochowie w\u0142\u0105czy\u0142a si\u0119 w og\u00f3lnopolsk\u0105 kampani\u0119 spo\u0142eczn\u0105 \u201eCa\u0142a Polska Czyta Dzieciom\u201d i zorganizowa\u0142a cykl \u201eBajkowych spotka\u0144\u201d. Odby\u0142y si\u0119 one w terminach 6, 13 i 20 maja, a udzia\u0142 w nich wzi\u0119\u0142o \u0142\u0105cznie 345 uczni\u00f3w z klas 0\u20131 cz\u0119stochowskich szk\u00f3\u0142 podstawowych. By\u0142 nam bardzo mi\u0142o, \u017ce zaproszenie do udzia\u0142u w akcji ch\u0119tnie przyj\u0119\u0142y wszystkie poproszone o to osoby. Panie Olga B\u0105kowska,<span class=\"ellipsis\">&hellip;<\/span><\/p>\n<div class=\"read-more\"><a href=\"https:\/\/pbp.womczest.edu.pl\/new\/edukacja\/cala-polska-czyta-dzieciom\/cpcd-relacje-z-przeprowadzonych-spotkan-i-imprez-czytelniczych\/i-bajkowe-spotkania-2008\/\">Czytaj wi\u0119cej &#8250;<\/a><\/div>\n<p><!-- end of .read-more --><\/p>\n","protected":false},"author":3,"featured_media":0,"parent":3994,"menu_order":0,"comment_status":"closed","ping_status":"open","template":"","meta":{"footnotes":""},"jetpack_sharing_enabled":true,"jetpack_shortlink":"https:\/\/wp.me\/PgmV4H-151","_links":{"self":[{"href":"https:\/\/pbp.womczest.edu.pl\/new\/wp-json\/wp\/v2\/pages\/4155"}],"collection":[{"href":"https:\/\/pbp.womczest.edu.pl\/new\/wp-json\/wp\/v2\/pages"}],"about":[{"href":"https:\/\/pbp.womczest.edu.pl\/new\/wp-json\/wp\/v2\/types\/page"}],"author":[{"embeddable":true,"href":"https:\/\/pbp.womczest.edu.pl\/new\/wp-json\/wp\/v2\/users\/3"}],"replies":[{"embeddable":true,"href":"https:\/\/pbp.womczest.edu.pl\/new\/wp-json\/wp\/v2\/comments?post=4155"}],"version-history":[{"count":2,"href":"https:\/\/pbp.womczest.edu.pl\/new\/wp-json\/wp\/v2\/pages\/4155\/revisions"}],"predecessor-version":[{"id":4157,"href":"https:\/\/pbp.womczest.edu.pl\/new\/wp-json\/wp\/v2\/pages\/4155\/revisions\/4157"}],"up":[{"embeddable":true,"href":"https:\/\/pbp.womczest.edu.pl\/new\/wp-json\/wp\/v2\/pages\/3994"}],"wp:attachment":[{"href":"https:\/\/pbp.womczest.edu.pl\/new\/wp-json\/wp\/v2\/media?parent=4155"}],"curies":[{"name":"wp","href":"https:\/\/api.w.org\/{rel}","templated":true}]}}