


{"id":4151,"date":"2015-05-19T09:16:31","date_gmt":"2015-05-19T07:16:31","guid":{"rendered":"https:\/\/pbp.womczest.edu.pl\/new\/?page_id=4151"},"modified":"2015-05-19T09:16:31","modified_gmt":"2015-05-19T07:16:31","slug":"ii-bajkowe-spotkania-2009","status":"publish","type":"page","link":"https:\/\/pbp.womczest.edu.pl\/new\/edukacja\/cala-polska-czyta-dzieciom\/cpcd-relacje-z-przeprowadzonych-spotkan-i-imprez-czytelniczych\/ii-bajkowe-spotkania-2009\/","title":{"rendered":"II Bajkowe Spotkania \u2013 2009"},"content":{"rendered":"<hr \/>\n<p>W <strong>dniach 7, 21 i 27 kwietnia w Auli Forum RODN \u201eWOM\u201d w Cz\u0119stochowie<\/strong> odby\u0142y si\u0119 trzy spotkania w ramach propagowanej w naszym kraju akcji Ca\u0142a Polska Czyta Dzieciom.<br \/>\nPubliczna Biblioteka Pedagogiczna, organizator imprezy, w tym roku zaprosi\u0142a na wsp\u00f3lne czytanie bajek uczni\u00f3w klas \u201e0\u201d. Podobnie jak w zesz\u0142ym roku, nap\u0142yn\u0119\u0142a do nas bardzo du\u017ca liczba zg\u0142osze\u0144. Przykro nam, \u017ce z powodu ograniczonej liczby miejsc, nie wszystkie zainteresowane plac\u00f3wki mog\u0142y uczestniczy\u0107 w naszej akcji.<br \/>\nZaproszenie do czytania dzieciom utwor\u00f3w literackich przyj\u0119\u0142y, tak jak poprzednio, znane osoby zwi\u0105zane z naszym miastem. Dzieci mia\u0142y przyjemno\u015b\u0107 wys\u0142ucha\u0107 bajek w wykonaniu <strong>Pani Izabeli Leszczyny \u2013 pos\u0142a na Sejm RP, Pani Sylwii Oksiuty \u2013 aktorki Cz\u0119stochowskiego Teatru im. A. Mickiewicza w Cz\u0119stochowie oraz Olka Klepacza \u2013 lidera zespo\u0142u Formacja Nie\u017cywych Schabuff.<\/strong><br \/>\nW\u015br\u00f3d czytanych tekst\u00f3w znalaz\u0142y si\u0119 m.in. Legenda o Smoku Wawelskim, Zatopione dzwony, Ondraszek, Bajka o rybaku i z\u0142otej rybce, \u015api\u0105ca kr\u00f3lewna, Alibaba i czterdziestu rozb\u00f3jnik\u00f3w oraz ma\u0142o znane bajki z ca\u0142ego \u015bwiata takie, jak: Wyspa s\u0142o\u0144ca, Czarnoksi\u0119\u017cnik Hamiduru czy O \u017co\u0142nierzu tu\u0142aczu.<br \/>\nGo\u015bcie czytali bajki z ogromnym zaanga\u017cowaniem, wzbudzaj\u0105c \u017cywe reakcje m\u0142odej widowni, kt\u00f3ra po ka\u017cdej przeczytanej bajce nagradza\u0142a czytaj\u0105cych gromkimi brawami. Uzupe\u0142nieniem wszystkich tekst\u00f3w by\u0142 r\u00f3wnoleg\u0142y pokaz slajd\u00f3w ilustruj\u0105cy losy bajkowych bohater\u00f3w<br \/>\nW przerwach mi\u0119dzy bajkami dzieci wraz z czytaj\u0105cymi go\u015b\u0107mi, organizatorami i opiekunami ta\u0144czy\u0142y i \u015bpiewa\u0142y. Przewodnim motywem muzycznym by\u0142a piosenka promuj\u0105ca og\u00f3lnopolsk\u0105 akcj\u0119 Ca\u0142a Polska Czyta Dzieciom.<br \/>\nPoniewa\u017c Bajkowe Spotkania ciesz\u0105 si\u0119 du\u017cym zainteresowaniem w\u015br\u00f3d uczni\u00f3w cz\u0119stochowskich szk\u00f3\u0142 i przedszkoli, wpisujemy t\u0119 akcj\u0119 w kalendarz dzia\u0142a\u0144 Publicznej Biblioteki Pedagogicznej i ju\u017c dzisiaj zapraszamy do udzia\u0142u w kolejnych edycjach.<\/p>\n<p><em><strong>Galeria<\/strong><\/em><\/p>\n<p style=\"text-align: right;\"><em>Zdj\u0119cia: Izabela Bajor<\/em><\/p>\n","protected":false},"excerpt":{"rendered":"<p>W dniach 7, 21 i 27 kwietnia w Auli Forum RODN \u201eWOM\u201d w Cz\u0119stochowie odby\u0142y si\u0119 trzy spotkania w ramach propagowanej w naszym kraju akcji Ca\u0142a Polska Czyta Dzieciom. Publiczna Biblioteka Pedagogiczna, organizator imprezy, w tym roku zaprosi\u0142a na wsp\u00f3lne czytanie bajek uczni\u00f3w klas \u201e0\u201d. Podobnie jak w zesz\u0142ym roku, nap\u0142yn\u0119\u0142a do nas bardzo du\u017ca liczba zg\u0142osze\u0144. Przykro nam, \u017ce z powodu ograniczonej liczby miejsc, nie wszystkie zainteresowane plac\u00f3wki mog\u0142y<span class=\"ellipsis\">&hellip;<\/span><\/p>\n<div class=\"read-more\"><a href=\"https:\/\/pbp.womczest.edu.pl\/new\/edukacja\/cala-polska-czyta-dzieciom\/cpcd-relacje-z-przeprowadzonych-spotkan-i-imprez-czytelniczych\/ii-bajkowe-spotkania-2009\/\">Czytaj wi\u0119cej &#8250;<\/a><\/div>\n<p><!-- end of .read-more --><\/p>\n","protected":false},"author":3,"featured_media":0,"parent":3994,"menu_order":0,"comment_status":"closed","ping_status":"open","template":"","meta":{"footnotes":""},"jetpack_sharing_enabled":true,"jetpack_shortlink":"https:\/\/wp.me\/PgmV4H-14X","_links":{"self":[{"href":"https:\/\/pbp.womczest.edu.pl\/new\/wp-json\/wp\/v2\/pages\/4151"}],"collection":[{"href":"https:\/\/pbp.womczest.edu.pl\/new\/wp-json\/wp\/v2\/pages"}],"about":[{"href":"https:\/\/pbp.womczest.edu.pl\/new\/wp-json\/wp\/v2\/types\/page"}],"author":[{"embeddable":true,"href":"https:\/\/pbp.womczest.edu.pl\/new\/wp-json\/wp\/v2\/users\/3"}],"replies":[{"embeddable":true,"href":"https:\/\/pbp.womczest.edu.pl\/new\/wp-json\/wp\/v2\/comments?post=4151"}],"version-history":[{"count":2,"href":"https:\/\/pbp.womczest.edu.pl\/new\/wp-json\/wp\/v2\/pages\/4151\/revisions"}],"predecessor-version":[{"id":4153,"href":"https:\/\/pbp.womczest.edu.pl\/new\/wp-json\/wp\/v2\/pages\/4151\/revisions\/4153"}],"up":[{"embeddable":true,"href":"https:\/\/pbp.womczest.edu.pl\/new\/wp-json\/wp\/v2\/pages\/3994"}],"wp:attachment":[{"href":"https:\/\/pbp.womczest.edu.pl\/new\/wp-json\/wp\/v2\/media?parent=4151"}],"curies":[{"name":"wp","href":"https:\/\/api.w.org\/{rel}","templated":true}]}}