


{"id":4147,"date":"2015-05-19T09:15:37","date_gmt":"2015-05-19T07:15:37","guid":{"rendered":"https:\/\/pbp.womczest.edu.pl\/new\/?page_id=4147"},"modified":"2015-05-19T09:15:37","modified_gmt":"2015-05-19T07:15:37","slug":"iii-bajkowe-spotkania-2010","status":"publish","type":"page","link":"https:\/\/pbp.womczest.edu.pl\/new\/edukacja\/cala-polska-czyta-dzieciom\/cpcd-relacje-z-przeprowadzonych-spotkan-i-imprez-czytelniczych\/iii-bajkowe-spotkania-2010\/","title":{"rendered":"III Bajkowe Spotkania \u2013 2010"},"content":{"rendered":"<hr \/>\n<p dir=\"ltr\" style=\"margin-right: 0px;\">W dniach 14 i 19 maja 2010 roku odby\u0142a si\u0119 III edycja Bajkowych Spotka\u0144 nad kt\u00f3r\u0105, dzi\u0119ki \u017cyczliwo\u015bci Pana Adama Pastucha, patronat medialny obj\u0105\u0142 Zesp\u00f3\u0142 Pie\u015bni i Ta\u0144ca \u201e\u015al\u0105sk\u201d im. Stanis\u0142awa Hadyny w Kosz\u0119cinie.<br \/>\nPomimo ulewnego deszczu 14 maja 2010 r. dotarli do nas arty\u015bci Zespo\u0142u Pie\u015bni i Ta\u0144ca \u201e\u015al\u0105sk\u201d: Pani Aleksandra \u017baczkova i Pan Dariusz \u017baczek ubrani w barwne, ludowe stroje.<br \/>\nBohaterami, czytanych przez nich bajek by\u0142y zwierz\u0119ta: kr\u00f3liczek Pinu, wiewi\u00f3rka Kitka, zaj\u0105czek Szaru\u015b i bocian Kajtek.<br \/>\nDzieci ta\u0144czy\u0142y r\u00f3wnie\u017c i \u015bpiewa\u0142y, a go\u015bcie dodatkowo opowiadali o Kosz\u0119cinie, Zespole \u201e\u015al\u0105sk\u201d, o strojach i tradycjach ludowych.<br \/>\n\u201e\u015awierszczykowe nutki\u201d Czes\u0142awa Janczarskiego zako\u0144czy\u0142y to spotkanie, po kt\u00f3rym uczestnicy mieli okazj\u0119 do spotkania z\u00a0Pa\u0144stwem Aleksandr\u0105 \u017baczkov\u0105 i Dariuszem \u017baczkiem oraz zrobienia z nimi pami\u0105tkowych zdj\u0119\u0107.<br \/>\nNa dzie\u0144 19 maja 2010 r. przyj\u0119li zaproszenie Pani nadkom. Katarzyna Bodzioch i Pani kom. Danuta Powa\u017ca ze Szko\u0142y Policji w\u00a0Katowicach. Towarzyszy\u0142 im \u201eSznupek\u201d \u2013 maskotka \u015bl\u0105skiej policji. W jego posta\u0107 wcieli\u0142 si\u0119 post. Pawe\u0142 Ma\u015blankiewicz.<br \/>\nPrzygotowane na to spotkanie teksty: Bajka o upartym kotku, Przygoda z ma\u0142pk\u0105, Kubu\u015b Puchatek i K\u0142opoty misi\u00f3w sta\u0142y si\u0119 podstaw\u0105 do om\u00f3wienia z dzie\u0107mi zasad bezpiecze\u0144stwa. Dzieci dowiedzia\u0142y si\u0119 r\u00f3wnie\u017c, \u017ce Sznupek ma swoj\u0105 stron\u0119 internetow\u0105, na kt\u00f3rej umieszczane s\u0105 porady dla nich i ich rodzic\u00f3w, specjalne gry i puzzle. Ka\u017cde dziecko mo\u017ce zadzwoni\u0107 do Sznupka, a numer jego telefonu podany jest tak\u017ce na tej stronie.<br \/>\nSznupek z dzie\u0107mi ta\u0144czy\u0142 i \u015bpiewa\u0142 oraz pozowa\u0142 do wsp\u00f3lnych fotografii.<\/p>\n<p>W<em> III Bajkowych Spotkaniach<\/em> udzia\u0142 wzi\u0119\u0142o 183 dzieci i 30 opiekun\u00f3w.<br \/>\nImprezom towarzyszy\u0142a pokonkursowa wystawa przestrzennych prac plastycznych dzieci z miejskich przedszkoli Moje ulubione postaci z ba\u015bni, bajki, bajeczki\u2026<\/p>\n<p>Cieszymy si\u0119 niezmiernie, \u017ce po raz kolejny dostarczyli\u015bmy dzieciom ciekawych wra\u017ce\u0144. Szczera rado\u015b\u0107 okazywana nam przez dzieci jest dla nas ogromn\u0105 satysfakcj\u0105 i mobilizuje nas do planowania i zorganizowania kolejnych spotka\u0144.<\/p>\n<p><em><strong>Galeria<\/strong><\/em><\/p>\n","protected":false},"excerpt":{"rendered":"<p>W dniach 14 i 19 maja 2010 roku odby\u0142a si\u0119 III edycja Bajkowych Spotka\u0144 nad kt\u00f3r\u0105, dzi\u0119ki \u017cyczliwo\u015bci Pana Adama Pastucha, patronat medialny obj\u0105\u0142 Zesp\u00f3\u0142 Pie\u015bni i Ta\u0144ca \u201e\u015al\u0105sk\u201d im. Stanis\u0142awa Hadyny w Kosz\u0119cinie. Pomimo ulewnego deszczu 14 maja 2010 r. dotarli do nas arty\u015bci Zespo\u0142u Pie\u015bni i Ta\u0144ca \u201e\u015al\u0105sk\u201d: Pani Aleksandra \u017baczkova i Pan Dariusz \u017baczek ubrani w barwne, ludowe stroje. Bohaterami, czytanych przez nich bajek by\u0142y zwierz\u0119ta: kr\u00f3liczek<span class=\"ellipsis\">&hellip;<\/span><\/p>\n<div class=\"read-more\"><a href=\"https:\/\/pbp.womczest.edu.pl\/new\/edukacja\/cala-polska-czyta-dzieciom\/cpcd-relacje-z-przeprowadzonych-spotkan-i-imprez-czytelniczych\/iii-bajkowe-spotkania-2010\/\">Czytaj wi\u0119cej &#8250;<\/a><\/div>\n<p><!-- end of .read-more --><\/p>\n","protected":false},"author":3,"featured_media":0,"parent":3994,"menu_order":0,"comment_status":"closed","ping_status":"open","template":"","meta":{"footnotes":""},"jetpack_sharing_enabled":true,"jetpack_shortlink":"https:\/\/wp.me\/PgmV4H-14T","_links":{"self":[{"href":"https:\/\/pbp.womczest.edu.pl\/new\/wp-json\/wp\/v2\/pages\/4147"}],"collection":[{"href":"https:\/\/pbp.womczest.edu.pl\/new\/wp-json\/wp\/v2\/pages"}],"about":[{"href":"https:\/\/pbp.womczest.edu.pl\/new\/wp-json\/wp\/v2\/types\/page"}],"author":[{"embeddable":true,"href":"https:\/\/pbp.womczest.edu.pl\/new\/wp-json\/wp\/v2\/users\/3"}],"replies":[{"embeddable":true,"href":"https:\/\/pbp.womczest.edu.pl\/new\/wp-json\/wp\/v2\/comments?post=4147"}],"version-history":[{"count":2,"href":"https:\/\/pbp.womczest.edu.pl\/new\/wp-json\/wp\/v2\/pages\/4147\/revisions"}],"predecessor-version":[{"id":4149,"href":"https:\/\/pbp.womczest.edu.pl\/new\/wp-json\/wp\/v2\/pages\/4147\/revisions\/4149"}],"up":[{"embeddable":true,"href":"https:\/\/pbp.womczest.edu.pl\/new\/wp-json\/wp\/v2\/pages\/3994"}],"wp:attachment":[{"href":"https:\/\/pbp.womczest.edu.pl\/new\/wp-json\/wp\/v2\/media?parent=4147"}],"curies":[{"name":"wp","href":"https:\/\/api.w.org\/{rel}","templated":true}]}}