


{"id":4143,"date":"2015-05-19T09:14:44","date_gmt":"2015-05-19T07:14:44","guid":{"rendered":"https:\/\/pbp.womczest.edu.pl\/new\/?page_id=4143"},"modified":"2015-05-19T09:14:44","modified_gmt":"2015-05-19T07:14:44","slug":"iv-bajkowe-spotkania-2011","status":"publish","type":"page","link":"https:\/\/pbp.womczest.edu.pl\/new\/edukacja\/cala-polska-czyta-dzieciom\/cpcd-relacje-z-przeprowadzonych-spotkan-i-imprez-czytelniczych\/iv-bajkowe-spotkania-2011\/","title":{"rendered":"IV Bajkowe Spotkania \u2013 2011"},"content":{"rendered":"<hr \/>\n<p><span style=\"font-size: small;\"><strong>Aktorzy dzieciom<\/strong><\/span><\/p>\n<p>18 kwietnia 2011 r. w Publicznej Bibliotece Pedagogicznej w Cz\u0119stochowie odby\u0142o si\u0119 ostatnie w tym roku Bajkowe spotkanie zorganizowane w ramach og\u00f3lnopolskiej kampanii Ca\u0142a Polska czyta dzieciom. Go\u015bciem tego spotkania by\u0142a Iwona Cho\u0142uj, aktorka i\u00a0wokalistka, od 1996 r. zwi\u0105zana z teatrem im. A. Mickiewicza w Cz\u0119stochowie.<br \/>\nW czasie spotkania uczestnicy wys\u0142uchali nast\u0119puj\u0105cych utwor\u00f3w literackich: <em>Kr\u00f3lewna g\u0142ogu, O krasnoludkach i sierotce Marysi, Kot w butach, Krzesiwo, Zatopione dzwony<\/em>. Prezentacji bajek towarzyszy\u0142 pokaz slajd\u00f3w.<br \/>\nW przerwach mi\u0119dzy utworami dzieci uczestniczy\u0142y w zabawach ruchowych i \u015bpiewa\u0142y piosenki. Aktorka rozmawia\u0142a z dzie\u0107mi na temat przes\u0142ania zawartego w bajkach i zach\u0119ca\u0142a uczestnik\u00f3w do czytania ksi\u0105\u017cek.<br \/>\nW spotkaniu uczestniczy\u0142o 146 uczni\u00f3w klas z cz\u0119stochowskich szk\u00f3\u0142 i przedszkoli oraz 19 nauczycieli.<br \/>\nTegoroczne Bajkowe spotkania przyj\u0119te by\u0142y przez uczestnik\u00f3w niezwykle ciep\u0142o i entuzjastycznie. Za rok planujemy kolejne tego rodzaju imprezy czytelnicze i ju\u017c teraz zapraszamy do uczestnictwa.<\/p>\n<p>&nbsp;<\/p>\n<p><span style=\"font-size: small;\"><strong>Jak by\u0107 bezpiecznym?<\/strong><\/span><\/p>\n<p>14 kwietnia 2011 r. w Publicznej Bibliotece Pedagogicznej RODN \u201eWOM\u201d w Cz\u0119stochowie odby\u0142o si\u0119 kolejne Bajkowe spotkanie organizowane w ramach og\u00f3lnopolskiej kampanii Ca\u0142a Polska czyta dzieciom. Tym razem go\u015bcili\u015bmy policjant\u00f3w ze Szko\u0142y Policji w\u00a0Katowicach.<br \/>\n\u015al\u0105scy policjanci od lat zaanga\u017cowani s\u0105 w akcj\u0119 promuj\u0105c\u0105 czytelnictwo w ramach CPCD. Pod has\u0142em <em>Czytanie uzdrawia<\/em> policjanci odwiedzaj\u0105 chore dzieci w szpitalach, sanatoriach i o\u015brodkach rehabilitacyjno-edukacyjno-wychowawczych.<br \/>\nPolicjantom towarzyszy\u0142 ulubieniec najm\u0142odszych, maskotka \u015bl\u0105skiej policji \u2013 pies Sznupek, w kt\u00f3rego wcieli\u0142 si\u0119 policjant z Komendy Miejskiej w Cz\u0119stochowie. Obecno\u015b\u0107 okaza\u0142ego i sympatycznego psa stanowi\u0142a dla uczestnik\u00f3w spotkania niesamowit\u0105 atrakcj\u0119.<br \/>\nW\u015br\u00f3d utwor\u00f3w, kt\u00f3re policjanci zaprezentowali dzieciom, znalaz\u0142y si\u0119: <em>Pinokio, Czerwony kapturek, Wielka przygoda, Majster Klepka.<\/em><br \/>\nPrezentacja bajek urozmaicona by\u0142a pokazem slajd\u00f3w. W przerwach mi\u0119dzy utworami dzieci uczestniczy\u0142y w zabawach ruchowych i\u00a0\u015bpiewa\u0142y piosenki. Czytanie bajek sta\u0142o si\u0119 doskona\u0142\u0105 okazj\u0105 do rozm\u00f3w z dzie\u0107mi na temat bezpiecze\u0144stwa na drodze, w sieci oraz o tym jak unika\u0107 zagro\u017ce\u0144 i gdzie szuka\u0107 pomocy. Policjanci u\u015bwiadamiali dzieciom, \u017ce czytanie ksi\u0105\u017cek rozwija wyobra\u017ani\u0119 i u\u0142atwia radzenie sobie z wieloma r\u00f3\u017cnymi problemami.<br \/>\nW spotkaniu uczestniczy\u0142o 128 dzieci z cz\u0119stochowskich szk\u00f3\u0142 i przedszkoli oraz 20 nauczycieli.<br \/>\nBajkowe spotkanie by\u0142o dost\u0119pne w formie tele\u0142\u0105cza, ogl\u0105dali je uczniowie i nauczyciele z 15 plac\u00f3wek w Cz\u0119stochowie i okolicach.<\/p>\n<p>&nbsp;<\/p>\n<p><span style=\"font-size: small;\"><strong>Ksi\u0105dz biskup Antoni D\u0142ugosz czyta dzieciom<\/strong><\/span><\/p>\n<p>5 kwietnia 2011 r. w Publicznej Bibliotece Pedagogicznej RODN \u201eWOM\u201d w Cz\u0119stochowie odby\u0142o si\u0119 pierwsze z trzech Bajkowych spotka\u0144 organizowanych w 2011 roku w ramach kampanii Ca\u0142a Polska czyta dzieciom.<br \/>\nGo\u015bciem tego spotkania by\u0142 <strong>ksi\u0105dz biskup Antoni D\u0142ugosz<\/strong>, autor pierwszej polskiej Biblii dla dzieci <em>Dobry B\u00f3g m\u00f3wi do nas. Pismo \u015awi\u0119te dla dzieci<\/em>, znany m.in. z telewizyjnego programu katolickiego dla dzieci \u201eZiarno\u201d.<br \/>\nKsi\u0105dz biskup, niezwykle spontaniczny w kontaktach z najm\u0142odszymi, z wielkim zaanga\u017cowaniem zaprezentowa\u0142 takie utwory literackie jak: <em>Brzydkie kacz\u0105tko, Czarnoksi\u0119\u017cnik Hamiduru, Hejna\u0142 Mariacki, Opowie\u015bci s\u0142onecznego blasku, Stoliczku nakryj si\u0119<\/em>. Prezentacji bajek towarzyszy\u0142 pokaz slajd\u00f3w. Utwory literackie przeplatane by\u0142y licznym piosenkami (wydanymi przez biskupa na p\u0142ycie <em>Chrze\u015bcijanin ta\u0144czy<\/em>), co stanowi\u0142o niew\u0105tpliwie ogromn\u0105 atrakcj\u0119 dla uczestnik\u00f3w. Biskup rozmawia\u0142 z dzie\u0107mi na temat przes\u0142ania zawartego w bajkach, jak r\u00f3wnie\u017c o warto\u015bciach jakie p\u0142yn\u0105 z czytania ksi\u0105\u017cek.<br \/>\nW spotkaniu uczestniczy\u0142o 105 uczni\u00f3w klas \u201e0\u201d z cz\u0119stochowskich szk\u00f3\u0142 i przedszkoli oraz ich nauczyciele.<\/p>\n<p><em><strong>Galeria<\/strong><\/em><\/p>\n<p style=\"text-align: right;\"><em>Zdj\u0119cia: Izabela Bajor<\/em><\/p>\n","protected":false},"excerpt":{"rendered":"<p>Aktorzy dzieciom 18 kwietnia 2011 r. w Publicznej Bibliotece Pedagogicznej w Cz\u0119stochowie odby\u0142o si\u0119 ostatnie w tym roku Bajkowe spotkanie zorganizowane w ramach og\u00f3lnopolskiej kampanii Ca\u0142a Polska czyta dzieciom. Go\u015bciem tego spotkania by\u0142a Iwona Cho\u0142uj, aktorka i\u00a0wokalistka, od 1996 r. zwi\u0105zana z teatrem im. A. Mickiewicza w Cz\u0119stochowie. W czasie spotkania uczestnicy wys\u0142uchali nast\u0119puj\u0105cych utwor\u00f3w literackich: Kr\u00f3lewna g\u0142ogu, O krasnoludkach i sierotce Marysi, Kot w butach, Krzesiwo, Zatopione dzwony. Prezentacji<span class=\"ellipsis\">&hellip;<\/span><\/p>\n<div class=\"read-more\"><a href=\"https:\/\/pbp.womczest.edu.pl\/new\/edukacja\/cala-polska-czyta-dzieciom\/cpcd-relacje-z-przeprowadzonych-spotkan-i-imprez-czytelniczych\/iv-bajkowe-spotkania-2011\/\">Czytaj wi\u0119cej &#8250;<\/a><\/div>\n<p><!-- end of .read-more --><\/p>\n","protected":false},"author":3,"featured_media":0,"parent":3994,"menu_order":0,"comment_status":"closed","ping_status":"open","template":"","meta":{"footnotes":""},"jetpack_sharing_enabled":true,"jetpack_shortlink":"https:\/\/wp.me\/PgmV4H-14P","_links":{"self":[{"href":"https:\/\/pbp.womczest.edu.pl\/new\/wp-json\/wp\/v2\/pages\/4143"}],"collection":[{"href":"https:\/\/pbp.womczest.edu.pl\/new\/wp-json\/wp\/v2\/pages"}],"about":[{"href":"https:\/\/pbp.womczest.edu.pl\/new\/wp-json\/wp\/v2\/types\/page"}],"author":[{"embeddable":true,"href":"https:\/\/pbp.womczest.edu.pl\/new\/wp-json\/wp\/v2\/users\/3"}],"replies":[{"embeddable":true,"href":"https:\/\/pbp.womczest.edu.pl\/new\/wp-json\/wp\/v2\/comments?post=4143"}],"version-history":[{"count":2,"href":"https:\/\/pbp.womczest.edu.pl\/new\/wp-json\/wp\/v2\/pages\/4143\/revisions"}],"predecessor-version":[{"id":4145,"href":"https:\/\/pbp.womczest.edu.pl\/new\/wp-json\/wp\/v2\/pages\/4143\/revisions\/4145"}],"up":[{"embeddable":true,"href":"https:\/\/pbp.womczest.edu.pl\/new\/wp-json\/wp\/v2\/pages\/3994"}],"wp:attachment":[{"href":"https:\/\/pbp.womczest.edu.pl\/new\/wp-json\/wp\/v2\/media?parent=4143"}],"curies":[{"name":"wp","href":"https:\/\/api.w.org\/{rel}","templated":true}]}}