


{"id":4139,"date":"2015-05-19T09:13:54","date_gmt":"2015-05-19T07:13:54","guid":{"rendered":"https:\/\/pbp.womczest.edu.pl\/new\/?page_id=4139"},"modified":"2015-05-19T09:13:54","modified_gmt":"2015-05-19T07:13:54","slug":"v-bajkowe-spotkania-2012","status":"publish","type":"page","link":"https:\/\/pbp.womczest.edu.pl\/new\/edukacja\/cala-polska-czyta-dzieciom\/cpcd-relacje-z-przeprowadzonych-spotkan-i-imprez-czytelniczych\/v-bajkowe-spotkania-2012\/","title":{"rendered":"V Bajkowe Spotkania \u2013 2012"},"content":{"rendered":"<hr \/>\n<p>Publiczna Biblioteka Pedagogiczna RODN \u201eWOM\u201d w Cz\u0119stochowie ju\u017c po raz pi\u0105ty zaprosi\u0142a dzieci klas 0 na Bajkowe Spotkania organizowane w ramach og\u00f3lnopolskiej kampanii spo\u0142ecznej <em><strong>\u201e<\/strong><\/em><strong><em>Ca\u0142a Polska czyta dzieciom\u201d<\/em><\/strong>.<\/p>\n<p>W tym roku podczas dw\u00f3ch spotka\u0144, teksty bajek czytali zaproszeni go\u015bcie: Sylwia Oksiuta \u2013 aktorka Teatru im. Adama Mickiewicza w Cz\u0119stochowie, oraz Olek Klepacz \u2013 lider Formacji Nie\u017cywych Schabuff.<\/p>\n<p>Pani Sylwia Oksiuta po raz kolejny oczarowa\u0142a m\u0142odych s\u0142uchaczy, wprowadzaj\u0105c ich w\u00a0\u015bwiat ba\u015bniowych przyg\u00f3d Pinokia w\u00a0towarzystwie przyniesionych ze sob\u0105 pacynek, kukie\u0142ek i marionetek. Ka\u017cde dziecko mog\u0142o obejrze\u0107 prezentowane rekwizyty. Ciekawym elementem spotkania by\u0142y improwizowane scenki, kiedy to w rol\u0119 ma\u0142ych aktor\u00f3w-lalkarzy wcielali si\u0119 odwa\u017cni ochotnicy z widowni.<\/p>\n<p>Pan Olek Klepacz natomiast zabra\u0142 s\u0142uchaczy na w\u0119dr\u00f3wk\u0119 w poszukiwaniu zagubionych \u015bwierszczykowych nutek, by nast\u0119pnie wyruszy\u0107 na poszukiwania zaczarowanej tr\u0105bki, kt\u00f3ra mo\u017ce uwolni\u0107 upartego Kaczorka. Uczestnicy spotkania bardzo \u017cywo reagowali na prezentowane im teksty literackie.<\/p>\n<p>Obu spotkaniom tradycyjnie towarzyszy\u0142 pokaz ilustracji do tekst\u00f3w, a w przerwach mi\u0119dzy bajkami dzieci ta\u0144czy\u0142y i \u015bpiewa\u0142y.<\/p>\n<p>Ostatnie, trzecie spotkanie, sta\u0142o si\u0119 dla nas du\u017cym wyzwaniem. Nasza Aula zamieni\u0142a si\u0119 w sal\u0119 teatraln\u0105, a na jej skromnej scenie pojawi\u0142o si\u0119 ponad dziewi\u0119\u0107dziesi\u0119cioro aktor\u00f3w.<\/p>\n<p>W takiej w\u0142a\u015bnie liczbie przyby\u0142y studentki zaprzyja\u017anionej z nami Akademii im. Jana D\u0142ugosza w Cz\u0119stochowie.<\/p>\n<p>Wcieli\u0142y si\u0119 one w postaci z bajki \u201eKopciuszek\u201d, oraz bohater\u00f3w wiersza Jana Brzechwy \u201eNa straganie\u201d. Ca\u0142o\u015b\u0107 spotkania poprowadzi\u0142a Ksi\u0119\u017cniczka Pirlipatka, aran\u017cuj\u0105c dla uczestnik\u00f3w zabawy ruchowe przy muzyce. Przeprowadzony zosta\u0142 r\u00f3wnie\u017c quiz, podczas kt\u00f3rego m\u0142odzi widzowie odgadywali wierszowane zagadki. Uczestnik\u00f3w spotkania wita\u0142y i\u00a0\u017cegna\u0142y ogromne maskotki kangura i krokodyla, do kt\u00f3rych dzieci ch\u0119tnie si\u0119 przytula\u0142y.<\/p>\n<p>Uczestnicy wszystkich spotka\u0144 otrzymywali pami\u0105tkowe dyplomy, oraz kalendarzyki fundacji CPCD, a tak\u017ce robili sobie pami\u0105tkowe fotografie z gwiazdami tegorocznych spotka\u0144.<\/p>\n<p>Mamy nadziej\u0119, \u017ce V Bajkowe Spotkania, w kt\u00f3rych wzi\u0119\u0142o udzia\u0142 382 dzieci i 54 opiekun\u00f3w, po raz kolejny przyczyni\u0105 si\u0119 do rozbudzania zainteresowa\u0144 czytelniczych dzieci oraz rozwijania wyobra\u017ani i s\u0142ownictwa m\u0142odych czytelnik\u00f3w.<\/p>\n<p>Dzi\u0119kujemy wszystkim zaproszonym go\u015bciom za po\u015bwi\u0119cony dzieciom czas i ch\u0119\u0107 wprowadzenia ich w \u015bwiat pi\u0119knej literatury dzieci\u0119cej.<\/p>\n<p style=\"text-align: center;\"><img decoding=\"async\" loading=\"lazy\" class=\" size-full wp-image-740\" style=\"margin-left: 100px; margin-right: 100px; border: 4px solid #c0c0c0;\" src=\"https:\/\/pbp.womczest.edu.pl\/new\/wp-content\/uploads\/2012\/01\/moje_czytus_slajd.jpg\" alt=\"Ba\u015bniowy\" width=\"187\" height=\"147\" border=\"0\" \/><\/p>\n<hr \/>\n<p><strong><em>GALERIA<\/em><\/strong><\/p>\n<p style=\"text-align: right;\"><em>Zdj\u0119cia: Izabela Bajor<\/em><\/p>\n","protected":false},"excerpt":{"rendered":"<p>Publiczna Biblioteka Pedagogiczna RODN \u201eWOM\u201d w Cz\u0119stochowie ju\u017c po raz pi\u0105ty zaprosi\u0142a dzieci klas 0 na Bajkowe Spotkania organizowane w ramach og\u00f3lnopolskiej kampanii spo\u0142ecznej \u201eCa\u0142a Polska czyta dzieciom\u201d. W tym roku podczas dw\u00f3ch spotka\u0144, teksty bajek czytali zaproszeni go\u015bcie: Sylwia Oksiuta \u2013 aktorka Teatru im. Adama Mickiewicza w Cz\u0119stochowie, oraz Olek Klepacz \u2013 lider Formacji Nie\u017cywych Schabuff. Pani Sylwia Oksiuta po raz kolejny oczarowa\u0142a m\u0142odych s\u0142uchaczy, wprowadzaj\u0105c ich w\u00a0\u015bwiat ba\u015bniowych<span class=\"ellipsis\">&hellip;<\/span><\/p>\n<div class=\"read-more\"><a href=\"https:\/\/pbp.womczest.edu.pl\/new\/edukacja\/cala-polska-czyta-dzieciom\/cpcd-relacje-z-przeprowadzonych-spotkan-i-imprez-czytelniczych\/v-bajkowe-spotkania-2012\/\">Czytaj wi\u0119cej &#8250;<\/a><\/div>\n<p><!-- end of .read-more --><\/p>\n","protected":false},"author":3,"featured_media":0,"parent":3994,"menu_order":0,"comment_status":"closed","ping_status":"open","template":"","meta":{"footnotes":""},"jetpack_sharing_enabled":true,"jetpack_shortlink":"https:\/\/wp.me\/PgmV4H-14L","_links":{"self":[{"href":"https:\/\/pbp.womczest.edu.pl\/new\/wp-json\/wp\/v2\/pages\/4139"}],"collection":[{"href":"https:\/\/pbp.womczest.edu.pl\/new\/wp-json\/wp\/v2\/pages"}],"about":[{"href":"https:\/\/pbp.womczest.edu.pl\/new\/wp-json\/wp\/v2\/types\/page"}],"author":[{"embeddable":true,"href":"https:\/\/pbp.womczest.edu.pl\/new\/wp-json\/wp\/v2\/users\/3"}],"replies":[{"embeddable":true,"href":"https:\/\/pbp.womczest.edu.pl\/new\/wp-json\/wp\/v2\/comments?post=4139"}],"version-history":[{"count":2,"href":"https:\/\/pbp.womczest.edu.pl\/new\/wp-json\/wp\/v2\/pages\/4139\/revisions"}],"predecessor-version":[{"id":4141,"href":"https:\/\/pbp.womczest.edu.pl\/new\/wp-json\/wp\/v2\/pages\/4139\/revisions\/4141"}],"up":[{"embeddable":true,"href":"https:\/\/pbp.womczest.edu.pl\/new\/wp-json\/wp\/v2\/pages\/3994"}],"wp:attachment":[{"href":"https:\/\/pbp.womczest.edu.pl\/new\/wp-json\/wp\/v2\/media?parent=4139"}],"curies":[{"name":"wp","href":"https:\/\/api.w.org\/{rel}","templated":true}]}}