


{"id":4131,"date":"2015-05-19T09:11:57","date_gmt":"2015-05-19T07:11:57","guid":{"rendered":"https:\/\/pbp.womczest.edu.pl\/new\/?page_id=4131"},"modified":"2016-03-17T13:30:55","modified_gmt":"2016-03-17T12:30:55","slug":"vii-bajkowe-spotkania-2014","status":"publish","type":"page","link":"https:\/\/pbp.womczest.edu.pl\/new\/edukacja\/cala-polska-czyta-dzieciom\/cpcd-relacje-z-przeprowadzonych-spotkan-i-imprez-czytelniczych\/vii-bajkowe-spotkania-2014\/","title":{"rendered":"VII Bajkowe Spotkania \u2013 2014"},"content":{"rendered":"<hr \/>\n<div id=\"attachment_1850\" style=\"width: 160px\" class=\"wp-caption alignleft\"><a href=\"https:\/\/pbp.womczest.edu.pl\/new\/wp-content\/uploads\/2014\/05\/dzialalnosc_edukacyjna_bajkowe_spotkania_2014_1_bajkowe.jpg\" target=\"_blank\"><img aria-describedby=\"caption-attachment-1850\" decoding=\"async\" class=\"caption alignright size-full wp-image-1850\" style=\"float: left;\" title=\"Pani ratownik udziela instrukta\u017cu\" src=\"https:\/\/pbp.womczest.edu.pl\/new\/wp-content\/uploads\/2014\/05\/dzialalnosc_edukacyjna_bajkowe_spotkania_2014_1_bajkowe.jpg\" alt=\"\" width=\"150\" border=\"0\" srcset=\"https:\/\/pbp.womczest.edu.pl\/new\/wp-content\/uploads\/2014\/05\/dzialalnosc_edukacyjna_bajkowe_spotkania_2014_1_bajkowe.jpg 1024w, https:\/\/pbp.womczest.edu.pl\/new\/wp-content\/uploads\/2014\/05\/dzialalnosc_edukacyjna_bajkowe_spotkania_2014_1_bajkowe-300x200.jpg 300w, https:\/\/pbp.womczest.edu.pl\/new\/wp-content\/uploads\/2014\/05\/dzialalnosc_edukacyjna_bajkowe_spotkania_2014_1_bajkowe-100x67.jpg 100w, https:\/\/pbp.womczest.edu.pl\/new\/wp-content\/uploads\/2014\/05\/dzialalnosc_edukacyjna_bajkowe_spotkania_2014_1_bajkowe-150x100.jpg 150w, https:\/\/pbp.womczest.edu.pl\/new\/wp-content\/uploads\/2014\/05\/dzialalnosc_edukacyjna_bajkowe_spotkania_2014_1_bajkowe-200x133.jpg 200w, https:\/\/pbp.womczest.edu.pl\/new\/wp-content\/uploads\/2014\/05\/dzialalnosc_edukacyjna_bajkowe_spotkania_2014_1_bajkowe-450x300.jpg 450w, https:\/\/pbp.womczest.edu.pl\/new\/wp-content\/uploads\/2014\/05\/dzialalnosc_edukacyjna_bajkowe_spotkania_2014_1_bajkowe-600x400.jpg 600w, https:\/\/pbp.womczest.edu.pl\/new\/wp-content\/uploads\/2014\/05\/dzialalnosc_edukacyjna_bajkowe_spotkania_2014_1_bajkowe-900x600.jpg 900w\" sizes=\"(max-width: 1024px) 100vw, 1024px\" \/><\/a><p id=\"caption-attachment-1850\" class=\"wp-caption-text\">Pani ratownik udziela instrukta\u017cu<\/p><\/div>\n<p>Kim zosta\u0107? Ratownikiem, \u017co\u0142nierzem czy le\u015bnikiem? \u2013 zastanawiali si\u0119 m\u0142odzi uczestnicy podczas spotka\u0144 z\u00a0przedstawicielami s\u0142u\u017cb mundurowych.<\/p>\n<p>8, 14 i 16 kwietnia 2014 roku odby\u0142y si\u0119 <em>Bajkowe spotkania<\/em> dla uczni\u00f3w klas 0 z przedszkoli i szk\u00f3\u0142, organizowane w ramach og\u00f3lnopolskiej kampanii spo\u0142ecznej <em>Ca\u0142a Polska czyta dzieciom<\/em>. Spotkania te ciesz\u0105 si\u0119 od lat nieustaj\u0105cym zainteresowaniem m\u0142odych czytelnik\u00f3w. Tym razem naszymi go\u015b\u0107mi byli przedstawiciele s\u0142u\u017cb dbaj\u0105cych o nasze zdrowie, \u015brodowisko i\u00a0bezpiecze\u0144stwo. Pierwsze spotkanie po\u015bwi\u0119cone by\u0142o udzielaniu pierwszej pomocy, a bajki o tej tematyce czyta\u0142a Pani Aleksandra Krawczyk \u2013 ratownik medyczny i konsultant Regionalnego O\u015brodka Doskonalenia Nauczycieli \u201eWOM\u201d w\u00a0Cz\u0119stochowie. Jak za\u0142o\u017cy\u0107 poprawnie temblak? Jak opatrzy\u0107 ran\u0119? Ile razy uciska\u0107 serce? Co zrobi\u0107 gdy kto\u015b straci przytomno\u015b\u0107? Pani Ola udzieli\u0142a wyczerpuj\u0105cej odpowiedzi na wszystkie pytania. Ochotnicy mogli na fantomie \u0107wiczy\u0107 masa\u017c serca, pod czujnym okiem Pani ratownik zak\u0142adali chust\u0119 tr\u00f3jk\u0105tn\u0105 i temblak. Pani Ola przeczyta\u0142a te\u017c dzieciom teksty literackie zwi\u0105zane z ochron\u0105 zdrowia.<\/p>\n<div id=\"attachment_1851\" style=\"width: 160px\" class=\"wp-caption alignleft\"><a href=\"https:\/\/pbp.womczest.edu.pl\/new\/wp-content\/uploads\/2014\/05\/dzialalnosc_edukacyjna_bajkowe_spotkania_2014_2_bajkowe.jpg\" target=\"_blank\"><img aria-describedby=\"caption-attachment-1851\" decoding=\"async\" class=\"caption alignleft size-full wp-image-1851\" style=\"float: left;\" title=\"Pani podle\u015bniczy czyta dzieciom\" src=\"https:\/\/pbp.womczest.edu.pl\/new\/wp-content\/uploads\/2014\/05\/dzialalnosc_edukacyjna_bajkowe_spotkania_2014_2_bajkowe.jpg\" alt=\"\" width=\"150\" border=\"0\" srcset=\"https:\/\/pbp.womczest.edu.pl\/new\/wp-content\/uploads\/2014\/05\/dzialalnosc_edukacyjna_bajkowe_spotkania_2014_2_bajkowe.jpg 1024w, https:\/\/pbp.womczest.edu.pl\/new\/wp-content\/uploads\/2014\/05\/dzialalnosc_edukacyjna_bajkowe_spotkania_2014_2_bajkowe-300x200.jpg 300w, https:\/\/pbp.womczest.edu.pl\/new\/wp-content\/uploads\/2014\/05\/dzialalnosc_edukacyjna_bajkowe_spotkania_2014_2_bajkowe-100x67.jpg 100w, https:\/\/pbp.womczest.edu.pl\/new\/wp-content\/uploads\/2014\/05\/dzialalnosc_edukacyjna_bajkowe_spotkania_2014_2_bajkowe-150x100.jpg 150w, https:\/\/pbp.womczest.edu.pl\/new\/wp-content\/uploads\/2014\/05\/dzialalnosc_edukacyjna_bajkowe_spotkania_2014_2_bajkowe-200x133.jpg 200w, https:\/\/pbp.womczest.edu.pl\/new\/wp-content\/uploads\/2014\/05\/dzialalnosc_edukacyjna_bajkowe_spotkania_2014_2_bajkowe-450x300.jpg 450w, https:\/\/pbp.womczest.edu.pl\/new\/wp-content\/uploads\/2014\/05\/dzialalnosc_edukacyjna_bajkowe_spotkania_2014_2_bajkowe-600x400.jpg 600w, https:\/\/pbp.womczest.edu.pl\/new\/wp-content\/uploads\/2014\/05\/dzialalnosc_edukacyjna_bajkowe_spotkania_2014_2_bajkowe-900x600.jpg 900w\" sizes=\"(max-width: 1024px) 100vw, 1024px\" \/><\/a><p id=\"caption-attachment-1851\" class=\"wp-caption-text\">Pani podle\u015bniczy czyta dzieciom<\/p><\/div>\n<p>Kolejnym go\u015bciem, zaproszonym do czytania dzieciom bajek i opowie\u015bci by\u0142a Pani Joanna Wielechowska \u2013 podle\u015bniczy z\u00a0Nadle\u015bnictwa Z\u0142oty Potok. Pani le\u015bnik przeczyta\u0142a historyjki o mi\u0142ej dziewczynce Reni i\u00a0jej tacie le\u015bniczym oraz fragmenty ksi\u0105\u017cki Marii Kownackiej <em>Roga\u015b z\u00a0Doliny Roztoki<\/em>. W przerwach mi\u0119dzy tekstami opowiada\u0142a uczestnikom spotkania, jak nale\u017cy zachowywa\u0107 si\u0119 w lesie, szczeg\u00f3lnie w\u00a0obecno\u015bci dzikich zwierz\u0105t. Odpowiedzia\u0142a r\u00f3wnie\u017c na pytania: czy wolno zabiera\u0107 do domu znalezione dzikie zwierz\u0105tko, czy w lesie mo\u017cna pali\u0107 ognisko. Uczy\u0142a te\u017c m\u0142odych s\u0142uchaczy, jak dba\u0107 o\u00a0las. Pani Wielechowska zaprosi\u0142a dzieci wraz z opiekunami do odwiedzenia nadle\u015bnictwa i korzystania ze \u015bcie\u017cek edukacyjnych przygotowanych z my\u015bl\u0105 o turystach przemierzaj\u0105cych pi\u0119kne z\u0142otopotockie lasy.<\/p>\n<p>Na ostatnie spotkanie z dzie\u0107mi przybyli przedstawiciele Stowarzyszenia \u017bo\u0142nierzy Wojsk Specjalnych Grupa RAPTOR, Panowie: starszy chor\u0105\u017cy rezerwy Jacek Pietrzak, chor\u0105\u017cy rezerwy Marek B\u0105c\u0142awek, sier\u017cant rezerwy Ireneusz Michalski oraz Pan Grzegorz Sapa\u0142a<\/p>\n<div id=\"attachment_1852\" style=\"width: 160px\" class=\"wp-caption alignright\"><a href=\"https:\/\/pbp.womczest.edu.pl\/new\/wp-content\/uploads\/2014\/05\/dzialalnosc_edukacyjna_bajkowe_spotkania_2014_3_bajkowe.jpg\" target=\"_blank\"><img aria-describedby=\"caption-attachment-1852\" decoding=\"async\" class=\"caption alignright size-full wp-image-1852\" style=\"float: right;\" title=\"Wsp\u00f3lna zabawa\" src=\"https:\/\/pbp.womczest.edu.pl\/new\/wp-content\/uploads\/2014\/05\/dzialalnosc_edukacyjna_bajkowe_spotkania_2014_3_bajkowe.jpg\" alt=\"\" width=\"150\" border=\"0\" srcset=\"https:\/\/pbp.womczest.edu.pl\/new\/wp-content\/uploads\/2014\/05\/dzialalnosc_edukacyjna_bajkowe_spotkania_2014_3_bajkowe.jpg 1024w, https:\/\/pbp.womczest.edu.pl\/new\/wp-content\/uploads\/2014\/05\/dzialalnosc_edukacyjna_bajkowe_spotkania_2014_3_bajkowe-300x200.jpg 300w, https:\/\/pbp.womczest.edu.pl\/new\/wp-content\/uploads\/2014\/05\/dzialalnosc_edukacyjna_bajkowe_spotkania_2014_3_bajkowe-100x67.jpg 100w, https:\/\/pbp.womczest.edu.pl\/new\/wp-content\/uploads\/2014\/05\/dzialalnosc_edukacyjna_bajkowe_spotkania_2014_3_bajkowe-150x100.jpg 150w, https:\/\/pbp.womczest.edu.pl\/new\/wp-content\/uploads\/2014\/05\/dzialalnosc_edukacyjna_bajkowe_spotkania_2014_3_bajkowe-200x133.jpg 200w, https:\/\/pbp.womczest.edu.pl\/new\/wp-content\/uploads\/2014\/05\/dzialalnosc_edukacyjna_bajkowe_spotkania_2014_3_bajkowe-450x300.jpg 450w, https:\/\/pbp.womczest.edu.pl\/new\/wp-content\/uploads\/2014\/05\/dzialalnosc_edukacyjna_bajkowe_spotkania_2014_3_bajkowe-600x400.jpg 600w, https:\/\/pbp.womczest.edu.pl\/new\/wp-content\/uploads\/2014\/05\/dzialalnosc_edukacyjna_bajkowe_spotkania_2014_3_bajkowe-900x600.jpg 900w\" sizes=\"(max-width: 1024px) 100vw, 1024px\" \/><\/a><p id=\"caption-attachment-1852\" class=\"wp-caption-text\">Wsp\u00f3lna zabawa<\/p><\/div>\n<p>wraz z maskotk\u0105 lublinieckich komandos\u00f3w \u2013 <em>Specusiem<\/em>. Czytanie utwor\u00f3w, w kt\u00f3rych bohaterami byli \u017co\u0142nierze i rycerze uatrakcyjni\u0142 pokaz broni i umundurowania wojskowego. Dzieci dowiedzia\u0142y si\u0119 czym r\u00f3\u017cni si\u0119 mundur polowy od galowego, jakie odznaczenia i oznaczenia nosz\u0105 na nich \u017co\u0142nierze. Ka\u017cde z dzieci mia\u0142o okazj\u0119 przymierzy\u0107 elementy ekwipunku \u017co\u0142nierza, trzyma\u0107 w\u00a0d\u0142oni bro\u0144 \u0107wiczebn\u0105 i zerkn\u0105\u0107 przez wojskow\u0105 lornetk\u0119. Go\u015bcie opowiadali dzieciom o misjach wojskowych, na kt\u00f3re wyje\u017cd\u017cali oraz o codziennej pracy \u017co\u0142nierza i pomocy cywilom.<\/p>\n<p>Po ka\u017cdym spotkaniu by\u0142a chwila dla fotoreporter\u00f3w. Grupy ch\u0119tnie pozowa\u0142y do zdj\u0119\u0107 z naszymi go\u015b\u0107mi. Du\u017cym powodzeniem cieszy\u0142a si\u0119 makieta dzi\u0119ki kt\u00f3rej fotografowali si\u0119 w rolach zaj\u0105ca i\u00a0my\u015bliwego. Wszyscy otrzymali plakaty i\u00a0zak\u0142adki fundacji <em>Ca\u0142a Polska czyta dzieciom<\/em>.<\/p>\n<p>Przerwy mi\u0119dzy utworami literackimi czytanymi przez go\u015bci i odpowiedziami na pytania z sali wype\u0142nia\u0142y zabawy ruchowe przy muzyce.<\/p>\n<p>Bardzo dzi\u0119kujemy przyby\u0142ym Go\u015bciom za po\u015bwi\u0119cony nam czas, dzieciom i ich opiekunom za mi\u0142\u0105 zabaw\u0119. Szybko min\u0105\u0142 czas bajkowych spotka\u0144. Kolejne ju\u017c za rok, zapraszamy.<\/p>\n<p style=\"text-align: right;\"><em>Anna D\u0105browska<\/em><br \/>\n<em>Anna Hiller<br \/>\nZdj\u0119cia: Izabela Bajor<\/em><\/p>\n<p style=\"text-align: left;\"><strong><em><a href=\"https:\/\/pbp.womczest.edu.pl\/new\/galeria\/vii-bajkowe-spotkania-2014\/\">Galeria<\/a><\/em><\/strong><\/p>\n","protected":false},"excerpt":{"rendered":"<p>Kim zosta\u0107? Ratownikiem, \u017co\u0142nierzem czy le\u015bnikiem? \u2013 zastanawiali si\u0119 m\u0142odzi uczestnicy podczas spotka\u0144 z\u00a0przedstawicielami s\u0142u\u017cb mundurowych. 8, 14 i 16 kwietnia 2014 roku odby\u0142y si\u0119 Bajkowe spotkania dla uczni\u00f3w klas 0 z przedszkoli i szk\u00f3\u0142, organizowane w ramach og\u00f3lnopolskiej kampanii spo\u0142ecznej Ca\u0142a Polska czyta dzieciom. Spotkania te ciesz\u0105 si\u0119 od lat nieustaj\u0105cym zainteresowaniem m\u0142odych czytelnik\u00f3w. Tym razem naszymi go\u015b\u0107mi byli przedstawiciele s\u0142u\u017cb dbaj\u0105cych o nasze zdrowie, \u015brodowisko i\u00a0bezpiecze\u0144stwo. Pierwsze spotkanie<span class=\"ellipsis\">&hellip;<\/span><\/p>\n<div class=\"read-more\"><a href=\"https:\/\/pbp.womczest.edu.pl\/new\/edukacja\/cala-polska-czyta-dzieciom\/cpcd-relacje-z-przeprowadzonych-spotkan-i-imprez-czytelniczych\/vii-bajkowe-spotkania-2014\/\">Czytaj wi\u0119cej &#8250;<\/a><\/div>\n<p><!-- end of .read-more --><\/p>\n","protected":false},"author":3,"featured_media":0,"parent":3994,"menu_order":0,"comment_status":"closed","ping_status":"open","template":"","meta":{"footnotes":""},"jetpack_sharing_enabled":true,"jetpack_shortlink":"https:\/\/wp.me\/PgmV4H-14D","_links":{"self":[{"href":"https:\/\/pbp.womczest.edu.pl\/new\/wp-json\/wp\/v2\/pages\/4131"}],"collection":[{"href":"https:\/\/pbp.womczest.edu.pl\/new\/wp-json\/wp\/v2\/pages"}],"about":[{"href":"https:\/\/pbp.womczest.edu.pl\/new\/wp-json\/wp\/v2\/types\/page"}],"author":[{"embeddable":true,"href":"https:\/\/pbp.womczest.edu.pl\/new\/wp-json\/wp\/v2\/users\/3"}],"replies":[{"embeddable":true,"href":"https:\/\/pbp.womczest.edu.pl\/new\/wp-json\/wp\/v2\/comments?post=4131"}],"version-history":[{"count":3,"href":"https:\/\/pbp.womczest.edu.pl\/new\/wp-json\/wp\/v2\/pages\/4131\/revisions"}],"predecessor-version":[{"id":7429,"href":"https:\/\/pbp.womczest.edu.pl\/new\/wp-json\/wp\/v2\/pages\/4131\/revisions\/7429"}],"up":[{"embeddable":true,"href":"https:\/\/pbp.womczest.edu.pl\/new\/wp-json\/wp\/v2\/pages\/3994"}],"wp:attachment":[{"href":"https:\/\/pbp.womczest.edu.pl\/new\/wp-json\/wp\/v2\/media?parent=4131"}],"curies":[{"name":"wp","href":"https:\/\/api.w.org\/{rel}","templated":true}]}}