


{"id":4125,"date":"2015-03-26T09:09:39","date_gmt":"2015-03-26T08:09:39","guid":{"rendered":"https:\/\/pbp.womczest.edu.pl\/new\/?page_id=4125"},"modified":"2015-11-27T14:19:29","modified_gmt":"2015-11-27T13:19:29","slug":"viii-bajkowe-spotkania-w-ramach-ogolnopolskiej-kampanii-spolecznej-cala-polska-czyta-dzieciom","status":"publish","type":"page","link":"https:\/\/pbp.womczest.edu.pl\/new\/edukacja\/cala-polska-czyta-dzieciom\/cpcd-relacje-z-przeprowadzonych-spotkan-i-imprez-czytelniczych\/viii-bajkowe-spotkania-w-ramach-ogolnopolskiej-kampanii-spolecznej-cala-polska-czyta-dzieciom\/","title":{"rendered":"VIII Bajkowe Spotkania w ramach og\u00f3lnopolskiej kampanii spo\u0142ecznej \u201eCa\u0142a Polska czyta dzieciom\u201d"},"content":{"rendered":"<hr \/>\n<p><strong>VIII Bajkowe Spotkania<\/strong><br \/>\nCo to\u00a0jest freestyle football? Dlaczego w\u00a0rugby pi\u0142k\u0119 podajemy do\u00a0ty\u0142u? \u2013 zastanawiali si\u0119 m\u0142odzi uczestnicy podczas spotka\u0144 czytelniczych ze\u00a0sportowcami.<\/p>\n<p>7 i 8 kwietnia oraz 19 maja 2015 roku odby\u0142y si\u0119\u00a0<em>VIII Bajkowe Spotkania<\/em>\u00a0dla uczni\u00f3w klas 0 z\u00a0przedszkoli i\u00a0szk\u00f3\u0142, organizowane w\u00a0ramach Og\u00f3lnopolskiej kampanii spo\u0142ecznej<em>\u00a0Ca\u0142a Polska czyta dzieciom<\/em>. <em>Bajkowe Spotkania<\/em>\u00a0by\u0142y okazj\u0105 do\u00a0wys\u0142uchania znanych i\u00a0mniej znanych bajek czytanych przez go\u015bci tegorocznych spotka\u0144.<\/p>\n<p>Podczas pierwszeg<img decoding=\"async\" loading=\"lazy\" class=\" wp-image-5118 alignleft\" src=\"https:\/\/pbp.womczest.edu.pl\/new\/wp-content\/uploads\/2015\/03\/IMG_6395-300x212.jpg\" alt=\"IMG_6395\" width=\"255\" height=\"180\" srcset=\"https:\/\/pbp.womczest.edu.pl\/new\/wp-content\/uploads\/2015\/03\/IMG_6395-300x212.jpg 300w, https:\/\/pbp.womczest.edu.pl\/new\/wp-content\/uploads\/2015\/03\/IMG_6395-1000x707.jpg 1000w, https:\/\/pbp.womczest.edu.pl\/new\/wp-content\/uploads\/2015\/03\/IMG_6395-100x71.jpg 100w, https:\/\/pbp.womczest.edu.pl\/new\/wp-content\/uploads\/2015\/03\/IMG_6395-150x106.jpg 150w, https:\/\/pbp.womczest.edu.pl\/new\/wp-content\/uploads\/2015\/03\/IMG_6395-200x141.jpg 200w, https:\/\/pbp.womczest.edu.pl\/new\/wp-content\/uploads\/2015\/03\/IMG_6395-450x318.jpg 450w, https:\/\/pbp.womczest.edu.pl\/new\/wp-content\/uploads\/2015\/03\/IMG_6395-600x424.jpg 600w, https:\/\/pbp.womczest.edu.pl\/new\/wp-content\/uploads\/2015\/03\/IMG_6395-900x636.jpg 900w, https:\/\/pbp.womczest.edu.pl\/new\/wp-content\/uploads\/2015\/03\/IMG_6395.jpg 1024w\" sizes=\"(max-width: 255px) 100vw, 255px\" \/>o spotkania z\u00a0cz\u0142onkami Rugby Club Cz\u0119stochowa dzieci us\u0142ysza\u0142y utwory <em>S\u0142o\u0144 Tr\u0105balski<\/em>,\u00a0<em>Czarodziejski kalosz<\/em>,\u00a0<em>Wyspa s\u0142o\u0144ca<\/em>\u00a0i\u00a0<em>Stoliczku nakryj si\u0119<\/em>. Go\u015bcie: prezes \u2013 RCC Katarzyna Sterna oraz\u00a0zawodnicy RCC Mateusz Nowak, Karol Balsam i\u00a0Jakub Rokosa zaprezentowali si\u0119 w\u00a0strojach, w\u00a0kt\u00f3rych rozgrywaj\u0105 mecze. Dzieci zasypywa\u0142y ich pytaniami, na\u00a0kt\u00f3re otrzymywa\u0142y wyczerpuj\u0105ce odpowiedzi. Mog\u0142y r\u00f3wnie\u017c do\u015bwiadczy\u0107 jak rzuca si\u0119 pi\u0142k\u0105 w\u00a0kszta\u0142cie jaja, pozna\u0142y zasady gry i\u00a0sprawdzi\u0142y wytrzyma\u0142o\u015b\u0107 sportowego stroju rugbysty. Dzieci ch\u0119tnie bra\u0142y r\u00f3wnie\u017c udzia\u0142 w\u00a0licznych zabawach ruchowych. Nasi mili go\u015bcie zaprosili wszystkich uczestnik\u00f3w spotkania na\u00a0organizowany przez dru\u017cyn\u0119 piknik, kt\u00f3ry\u00a0odb\u0119dzie si\u0119 1 maja na\u00a0stadionie przy ul.\u00a0Kopalnianej 4a. 8 kwietnia przyby\u0142 do\u00a0nas Adrian Franc, wicemistrz \u015bwiata w\u00a0freestyle football. Pan Adrian przeczyta\u0142 dzieciom trzy utwory:\u00a0<em>Pinokio<\/em>,\u00a0<em>Kot w\u00a0butach<\/em>\u00a0i<em>\u00a0Czerwony Kapturek<\/em>. Dzieci nie mog\u0142y opanowa\u0107 emocji ogl\u0105daj\u0105c triki, jakie zaproszony go\u015b\u0107 prezentowa\u0142 \u017congluj\u0105c pi\u0142k\u0105.<\/p>\n<p>Mogli\u015bmy obserwowa\u0107 Air \u2013 triki wykonywane przez podbijanie pi\u0142ki nogami, Upper \u2013 toczenie i\u00a0trzymanie pi\u0142ki na\u00a0g\u0142owie, karku, klatce piersiowej, Sit down \u2013 triki wykonywane na\u00a0siedz\u0105co, Ground \u2013 zwody i\u00a0triki wykonywane na\u00a0ziemi \u2013 najbardziej przydatne do\u00a0gry w\u00a0zwyk\u0142\u0105 pi\u0142k\u0119 no\u017cn\u0105. Pokazane elementy w\u00a0przyst\u0119pny, ciekawy i\u00a0zabawny spos\u00f3b zach\u0119ca\u0142y do\u00a0podj\u0119cia pr\u00f3by wykonania samemu tych element\u00f3w. Go\u015b\u0107 zaprosi\u0142 ch\u0119tnych, by\u00a0sami spr\u00f3bowali wykona\u0107 kilka prostych ewolucji pi\u0142k\u0105.<\/p>\n<p>Go\u015bciem trzeciego- majowego spotkania by\u0142 Marcin Najman &#8211; polski bokser wagi ci\u0119\u017ckiej, zawodnik mieszanych sztuk walki, ostatnio uczestnik programu <em>Taniec z gwiazdami<\/em>, sprawozdawca sportowy. Pan Marcin opowiada\u0142 dzieciom o swojej drodze \u017cyciowej i roli sportu w jego wychowaniu. Wspomina\u0142 posta\u0107 swojego mentora- Jerzego Kuleja, o kt\u00f3rym napisa\u0142 ksi\u0105\u017ck\u0119. Go\u015b\u0107 cierpliwie odpowiada\u0142 na pytania dzieci, nawet te zabawne, a czasami trudne. Zach\u0119ca\u0142 dzieci do aktywnego sp\u0119dzania czasu i pokazywa\u0142 \u0107wiczenia, kt\u00f3re mog\u0105 wykonywa\u0107 na co dzie\u0144. Wielk\u0105 frajd\u0105 by\u0142o przymierzanie r\u0119kawic bokserskich przez uczestnik\u00f3w spotkania. Dzieci wys\u0142ucha\u0142y <em>Bajki o Smoku Kubie <\/em>autorstwa Mariusza Kozubka. Wszystkim spodoba\u0142 si\u0119 mora\u0142 bajki: w ka\u017cdej sytuacji nale\u017cy by\u0107 sob\u0105 i nie ulega\u0107 wp\u0142ywom innych os\u00f3b, cho\u0107 to \u201ewielka i wcale nie \u0142atwa sztuka\u201d.<a href=\"https:\/\/pbp.womczest.edu.pl\/new\/wp-content\/uploads\/2015\/03\/IMG_7301-300x200.jpg\"><img decoding=\"async\" loading=\"lazy\" class=\" wp-image-5119 alignright\" src=\"https:\/\/pbp.womczest.edu.pl\/new\/wp-content\/uploads\/2015\/03\/IMG_7301-300x200-300x200.jpg\" alt=\"IMG_7301-300x200\" width=\"243\" height=\"162\" srcset=\"https:\/\/pbp.womczest.edu.pl\/new\/wp-content\/uploads\/2015\/03\/IMG_7301-300x200.jpg 300w, https:\/\/pbp.womczest.edu.pl\/new\/wp-content\/uploads\/2015\/03\/IMG_7301-300x200-100x67.jpg 100w, https:\/\/pbp.womczest.edu.pl\/new\/wp-content\/uploads\/2015\/03\/IMG_7301-300x200-150x100.jpg 150w, https:\/\/pbp.womczest.edu.pl\/new\/wp-content\/uploads\/2015\/03\/IMG_7301-300x200-200x133.jpg 200w\" sizes=\"(max-width: 243px) 100vw, 243px\" \/><\/a><\/p>\n<p>Uczestnicy\u00a0<em>Bajkowych Spotka\u0144<\/em>\u00a0mieli mo\u017cliwo\u015b\u0107 zrobienia pami\u0105tkowych fotografii z\u00a0zaproszonymi Go\u015b\u0107mi. Spotkania te ciesz\u0105 si\u0119 od\u00a0lat nieustaj\u0105cym zainteresowaniem m\u0142odych czytelnik\u00f3w, w\u00a0tym roku wzi\u0119\u0142o w\u00a0nich udzia\u0142 360 dzieci i 49 nauczycieli.<br \/>\nCelem\u00a0<em>Bajkowych Spotka\u0144<\/em>\u00a0jest popularyzowanie literatury w\u015br\u00f3d dzieci. Dzi\u0119ki zaanga\u017cowaniu i\u00a0\u017cyczliwo\u015bci naszych Go\u015bci mogli\u015bmy ten cel zrealizowa\u0107 w\u00a0spos\u00f3b radosny i\u00a0atrakcyjny. Serdecznie dzi\u0119kujemy Go\u015bciom za\u00a0przyj\u0119cie zaproszenia, po\u015bwi\u0119cony czas, zach\u0119cenie dzieci do\u00a0czytania i\u00a0s\u0142uchania bajek jak r\u00f3wnie\u017c aktywnego sp\u0119dzania wolnego czasu. Wszystkim uczestnikom dzi\u0119kujemy za\u00a0wspania\u0142\u0105 zabaw\u0119. Ju\u017c nie mo\u017cemy si\u0119 doczeka\u0107 kolejnych spotka\u0144 czytelniczych, na\u00a0kt\u00f3re wkr\u00f3tce zaprosimy dzieci i\u00a0ich opiekun\u00f3w.<\/p>\n<p><em>Anna D\u0105browska<\/em><br \/>\n<em>Anna Hiller<br \/>\nFot.\u00a0Izabela Bajor<br \/>\n<\/em><a href=\"https:\/\/pbp.womczest.edu.pl\/new\/galeria\/viii-bajkowe-spotkania-2015\/\">galeria<\/a><\/p>\n<p>&nbsp;<\/p>\n<p>&nbsp;<\/p>\n","protected":false},"excerpt":{"rendered":"<p>VIII Bajkowe Spotkania Co to\u00a0jest freestyle football? Dlaczego w\u00a0rugby pi\u0142k\u0119 podajemy do\u00a0ty\u0142u? \u2013 zastanawiali si\u0119 m\u0142odzi uczestnicy podczas spotka\u0144 czytelniczych ze\u00a0sportowcami. 7 i 8 kwietnia oraz 19 maja 2015 roku odby\u0142y si\u0119\u00a0VIII Bajkowe Spotkania\u00a0dla uczni\u00f3w klas 0 z\u00a0przedszkoli i\u00a0szk\u00f3\u0142, organizowane w\u00a0ramach Og\u00f3lnopolskiej kampanii spo\u0142ecznej\u00a0Ca\u0142a Polska czyta dzieciom. Bajkowe Spotkania\u00a0by\u0142y okazj\u0105 do\u00a0wys\u0142uchania znanych i\u00a0mniej znanych bajek czytanych przez go\u015bci tegorocznych spotka\u0144. Podczas pierwszego spotkania z\u00a0cz\u0142onkami Rugby Club Cz\u0119stochowa dzieci us\u0142ysza\u0142y utwory<span class=\"ellipsis\">&hellip;<\/span><\/p>\n<div class=\"read-more\"><a href=\"https:\/\/pbp.womczest.edu.pl\/new\/edukacja\/cala-polska-czyta-dzieciom\/cpcd-relacje-z-przeprowadzonych-spotkan-i-imprez-czytelniczych\/viii-bajkowe-spotkania-w-ramach-ogolnopolskiej-kampanii-spolecznej-cala-polska-czyta-dzieciom\/\">Czytaj wi\u0119cej &#8250;<\/a><\/div>\n<p><!-- end of .read-more --><\/p>\n","protected":false},"author":3,"featured_media":0,"parent":3994,"menu_order":0,"comment_status":"closed","ping_status":"open","template":"","meta":{"footnotes":""},"jetpack_sharing_enabled":true,"jetpack_shortlink":"https:\/\/wp.me\/PgmV4H-14x","_links":{"self":[{"href":"https:\/\/pbp.womczest.edu.pl\/new\/wp-json\/wp\/v2\/pages\/4125"}],"collection":[{"href":"https:\/\/pbp.womczest.edu.pl\/new\/wp-json\/wp\/v2\/pages"}],"about":[{"href":"https:\/\/pbp.womczest.edu.pl\/new\/wp-json\/wp\/v2\/types\/page"}],"author":[{"embeddable":true,"href":"https:\/\/pbp.womczest.edu.pl\/new\/wp-json\/wp\/v2\/users\/3"}],"replies":[{"embeddable":true,"href":"https:\/\/pbp.womczest.edu.pl\/new\/wp-json\/wp\/v2\/comments?post=4125"}],"version-history":[{"count":8,"href":"https:\/\/pbp.womczest.edu.pl\/new\/wp-json\/wp\/v2\/pages\/4125\/revisions"}],"predecessor-version":[{"id":6906,"href":"https:\/\/pbp.womczest.edu.pl\/new\/wp-json\/wp\/v2\/pages\/4125\/revisions\/6906"}],"up":[{"embeddable":true,"href":"https:\/\/pbp.womczest.edu.pl\/new\/wp-json\/wp\/v2\/pages\/3994"}],"wp:attachment":[{"href":"https:\/\/pbp.womczest.edu.pl\/new\/wp-json\/wp\/v2\/media?parent=4125"}],"curies":[{"name":"wp","href":"https:\/\/api.w.org\/{rel}","templated":true}]}}