


{"id":4050,"date":"2015-05-18T15:23:23","date_gmt":"2015-05-18T13:23:23","guid":{"rendered":"https:\/\/pbp.womczest.edu.pl\/new\/?page_id=4050"},"modified":"2015-05-18T15:23:23","modified_gmt":"2015-05-18T13:23:23","slug":"akademia-szczesliwego-dziecinstwa-w-kregu-emocji","status":"publish","type":"page","link":"https:\/\/pbp.womczest.edu.pl\/new\/edukacja\/cala-polska-czyta-dzieciom\/cpcd-konferencje\/akademia-szczesliwego-dziecinstwa-w-kregu-emocji\/","title":{"rendered":"Akademia Szcz\u0119\u015bliwego Dzieci\u0144stwa \u2013 W kr\u0119gu emocji"},"content":{"rendered":"<hr \/>\n<p>22 listopada 2012 roku o godzinie 13<sup>30<\/sup> w Auli Forum Regionalnego O\u015brodka Doskonalenia Nauczycieli \u201eWOM\u201d w Cz\u0119stochowie odby\u0142a si\u0119 Konferencja <em>Akademia Szcz\u0119\u015bliwego Dzieci\u0144stwa \u2013 w\u00a0kr\u0119gu emocji<\/em>, skierowana do rodzic\u00f3w i nauczycieli dzieci w wieku przedszkolnym i\u00a0wczesnoszkolnym oraz nauczycieli bibliotekarzy.<\/p>\n<p>Organizatorem konferencji by\u0142a Publiczna Biblioteka Pedagogiczna RODN \u201eWOM\u201d w\u00a0Cz\u0119stochowie. To ju\u017c trzecia konferencja z cyklu <em>Akademia Szcz\u0119\u015bliwego Dzieci\u0144stwa<\/em> w\u00a0ramach Og\u00f3lnopolskiej Kampanii Spo\u0142ecznej Ca\u0142a Polska czyta dzieciom.<\/p>\n<p>Konferencj\u0119 otworzy\u0142a pani\u00a0Renata Lipniewska, wicedyrektor RODN \u201eWOM\u201d ds. bibliotek pedagogicznych w Cz\u0119stochowie. W\u00a0programie konferencji znalaz\u0142y si\u0119 wyst\u0105pienia: pani Anny Hiller, [Publiczna Biblioteka Pedagogiczna Regionalnego O\u015brodka Doskonalenia Nauczycieli \u201eWOM\u201d w\u00a0Cz\u0119stochowie] kt\u00f3ra przedstawi\u0142a uczestnikom <em>dzia\u0142alno\u015b\u0107 Fundacji CPCD<\/em>, przybli\u017cy\u0142a r\u00f3wnie\u017c dzia\u0142ania Publicznej Biblioteki Pedagogicznej w\u00a0Cz\u0119stochowie na rzecz rozwoju czytelnictwa dzieci i\u00a0m\u0142odzie\u017cy. Kolejn\u0105 prelegentk\u0105 by\u0142a pani dr Anna P\u0119kala, dyrektor Instytutu Edukacji Przedszkolnej i\u00a0Szkolnej Akademii im. Jana D\u0142ugosza w Cz\u0119stochowie, z wyst\u0105pieniem <em>Wykorzystanie element\u00f3w terapii przez sztuk\u0119 w pracy z dzieckiem<\/em>. Jego celem by\u0142o zaprezentowanie r\u00f3\u017cnych form sztuki wykorzystywanych jako \u015brodek terapeutyczny w pracy z dzieckiem. W trakcie prezentacji przedstawione zosta\u0142y wyniki bada\u0144 prowadzonych z dzie\u0107mi z\u00a0afazj\u0105. Pani dr Edyta Skoczylas-Krotla [Instytutu Edukacji Przedszkolnej i Szkolnej Akademii im. Jana D\u0142ugosza w Cz\u0119stochowie] zaprezentowa\u0142a emocje do\u015bwiadczane przez cz\u0142owieka, ukazane w wybranych utworach literatury dla dzieci. Wykorzystane zosta\u0142y ksi\u0105\u017cki autor\u00f3w wsp\u00f3\u0142czesnych, pisz\u0105cych proz\u0105. <em>J\u0119zykowy obraz emocji w literaturze dla dzieci <\/em>to literacko opisane emocje, kt\u00f3re przybieraj\u0105 zar\u00f3wno barwy jasne (emocje pozytywne), jak i ciemne.<\/p>\n<p>Kolejna prelegentka, pani mgr Katarzyna Kucharzewska, nauczyciel bibliotekarz Publicznej Biblioteki Pedagogicznej RODN \u201eWOM\u201d w\u00a0Cz\u0119stochowie om\u00f3wi\u0142a g\u0142\u00f3wne cele i zadania biblioterapii oraz sposoby wykorzystania tej formy terapii na zaj\u0119ciach bibliotecznych. W swoim wyst\u0105pieniu <em>Biblioterapia w\u00a0Publicznej Bibliotece Pedagogicznej RODN \u201eWOM\u201d w Cz\u0119stochowie<\/em> przedstawi\u0142a zagadnienie bajkoterapii, jako metody wykorzystywanej do pracy z dzie\u0107mi w wieku przedszkolnym i uczniami m\u0142odszych klas szko\u0142y podstawowej. Panie nauczycielki-terapeutki z O\u015brodka Szkolno-Wychowawczego nr 5 w\u00a0Cz\u0119stochowie mgr Jolanta Domalewska-Krocz i mgr Daria Adamczyk zaprezentowa\u0142y <em>Sposoby wyra\u017cania emocji przez dziecko niepe\u0142nosprawne.<\/em> Panie zwr\u00f3ci\u0142y uwag\u0119, na to, \u017ce nauka \u015bwiadomego wyra\u017cania w\u0142asnych emocji oraz ich rozpoznawania i\u00a0nazywania u innych os\u00f3b jest jedn\u0105 z podstawowych umiej\u0119tno\u015bci, kt\u00f3r\u0105 powinny naby\u0107 dzieci niepe\u0142nosprawne. Oddzia\u0142ywanie na ich uczucia, w tym stworzenie warunk\u00f3w i mo\u017cliwo\u015bci wyra\u017cania prze\u017cywanych przez dziecko uczu\u0107, emocji powinno odgrywa\u0107 wa\u017cn\u0105 rol\u0119 w pracy z dzie\u0107mi niepe\u0142nosprawnymi. Pani mgr Urszula Podsiad-Jeziorska, dyrektor Powiatowej Poradni Psychologiczno-Pedagogicznej w\u00a0Cz\u0119stochowie poruszy\u0142a problem wyra\u017cania emocji, uczu\u0107 dziecka. Trudno wyobrazi\u0107 sobie jak wygl\u0105da\u0142oby bez nich nasze \u017cycie. To\u00a0w\u0142a\u015bnie uczucia nadaj\u0105 koloryt wszystkim doznaniom i prze\u017cyciom, wyznaczaj\u0105 kierunek naszych d\u0105\u017ce\u0144. W uczuciach wyra\u017ca si\u0119 znaczenie jakie ma dla nas dana sytuacja lub jej element. Analizujemy je pod k\u0105tem nat\u0119\u017cenia, czasu trwania, z\u0142o\u017cono\u015bci, adekwatno\u015bci do sytuacji, w jakiej wyst\u0119puj\u0105, a przede wszystkim oceniamy ich znak emocjonalny, kt\u00f3ry mo\u017ce by\u0107 pozytywny (gdy odczuwamy przyjemno\u015b\u0107) lub negatywny (gdy doznajemy nieprzyjemno\u015bci).<\/p>\n<p>W konferencji udzia\u0142 wzi\u0119\u0142o 95 nauczycieli. W planach kolejna konferencja, tym razem<em> Akademia Szcz\u0119\u015bliwego Dzieci\u0144stwa \u2013 W kr\u0119gu medi\u00f3w.<\/em><\/p>\n","protected":false},"excerpt":{"rendered":"<p>22 listopada 2012 roku o godzinie 1330 w Auli Forum Regionalnego O\u015brodka Doskonalenia Nauczycieli \u201eWOM\u201d w Cz\u0119stochowie odby\u0142a si\u0119 Konferencja Akademia Szcz\u0119\u015bliwego Dzieci\u0144stwa \u2013 w\u00a0kr\u0119gu emocji, skierowana do rodzic\u00f3w i nauczycieli dzieci w wieku przedszkolnym i\u00a0wczesnoszkolnym oraz nauczycieli bibliotekarzy. Organizatorem konferencji by\u0142a Publiczna Biblioteka Pedagogiczna RODN \u201eWOM\u201d w\u00a0Cz\u0119stochowie. To ju\u017c trzecia konferencja z cyklu Akademia Szcz\u0119\u015bliwego Dzieci\u0144stwa w\u00a0ramach Og\u00f3lnopolskiej Kampanii Spo\u0142ecznej Ca\u0142a Polska czyta dzieciom. Konferencj\u0119 otworzy\u0142a pani\u00a0Renata Lipniewska, wicedyrektor<span class=\"ellipsis\">&hellip;<\/span><\/p>\n<div class=\"read-more\"><a href=\"https:\/\/pbp.womczest.edu.pl\/new\/edukacja\/cala-polska-czyta-dzieciom\/cpcd-konferencje\/akademia-szczesliwego-dziecinstwa-w-kregu-emocji\/\">Czytaj wi\u0119cej &#8250;<\/a><\/div>\n<p><!-- end of .read-more --><\/p>\n","protected":false},"author":3,"featured_media":0,"parent":4033,"menu_order":0,"comment_status":"closed","ping_status":"open","template":"","meta":{"footnotes":""},"jetpack_sharing_enabled":true,"jetpack_shortlink":"https:\/\/wp.me\/PgmV4H-13k","_links":{"self":[{"href":"https:\/\/pbp.womczest.edu.pl\/new\/wp-json\/wp\/v2\/pages\/4050"}],"collection":[{"href":"https:\/\/pbp.womczest.edu.pl\/new\/wp-json\/wp\/v2\/pages"}],"about":[{"href":"https:\/\/pbp.womczest.edu.pl\/new\/wp-json\/wp\/v2\/types\/page"}],"author":[{"embeddable":true,"href":"https:\/\/pbp.womczest.edu.pl\/new\/wp-json\/wp\/v2\/users\/3"}],"replies":[{"embeddable":true,"href":"https:\/\/pbp.womczest.edu.pl\/new\/wp-json\/wp\/v2\/comments?post=4050"}],"version-history":[{"count":2,"href":"https:\/\/pbp.womczest.edu.pl\/new\/wp-json\/wp\/v2\/pages\/4050\/revisions"}],"predecessor-version":[{"id":4052,"href":"https:\/\/pbp.womczest.edu.pl\/new\/wp-json\/wp\/v2\/pages\/4050\/revisions\/4052"}],"up":[{"embeddable":true,"href":"https:\/\/pbp.womczest.edu.pl\/new\/wp-json\/wp\/v2\/pages\/4033"}],"wp:attachment":[{"href":"https:\/\/pbp.womczest.edu.pl\/new\/wp-json\/wp\/v2\/media?parent=4050"}],"curies":[{"name":"wp","href":"https:\/\/api.w.org\/{rel}","templated":true}]}}