


{"id":4042,"date":"2015-05-18T15:20:11","date_gmt":"2015-05-18T13:20:11","guid":{"rendered":"https:\/\/pbp.womczest.edu.pl\/new\/?page_id=4042"},"modified":"2017-05-18T14:35:14","modified_gmt":"2017-05-18T12:35:14","slug":"akademia-szczesliwego-dziecinstwa-dziecko-w-swiecie-mediow","status":"publish","type":"page","link":"https:\/\/pbp.womczest.edu.pl\/new\/edukacja\/cala-polska-czyta-dzieciom\/cpcd-konferencje\/akademia-szczesliwego-dziecinstwa-dziecko-w-swiecie-mediow\/","title":{"rendered":"Akademia Szcz\u0119\u015bliwego Dzieci\u0144stwa \u2013 Dziecko w \u015bwiecie medi\u00f3w"},"content":{"rendered":"<hr \/>\n<div id=\"attachment_1734\" style=\"width: 160px\" class=\"wp-caption alignleft\"><a href=\"https:\/\/pbp.womczest.edu.pl\/new\/wp-content\/uploads\/2014\/01\/dzialalnosc_edukacyjna_cala_polska_czyta_dzieciom_akademia_szczesliwego_dziecinstwa_2013_MG_0375.JPG\" target=\"_blank\" rel=\"noopener noreferrer\"><img aria-describedby=\"caption-attachment-1734\" decoding=\"async\" class=\"caption alignright size-full wp-image-1734\" style=\"float: right;\" title=\"Rozpocz\u0119cie konferencji przez pani\u0105 wicedyrektor RODN \u201eWOM\u201d ds. bibliotek Renat\u0119 Lipniewsk\u0105\" src=\"https:\/\/pbp.womczest.edu.pl\/new\/wp-content\/uploads\/2014\/01\/dzialalnosc_edukacyjna_cala_polska_czyta_dzieciom_akademia_szczesliwego_dziecinstwa_2013_MG_0375.JPG\" alt=\"\" width=\"150\" border=\"0\" srcset=\"https:\/\/pbp.womczest.edu.pl\/new\/wp-content\/uploads\/2014\/01\/dzialalnosc_edukacyjna_cala_polska_czyta_dzieciom_akademia_szczesliwego_dziecinstwa_2013_MG_0375.JPG 709w, https:\/\/pbp.womczest.edu.pl\/new\/wp-content\/uploads\/2014\/01\/dzialalnosc_edukacyjna_cala_polska_czyta_dzieciom_akademia_szczesliwego_dziecinstwa_2013_MG_0375-300x254.jpg 300w, https:\/\/pbp.womczest.edu.pl\/new\/wp-content\/uploads\/2014\/01\/dzialalnosc_edukacyjna_cala_polska_czyta_dzieciom_akademia_szczesliwego_dziecinstwa_2013_MG_0375-100x85.jpg 100w, https:\/\/pbp.womczest.edu.pl\/new\/wp-content\/uploads\/2014\/01\/dzialalnosc_edukacyjna_cala_polska_czyta_dzieciom_akademia_szczesliwego_dziecinstwa_2013_MG_0375-150x127.jpg 150w, https:\/\/pbp.womczest.edu.pl\/new\/wp-content\/uploads\/2014\/01\/dzialalnosc_edukacyjna_cala_polska_czyta_dzieciom_akademia_szczesliwego_dziecinstwa_2013_MG_0375-200x169.jpg 200w, https:\/\/pbp.womczest.edu.pl\/new\/wp-content\/uploads\/2014\/01\/dzialalnosc_edukacyjna_cala_polska_czyta_dzieciom_akademia_szczesliwego_dziecinstwa_2013_MG_0375-450x381.jpg 450w, https:\/\/pbp.womczest.edu.pl\/new\/wp-content\/uploads\/2014\/01\/dzialalnosc_edukacyjna_cala_polska_czyta_dzieciom_akademia_szczesliwego_dziecinstwa_2013_MG_0375-600x508.jpg 600w\" sizes=\"(max-width: 709px) 100vw, 709px\" \/><\/a><p id=\"caption-attachment-1734\" class=\"wp-caption-text\">Rozpocz\u0119cie konferencji przez pani\u0105 wicedyrektor RODN \u201eWOM\u201d ds. bibliotek Renat\u0119 Lipniewsk\u0105<\/p><\/div>\n<p>Rosn\u0105cy wp\u0142yw urz\u0105dze\u0144 telekomunikacyjnych i cyberprzestrzeni na rozw\u00f3j dziecka, jego mentalno\u015b\u0107 i postaw\u0119 budzi zar\u00f3wno nadzieje, jak i niepok\u00f3j. Problem ten sta\u0142 si\u0119 pretekstem do zorganizowania w ramach OG\u00d3LNOPOLSKIEJ KAMPANII SPO\u0141ECZNEJ CA\u0141A POLSKA CZYTA DZIECIOM kolejnej ju\u017c Akademii Szcz\u0119\u015bliwego Dzieci\u0144stwa.<\/p>\n<p>Konferencja pod has\u0142em <em>Dziecko w \u015bwiecie medi\u00f3w<\/em> odby\u0142a si\u0119 27 listopada 2013 r. w Regionalnym O\u015brodku Doskonalenia Nauczycieli \u201eWOM\u201d, a jej organizatorem by\u0142a Publiczna Biblioteka Pedagogiczna RODN \u201eWOM\u201d w Cz\u0119stochowie. Konferencja skierowana by\u0142a do nauczycieli dzieci w wieku przedszkolnym i wczesnoszkolnym, rodzic\u00f3w oraz nauczycieli bibliotekarzy. Udzia\u0142 w\u00a0niej wzi\u0119\u0142o 38 os\u00f3b.<\/p>\n<div id=\"attachment_1736\" style=\"width: 160px\" class=\"wp-caption alignright\"><a href=\"https:\/\/pbp.womczest.edu.pl\/new\/wp-content\/uploads\/2014\/01\/dzialalnosc_edukacyjna_cala_polska_czyta_dzieciom_akademia_szczesliwego_dziecinstwa_2013_MG_0395.JPG\" target=\"_blank\" rel=\"noopener noreferrer\"><img aria-describedby=\"caption-attachment-1736\" decoding=\"async\" class=\"caption alignright size-full wp-image-1736\" style=\"float: right;\" title=\"Pani dr Edyta Skoczylas-Krotla\" src=\"https:\/\/pbp.womczest.edu.pl\/new\/wp-content\/uploads\/2014\/01\/dzialalnosc_edukacyjna_cala_polska_czyta_dzieciom_akademia_szczesliwego_dziecinstwa_2013_MG_0395.JPG\" alt=\"\" width=\"150\" border=\"0\" srcset=\"https:\/\/pbp.womczest.edu.pl\/new\/wp-content\/uploads\/2014\/01\/dzialalnosc_edukacyjna_cala_polska_czyta_dzieciom_akademia_szczesliwego_dziecinstwa_2013_MG_0395.JPG 709w, https:\/\/pbp.womczest.edu.pl\/new\/wp-content\/uploads\/2014\/01\/dzialalnosc_edukacyjna_cala_polska_czyta_dzieciom_akademia_szczesliwego_dziecinstwa_2013_MG_0395-300x254.jpg 300w, https:\/\/pbp.womczest.edu.pl\/new\/wp-content\/uploads\/2014\/01\/dzialalnosc_edukacyjna_cala_polska_czyta_dzieciom_akademia_szczesliwego_dziecinstwa_2013_MG_0395-100x85.jpg 100w, https:\/\/pbp.womczest.edu.pl\/new\/wp-content\/uploads\/2014\/01\/dzialalnosc_edukacyjna_cala_polska_czyta_dzieciom_akademia_szczesliwego_dziecinstwa_2013_MG_0395-150x127.jpg 150w, https:\/\/pbp.womczest.edu.pl\/new\/wp-content\/uploads\/2014\/01\/dzialalnosc_edukacyjna_cala_polska_czyta_dzieciom_akademia_szczesliwego_dziecinstwa_2013_MG_0395-200x169.jpg 200w, https:\/\/pbp.womczest.edu.pl\/new\/wp-content\/uploads\/2014\/01\/dzialalnosc_edukacyjna_cala_polska_czyta_dzieciom_akademia_szczesliwego_dziecinstwa_2013_MG_0395-450x381.jpg 450w, https:\/\/pbp.womczest.edu.pl\/new\/wp-content\/uploads\/2014\/01\/dzialalnosc_edukacyjna_cala_polska_czyta_dzieciom_akademia_szczesliwego_dziecinstwa_2013_MG_0395-600x508.jpg 600w\" sizes=\"(max-width: 709px) 100vw, 709px\" \/><\/a><p id=\"caption-attachment-1736\" class=\"wp-caption-text\">Pani dr Edyta Skoczylas-Krotla<\/p><\/div>\n<p>Uczestnik\u00f3w konferencji przywita\u0142a Pani Renata Lipniewska, wicedyrektor RODN \u201eWOM\u201d ds. bibliotek pedagogicznych w Cz\u0119stochowie.<\/p>\n<p>Jako pierwsza g\u0142os zabra\u0142a Pani Katarzyna Wilk, nauczyciel konsultant Regionalnego O\u015brodka Doskonalenia Nauczycieli \u201eWOM\u201d w Cz\u0119stochowie, kt\u00f3ra wyg\u0142osi\u0142a referat na temat <em>Bezpiecze\u0144stwo dziecka w sieci. <\/em>W swoim wyst\u0105pieniu Pani Wilk podkre\u015bli\u0142a, \u017ce wsp\u00f3\u0142czesne media s\u0105 nie tylko czynnikiem cywilizacyjnego post\u0119pu, lecz tak\u017ce \u017ar\u00f3d\u0142em sugestywnych przekaz\u00f3w nasyconych agresj\u0105 i\u00a0przemoc\u0105. Media mog\u0105 wi\u0119c mie\u0107 destrukcyjny wp\u0142yw na proces wychowania i socjalizacji dzieci oraz na powstawanie r\u00f3\u017cnorakich zaburze\u0144 rozwoju i zachowania.<\/p>\n<p>Kolejny punkt konferencji by\u0142 po\u015bwi\u0119cony czasopismom dla dzieci. Prelegentka Pani dr Edyta Skoczylas-Krotla, pracownik naukowy Instytutu Edukacji Przedszkolnej i Szkolnej Akademii im. Jana D\u0142ugosza w\u00a0Cz\u0119stochowie, w swoim referacie pt. <em>Czasopisma dla dzieci \u2013 warte polecenia<\/em> om\u00f3wi\u0142a kilka czasopism dzieci\u0119cych, kt\u00f3re zawieraj\u0105 tre\u015bci warto\u015bciowe zar\u00f3wno dla dzieci, jak i dla doros\u0142ych. Mog\u0105 one stanowi\u0107 doskona\u0142\u0105 alternatyw\u0119 dla telewizji i Internetu w organizowaniu dzieciom czasu wolnego.<\/p>\n<div id=\"attachment_1735\" style=\"width: 160px\" class=\"wp-caption alignleft\"><a href=\"https:\/\/pbp.womczest.edu.pl\/new\/wp-content\/uploads\/2014\/01\/dzialalnosc_edukacyjna_cala_polska_czyta_dzieciom_akademia_szczesliwego_dziecinstwa_2013_MG_0384.JPG\" target=\"_blank\" rel=\"noopener noreferrer\"><img aria-describedby=\"caption-attachment-1735\" decoding=\"async\" class=\"caption alignleft size-full wp-image-1735\" style=\"float: left;\" title=\"Wyst\u0105pienie pani Katarzyny Wilk\" src=\"https:\/\/pbp.womczest.edu.pl\/new\/wp-content\/uploads\/2014\/01\/dzialalnosc_edukacyjna_cala_polska_czyta_dzieciom_akademia_szczesliwego_dziecinstwa_2013_MG_0384.JPG\" alt=\"\" width=\"150\" border=\"0\" srcset=\"https:\/\/pbp.womczest.edu.pl\/new\/wp-content\/uploads\/2014\/01\/dzialalnosc_edukacyjna_cala_polska_czyta_dzieciom_akademia_szczesliwego_dziecinstwa_2013_MG_0384.JPG 709w, https:\/\/pbp.womczest.edu.pl\/new\/wp-content\/uploads\/2014\/01\/dzialalnosc_edukacyjna_cala_polska_czyta_dzieciom_akademia_szczesliwego_dziecinstwa_2013_MG_0384-300x254.jpg 300w, https:\/\/pbp.womczest.edu.pl\/new\/wp-content\/uploads\/2014\/01\/dzialalnosc_edukacyjna_cala_polska_czyta_dzieciom_akademia_szczesliwego_dziecinstwa_2013_MG_0384-100x85.jpg 100w, https:\/\/pbp.womczest.edu.pl\/new\/wp-content\/uploads\/2014\/01\/dzialalnosc_edukacyjna_cala_polska_czyta_dzieciom_akademia_szczesliwego_dziecinstwa_2013_MG_0384-150x127.jpg 150w, https:\/\/pbp.womczest.edu.pl\/new\/wp-content\/uploads\/2014\/01\/dzialalnosc_edukacyjna_cala_polska_czyta_dzieciom_akademia_szczesliwego_dziecinstwa_2013_MG_0384-200x169.jpg 200w, https:\/\/pbp.womczest.edu.pl\/new\/wp-content\/uploads\/2014\/01\/dzialalnosc_edukacyjna_cala_polska_czyta_dzieciom_akademia_szczesliwego_dziecinstwa_2013_MG_0384-450x381.jpg 450w, https:\/\/pbp.womczest.edu.pl\/new\/wp-content\/uploads\/2014\/01\/dzialalnosc_edukacyjna_cala_polska_czyta_dzieciom_akademia_szczesliwego_dziecinstwa_2013_MG_0384-600x508.jpg 600w\" sizes=\"(max-width: 709px) 100vw, 709px\" \/><\/a><p id=\"caption-attachment-1735\" class=\"wp-caption-text\">Wyst\u0105pienie pani Katarzyny Wilk<\/p><\/div>\n<p>Tematem kolejnego wyst\u0105pienia by\u0142 <em>Rozw\u00f3j medi\u00f3w i ich wp\u0142yw na relacje rodzina\u2013dziecko<\/em>. Pani Anna Hiller \u2013 organizator konferencji i nauczyciel bibliotekarz zwr\u00f3ci\u0142a uwag\u0119 na to, \u017ce w dobie dynamicznego rozwoju medi\u00f3w oraz p\u0142yn\u0105cych z nich zagro\u017ce\u0144 wyzwaniem dla rodzic\u00f3w i nauczycieli powinno by\u0107 kszta\u0142towanie w\u0142a\u015bciwych postaw oraz umiej\u0119tno\u015bci korzystania przez dziecko z przekaz\u00f3w medialnych.<\/p>\n<p>M\u0142odszy aspirant Tomasz P\u0105czkowski, instruktor Zak\u0142adu S\u0142u\u017cby Kryminalnej Szko\u0142y Policji w Katowicach wyg\u0142osi\u0142 referat na temat <em>Cyberprzemoc okiem policjanta.<\/em> M\u00f3wi\u0142 o prawnych aspektach walki z\u00a0cyberprzemoc\u0105 i o zasadach reagowania szko\u0142y na jej przejawy w zachowaniach uczni\u00f3w. Dzieci coraz lepiej pos\u0142uguj\u0105 si\u0119 urz\u0105dzeniami multimedialnymi i posiadaj\u0105 ich coraz wi\u0119cej. Z du\u017cym prawdopodobie\u0144stwem mo\u017cna za\u0142o\u017cy\u0107, \u017ce na rynku b\u0119d\u0105 pojawia\u0142y si\u0119 coraz to nowsze urz\u0105dzenia, adresowane nawet do najm\u0142odszych. Dlatego wa\u017cne jest, by uczy\u0107 dzieci, jak umiej\u0119tnie korzysta\u0107 z\u00a0nowych technologii, nie krzywdz\u0105c innych u\u017cytkownik\u00f3w cyberprzestrzeni.<\/p>\n<div id=\"attachment_1737\" style=\"width: 160px\" class=\"wp-caption alignright\"><a href=\"https:\/\/pbp.womczest.edu.pl\/new\/wp-content\/uploads\/2014\/01\/dzialalnosc_edukacyjna_cala_polska_czyta_dzieciom_akademia_szczesliwego_dziecinstwa_2013_MG_0405.JPG\" target=\"_blank\" rel=\"noopener noreferrer\"><img aria-describedby=\"caption-attachment-1737\" decoding=\"async\" class=\"caption alignleft size-full wp-image-1737\" style=\"float: left;\" title=\"Cyberprzemoc okiem policjanta \u2013 pan Tomasz P\u0105czkowski\" src=\"https:\/\/pbp.womczest.edu.pl\/new\/wp-content\/uploads\/2014\/01\/dzialalnosc_edukacyjna_cala_polska_czyta_dzieciom_akademia_szczesliwego_dziecinstwa_2013_MG_0405.JPG\" alt=\"\" width=\"150\" border=\"0\" srcset=\"https:\/\/pbp.womczest.edu.pl\/new\/wp-content\/uploads\/2014\/01\/dzialalnosc_edukacyjna_cala_polska_czyta_dzieciom_akademia_szczesliwego_dziecinstwa_2013_MG_0405.JPG 709w, https:\/\/pbp.womczest.edu.pl\/new\/wp-content\/uploads\/2014\/01\/dzialalnosc_edukacyjna_cala_polska_czyta_dzieciom_akademia_szczesliwego_dziecinstwa_2013_MG_0405-300x254.jpg 300w, https:\/\/pbp.womczest.edu.pl\/new\/wp-content\/uploads\/2014\/01\/dzialalnosc_edukacyjna_cala_polska_czyta_dzieciom_akademia_szczesliwego_dziecinstwa_2013_MG_0405-100x85.jpg 100w, https:\/\/pbp.womczest.edu.pl\/new\/wp-content\/uploads\/2014\/01\/dzialalnosc_edukacyjna_cala_polska_czyta_dzieciom_akademia_szczesliwego_dziecinstwa_2013_MG_0405-150x127.jpg 150w, https:\/\/pbp.womczest.edu.pl\/new\/wp-content\/uploads\/2014\/01\/dzialalnosc_edukacyjna_cala_polska_czyta_dzieciom_akademia_szczesliwego_dziecinstwa_2013_MG_0405-200x169.jpg 200w, https:\/\/pbp.womczest.edu.pl\/new\/wp-content\/uploads\/2014\/01\/dzialalnosc_edukacyjna_cala_polska_czyta_dzieciom_akademia_szczesliwego_dziecinstwa_2013_MG_0405-450x381.jpg 450w, https:\/\/pbp.womczest.edu.pl\/new\/wp-content\/uploads\/2014\/01\/dzialalnosc_edukacyjna_cala_polska_czyta_dzieciom_akademia_szczesliwego_dziecinstwa_2013_MG_0405-600x508.jpg 600w\" sizes=\"(max-width: 709px) 100vw, 709px\" \/><\/a><p id=\"caption-attachment-1737\" class=\"wp-caption-text\">Cyberprzemoc okiem policjanta \u2013 pan Tomasz P\u0105czkowski<\/p><\/div>\n<p>Temat ostatniego wyst\u0105pienia to: <em>Dziecko i reklama, dziecko w reklamie. <\/em>Pani Anna D\u0105browska, nauczyciel bibliotekarz Publicznej Biblioteki Pedagogicznej RODN \u201eWOM\u201d w\u00a0Cz\u0119stochowie, podnios\u0142a problem manipulowania dzieckiem w\u00a0przekazach reklamowych, jak r\u00f3wnie\u017c wp\u0142ywu reklamy na umys\u0142 dziecka. Ze wzgl\u0119du na to, \u017ce najm\u0142odsi wierz\u0105 bezkrytycznie w podsuwany im obraz rzeczywisto\u015bci i zarazem wywieraj\u0105 ogromny wp\u0142yw na wybory konsumenckie rodzic\u00f3w, stanowi\u0105 atrakcyjn\u0105 grup\u0119 docelow\u0105 dla reklamodawc\u00f3w. Zadaniem nauczycieli i rodzic\u00f3w jest kszta\u0142towanie w dziecku postawy \u015bwiadomego konsumenta, kt\u00f3ry musi umie\u0107 postawi\u0107 sobie pytanie: Mie\u0107 czy by\u0107?<\/p>\n<p>Konferencj\u0119 podsumowa\u0142a Pani Renata Lipniewska, zwracaj\u0105c uwag\u0119 na niebezpiecze\u0144stwa, jakie niesie ze sob\u0105 wykorzystywanie nowoczesnych technologii. Zach\u0119ci\u0142a do wsp\u00f3lnego sp\u0119dzania czasu z dzie\u0107mi bez udzia\u0142u medi\u00f3w oraz rozs\u0105dnego wykorzystywania cyberprzestrzeni.<\/p>\n<p style=\"text-align: right;\"><em>Anna D\u0105browska<br \/>\nFot. Mariusz Trenda<\/em><\/p>\n<p><em><strong>Materia\u0142y do pobrania:<\/strong><\/em><\/p>\n<ul>\n<li><a href=\"https:\/\/pbp.womczest.edu.pl\/new\/wp-content\/uploads\/2014\/01\/zestawienia_bibliograficzne_reklama.pdf\" target=\"_blank\" rel=\"noopener noreferrer\">\u201eReklama\u201d \u2013 zestawienie bibliograficzne<\/a><\/li>\n<\/ul>\n","protected":false},"excerpt":{"rendered":"<p>Rosn\u0105cy wp\u0142yw urz\u0105dze\u0144 telekomunikacyjnych i cyberprzestrzeni na rozw\u00f3j dziecka, jego mentalno\u015b\u0107 i postaw\u0119 budzi zar\u00f3wno nadzieje, jak i niepok\u00f3j. Problem ten sta\u0142 si\u0119 pretekstem do zorganizowania w ramach OG\u00d3LNOPOLSKIEJ KAMPANII SPO\u0141ECZNEJ CA\u0141A POLSKA CZYTA DZIECIOM kolejnej ju\u017c Akademii Szcz\u0119\u015bliwego Dzieci\u0144stwa. Konferencja pod has\u0142em Dziecko w \u015bwiecie medi\u00f3w odby\u0142a si\u0119 27 listopada 2013 r. w Regionalnym O\u015brodku Doskonalenia Nauczycieli \u201eWOM\u201d, a jej organizatorem by\u0142a Publiczna Biblioteka Pedagogiczna RODN \u201eWOM\u201d w Cz\u0119stochowie.<span class=\"ellipsis\">&hellip;<\/span><\/p>\n<div class=\"read-more\"><a href=\"https:\/\/pbp.womczest.edu.pl\/new\/edukacja\/cala-polska-czyta-dzieciom\/cpcd-konferencje\/akademia-szczesliwego-dziecinstwa-dziecko-w-swiecie-mediow\/\">Czytaj wi\u0119cej &#8250;<\/a><\/div>\n<p><!-- end of .read-more --><\/p>\n","protected":false},"author":3,"featured_media":0,"parent":4033,"menu_order":0,"comment_status":"closed","ping_status":"open","template":"","meta":{"footnotes":""},"jetpack_sharing_enabled":true,"jetpack_shortlink":"https:\/\/wp.me\/PgmV4H-13c","_links":{"self":[{"href":"https:\/\/pbp.womczest.edu.pl\/new\/wp-json\/wp\/v2\/pages\/4042"}],"collection":[{"href":"https:\/\/pbp.womczest.edu.pl\/new\/wp-json\/wp\/v2\/pages"}],"about":[{"href":"https:\/\/pbp.womczest.edu.pl\/new\/wp-json\/wp\/v2\/types\/page"}],"author":[{"embeddable":true,"href":"https:\/\/pbp.womczest.edu.pl\/new\/wp-json\/wp\/v2\/users\/3"}],"replies":[{"embeddable":true,"href":"https:\/\/pbp.womczest.edu.pl\/new\/wp-json\/wp\/v2\/comments?post=4042"}],"version-history":[{"count":2,"href":"https:\/\/pbp.womczest.edu.pl\/new\/wp-json\/wp\/v2\/pages\/4042\/revisions"}],"predecessor-version":[{"id":9787,"href":"https:\/\/pbp.womczest.edu.pl\/new\/wp-json\/wp\/v2\/pages\/4042\/revisions\/9787"}],"up":[{"embeddable":true,"href":"https:\/\/pbp.womczest.edu.pl\/new\/wp-json\/wp\/v2\/pages\/4033"}],"wp:attachment":[{"href":"https:\/\/pbp.womczest.edu.pl\/new\/wp-json\/wp\/v2\/media?parent=4042"}],"curies":[{"name":"wp","href":"https:\/\/api.w.org\/{rel}","templated":true}]}}