


{"id":3989,"date":"2015-05-18T14:56:28","date_gmt":"2015-05-18T12:56:28","guid":{"rendered":"https:\/\/pbp.womczest.edu.pl\/new\/?page_id=3989"},"modified":"2015-05-18T14:57:50","modified_gmt":"2015-05-18T12:57:50","slug":"bezpieczenstwo-w-internecie-zestawienia-bibliograficzne","status":"publish","type":"page","link":"https:\/\/pbp.womczest.edu.pl\/new\/edukacja\/bezpieczenstwo-w-internecie\/bezpieczenstwo-w-internecie-zestawienia-bibliograficzne\/","title":{"rendered":"Bezpiecze\u0144stwo w Internecie \u2013 zestawienia bibliograficzne"},"content":{"rendered":"<hr \/>\n<ul>\n<li><a href=\"https:\/\/pbp.womczest.edu.pl\/images\/stories\/dla_nauczycieli\/bezpieczenstwo_w_sieci\/zagrozenia_w_zyciu_dzieci_mlodziezy.pdf\" target=\"_blank\">Zagro\u017cenia w \u017cyciu dzieci i m\u0142odzie\u017cy<\/a><\/li>\n<li><a href=\"https:\/\/pbp.womczest.edu.pl\/images\/stories\/dla_nauczycieli\/bezpieczenstwo_w_sieci\/cyberprzemoc.pdf\" target=\"_blank\">Cyberprzemoc \u2013 zagro\u017cenia w sieci Internet<\/a><\/li>\n<li><a href=\"https:\/\/pbp.womczest.edu.pl\/images\/stories\/dla_nauczycieli\/bezpieczenstwo_w_sieci\/uzaleznienie_od_komputera.pdf\" target=\"_blank\">Uzale\u017cnienie od komputera, gier komputerowych i Internetu (dataholizm, infoholizm, siecioholizm)<\/a><\/li>\n<\/ul>\n","protected":false},"excerpt":{"rendered":"<p>Zagro\u017cenia w \u017cyciu dzieci i m\u0142odzie\u017cy Cyberprzemoc \u2013 zagro\u017cenia w sieci Internet Uzale\u017cnienie od komputera, gier komputerowych i Internetu (dataholizm, infoholizm, siecioholizm)<\/p>\n","protected":false},"author":3,"featured_media":0,"parent":2645,"menu_order":0,"comment_status":"closed","ping_status":"open","template":"","meta":{"footnotes":""},"jetpack_sharing_enabled":true,"jetpack_shortlink":"https:\/\/wp.me\/PgmV4H-12l","_links":{"self":[{"href":"https:\/\/pbp.womczest.edu.pl\/new\/wp-json\/wp\/v2\/pages\/3989"}],"collection":[{"href":"https:\/\/pbp.womczest.edu.pl\/new\/wp-json\/wp\/v2\/pages"}],"about":[{"href":"https:\/\/pbp.womczest.edu.pl\/new\/wp-json\/wp\/v2\/types\/page"}],"author":[{"embeddable":true,"href":"https:\/\/pbp.womczest.edu.pl\/new\/wp-json\/wp\/v2\/users\/3"}],"replies":[{"embeddable":true,"href":"https:\/\/pbp.womczest.edu.pl\/new\/wp-json\/wp\/v2\/comments?post=3989"}],"version-history":[{"count":3,"href":"https:\/\/pbp.womczest.edu.pl\/new\/wp-json\/wp\/v2\/pages\/3989\/revisions"}],"predecessor-version":[{"id":3993,"href":"https:\/\/pbp.womczest.edu.pl\/new\/wp-json\/wp\/v2\/pages\/3989\/revisions\/3993"}],"up":[{"embeddable":true,"href":"https:\/\/pbp.womczest.edu.pl\/new\/wp-json\/wp\/v2\/pages\/2645"}],"wp:attachment":[{"href":"https:\/\/pbp.womczest.edu.pl\/new\/wp-json\/wp\/v2\/media?parent=3989"}],"curies":[{"name":"wp","href":"https:\/\/api.w.org\/{rel}","templated":true}]}}