


{"id":3979,"date":"2015-05-18T14:43:31","date_gmt":"2015-05-18T12:43:31","guid":{"rendered":"https:\/\/pbp.womczest.edu.pl\/new\/?page_id=3979"},"modified":"2015-05-18T14:44:11","modified_gmt":"2015-05-18T12:44:11","slug":"3979-2","status":"publish","type":"page","link":"https:\/\/pbp.womczest.edu.pl\/new\/edukacja\/projekty-edukacyjne\/projekt-edukacyjny-basniowy-pociag-do-europy\/3979-2\/","title":{"rendered":"Ba\u015bniowy poci\u0105g do Europy 2011\/2012 \u2013 Sprawozdanie"},"content":{"rendered":"<hr \/>\n<p>9 maja 2012 roku w Auli Forum Regionalnego O\u015brodka Doskonalenia Nauczycieli w Cz\u0119stochowie mia\u0142o miejsce uroczyste zako\u0144czenie projektu edukacyjnego Ba\u015bniowy poci\u0105g do Europy. Autorkami projektu by\u0142y Anna Hiller, Anna D\u0105browska, Jolanta Janicka i Izabela Bajor z Publicznej Biblioteki Pedagogicznej RODN \u201eWOM\u201d w Cz\u0119stochowie.<\/p>\n<p>Projekt skierowany by\u0142 do uczni\u00f3w klas trzecich szk\u00f3\u0142 podstawowych. Biblioteka zaprosi\u0142a do udzia\u0142u w nim uczni\u00f3w ze Szko\u0142y Podstawowej nr 33 w Cz\u0119stochowie i Szko\u0142y Podstawowej nr 49 w Cz\u0119stochowie. \u0141\u0105cznie w projekcie bra\u0142o udzia\u0142 96 uczni\u00f3w. W realizacj\u0119 projektu w\u0142\u0105czyli si\u0119 wychowawcy poszczeg\u00f3lnych klas \u2013 Renata \u0141apeta, Zdzis\u0142awa Kami\u0144ska i Aneta Klu\u017aniak-Buchaniec ze Szko\u0142y Podstawowej nr 33 oraz Iwona Kasprzak i Renata Konodyba ze Szko\u0142y Podstawowej nr 49.<br \/>\nPatronat nad projektem obj\u0119\u0142o Regionalne Centrum Informacji Europejskiej, opiek\u0105 merytoryczn\u0105 natomiast otoczy\u0142 Instytut Edukacji Przedszkolnej i Wczesnoszkolnej Akademii im. Jana D\u0142ugosza w Cz\u0119stochowie.<br \/>\nCelem projektu by\u0142o zapoznanie uczni\u00f3w z poj\u0119ciem Unii Europejskiej, przybli\u017cenie symboli narodowych kraj\u00f3w cz\u0142onkowskich oraz ich kultury i tradycji poprzez bajki, legendy i ba\u015bnie. W wielomiesi\u0119cznej podr\u00f3\u017cy po wszystkich krajach Unii Europejskiej, uczniowie poznali ka\u017cde pa\u0144stwo, ale przede wszystkim poznali ba\u015bnie, legendy i bajki, kt\u00f3rych ch\u0119tnie s\u0142uchaj\u0105 ich r\u00f3wie\u015bnicy w swoich ojczystych krajach.<br \/>\nZaj\u0119cia z uczniami poprowadzi\u0142y autorki projektu, wychowawcy klas<br \/>\noraz studentki III roku Instytutu Edukacji Przedszkolnej i Wczesnoszkolnej Akademii im. Jana D\u0142ugosza w Cz\u0119stochowie pod opiek\u0105 dr Edyty Skoczylas-Krotli.<br \/>\nNa pierwszym, inauguracyjnym spotkaniu uczestnikom projektu przekazano podstawowe informacje dotycz\u0105ce zasad funkcjonowania Unii Europejskiej, kt\u00f3rej symbolem w projekcie sta\u0142a si\u0119 lokomotywa. Do ba\u015bniowej lokomotywy do\u0142\u0105czy\u0142 pierwszy wagonik \u2013 Polska. Dzieci wykaza\u0142y si\u0119 znajomo\u015bci\u0105 ojczystego kraju i symboli narodowych.<br \/>\nKolejne zaj\u0119cia odbywa\u0142y si\u0119 w szko\u0142ach, uczniowie do swoich szkolnych lokomotyw do\u0142\u0105czali kolejne wagoniki wype\u0142nione ciekawostkami i pi\u0119knymi ba\u015bniami z poszczeg\u00f3lnych kraj\u00f3w. 19 kwietnia 2012 odby\u0142o si\u0119 r\u00f3wnie\u017c spotkanie w Regionalnym Centrum Informacji Europejskiej, podczas kt\u00f3rego studentki przybli\u017cy\u0142y uczestnikom ostatni kraj \u2013 \u0141otw\u0119 i zaprezentowa\u0142y pi\u0119kn\u0105, pouczaj\u0105c\u0105 ba\u015b\u0144 p.t. Jak go\u0142\u0105b wi\u0142 sobie gniazdo. Pani Justyna Fortunka, pracownica Centrum, przedstawi\u0142a uczniom g\u0142\u00f3wne cele i za\u0142o\u017cenia Unii Europejskiej co by\u0142o podsumowaniem wszystkich dotychczasowych informacji dotycz\u0105cych kraj\u00f3w cz\u0142onkowskich.<\/p>\n<p>9 maja 2012 r. podczas uroczystego zako\u0144czenia ka\u017cda z klas zaprezentowa\u0142a kraj wylosowany na pierwszym spotkaniu. By\u0142y to bardzo ciekawe i pomys\u0142owe prezentacje. Ze wzgl\u0119du na to, \u017ce ka\u017cda z nich by\u0142a atrakcyjna uznano jednog\u0142o\u015bnie, i\u017c wszystkie klasy zaj\u0119\u0142y ex equo zaszczytne pierwsze miejsce w tym zmaganiu.<\/p>\n<p>Klasa III a ze SP 49 prezentowa\u0142a Austri\u0119 i tanecznym krokiem wprowadzi\u0142a nas w zaczarowany kraj wiede\u0144skiego walca, pysznej kawy i czekoladowego tortu Sachera.<\/p>\n<p>Natomiast klasa III b ze SP 49 prezentowa\u0142a S\u0142owacj\u0119 \u2013 kraj dobrodusznego i szlachetnego rozb\u00f3jnika Janosika, od\u015bpiewa\u0142a kilka piosenek w j\u0119zyku s\u0142owackim.<\/p>\n<p>Klasa III b ze SP 33 w przebojowy i humorystyczny spos\u00f3b zaprezentowa\u0142a W\u0142ochy \u2013 stolic\u0119 mody, muzyki i sportu.<\/p>\n<p>Nast\u0119pnie klasa III c ze SP 33 przenios\u0142a nas w czasy staro\u017cytnej Grecji i przypomnia\u0142a o tym, \u017ce to Grecy byli tw\u00f3rcami olimpiad sportowych.<\/p>\n<p>Ostatni\u0105 by\u0142a klasa III a ze SP 33, kt\u00f3ra przedstawi\u0142a galeri\u0119 s\u0142awnych postaci pochodz\u0105cych z Niemiec, maj\u0105cych wp\u0142yw na rozw\u00f3j ca\u0142ej Europy a nawet \u015bwiata.<\/p>\n<p>Po prezentacjach odby\u0142 si\u0119 turniej klas o Ba\u015bniowy Paszport M\u0142odego Europejczyka przygotowany i przeprowadzony przez pani\u0105 Mart\u0119 Ma\u0142ek, pracownika Biblioteki Pedagogicznej. Uczniowie musieli odpowiedzie\u0107 na 20 pyta\u0144 o r\u00f3\u017cnym stopniu trudno\u015bci. Do konkursu z ka\u017cdej klasy zosta\u0142 oddelegowany trzyosobowy zesp\u00f3\u0142. Ka\u017cdy z nich wykaza\u0142 si\u0119 znakomit\u0105 wiedz\u0105 i refleksem. Komisja konkursowa, po podsumowaniu punkt\u00f3w wy\u0142oni\u0142a zwyci\u0119sk\u0105 dru\u017cyn\u0119. Turniej wygra\u0142a klasa III b ze Szko\u0142y Podstawowej nr 49 reprezentowana przez: Joann\u0119 Sepio\u0142o, Jakuba Pili\u0144skiego i Daniela Zycha. Zwyci\u0119zcom serdecznie gratulujemy.<\/p>\n<p>Dzi\u0119kujemy wszystkim uczniom za wytrwa\u0142o\u015b\u0107 i zaanga\u017cowanie w ca\u0142ym projekcie. Z dum\u0105 i satysfakcj\u0105 stwierdzamy, \u017ce cele projektu zosta\u0142y zrealizowane, a turniej by\u0142 tego potwierdzeniem, bowiem ka\u017cda z klas niemal bezb\u0142\u0119dnie odpowiedzia\u0142a na wi\u0119kszo\u015b\u0107 pyta\u0144. R\u00f3\u017cnica punktowa mi\u0119dzy poszczeg\u00f3lnymi dru\u017cynami by\u0142a niewielka. Wszyscy uczniowie na pami\u0105tk\u0119 spotka\u0144 otrzymali podr\u0119cznik o Unii Europejskiej z ciekawymi zagadkami i grami. Wychowawcy klas opr\u00f3cz podzi\u0119kowa\u0144 otrzymali r\u00f3wnie\u017c pakiety edukacyjne, kt\u00f3re z pewno\u015bci\u0105 pos\u0142u\u017c\u0105 do tworzenia jeszcze ciekawszych zaj\u0119\u0107 dla uczni\u00f3w. Upominki dla zwyci\u0119zc\u00f3w, ksi\u0105\u017cki i broszury dla wszystkich uczestnik\u00f3w projektu oraz wszelkie materia\u0142y metodyczne ufundowa\u0142o Regionalne Centrum Informacji Europejskiej, za co serdecznie dzi\u0119kujemy.<\/p>\n<p>By\u0142a to podr\u00f3\u017c d\u0142uga i wyczerpuj\u0105ca, jednak\u017ce satysfakcjonuj\u0105ca i radosna. Interesuj\u0105ce zaj\u0119cia, aktywno\u015b\u0107 uczni\u00f3w i zaanga\u017cowanie prowadz\u0105cych lekcje sprawi\u0142y, \u017ce praca nad projektem up\u0142ywa\u0142a w przyjaznej atmosferze.<\/p>\n","protected":false},"excerpt":{"rendered":"<p>9 maja 2012 roku w Auli Forum Regionalnego O\u015brodka Doskonalenia Nauczycieli w Cz\u0119stochowie mia\u0142o miejsce uroczyste zako\u0144czenie projektu edukacyjnego Ba\u015bniowy poci\u0105g do Europy. Autorkami projektu by\u0142y Anna Hiller, Anna D\u0105browska, Jolanta Janicka i Izabela Bajor z Publicznej Biblioteki Pedagogicznej RODN \u201eWOM\u201d w Cz\u0119stochowie. Projekt skierowany by\u0142 do uczni\u00f3w klas trzecich szk\u00f3\u0142 podstawowych. Biblioteka zaprosi\u0142a do udzia\u0142u w nim uczni\u00f3w ze Szko\u0142y Podstawowej nr 33 w Cz\u0119stochowie i Szko\u0142y Podstawowej nr<span class=\"ellipsis\">&hellip;<\/span><\/p>\n<div class=\"read-more\"><a href=\"https:\/\/pbp.womczest.edu.pl\/new\/edukacja\/projekty-edukacyjne\/projekt-edukacyjny-basniowy-pociag-do-europy\/3979-2\/\">Czytaj wi\u0119cej &#8250;<\/a><\/div>\n<p><!-- end of .read-more --><\/p>\n","protected":false},"author":3,"featured_media":0,"parent":3957,"menu_order":0,"comment_status":"closed","ping_status":"open","template":"","meta":{"footnotes":""},"jetpack_sharing_enabled":true,"jetpack_shortlink":"https:\/\/wp.me\/PgmV4H-12b","_links":{"self":[{"href":"https:\/\/pbp.womczest.edu.pl\/new\/wp-json\/wp\/v2\/pages\/3979"}],"collection":[{"href":"https:\/\/pbp.womczest.edu.pl\/new\/wp-json\/wp\/v2\/pages"}],"about":[{"href":"https:\/\/pbp.womczest.edu.pl\/new\/wp-json\/wp\/v2\/types\/page"}],"author":[{"embeddable":true,"href":"https:\/\/pbp.womczest.edu.pl\/new\/wp-json\/wp\/v2\/users\/3"}],"replies":[{"embeddable":true,"href":"https:\/\/pbp.womczest.edu.pl\/new\/wp-json\/wp\/v2\/comments?post=3979"}],"version-history":[{"count":2,"href":"https:\/\/pbp.womczest.edu.pl\/new\/wp-json\/wp\/v2\/pages\/3979\/revisions"}],"predecessor-version":[{"id":3982,"href":"https:\/\/pbp.womczest.edu.pl\/new\/wp-json\/wp\/v2\/pages\/3979\/revisions\/3982"}],"up":[{"embeddable":true,"href":"https:\/\/pbp.womczest.edu.pl\/new\/wp-json\/wp\/v2\/pages\/3957"}],"wp:attachment":[{"href":"https:\/\/pbp.womczest.edu.pl\/new\/wp-json\/wp\/v2\/media?parent=3979"}],"curies":[{"name":"wp","href":"https:\/\/api.w.org\/{rel}","templated":true}]}}