


{"id":3971,"date":"2015-05-18T14:37:08","date_gmt":"2015-05-18T12:37:08","guid":{"rendered":"https:\/\/pbp.womczest.edu.pl\/new\/?page_id=3971"},"modified":"2015-05-18T14:40:44","modified_gmt":"2015-05-18T12:40:44","slug":"basniowy-pociag-do-europy-20122013-sprawozdanie","status":"publish","type":"page","link":"https:\/\/pbp.womczest.edu.pl\/new\/edukacja\/projekty-edukacyjne\/projekt-edukacyjny-basniowy-pociag-do-europy\/basniowy-pociag-do-europy-20122013-sprawozdanie\/","title":{"rendered":"Ba\u015bniowy poci\u0105g do Europy 2012\/2013 \u2013 Sprawozdanie"},"content":{"rendered":"<hr \/>\n<p><a href=\"https:\/\/pbp.womczest.edu.pl\/images\/stories\/dzialalnosc_edukacyjna\/basniowy_pociag\/IMG_7796.JPG\" target=\"_blank\"><img decoding=\"async\" class=\"caption alignleft\" title=\"Turniej klas\" src=\"https:\/\/pbp.womczest.edu.pl\/images\/stories\/dzialalnosc_edukacyjna\/basniowy_pociag\/IMG_7796.JPG\" alt=\"\" width=\"200\" border=\"0\" \/><\/a>9 maja 2013 roku w Auli Forum Regionalnego O\u015brodka Doskonalenia Nauczycieli \u201eWOM\u201d w Cz\u0119stochowie odby\u0142o si\u0119 uroczyste zako\u0144czenie projektu edukacyjnego<em> Ba\u015bniowy poci\u0105g do Europy<\/em>. Autorkami projektu by\u0142y Anna Hiller, Anna D\u0105browska, Jolanta Janicka i Izabela Bajor \u2013 nauczyciele bibliotekarze Publicznej Biblioteki Pedagogicznej RODN \u201eWOM\u201d w Cz\u0119stochowie.<\/p>\n<p class=\"img_caption\">Turniej klas<\/p>\n<p>Patronat nad projektem obj\u0119\u0142o Regionalne Centrum Informacji Europejskiej w Cz\u0119stochowie, natomiast opiek\u0105 merytoryczn\u0105 otoczy\u0142 Instytut Edukacji Przedszkolnej i Wczesnoszkolnej Akademii im. Jana D\u0142ugosza w Cz\u0119stochowie.<\/p>\n<p>Projekt skierowany by\u0142 do nauczycieli i uczni\u00f3w klas trzecich szk\u00f3\u0142 podstawowych. Jego celem by\u0142o zapoznanie uczni\u00f3w z poj\u0119ciem Unii Europejskiej, przybli\u017cenie symboli narodowych kraj\u00f3w cz\u0142onkowskich oraz ich kultury i tradycji poprzez bajki, legendy i ba\u015bnie. W wielomiesi\u0119cznej podr\u00f3\u017cy po wszystkich krajach Unii Europejskiej, uczniowie poznali ka\u017cde pa\u0144stwo, ale przede wszystkim poznali ba\u015bnie, legendy i bajki, kt\u00f3rych ch\u0119tnie s\u0142uchaj\u0105 ich r\u00f3wie\u015bnicy w swoich ojczystych krajach.<\/p>\n<p>Biblioteka zaprosi\u0142a do udzia\u0142u w nim uczni\u00f3w ze Szko\u0142y Podstawowej nr 38 w Cz\u0119stochowie i Szko\u0142y Podstawowej nr 53 z\u00a0Oddzia\u0142ami Integracyjnymi w Cz\u0119stochowie. \u0141\u0105cznie w projekcie bra\u0142o udzia\u0142 116 uczni\u00f3w. W realizacj\u0119 projektu w\u0142\u0105czyli si\u0119 wychowawcy poszczeg\u00f3lnych klas \u2013 ze Szko\u0142y Podstawowej nr 38 \u2013 Anna W\u00f3jcik, Barbara Ca\u0142us, Patrycja Rogalska-Dymek i ze Szko\u0142y Podstawowej nr\u00a053 \u2013 Anna Dziubczyk, Maryla Dutkiewicz-Vogel, Dorota Mela, Ewa Szklarek.<br \/>\nZaj\u0119cia z uczniami poprowadzi\u0142y autorki projektu, wychowawcy klas oraz studentki III roku Instytutu Edukacji Przedszkolnej i\u00a0Wczesnoszkolnej Akademii im. Jana D\u0142ugosza w Cz\u0119stochowie pod opiek\u0105 dr Edyty Skoczylas-Krotli.<\/p>\n<p>Ponadto uczniowie sam<br \/>\n<a href=\"https:\/\/pbp.womczest.edu.pl\/images\/stories\/dzialalnosc_edukacyjna\/basniowy_pociag\/IMG_7931.JPG\" target=\"_blank\"><img decoding=\"async\" class=\"caption alignleft\" title=\"Zwyci\u0119ska dru\u017cyna\" src=\"https:\/\/pbp.womczest.edu.pl\/images\/stories\/dzialalnosc_edukacyjna\/basniowy_pociag\/IMG_7931.JPG\" alt=\"\" width=\"200\" border=\"0\" \/><\/a>Zwyci\u0119ska dru\u017cyna odzielnie pracowali na platformie e-learningowej.<br \/>\nPodczas realizacji projektu znalaz\u0142o si\u0119 r\u00f3wnie\u017c miejsce na integracyjne spotkania uczestnik\u00f3w. Uczniowie odwiedzali si\u0119 nawzajem w swoich szko\u0142ach. By\u0142 czas na wzajemne poznanie, wsp\u00f3ln\u0105 zabaw\u0119, zaj\u0119cia plastyczne, taneczne, j\u0119zykowe a nawet rozgrywki sportowe.<\/p>\n<p>Projekt zako\u0144czy\u0142 si\u0119 turniejem klas o <em>Ba\u015bniowy Paszport M\u0142odego Europejczyka. <\/em>Uczniowie musieli odpowiedzie\u0107 na 15 pyta\u0144 o r\u00f3\u017cnym stopniu trudno\u015bci. Z ka\u017cdej klasy do konkursu zosta\u0142 oddelegowany trzyosobowy zesp\u00f3\u0142. Ka\u017cdy z nich wykaza\u0142 si\u0119 znakomit\u0105 wiedz\u0105 i\u00a0refleksem. Komisja konkursowa, po podsumowaniu punkt\u00f3w wy\u0142oni\u0142a zwyci\u0119sk\u0105 dru\u017cyn\u0119. Turniej wygra\u0142a klasa III a ze Szko\u0142y Podstawowej nr 38 reprezentowana przez: Micha\u0142a Tro\u015bniaka, Mateusza Krysta i Stanis\u0142awa Karpi\u0144skiego. Zwyci\u0119zcom serdecznie gratulujemy.<\/p>\n<p><a href=\"https:\/\/pbp.womczest.edu.pl\/images\/stories\/dzialalnosc_edukacyjna\/basniowy_pociag\/IMG_7803.JPG\" target=\"_blank\"><img decoding=\"async\" class=\"caption alignleft\" title=\"Prezentacje pa\u0144stw\" src=\"https:\/\/pbp.womczest.edu.pl\/images\/stories\/dzialalnosc_edukacyjna\/basniowy_pociag\/IMG_7803.JPG\" alt=\"\" width=\"200\" border=\"0\" \/><\/a><\/p>\n<p class=\"img_caption\">Prezentacje pa\u0144stw<\/p>\n<p>Po zmaganiach konkursowych przyszed\u0142 czas na cze\u015b\u0107 artystyczn\u0105. Ka\u017cda z klas zaprezentowa\u0142a kraj, kt\u00f3ry wylosowa\u0142a na pierwszym spotkaniu.<\/p>\n<p>Klasa III b ze Szko\u0142y Podstawowej nr 38 przygotowa\u0142a humorystyczn\u0105 inscenizacj\u0119, przenios\u0142a nas w czasy staro\u017cytnej Grecji, ponadto zaprezentowa\u0142a taniec grecki- Zorb\u0119.<\/p>\n<p>Klasa III a ze Szko\u0142y Podstawowej nr 38 prezentowa\u0142a Hiszpani\u0119 i tanecznym krokiem wprowadzi\u0142a nas w zaczarowany \u015bwiat korridy, flamenco i pysznego \u015br\u00f3dziemnomorskiego jedzenia.<\/p>\n<p>Klasa III c ze Szko\u0142y Podstawowej nr 53 przybli\u017cy\u0142a tradycje kulturowe Holandii, w obrazowy spos\u00f3b przedstawiaj\u0105c kraj tulipan\u00f3w, wiatrak\u00f3w, rower\u00f3w i najs\u0142ynniejszych w \u015bwiecie ser\u00f3w. Degustacja ser\u00f3w odby\u0142a si\u0119 po prezentacji.<\/p>\n<p>Klasa III a ze Szko\u0142y Podstawowej nr 53 w kr\u00f3tkiej prezentacji multimedialnej pokaza\u0142a dorobek kulturowy naszych s\u0105siad\u00f3w \u2013 Czech\u00f3w. By\u0142y w niej ciekawe miejsca, zabytki kultury, charakterystyczne postaci jak dobry wojak Szwejk, Krecik czy dwaj przyjaciele z bajki <em>S\u0105siedzi.<\/em><\/p>\n<p>Klasa III e ze Szko\u0142y<\/p>\n<p><a href=\"https:\/\/pbp.womczest.edu.pl\/images\/stories\/dzialalnosc_edukacyjna\/basniowy_pociag\/IMG_7905.JPG\" target=\"_blank\"><img decoding=\"async\" class=\"caption alignleft\" title=\"Prezentacje pa\u0144stw\" src=\"https:\/\/pbp.womczest.edu.pl\/images\/stories\/dzialalnosc_edukacyjna\/basniowy_pociag\/IMG_7905.JPG\" alt=\"\" width=\"200\" border=\"0\" \/><\/a><\/p>\n<p class=\"img_caption\">Prezentacje pa\u0144stw<\/p>\n<p>Podstawowej nr 53 przenios\u0142a nas do Francji, wychwalaj\u0105c jej kultur\u0119, sztuk\u0119 oraz przypominaj\u0105c znane postaci z popularnych na ca\u0142ym \u015bwiecie bajek. Opowiedzia\u0142a r\u00f3wnie\u017c o kunszcie kulinarnym Francuz\u00f3w, a rozbudzone apetyty zaspokojone zosta\u0142y podczas degustacji r\u00f3\u017cnorodnych ciastek francuskich, specjalnie upieczonych na t\u0119 okazj\u0119.<\/p>\n<p>Z satysfakcj\u0105 stwierdzamy, \u017ce cele projektu zosta\u0142y zrealizowane, a turniej by\u0142 tego potwierdzeniem, bowiem ka\u017cda z klas poprawnie odpowiedzia\u0142a na wi\u0119kszo\u015b\u0107 pyta\u0144.<\/p>\n<p>Wszyscy uczniowie na pami\u0105tk\u0119 spotka\u0144 otrzymali drobne upominki. Wychowawcy klas opr\u00f3cz podzi\u0119kowa\u0144 otrzymali r\u00f3wnie\u017c pakiety edukacyjne, kt\u00f3re z pewno\u015bci\u0105 pos\u0142u\u017c\u0105 do tworzenia jeszcze ciekawszych zaj\u0119\u0107 dla uczni\u00f3w. Upominki dla wszystkich uczestnik\u00f3w projektu oraz wszelkie materia\u0142y metodyczne ufundowa\u0142o Regionalne Centrum Informacji Europejskiej, za co serdecznie dzi\u0119kujemy. Zwyci\u0119zcy turnieju otrzymali nagrody ksi\u0105\u017ckowe i pakiety edukacyjne dla ucznia.<\/p>\n<p>By\u0142a to podr\u00f3\u017c d\u0142uga i wyczerpuj\u0105ca, jednak\u017ce satysfakcjonuj\u0105ca i radosna. Interesuj\u0105ce zaj\u0119cia, aktywno\u015b\u0107 uczni\u00f3w i\u00a0zaanga\u017cowanie prowadz\u0105cych lekcje sprawi\u0142y, \u017ce praca nad projektem up\u0142ywa\u0142a w przyjaznej atmosferze.<\/p>\n<p><em>Anna D\u0105browska<br \/>\nFot. Izabela Bajor<\/em><\/p>\n","protected":false},"excerpt":{"rendered":"<p>9 maja 2013 roku w Auli Forum Regionalnego O\u015brodka Doskonalenia Nauczycieli \u201eWOM\u201d w Cz\u0119stochowie odby\u0142o si\u0119 uroczyste zako\u0144czenie projektu edukacyjnego Ba\u015bniowy poci\u0105g do Europy. Autorkami projektu by\u0142y Anna Hiller, Anna D\u0105browska, Jolanta Janicka i Izabela Bajor \u2013 nauczyciele bibliotekarze Publicznej Biblioteki Pedagogicznej RODN \u201eWOM\u201d w Cz\u0119stochowie. Turniej klas Patronat nad projektem obj\u0119\u0142o Regionalne Centrum Informacji Europejskiej w Cz\u0119stochowie, natomiast opiek\u0105 merytoryczn\u0105 otoczy\u0142 Instytut Edukacji Przedszkolnej i Wczesnoszkolnej Akademii im. Jana<span class=\"ellipsis\">&hellip;<\/span><\/p>\n<div class=\"read-more\"><a href=\"https:\/\/pbp.womczest.edu.pl\/new\/edukacja\/projekty-edukacyjne\/projekt-edukacyjny-basniowy-pociag-do-europy\/basniowy-pociag-do-europy-20122013-sprawozdanie\/\">Czytaj wi\u0119cej &#8250;<\/a><\/div>\n<p><!-- end of .read-more --><\/p>\n","protected":false},"author":3,"featured_media":0,"parent":3957,"menu_order":0,"comment_status":"closed","ping_status":"open","template":"","meta":{"footnotes":""},"jetpack_sharing_enabled":true,"jetpack_shortlink":"https:\/\/wp.me\/PgmV4H-123","_links":{"self":[{"href":"https:\/\/pbp.womczest.edu.pl\/new\/wp-json\/wp\/v2\/pages\/3971"}],"collection":[{"href":"https:\/\/pbp.womczest.edu.pl\/new\/wp-json\/wp\/v2\/pages"}],"about":[{"href":"https:\/\/pbp.womczest.edu.pl\/new\/wp-json\/wp\/v2\/types\/page"}],"author":[{"embeddable":true,"href":"https:\/\/pbp.womczest.edu.pl\/new\/wp-json\/wp\/v2\/users\/3"}],"replies":[{"embeddable":true,"href":"https:\/\/pbp.womczest.edu.pl\/new\/wp-json\/wp\/v2\/comments?post=3971"}],"version-history":[{"count":7,"href":"https:\/\/pbp.womczest.edu.pl\/new\/wp-json\/wp\/v2\/pages\/3971\/revisions"}],"predecessor-version":[{"id":3973,"href":"https:\/\/pbp.womczest.edu.pl\/new\/wp-json\/wp\/v2\/pages\/3971\/revisions\/3973"}],"up":[{"embeddable":true,"href":"https:\/\/pbp.womczest.edu.pl\/new\/wp-json\/wp\/v2\/pages\/3957"}],"wp:attachment":[{"href":"https:\/\/pbp.womczest.edu.pl\/new\/wp-json\/wp\/v2\/media?parent=3971"}],"curies":[{"name":"wp","href":"https:\/\/api.w.org\/{rel}","templated":true}]}}