


{"id":3966,"date":"2015-05-18T14:34:22","date_gmt":"2015-05-18T12:34:22","guid":{"rendered":"https:\/\/pbp.womczest.edu.pl\/new\/?page_id=3966"},"modified":"2015-05-19T13:13:27","modified_gmt":"2015-05-19T11:13:27","slug":"projekt-edukacyjny-ksiazka-twoim-przyjacielem","status":"publish","type":"page","link":"https:\/\/pbp.womczest.edu.pl\/new\/edukacja\/projekty-edukacyjne\/projekt-edukacyjny-ksiazka-twoim-przyjacielem\/","title":{"rendered":"Projekt edukacyjny \u201eKsi\u0105\u017cka twoim przyjacielem\u201d"},"content":{"rendered":"<hr \/>\n<p><a href=\"https:\/\/pbp.womczest.edu.pl\/new\/wp-content\/uploads\/2014\/07\/dzialalnosc_edukacyjna_projekty_edukacyjne_projekt_ksiazka_twoim_przyjacielem_projekt1-3.jpg\" target=\"_blank\"><img decoding=\"async\" loading=\"lazy\" class=\" size-full wp-image-1889 alignleft\" style=\"float: left;\" src=\"https:\/\/pbp.womczest.edu.pl\/new\/wp-content\/uploads\/2014\/07\/dzialalnosc_edukacyjna_projekty_edukacyjne_projekt_ksiazka_twoim_przyjacielem_projekt1-3.jpg\" alt=\"\" width=\"150\" height=\"113\" srcset=\"https:\/\/pbp.womczest.edu.pl\/new\/wp-content\/uploads\/2014\/07\/dzialalnosc_edukacyjna_projekty_edukacyjne_projekt_ksiazka_twoim_przyjacielem_projekt1-3.jpg 1417w, https:\/\/pbp.womczest.edu.pl\/new\/wp-content\/uploads\/2014\/07\/dzialalnosc_edukacyjna_projekty_edukacyjne_projekt_ksiazka_twoim_przyjacielem_projekt1-3-300x225.jpg 300w, https:\/\/pbp.womczest.edu.pl\/new\/wp-content\/uploads\/2014\/07\/dzialalnosc_edukacyjna_projekty_edukacyjne_projekt_ksiazka_twoim_przyjacielem_projekt1-3-1024x768.jpg 1024w, https:\/\/pbp.womczest.edu.pl\/new\/wp-content\/uploads\/2014\/07\/dzialalnosc_edukacyjna_projekty_edukacyjne_projekt_ksiazka_twoim_przyjacielem_projekt1-3-100x75.jpg 100w, https:\/\/pbp.womczest.edu.pl\/new\/wp-content\/uploads\/2014\/07\/dzialalnosc_edukacyjna_projekty_edukacyjne_projekt_ksiazka_twoim_przyjacielem_projekt1-3-150x113.jpg 150w, https:\/\/pbp.womczest.edu.pl\/new\/wp-content\/uploads\/2014\/07\/dzialalnosc_edukacyjna_projekty_edukacyjne_projekt_ksiazka_twoim_przyjacielem_projekt1-3-200x150.jpg 200w, https:\/\/pbp.womczest.edu.pl\/new\/wp-content\/uploads\/2014\/07\/dzialalnosc_edukacyjna_projekty_edukacyjne_projekt_ksiazka_twoim_przyjacielem_projekt1-3-450x338.jpg 450w, https:\/\/pbp.womczest.edu.pl\/new\/wp-content\/uploads\/2014\/07\/dzialalnosc_edukacyjna_projekty_edukacyjne_projekt_ksiazka_twoim_przyjacielem_projekt1-3-600x450.jpg 600w, https:\/\/pbp.womczest.edu.pl\/new\/wp-content\/uploads\/2014\/07\/dzialalnosc_edukacyjna_projekty_edukacyjne_projekt_ksiazka_twoim_przyjacielem_projekt1-3-900x675.jpg 900w\" sizes=\"(max-width: 150px) 100vw, 150px\" \/><\/a><\/p>\n<p>W Miejskich Przedszkolach nr 10 i nr 25 w Cz\u0119stochowie w roku szkolnym 2009\/2010 zrealizowany zosta\u0142 cykl zaj\u0119\u0107 dla dzieci sze\u015bcioletnich pt. <em>Ksi\u0105\u017cka twoim przyjacielem<\/em>. W plac\u00f3wkach tych pod patronatem biblioteki pedagogicznej systematycznie odbywa\u0142y si\u0119 spotkania dla przedszkolak\u00f3w. W\u00a0plac\u00f3wkach tych pod patronatem biblioteki pedagogicznej systematycznie odbywa\u0142y si\u0119 spotkania dla przedszkolak\u00f3w.<\/p>\n<p>Zaj\u0119cia przygotowali i prowadzili nauczyciele bibliotekarze: Agata Arkabus i Anna P\u0142usa. Ze strony wy\u017cej wymienionych przedszkoli we wsp\u00f3\u0142prac\u0119 z bibliotek\u0105 zaanga\u017cowali si\u0119 nauczyciele wychowania przedszkolnego.<\/p>\n<p><a href=\"https:\/\/pbp.womczest.edu.pl\/new\/wp-content\/uploads\/2014\/07\/dzialalnosc_edukacyjna_projekty_edukacyjne_projekt_ksiazka_twoim_przyjacielem_projekt1-2.jpg\" target=\"_blank\"><img decoding=\"async\" loading=\"lazy\" class=\" alignright size-full wp-image-1890\" style=\"float: right;\" src=\"https:\/\/pbp.womczest.edu.pl\/new\/wp-content\/uploads\/2014\/07\/dzialalnosc_edukacyjna_projekty_edukacyjne_projekt_ksiazka_twoim_przyjacielem_projekt1-2.jpg\" alt=\"\" width=\"150\" height=\"113\" srcset=\"https:\/\/pbp.womczest.edu.pl\/new\/wp-content\/uploads\/2014\/07\/dzialalnosc_edukacyjna_projekty_edukacyjne_projekt_ksiazka_twoim_przyjacielem_projekt1-2.jpg 1417w, https:\/\/pbp.womczest.edu.pl\/new\/wp-content\/uploads\/2014\/07\/dzialalnosc_edukacyjna_projekty_edukacyjne_projekt_ksiazka_twoim_przyjacielem_projekt1-2-300x225.jpg 300w, https:\/\/pbp.womczest.edu.pl\/new\/wp-content\/uploads\/2014\/07\/dzialalnosc_edukacyjna_projekty_edukacyjne_projekt_ksiazka_twoim_przyjacielem_projekt1-2-1024x768.jpg 1024w, https:\/\/pbp.womczest.edu.pl\/new\/wp-content\/uploads\/2014\/07\/dzialalnosc_edukacyjna_projekty_edukacyjne_projekt_ksiazka_twoim_przyjacielem_projekt1-2-100x75.jpg 100w, https:\/\/pbp.womczest.edu.pl\/new\/wp-content\/uploads\/2014\/07\/dzialalnosc_edukacyjna_projekty_edukacyjne_projekt_ksiazka_twoim_przyjacielem_projekt1-2-150x113.jpg 150w, https:\/\/pbp.womczest.edu.pl\/new\/wp-content\/uploads\/2014\/07\/dzialalnosc_edukacyjna_projekty_edukacyjne_projekt_ksiazka_twoim_przyjacielem_projekt1-2-200x150.jpg 200w, https:\/\/pbp.womczest.edu.pl\/new\/wp-content\/uploads\/2014\/07\/dzialalnosc_edukacyjna_projekty_edukacyjne_projekt_ksiazka_twoim_przyjacielem_projekt1-2-450x338.jpg 450w, https:\/\/pbp.womczest.edu.pl\/new\/wp-content\/uploads\/2014\/07\/dzialalnosc_edukacyjna_projekty_edukacyjne_projekt_ksiazka_twoim_przyjacielem_projekt1-2-600x450.jpg 600w, https:\/\/pbp.womczest.edu.pl\/new\/wp-content\/uploads\/2014\/07\/dzialalnosc_edukacyjna_projekty_edukacyjne_projekt_ksiazka_twoim_przyjacielem_projekt1-2-900x675.jpg 900w\" sizes=\"(max-width: 150px) 100vw, 150px\" \/><\/a><\/p>\n<p><a href=\"https:\/\/pbp.womczest.edu.pl\/new\/wp-content\/uploads\/2014\/07\/dzialalnosc_edukacyjna_projekty_edukacyjne_projekt_ksiazka_twoim_przyjacielem_projekt1-1.jpg\" target=\"_blank\"><img decoding=\"async\" loading=\"lazy\" class=\"alignleft wp-image-1891\" style=\"float: left;\" src=\"https:\/\/pbp.womczest.edu.pl\/new\/wp-content\/uploads\/2014\/07\/dzialalnosc_edukacyjna_projekty_edukacyjne_projekt_ksiazka_twoim_przyjacielem_projekt1-1.jpg\" alt=\"\" width=\"89\" height=\"113\" srcset=\"https:\/\/pbp.womczest.edu.pl\/new\/wp-content\/uploads\/2014\/07\/dzialalnosc_edukacyjna_projekty_edukacyjne_projekt_ksiazka_twoim_przyjacielem_projekt1-1.jpg 1121w, https:\/\/pbp.womczest.edu.pl\/new\/wp-content\/uploads\/2014\/07\/dzialalnosc_edukacyjna_projekty_edukacyjne_projekt_ksiazka_twoim_przyjacielem_projekt1-1-237x300.jpg 237w, https:\/\/pbp.womczest.edu.pl\/new\/wp-content\/uploads\/2014\/07\/dzialalnosc_edukacyjna_projekty_edukacyjne_projekt_ksiazka_twoim_przyjacielem_projekt1-1-810x1024.jpg 810w, https:\/\/pbp.womczest.edu.pl\/new\/wp-content\/uploads\/2014\/07\/dzialalnosc_edukacyjna_projekty_edukacyjne_projekt_ksiazka_twoim_przyjacielem_projekt1-1-100x126.jpg 100w, https:\/\/pbp.womczest.edu.pl\/new\/wp-content\/uploads\/2014\/07\/dzialalnosc_edukacyjna_projekty_edukacyjne_projekt_ksiazka_twoim_przyjacielem_projekt1-1-150x190.jpg 150w, https:\/\/pbp.womczest.edu.pl\/new\/wp-content\/uploads\/2014\/07\/dzialalnosc_edukacyjna_projekty_edukacyjne_projekt_ksiazka_twoim_przyjacielem_projekt1-1-200x253.jpg 200w, https:\/\/pbp.womczest.edu.pl\/new\/wp-content\/uploads\/2014\/07\/dzialalnosc_edukacyjna_projekty_edukacyjne_projekt_ksiazka_twoim_przyjacielem_projekt1-1-300x379.jpg 300w, https:\/\/pbp.womczest.edu.pl\/new\/wp-content\/uploads\/2014\/07\/dzialalnosc_edukacyjna_projekty_edukacyjne_projekt_ksiazka_twoim_przyjacielem_projekt1-1-450x569.jpg 450w, https:\/\/pbp.womczest.edu.pl\/new\/wp-content\/uploads\/2014\/07\/dzialalnosc_edukacyjna_projekty_edukacyjne_projekt_ksiazka_twoim_przyjacielem_projekt1-1-600x758.jpg 600w, https:\/\/pbp.womczest.edu.pl\/new\/wp-content\/uploads\/2014\/07\/dzialalnosc_edukacyjna_projekty_edukacyjne_projekt_ksiazka_twoim_przyjacielem_projekt1-1-900x1138.jpg 900w\" sizes=\"(max-width: 89px) 100vw, 89px\" \/><\/a>Zaj\u0119cia odbywa\u0142y si\u0119 na terenie biblioteki oraz w salach dydaktycznych przedszkoli. Zrealizowane zosta\u0142o siedem blok\u00f3w tematycznych dla ka\u017cdej grupy przedszkolnej. By\u0142y to nast\u0119puj\u0105ce zaj\u0119cia: <em>Podr\u00f3\u017ce z ksi\u0105\u017ck\u0105, Dzie\u0144 Pluszowego Misia, Smoki w ksi\u0105\u017ckach i czasopismach, Jak powstaje ksi\u0105\u017cka?, Psy i koty w multimedialnych zbiorach bibliotecznych, Encyklopedia \u017ar\u00f3d\u0142em wiedzy, Szlakiem legend polskich.<\/em><\/p>\n<p>Nadrz\u0119dnym celem przeprowadzanych zaj\u0119\u0107 by\u0142a popularyzacja czytelnictwa i\u00a0biblioteki w\u015br\u00f3d najm\u0142odszych dzieci. Realizowane zaj\u0119cia stanowi\u0142y atrakcyjn\u0105 form\u0119 zach\u0119cania przedszkolak\u00f3w do obcowania z ksi\u0105\u017ck\u0105, a\u00a0w\u00a0przysz\u0142o\u015bci jej czytania.<\/p>\n<p style=\"text-align: right;\"><em>Agata Arkabus<\/em><\/p>\n","protected":false},"excerpt":{"rendered":"<p>W Miejskich Przedszkolach nr 10 i nr 25 w Cz\u0119stochowie w roku szkolnym 2009\/2010 zrealizowany zosta\u0142 cykl zaj\u0119\u0107 dla dzieci sze\u015bcioletnich pt. Ksi\u0105\u017cka twoim przyjacielem. W plac\u00f3wkach tych pod patronatem biblioteki pedagogicznej systematycznie odbywa\u0142y si\u0119 spotkania dla przedszkolak\u00f3w. W\u00a0plac\u00f3wkach tych pod patronatem biblioteki pedagogicznej systematycznie odbywa\u0142y si\u0119 spotkania dla przedszkolak\u00f3w. Zaj\u0119cia przygotowali i prowadzili nauczyciele bibliotekarze: Agata Arkabus i Anna P\u0142usa. Ze strony wy\u017cej wymienionych przedszkoli we wsp\u00f3\u0142prac\u0119 z bibliotek\u0105<span class=\"ellipsis\">&hellip;<\/span><\/p>\n<div class=\"read-more\"><a href=\"https:\/\/pbp.womczest.edu.pl\/new\/edukacja\/projekty-edukacyjne\/projekt-edukacyjny-ksiazka-twoim-przyjacielem\/\">Czytaj wi\u0119cej &#8250;<\/a><\/div>\n<p><!-- end of .read-more --><\/p>\n","protected":false},"author":3,"featured_media":0,"parent":2637,"menu_order":0,"comment_status":"closed","ping_status":"open","template":"","meta":{"footnotes":""},"jetpack_sharing_enabled":true,"jetpack_shortlink":"https:\/\/wp.me\/PgmV4H-11Y","_links":{"self":[{"href":"https:\/\/pbp.womczest.edu.pl\/new\/wp-json\/wp\/v2\/pages\/3966"}],"collection":[{"href":"https:\/\/pbp.womczest.edu.pl\/new\/wp-json\/wp\/v2\/pages"}],"about":[{"href":"https:\/\/pbp.womczest.edu.pl\/new\/wp-json\/wp\/v2\/types\/page"}],"author":[{"embeddable":true,"href":"https:\/\/pbp.womczest.edu.pl\/new\/wp-json\/wp\/v2\/users\/3"}],"replies":[{"embeddable":true,"href":"https:\/\/pbp.womczest.edu.pl\/new\/wp-json\/wp\/v2\/comments?post=3966"}],"version-history":[{"count":2,"href":"https:\/\/pbp.womczest.edu.pl\/new\/wp-json\/wp\/v2\/pages\/3966\/revisions"}],"predecessor-version":[{"id":4652,"href":"https:\/\/pbp.womczest.edu.pl\/new\/wp-json\/wp\/v2\/pages\/3966\/revisions\/4652"}],"up":[{"embeddable":true,"href":"https:\/\/pbp.womczest.edu.pl\/new\/wp-json\/wp\/v2\/pages\/2637"}],"wp:attachment":[{"href":"https:\/\/pbp.womczest.edu.pl\/new\/wp-json\/wp\/v2\/media?parent=3966"}],"curies":[{"name":"wp","href":"https:\/\/api.w.org\/{rel}","templated":true}]}}