


{"id":3957,"date":"2015-05-18T14:31:56","date_gmt":"2015-05-18T12:31:56","guid":{"rendered":"https:\/\/pbp.womczest.edu.pl\/new\/?page_id=3957"},"modified":"2015-06-26T14:53:07","modified_gmt":"2015-06-26T12:53:07","slug":"projekt-edukacyjny-basniowy-pociag-do-europy","status":"publish","type":"page","link":"https:\/\/pbp.womczest.edu.pl\/new\/edukacja\/projekty-edukacyjne\/projekt-edukacyjny-basniowy-pociag-do-europy\/","title":{"rendered":"Projekt edukacyjny \u201eBa\u015bniowy poci\u0105g do Europy\u201d"},"content":{"rendered":"<hr \/>\n<p><img decoding=\"async\" loading=\"lazy\" class=\" size-full wp-image-1897 alignleft\" style=\"float: left;\" src=\"https:\/\/pbp.womczest.edu.pl\/new\/wp-content\/uploads\/2014\/07\/dzialalnosc_edukacyjna_projekty_edukacyjne_projekt_basniowy_pociag_do_europy_basniowy_pociag.jpg\" alt=\"\" width=\"150\" height=\"79\" srcset=\"https:\/\/pbp.womczest.edu.pl\/new\/wp-content\/uploads\/2014\/07\/dzialalnosc_edukacyjna_projekty_edukacyjne_projekt_basniowy_pociag_do_europy_basniowy_pociag.jpg 378w, https:\/\/pbp.womczest.edu.pl\/new\/wp-content\/uploads\/2014\/07\/dzialalnosc_edukacyjna_projekty_edukacyjne_projekt_basniowy_pociag_do_europy_basniowy_pociag-300x158.jpg 300w, https:\/\/pbp.womczest.edu.pl\/new\/wp-content\/uploads\/2014\/07\/dzialalnosc_edukacyjna_projekty_edukacyjne_projekt_basniowy_pociag_do_europy_basniowy_pociag-100x53.jpg 100w, https:\/\/pbp.womczest.edu.pl\/new\/wp-content\/uploads\/2014\/07\/dzialalnosc_edukacyjna_projekty_edukacyjne_projekt_basniowy_pociag_do_europy_basniowy_pociag-150x79.jpg 150w, https:\/\/pbp.womczest.edu.pl\/new\/wp-content\/uploads\/2014\/07\/dzialalnosc_edukacyjna_projekty_edukacyjne_projekt_basniowy_pociag_do_europy_basniowy_pociag-200x105.jpg 200w\" sizes=\"(max-width: 150px) 100vw, 150px\" \/><\/p>\n<p>Projekt edukacyjny\u00a0<em>Ba\u015bniowy poci\u0105g do Europy<\/em>\u00a0skierowany by\u0142 do\u00a0nauczycieli i uczni\u00f3w klas trzecich szk\u00f3\u0142 podstawowych. Dotychczas odby\u0142y si\u0119 jego dwie edycje.<\/p>\n<p>Edukacja europejska jest inwestycj\u0105 w wychowanie \u015bwiadomych Europejczyk\u00f3w, wspomaga wszechstronny rozw\u00f3j uczni\u00f3w rozwijaj\u0105c ich zainteresowania otaczaj\u0105cym \u015bwiatem, uczy poszanowania dla polskiego dziedzictwa kulturowego, mi\u0142o\u015bci do Ojczyzny przy jednoczesnym otwarciu si\u0119 na warto\u015bci kultur Europy i r\u00f3\u017cnorodno\u015b\u0107 narod\u00f3w, kt\u00f3re j\u0105 tworz\u0105.<\/p>\n<p>Projekt edukacyjny\u00a0<em>Ba\u015bniowy poci\u0105g do Europy<\/em>\u00a0skierowany by\u0142 do\u00a0nauczycieli i uczni\u00f3w klas trzecich szk\u00f3\u0142 podstawowych.<\/p>\n<p>Dotychczas odby\u0142y si\u0119 jego dwie edycje.<\/p>\n<p><a href=\"https:\/\/pbp.womczest.edu.pl\/new\/edukacja\/projekty-edukacyjne\/projekt-edukacyjny-basniowy-pociag-do-europy\/basniowy-pociag-do-europy-20122013-sprawozdanie\/\" target=\"_blank\"><strong>Ba\u015bniowy poci\u0105g do Europy 2012\/2013<\/strong><\/a><a href=\"\/images\/stories\/dzialalnosc_edukacyjna\/projekty_edukacyjne\/projekt_basniowy_pociag_do_europy\/basniowy_pociag_2011_2012.ppt\" target=\"_blank\"><img decoding=\"async\" loading=\"lazy\" class=\" size-full wp-image-1901 alignleft\" style=\"float: right;\" src=\"https:\/\/pbp.womczest.edu.pl\/new\/wp-content\/uploads\/2014\/07\/dzialalnosc_edukacyjna_projekty_edukacyjne_projekt_basniowy_pociag_do_europy_basniowy_pociag_2011_2012_kafelek.jpg\" alt=\"\" width=\"150\" height=\"115\" srcset=\"https:\/\/pbp.womczest.edu.pl\/new\/wp-content\/uploads\/2014\/07\/dzialalnosc_edukacyjna_projekty_edukacyjne_projekt_basniowy_pociag_do_europy_basniowy_pociag_2011_2012_kafelek.jpg 255w, https:\/\/pbp.womczest.edu.pl\/new\/wp-content\/uploads\/2014\/07\/dzialalnosc_edukacyjna_projekty_edukacyjne_projekt_basniowy_pociag_do_europy_basniowy_pociag_2011_2012_kafelek-100x77.jpg 100w, https:\/\/pbp.womczest.edu.pl\/new\/wp-content\/uploads\/2014\/07\/dzialalnosc_edukacyjna_projekty_edukacyjne_projekt_basniowy_pociag_do_europy_basniowy_pociag_2011_2012_kafelek-150x115.jpg 150w, https:\/\/pbp.womczest.edu.pl\/new\/wp-content\/uploads\/2014\/07\/dzialalnosc_edukacyjna_projekty_edukacyjne_projekt_basniowy_pociag_do_europy_basniowy_pociag_2011_2012_kafelek-200x154.jpg 200w\" sizes=\"(max-width: 150px) 100vw, 150px\" \/><\/a><\/p>\n<p><a href=\"https:\/\/pbp.womczest.edu.pl\/new\/edukacja\/projekty-edukacyjne\/projekt-edukacyjny-basniowy-pociag-do-europy\/3979-2\/\" target=\"_blank\"><strong>Ba\u015bniowy poci\u0105g do Europy 2011\/2012<\/strong><\/a><\/p>\n<p><a href=\"\/images\/stories\/dzialalnosc_edukacyjna\/projekty_edukacyjne\/projekt_basniowy_pociag_do_europy\/basniowy_pociag_2012_2013.ppt\" target=\"_blank\"><img decoding=\"async\" loading=\"lazy\" class=\" size-full wp-image-1899 alignleft\" style=\"float: right;\" src=\"https:\/\/pbp.womczest.edu.pl\/new\/wp-content\/uploads\/2014\/07\/dzialalnosc_edukacyjna_projekty_edukacyjne_projekt_basniowy_pociag_do_europy_basniowy_pociag_2012_2013_kafelek.jpg\" alt=\"\" width=\"150\" height=\"113\" srcset=\"https:\/\/pbp.womczest.edu.pl\/new\/wp-content\/uploads\/2014\/07\/dzialalnosc_edukacyjna_projekty_edukacyjne_projekt_basniowy_pociag_do_europy_basniowy_pociag_2012_2013_kafelek.jpg 283w, https:\/\/pbp.womczest.edu.pl\/new\/wp-content\/uploads\/2014\/07\/dzialalnosc_edukacyjna_projekty_edukacyjne_projekt_basniowy_pociag_do_europy_basniowy_pociag_2012_2013_kafelek-100x75.jpg 100w, https:\/\/pbp.womczest.edu.pl\/new\/wp-content\/uploads\/2014\/07\/dzialalnosc_edukacyjna_projekty_edukacyjne_projekt_basniowy_pociag_do_europy_basniowy_pociag_2012_2013_kafelek-150x113.jpg 150w, https:\/\/pbp.womczest.edu.pl\/new\/wp-content\/uploads\/2014\/07\/dzialalnosc_edukacyjna_projekty_edukacyjne_projekt_basniowy_pociag_do_europy_basniowy_pociag_2012_2013_kafelek-200x151.jpg 200w\" sizes=\"(max-width: 150px) 100vw, 150px\" \/><\/a><\/p>\n","protected":false},"excerpt":{"rendered":"<p>Projekt edukacyjny\u00a0Ba\u015bniowy poci\u0105g do Europy\u00a0skierowany by\u0142 do\u00a0nauczycieli i uczni\u00f3w klas trzecich szk\u00f3\u0142 podstawowych. Dotychczas odby\u0142y si\u0119 jego dwie edycje. Edukacja europejska jest inwestycj\u0105 w wychowanie \u015bwiadomych Europejczyk\u00f3w, wspomaga wszechstronny rozw\u00f3j uczni\u00f3w rozwijaj\u0105c ich zainteresowania otaczaj\u0105cym \u015bwiatem, uczy poszanowania dla polskiego dziedzictwa kulturowego, mi\u0142o\u015bci do Ojczyzny przy jednoczesnym otwarciu si\u0119 na warto\u015bci kultur Europy i r\u00f3\u017cnorodno\u015b\u0107 narod\u00f3w, kt\u00f3re j\u0105 tworz\u0105. Projekt edukacyjny\u00a0Ba\u015bniowy poci\u0105g do Europy\u00a0skierowany by\u0142 do\u00a0nauczycieli i uczni\u00f3w klas trzecich<span class=\"ellipsis\">&hellip;<\/span><\/p>\n<div class=\"read-more\"><a href=\"https:\/\/pbp.womczest.edu.pl\/new\/edukacja\/projekty-edukacyjne\/projekt-edukacyjny-basniowy-pociag-do-europy\/\">Czytaj wi\u0119cej &#8250;<\/a><\/div>\n<p><!-- end of .read-more --><\/p>\n","protected":false},"author":3,"featured_media":0,"parent":2637,"menu_order":0,"comment_status":"closed","ping_status":"open","template":"","meta":{"footnotes":""},"jetpack_sharing_enabled":true,"jetpack_shortlink":"https:\/\/wp.me\/PgmV4H-11P","_links":{"self":[{"href":"https:\/\/pbp.womczest.edu.pl\/new\/wp-json\/wp\/v2\/pages\/3957"}],"collection":[{"href":"https:\/\/pbp.womczest.edu.pl\/new\/wp-json\/wp\/v2\/pages"}],"about":[{"href":"https:\/\/pbp.womczest.edu.pl\/new\/wp-json\/wp\/v2\/types\/page"}],"author":[{"embeddable":true,"href":"https:\/\/pbp.womczest.edu.pl\/new\/wp-json\/wp\/v2\/users\/3"}],"replies":[{"embeddable":true,"href":"https:\/\/pbp.womczest.edu.pl\/new\/wp-json\/wp\/v2\/comments?post=3957"}],"version-history":[{"count":5,"href":"https:\/\/pbp.womczest.edu.pl\/new\/wp-json\/wp\/v2\/pages\/3957\/revisions"}],"predecessor-version":[{"id":5198,"href":"https:\/\/pbp.womczest.edu.pl\/new\/wp-json\/wp\/v2\/pages\/3957\/revisions\/5198"}],"up":[{"embeddable":true,"href":"https:\/\/pbp.womczest.edu.pl\/new\/wp-json\/wp\/v2\/pages\/2637"}],"wp:attachment":[{"href":"https:\/\/pbp.womczest.edu.pl\/new\/wp-json\/wp\/v2\/media?parent=3957"}],"curies":[{"name":"wp","href":"https:\/\/api.w.org\/{rel}","templated":true}]}}